{"id":71575,"date":"2023-10-26T13:11:22","date_gmt":"2023-10-26T13:11:22","guid":{"rendered":"https:\/\/www.specialfabrikken.dk\/?post_type=product&#038;p=71575"},"modified":"2026-04-14T15:11:48","modified_gmt":"2026-04-14T13:11:48","slug":"bjaelkerytter-tb-lb","status":"publish","type":"product","link":"https:\/\/www.specialfabrikken.dk\/en\/vare\/bjaelkerytter-tb-lb\/","title":{"rendered":"Bj\u00e6lkerytter Tb\/Lb"},"content":{"rendered":"","protected":false},"excerpt":{"rendered":"<p>Short description:<\/p>\n<ul>\n<li>Model tv\u00e6rbj\u00e6lke &#8211; l\u00e6ngdebj\u00e6lke<\/li>\n<li>Fremstillet i galvaniseret st\u00e5l.<\/li>\n<li>Bruges til at sammenkoble bj\u00e6lker og eventuelt udligne niveauforskelle.<\/li>\n<li>Giver stor fleksibilitet.<\/li>\n<\/ul>","protected":false},"featured_media":71576,"comment_status":"open","ping_status":"closed","template":"","meta":{"_acf_changed":false,"_et_pb_use_builder":"","_et_pb_old_content":"","_et_gb_content_width":""},"product_brand":[],"product_cat":[32,31],"product_tag":[48],"class_list":{"0":"post-71575","1":"product","2":"type-product","3":"status-publish","4":"has-post-thumbnail","6":"product_cat-murerstillads","7":"product_cat-stillads","8":"product_tag-murerstillads","9":"product_shipping_class-stor","11":"first","12":"instock","13":"taxable","14":"shipping-taxable","15":"purchasable","16":"product-type-simple"},"acf":[],"yoast_head":"<!-- This site is optimized with the Yoast SEO plugin v27.4 - https:\/\/yoast.com\/product\/yoast-seo-wordpress\/ -->\n<title>Bj\u00e6lkerytter i Galvaniseret St\u00e5l | Til Sammenkobling af Bj\u00e6lker og Niveauregulering<\/title>\n<meta name=\"description\" content=\"S\u00f8ger du en fleksibel l\u00f8sning til at sammenkoble bj\u00e6lker eller udligne niveauforskelle? Vores bj\u00e6lkerytter i galvaniseret st\u00e5l er det ideelle valg for dig.\" \/>\n<meta name=\"robots\" content=\"index, follow, max-snippet:-1, max-image-preview:large, max-video-preview:-1\" \/>\n<link rel=\"canonical\" href=\"https:\/\/www.specialfabrikken.dk\/en\/product-2\/bjaelkerytter-tb-lb\/\" \/>\n<meta property=\"og:locale\" content=\"en_US\" \/>\n<meta property=\"og:type\" content=\"article\" \/>\n<meta property=\"og:title\" content=\"Bj\u00e6lkerytter i Galvaniseret St\u00e5l | Til Sammenkobling af Bj\u00e6lker og Niveauregulering\" \/>\n<meta property=\"og:description\" content=\"S\u00f8ger du en fleksibel l\u00f8sning til at sammenkoble bj\u00e6lker eller udligne niveauforskelle? Vores bj\u00e6lkerytter i galvaniseret st\u00e5l er det ideelle valg for dig.\" \/>\n<meta property=\"og:url\" content=\"https:\/\/www.specialfabrikken.dk\/en\/product-2\/bjaelkerytter-tb-lb\/\" \/>\n<meta property=\"og:site_name\" content=\"Specialfabrikken\" \/>\n<meta property=\"article:modified_time\" content=\"2026-04-14T13:11:48+00:00\" \/>\n<meta property=\"og:image\" content=\"https:\/\/www.specialfabrikken.dk\/wp-content\/uploads\/2023\/10\/TB-LB.jpg\" \/>\n\t<meta property=\"og:image:width\" content=\"826\" \/>\n\t<meta property=\"og:image:height\" content=\"817\" \/>\n\t<meta property=\"og:image:type\" content=\"image\/jpeg\" \/>\n<meta name=\"twitter:card\" content=\"summary_large_image\" \/>\n<script type=\"application\/ld+json\" class=\"yoast-schema-graph\">{\"@context\":\"https:\\\/\\\/schema.org\",\"@graph\":[{\"@type\":\"WebPage\",\"@id\":\"https:\\\/\\\/www.specialfabrikken.dk\\\/vare\\\/bjaelkerytter-tb-lb\\\/\",\"url\":\"https:\\\/\\\/www.specialfabrikken.dk\\\/vare\\\/bjaelkerytter-tb-lb\\\/\",\"name\":\"Bj\u00e6lkerytter i Galvaniseret St\u00e5l | Til Sammenkobling af Bj\u00e6lker og Niveauregulering\",\"isPartOf\":{\"@id\":\"https:\\\/\\\/www.specialfabrikken.dk\\\/#website\"},\"primaryImageOfPage\":{\"@id\":\"https:\\\/\\\/www.specialfabrikken.dk\\\/vare\\\/bjaelkerytter-tb-lb\\\/#primaryimage\"},\"image\":{\"@id\":\"https:\\\/\\\/www.specialfabrikken.dk\\\/vare\\\/bjaelkerytter-tb-lb\\\/#primaryimage\"},\"thumbnailUrl\":\"https:\\\/\\\/www.specialfabrikken.dk\\\/wp-content\\\/uploads\\\/2023\\\/10\\\/TB-LB.jpg\",\"datePublished\":\"2023-10-26T13:11:22+00:00\",\"dateModified\":\"2026-04-14T13:11:48+00:00\",\"description\":\"S\u00f8ger du en fleksibel l\u00f8sning til at sammenkoble bj\u00e6lker eller udligne niveauforskelle? Vores bj\u00e6lkerytter i galvaniseret st\u00e5l er det ideelle valg for dig.\",\"breadcrumb\":{\"@id\":\"https:\\\/\\\/www.specialfabrikken.dk\\\/vare\\\/bjaelkerytter-tb-lb\\\/#breadcrumb\"},\"inLanguage\":\"en-US\",\"potentialAction\":[{\"@type\":\"ReadAction\",\"target\":[\"https:\\\/\\\/www.specialfabrikken.dk\\\/vare\\\/bjaelkerytter-tb-lb\\\/\"]}]},{\"@type\":\"ImageObject\",\"inLanguage\":\"en-US\",\"@id\":\"https:\\\/\\\/www.specialfabrikken.dk\\\/vare\\\/bjaelkerytter-tb-lb\\\/#primaryimage\",\"url\":\"https:\\\/\\\/www.specialfabrikken.dk\\\/wp-content\\\/uploads\\\/2023\\\/10\\\/TB-LB.jpg\",\"contentUrl\":\"https:\\\/\\\/www.specialfabrikken.dk\\\/wp-content\\\/uploads\\\/2023\\\/10\\\/TB-LB.jpg\",\"width\":826,\"height\":817},{\"@type\":\"BreadcrumbList\",\"@id\":\"https:\\\/\\\/www.specialfabrikken.dk\\\/vare\\\/bjaelkerytter-tb-lb\\\/#breadcrumb\",\"itemListElement\":[{\"@type\":\"ListItem\",\"position\":1,\"name\":\"Forside\",\"item\":\"https:\\\/\\\/www.specialfabrikken.dk\\\/\"},{\"@type\":\"ListItem\",\"position\":2,\"name\":\"Shop\",\"item\":\"https:\\\/\\\/www.specialfabrikken.dk\\\/shop\\\/\"},{\"@type\":\"ListItem\",\"position\":3,\"name\":\"Bj\u00e6lkerytter Tb\\\/Lb\"}]},{\"@type\":\"WebSite\",\"@id\":\"https:\\\/\\\/www.specialfabrikken.dk\\\/#website\",\"url\":\"https:\\\/\\\/www.specialfabrikken.dk\\\/\",\"name\":\"Specialfabrikken\",\"description\":\"Specialfabrikken\",\"potentialAction\":[{\"@type\":\"SearchAction\",\"target\":{\"@type\":\"EntryPoint\",\"urlTemplate\":\"https:\\\/\\\/www.specialfabrikken.dk\\\/?s={search_term_string}\"},\"query-input\":{\"@type\":\"PropertyValueSpecification\",\"valueRequired\":true,\"valueName\":\"search_term_string\"}}],\"inLanguage\":\"en-US\"}]}<\/script>\n<!-- \/ Yoast SEO plugin. -->","yoast_head_json":{"title":"Bj\u00e6lkerytter i Galvaniseret St\u00e5l | Til Sammenkobling af Bj\u00e6lker og Niveauregulering","description":"S\u00f8ger du en fleksibel l\u00f8sning til at sammenkoble bj\u00e6lker eller udligne niveauforskelle? Vores bj\u00e6lkerytter i galvaniseret st\u00e5l er det ideelle valg for dig.","robots":{"index":"index","follow":"follow","max-snippet":"max-snippet:-1","max-image-preview":"max-image-preview:large","max-video-preview":"max-video-preview:-1"},"canonical":"https:\/\/www.specialfabrikken.dk\/en\/product-2\/bjaelkerytter-tb-lb\/","og_locale":"en_US","og_type":"article","og_title":"Bj\u00e6lkerytter i Galvaniseret St\u00e5l | Til Sammenkobling af Bj\u00e6lker og Niveauregulering","og_description":"S\u00f8ger du en fleksibel l\u00f8sning til at sammenkoble bj\u00e6lker eller udligne niveauforskelle? Vores bj\u00e6lkerytter i galvaniseret st\u00e5l er det ideelle valg for dig.","og_url":"https:\/\/www.specialfabrikken.dk\/en\/product-2\/bjaelkerytter-tb-lb\/","og_site_name":"Specialfabrikken","article_modified_time":"2026-04-14T13:11:48+00:00","og_image":[{"width":826,"height":817,"url":"https:\/\/www.specialfabrikken.dk\/wp-content\/uploads\/2023\/10\/TB-LB.jpg","type":"image\/jpeg"}],"twitter_card":"summary_large_image","schema":{"@context":"https:\/\/schema.org","@graph":[{"@type":"WebPage","@id":"https:\/\/www.specialfabrikken.dk\/vare\/bjaelkerytter-tb-lb\/","url":"https:\/\/www.specialfabrikken.dk\/vare\/bjaelkerytter-tb-lb\/","name":"Bj\u00e6lkerytter i Galvaniseret St\u00e5l | Til Sammenkobling af Bj\u00e6lker og Niveauregulering","isPartOf":{"@id":"https:\/\/www.specialfabrikken.dk\/#website"},"primaryImageOfPage":{"@id":"https:\/\/www.specialfabrikken.dk\/vare\/bjaelkerytter-tb-lb\/#primaryimage"},"image":{"@id":"https:\/\/www.specialfabrikken.dk\/vare\/bjaelkerytter-tb-lb\/#primaryimage"},"thumbnailUrl":"https:\/\/www.specialfabrikken.dk\/wp-content\/uploads\/2023\/10\/TB-LB.jpg","datePublished":"2023-10-26T13:11:22+00:00","dateModified":"2026-04-14T13:11:48+00:00","description":"S\u00f8ger du en fleksibel l\u00f8sning til at sammenkoble bj\u00e6lker eller udligne niveauforskelle? Vores bj\u00e6lkerytter i galvaniseret st\u00e5l er det ideelle valg for dig.","breadcrumb":{"@id":"https:\/\/www.specialfabrikken.dk\/vare\/bjaelkerytter-tb-lb\/#breadcrumb"},"inLanguage":"en-US","potentialAction":[{"@type":"ReadAction","target":["https:\/\/www.specialfabrikken.dk\/vare\/bjaelkerytter-tb-lb\/"]}]},{"@type":"ImageObject","inLanguage":"en-US","@id":"https:\/\/www.specialfabrikken.dk\/vare\/bjaelkerytter-tb-lb\/#primaryimage","url":"https:\/\/www.specialfabrikken.dk\/wp-content\/uploads\/2023\/10\/TB-LB.jpg","contentUrl":"https:\/\/www.specialfabrikken.dk\/wp-content\/uploads\/2023\/10\/TB-LB.jpg","width":826,"height":817},{"@type":"BreadcrumbList","@id":"https:\/\/www.specialfabrikken.dk\/vare\/bjaelkerytter-tb-lb\/#breadcrumb","itemListElement":[{"@type":"ListItem","position":1,"name":"Forside","item":"https:\/\/www.specialfabrikken.dk\/"},{"@type":"ListItem","position":2,"name":"Shop","item":"https:\/\/www.specialfabrikken.dk\/shop\/"},{"@type":"ListItem","position":3,"name":"Bj\u00e6lkerytter Tb\/Lb"}]},{"@type":"WebSite","@id":"https:\/\/www.specialfabrikken.dk\/#website","url":"https:\/\/www.specialfabrikken.dk\/","name":"Specialfabrikken","description":"Specialfabrikken","potentialAction":[{"@type":"SearchAction","target":{"@type":"EntryPoint","urlTemplate":"https:\/\/www.specialfabrikken.dk\/?s={search_term_string}"},"query-input":{"@type":"PropertyValueSpecification","valueRequired":true,"valueName":"search_term_string"}}],"inLanguage":"en-US"}]}},"_links":{"self":[{"href":"https:\/\/www.specialfabrikken.dk\/en\/wp-json\/wp\/v2\/product\/71575","targetHints":{"allow":["GET"]}}],"collection":[{"href":"https:\/\/www.specialfabrikken.dk\/en\/wp-json\/wp\/v2\/product"}],"about":[{"href":"https:\/\/www.specialfabrikken.dk\/en\/wp-json\/wp\/v2\/types\/product"}],"replies":[{"embeddable":true,"href":"https:\/\/www.specialfabrikken.dk\/en\/wp-json\/wp\/v2\/comments?post=71575"}],"wp:featuredmedia":[{"embeddable":true,"href":"https:\/\/www.specialfabrikken.dk\/en\/wp-json\/wp\/v2\/media\/71576"}],"wp:attachment":[{"href":"https:\/\/www.specialfabrikken.dk\/en\/wp-json\/wp\/v2\/media?parent=71575"}],"wp:term":[{"taxonomy":"product_brand","embeddable":true,"href":"https:\/\/www.specialfabrikken.dk\/en\/wp-json\/wp\/v2\/product_brand?post=71575"},{"taxonomy":"product_cat","embeddable":true,"href":"https:\/\/www.specialfabrikken.dk\/en\/wp-json\/wp\/v2\/product_cat?post=71575"},{"taxonomy":"product_tag","embeddable":true,"href":"https:\/\/www.specialfabrikken.dk\/en\/wp-json\/wp\/v2\/product_tag?post=71575"}],"curies":[{"name":"wp","href":"https:\/\/api.w.org\/{rel}","templated":true}]}}