{"id":71638,"date":"2023-10-27T08:34:17","date_gmt":"2023-10-27T08:34:17","guid":{"rendered":"https:\/\/www.specialfabrikken.dk\/?post_type=product&#038;p=71638"},"modified":"2026-04-16T08:34:58","modified_gmt":"2026-04-16T06:34:58","slug":"konsol-med-rondel-galv-030-m","status":"publish","type":"product","link":"https:\/\/www.specialfabrikken.dk\/en\/vare\/konsol-med-rondel-galv-030-m\/","title":{"rendered":"Konsol med rondel 0,3 m."},"content":{"rendered":"<h1><strong>Konsol med rondel galvaniseret &#8211; Robust underst\u00f8tning med flere bredder<\/strong><\/h1>\n<p>Vores galvaniserede konsol med rondel er designet til at levere en st\u00e6rk og p\u00e5lidelig underst\u00f8tning til dit stillads. Den er konstrueret af holdbart galvaniseret st\u00e5l og f\u00e5s i flere forskellige bredder for at im\u00f8dekomme dine specifikke krav. Denne konsol med rondel giver dig mulighed for at skabe en solid platform til dit stillads, uanset hvor bredt det skal v\u00e6re.<\/p>\n<p><strong>Funktioner:<\/strong><\/p>\n<ul>\n<li>Fremstillet af holdbart galvaniseret st\u00e5l<\/li>\n<li>Tilg\u00e6ngelig i flere forskellige bredder<\/li>\n<\/ul>\n<p>Med vores galvaniserede konsol med rondel kan du v\u00e6re sikker p\u00e5, at dit stillads har den n\u00f8dvendige underst\u00f8ttelse til at udf\u00f8re dine opgaver sikkert og effektivt.<\/p>","protected":false},"excerpt":{"rendered":"<p>Short description:<\/p>\n<ul>\n<li>Fremstillet i galvaniseret st\u00e5l.<\/li>\n<li>F\u00e5s i forskellige bredder.<\/li>\n<\/ul>","protected":false},"featured_media":52927,"comment_status":"open","ping_status":"closed","template":"","meta":{"_acf_changed":false,"_et_pb_use_builder":"","_et_pb_old_content":"","_et_gb_content_width":""},"product_brand":[],"product_cat":[129,32,31],"product_tag":[48],"class_list":{"0":"post-71638","1":"product","2":"type-product","3":"status-publish","4":"has-post-thumbnail","6":"product_cat-konsoller","7":"product_cat-murerstillads","8":"product_cat-stillads","9":"product_tag-murerstillads","10":"product_shipping_class-stor","12":"first","13":"instock","14":"taxable","15":"shipping-taxable","16":"purchasable","17":"product-type-simple"},"acf":[],"yoast_head":"<!-- This site is optimized with the Yoast SEO plugin v27.4 - https:\/\/yoast.com\/product\/yoast-seo-wordpress\/ -->\n<title>Konsol med rondel galvaniseret - Robust underst\u00f8tning med flere bredder<\/title>\n<meta name=\"description\" content=\"Vores galvaniserede konsol med rondel er den ideelle l\u00f8sning til at skabe en st\u00e6rk og p\u00e5lidelig platform til dit stillads. Den er fremstillet af holdbart galvaniseret st\u00e5l og f\u00e5s i flere forskellige bredder. Sikr en solid underst\u00f8tning til dit stillads med vores galvaniserede konsol med rondel.\" \/>\n<meta name=\"robots\" content=\"index, follow, max-snippet:-1, max-image-preview:large, max-video-preview:-1\" \/>\n<link rel=\"canonical\" href=\"https:\/\/www.specialfabrikken.dk\/en\/product-2\/konsol-med-rondel-galv-030-m\/\" \/>\n<meta property=\"og:locale\" content=\"en_US\" \/>\n<meta property=\"og:type\" content=\"article\" \/>\n<meta property=\"og:title\" content=\"Konsol med rondel galvaniseret - Robust underst\u00f8tning med flere bredder\" \/>\n<meta property=\"og:description\" content=\"Vores galvaniserede konsol med rondel er den ideelle l\u00f8sning til at skabe en st\u00e6rk og p\u00e5lidelig platform til dit stillads. Den er fremstillet af holdbart galvaniseret st\u00e5l og f\u00e5s i flere forskellige bredder. Sikr en solid underst\u00f8tning til dit stillads med vores galvaniserede konsol med rondel.\" \/>\n<meta property=\"og:url\" content=\"https:\/\/www.specialfabrikken.dk\/en\/product-2\/konsol-med-rondel-galv-030-m\/\" \/>\n<meta property=\"og:site_name\" content=\"Specialfabrikken\" \/>\n<meta property=\"article:modified_time\" content=\"2026-04-16T06:34:58+00:00\" \/>\n<meta property=\"og:image\" content=\"https:\/\/www.specialfabrikken.dk\/wp-content\/uploads\/2023\/06\/1020-0744.png\" \/>\n\t<meta property=\"og:image:width\" content=\"1600\" \/>\n\t<meta property=\"og:image:height\" content=\"1200\" \/>\n\t<meta property=\"og:image:type\" content=\"image\/png\" \/>\n<meta name=\"twitter:card\" content=\"summary_large_image\" \/>\n<meta name=\"twitter:label1\" content=\"Est. reading time\" \/>\n\t<meta name=\"twitter:data1\" content=\"1 minute\" \/>\n<script type=\"application\/ld+json\" class=\"yoast-schema-graph\">{\"@context\":\"https:\\\/\\\/schema.org\",\"@graph\":[{\"@type\":\"WebPage\",\"@id\":\"https:\\\/\\\/www.specialfabrikken.dk\\\/vare\\\/konsol-med-rondel-galv-030-m\\\/\",\"url\":\"https:\\\/\\\/www.specialfabrikken.dk\\\/vare\\\/konsol-med-rondel-galv-030-m\\\/\",\"name\":\"Konsol med rondel galvaniseret - Robust underst\u00f8tning med flere bredder\",\"isPartOf\":{\"@id\":\"https:\\\/\\\/www.specialfabrikken.dk\\\/#website\"},\"primaryImageOfPage\":{\"@id\":\"https:\\\/\\\/www.specialfabrikken.dk\\\/vare\\\/konsol-med-rondel-galv-030-m\\\/#primaryimage\"},\"image\":{\"@id\":\"https:\\\/\\\/www.specialfabrikken.dk\\\/vare\\\/konsol-med-rondel-galv-030-m\\\/#primaryimage\"},\"thumbnailUrl\":\"https:\\\/\\\/www.specialfabrikken.dk\\\/wp-content\\\/uploads\\\/2023\\\/06\\\/1020-0744.png\",\"datePublished\":\"2023-10-27T08:34:17+00:00\",\"dateModified\":\"2026-04-16T06:34:58+00:00\",\"description\":\"Vores galvaniserede konsol med rondel er den ideelle l\u00f8sning til at skabe en st\u00e6rk og p\u00e5lidelig platform til dit stillads. Den er fremstillet af holdbart galvaniseret st\u00e5l og f\u00e5s i flere forskellige bredder. Sikr en solid underst\u00f8tning til dit stillads med vores galvaniserede konsol med rondel.\",\"breadcrumb\":{\"@id\":\"https:\\\/\\\/www.specialfabrikken.dk\\\/vare\\\/konsol-med-rondel-galv-030-m\\\/#breadcrumb\"},\"inLanguage\":\"en-US\",\"potentialAction\":[{\"@type\":\"ReadAction\",\"target\":[\"https:\\\/\\\/www.specialfabrikken.dk\\\/vare\\\/konsol-med-rondel-galv-030-m\\\/\"]}]},{\"@type\":\"ImageObject\",\"inLanguage\":\"en-US\",\"@id\":\"https:\\\/\\\/www.specialfabrikken.dk\\\/vare\\\/konsol-med-rondel-galv-030-m\\\/#primaryimage\",\"url\":\"https:\\\/\\\/www.specialfabrikken.dk\\\/wp-content\\\/uploads\\\/2023\\\/06\\\/1020-0744.png\",\"contentUrl\":\"https:\\\/\\\/www.specialfabrikken.dk\\\/wp-content\\\/uploads\\\/2023\\\/06\\\/1020-0744.png\",\"width\":1600,\"height\":1200},{\"@type\":\"BreadcrumbList\",\"@id\":\"https:\\\/\\\/www.specialfabrikken.dk\\\/vare\\\/konsol-med-rondel-galv-030-m\\\/#breadcrumb\",\"itemListElement\":[{\"@type\":\"ListItem\",\"position\":1,\"name\":\"Forside\",\"item\":\"https:\\\/\\\/www.specialfabrikken.dk\\\/\"},{\"@type\":\"ListItem\",\"position\":2,\"name\":\"Shop\",\"item\":\"https:\\\/\\\/www.specialfabrikken.dk\\\/shop\\\/\"},{\"@type\":\"ListItem\",\"position\":3,\"name\":\"Konsol med rondel 0,3 m.\"}]},{\"@type\":\"WebSite\",\"@id\":\"https:\\\/\\\/www.specialfabrikken.dk\\\/#website\",\"url\":\"https:\\\/\\\/www.specialfabrikken.dk\\\/\",\"name\":\"Specialfabrikken\",\"description\":\"Specialfabrikken\",\"potentialAction\":[{\"@type\":\"SearchAction\",\"target\":{\"@type\":\"EntryPoint\",\"urlTemplate\":\"https:\\\/\\\/www.specialfabrikken.dk\\\/?s={search_term_string}\"},\"query-input\":{\"@type\":\"PropertyValueSpecification\",\"valueRequired\":true,\"valueName\":\"search_term_string\"}}],\"inLanguage\":\"en-US\"}]}<\/script>\n<!-- \/ Yoast SEO plugin. -->","yoast_head_json":{"title":"Konsol med rondel galvaniseret - Robust underst\u00f8tning med flere bredder","description":"Vores galvaniserede konsol med rondel er den ideelle l\u00f8sning til at skabe en st\u00e6rk og p\u00e5lidelig platform til dit stillads. Den er fremstillet af holdbart galvaniseret st\u00e5l og f\u00e5s i flere forskellige bredder. Sikr en solid underst\u00f8tning til dit stillads med vores galvaniserede konsol med rondel.","robots":{"index":"index","follow":"follow","max-snippet":"max-snippet:-1","max-image-preview":"max-image-preview:large","max-video-preview":"max-video-preview:-1"},"canonical":"https:\/\/www.specialfabrikken.dk\/en\/product-2\/konsol-med-rondel-galv-030-m\/","og_locale":"en_US","og_type":"article","og_title":"Konsol med rondel galvaniseret - Robust underst\u00f8tning med flere bredder","og_description":"Vores galvaniserede konsol med rondel er den ideelle l\u00f8sning til at skabe en st\u00e6rk og p\u00e5lidelig platform til dit stillads. Den er fremstillet af holdbart galvaniseret st\u00e5l og f\u00e5s i flere forskellige bredder. Sikr en solid underst\u00f8tning til dit stillads med vores galvaniserede konsol med rondel.","og_url":"https:\/\/www.specialfabrikken.dk\/en\/product-2\/konsol-med-rondel-galv-030-m\/","og_site_name":"Specialfabrikken","article_modified_time":"2026-04-16T06:34:58+00:00","og_image":[{"width":1600,"height":1200,"url":"https:\/\/www.specialfabrikken.dk\/wp-content\/uploads\/2023\/06\/1020-0744.png","type":"image\/png"}],"twitter_card":"summary_large_image","twitter_misc":{"Est. reading time":"1 minute"},"schema":{"@context":"https:\/\/schema.org","@graph":[{"@type":"WebPage","@id":"https:\/\/www.specialfabrikken.dk\/vare\/konsol-med-rondel-galv-030-m\/","url":"https:\/\/www.specialfabrikken.dk\/vare\/konsol-med-rondel-galv-030-m\/","name":"Konsol med rondel galvaniseret - Robust underst\u00f8tning med flere bredder","isPartOf":{"@id":"https:\/\/www.specialfabrikken.dk\/#website"},"primaryImageOfPage":{"@id":"https:\/\/www.specialfabrikken.dk\/vare\/konsol-med-rondel-galv-030-m\/#primaryimage"},"image":{"@id":"https:\/\/www.specialfabrikken.dk\/vare\/konsol-med-rondel-galv-030-m\/#primaryimage"},"thumbnailUrl":"https:\/\/www.specialfabrikken.dk\/wp-content\/uploads\/2023\/06\/1020-0744.png","datePublished":"2023-10-27T08:34:17+00:00","dateModified":"2026-04-16T06:34:58+00:00","description":"Vores galvaniserede konsol med rondel er den ideelle l\u00f8sning til at skabe en st\u00e6rk og p\u00e5lidelig platform til dit stillads. Den er fremstillet af holdbart galvaniseret st\u00e5l og f\u00e5s i flere forskellige bredder. Sikr en solid underst\u00f8tning til dit stillads med vores galvaniserede konsol med rondel.","breadcrumb":{"@id":"https:\/\/www.specialfabrikken.dk\/vare\/konsol-med-rondel-galv-030-m\/#breadcrumb"},"inLanguage":"en-US","potentialAction":[{"@type":"ReadAction","target":["https:\/\/www.specialfabrikken.dk\/vare\/konsol-med-rondel-galv-030-m\/"]}]},{"@type":"ImageObject","inLanguage":"en-US","@id":"https:\/\/www.specialfabrikken.dk\/vare\/konsol-med-rondel-galv-030-m\/#primaryimage","url":"https:\/\/www.specialfabrikken.dk\/wp-content\/uploads\/2023\/06\/1020-0744.png","contentUrl":"https:\/\/www.specialfabrikken.dk\/wp-content\/uploads\/2023\/06\/1020-0744.png","width":1600,"height":1200},{"@type":"BreadcrumbList","@id":"https:\/\/www.specialfabrikken.dk\/vare\/konsol-med-rondel-galv-030-m\/#breadcrumb","itemListElement":[{"@type":"ListItem","position":1,"name":"Forside","item":"https:\/\/www.specialfabrikken.dk\/"},{"@type":"ListItem","position":2,"name":"Shop","item":"https:\/\/www.specialfabrikken.dk\/shop\/"},{"@type":"ListItem","position":3,"name":"Konsol med rondel 0,3 m."}]},{"@type":"WebSite","@id":"https:\/\/www.specialfabrikken.dk\/#website","url":"https:\/\/www.specialfabrikken.dk\/","name":"Specialfabrikken","description":"Specialfabrikken","potentialAction":[{"@type":"SearchAction","target":{"@type":"EntryPoint","urlTemplate":"https:\/\/www.specialfabrikken.dk\/?s={search_term_string}"},"query-input":{"@type":"PropertyValueSpecification","valueRequired":true,"valueName":"search_term_string"}}],"inLanguage":"en-US"}]}},"_links":{"self":[{"href":"https:\/\/www.specialfabrikken.dk\/en\/wp-json\/wp\/v2\/product\/71638","targetHints":{"allow":["GET"]}}],"collection":[{"href":"https:\/\/www.specialfabrikken.dk\/en\/wp-json\/wp\/v2\/product"}],"about":[{"href":"https:\/\/www.specialfabrikken.dk\/en\/wp-json\/wp\/v2\/types\/product"}],"replies":[{"embeddable":true,"href":"https:\/\/www.specialfabrikken.dk\/en\/wp-json\/wp\/v2\/comments?post=71638"}],"wp:featuredmedia":[{"embeddable":true,"href":"https:\/\/www.specialfabrikken.dk\/en\/wp-json\/wp\/v2\/media\/52927"}],"wp:attachment":[{"href":"https:\/\/www.specialfabrikken.dk\/en\/wp-json\/wp\/v2\/media?parent=71638"}],"wp:term":[{"taxonomy":"product_brand","embeddable":true,"href":"https:\/\/www.specialfabrikken.dk\/en\/wp-json\/wp\/v2\/product_brand?post=71638"},{"taxonomy":"product_cat","embeddable":true,"href":"https:\/\/www.specialfabrikken.dk\/en\/wp-json\/wp\/v2\/product_cat?post=71638"},{"taxonomy":"product_tag","embeddable":true,"href":"https:\/\/www.specialfabrikken.dk\/en\/wp-json\/wp\/v2\/product_tag?post=71638"}],"curies":[{"name":"wp","href":"https:\/\/api.w.org\/{rel}","templated":true}]}}