{"id":71678,"date":"2023-10-30T10:43:03","date_gmt":"2023-10-30T10:43:03","guid":{"rendered":"https:\/\/www.specialfabrikken.dk\/?post_type=product&#038;p=71678"},"modified":"2026-04-13T13:02:07","modified_gmt":"2026-04-13T11:02:07","slug":"oejeskrue-70-mm-2","status":"publish","type":"product","link":"https:\/\/www.specialfabrikken.dk\/en\/vare\/oejeskrue-70-mm-2\/","title":{"rendered":"\u00d8jeskrue 70 mm."},"content":{"rendered":"<p>\u00d8jeskrue 70 mm totall\u00e6ngde 100 med svejst \u00f8je.<\/p>\n<p>\u00d8jeskruen er beregnet til forankring af stillads i murv\u00e6rk.<\/p>\n<p>Husk at bruge egnet plugs.<\/p>","protected":false},"excerpt":{"rendered":"<p>Short description:<\/p>\n<ul>\n<li>\u00d8jeskrue med svejst \u00f8je.<\/li>\n<li>Bruges eksempelvis med rawplugs.<\/li>\n<li>Findes i flere l\u00e6ngder.<\/li>\n<\/ul>","protected":false},"featured_media":1179,"comment_status":"open","ping_status":"closed","template":"","meta":{"_acf_changed":false,"_et_pb_use_builder":"","_et_pb_old_content":"","_et_gb_content_width":""},"product_brand":[],"product_cat":[35,54,66,136,32,55,31],"product_tag":[172,48,178],"class_list":{"0":"post-71678","1":"product","2":"type-product","3":"status-publish","4":"has-post-thumbnail","6":"product_cat-alufacadestillads","7":"product_cat-alu-rullestillads","8":"product_cat-bukkestillads","9":"product_cat-hjaelpemidler","10":"product_cat-murerstillads","11":"product_cat-staal-facadestillads","12":"product_cat-stillads","13":"product_tag-alu-facadestillads","14":"product_tag-murerstillads","15":"product_tag-staal-facadestillads","16":"product_shipping_class-smaa","18":"first","19":"instock","20":"taxable","21":"shipping-taxable","22":"purchasable","23":"product-type-simple"},"acf":[],"yoast_head":"<!-- This site is optimized with the Yoast SEO plugin v27.4 - https:\/\/yoast.com\/product\/yoast-seo-wordpress\/ -->\n<title>\u00d8jeskrue stillads<\/title>\n<meta name=\"description\" content=\"S\u00f8ger du en p\u00e5lidelig l\u00f8sning til opmuring? Vores \u00f8jeskrue er designet til brug med passende plugs og findes i flere forskellige st\u00f8rrelser. Se mere under varianter for at finde det, der passer bedst til dit projekt.\" \/>\n<meta name=\"robots\" content=\"index, follow, max-snippet:-1, max-image-preview:large, max-video-preview:-1\" \/>\n<link rel=\"canonical\" href=\"https:\/\/www.specialfabrikken.dk\/en\/product-2\/oejeskrue-70-mm-2\/\" \/>\n<meta property=\"og:locale\" content=\"en_US\" \/>\n<meta property=\"og:type\" content=\"article\" \/>\n<meta property=\"og:title\" content=\"\u00d8jeskrue stillads\" \/>\n<meta property=\"og:description\" content=\"S\u00f8ger du en p\u00e5lidelig l\u00f8sning til opmuring? Vores \u00f8jeskrue er designet til brug med passende plugs og findes i flere forskellige st\u00f8rrelser. Se mere under varianter for at finde det, der passer bedst til dit projekt.\" \/>\n<meta property=\"og:url\" content=\"https:\/\/www.specialfabrikken.dk\/en\/product-2\/oejeskrue-70-mm-2\/\" \/>\n<meta property=\"og:site_name\" content=\"Specialfabrikken\" \/>\n<meta property=\"article:modified_time\" content=\"2026-04-13T11:02:07+00:00\" \/>\n<meta property=\"og:image\" content=\"https:\/\/www.specialfabrikken.dk\/wp-content\/uploads\/2020\/02\/\u00f8jeskrue.jpg\" \/>\n\t<meta property=\"og:image:width\" content=\"1156\" \/>\n\t<meta property=\"og:image:height\" content=\"407\" \/>\n\t<meta property=\"og:image:type\" content=\"image\/jpeg\" \/>\n<meta name=\"twitter:card\" content=\"summary_large_image\" \/>\n<meta name=\"twitter:label1\" content=\"Est. reading time\" \/>\n\t<meta name=\"twitter:data1\" content=\"1 minute\" \/>\n<script type=\"application\/ld+json\" class=\"yoast-schema-graph\">{\"@context\":\"https:\\\/\\\/schema.org\",\"@graph\":[{\"@type\":\"WebPage\",\"@id\":\"https:\\\/\\\/www.specialfabrikken.dk\\\/vare\\\/oejeskrue-70-mm-2\\\/\",\"url\":\"https:\\\/\\\/www.specialfabrikken.dk\\\/vare\\\/oejeskrue-70-mm-2\\\/\",\"name\":\"\u00d8jeskrue stillads\",\"isPartOf\":{\"@id\":\"https:\\\/\\\/www.specialfabrikken.dk\\\/#website\"},\"primaryImageOfPage\":{\"@id\":\"https:\\\/\\\/www.specialfabrikken.dk\\\/vare\\\/oejeskrue-70-mm-2\\\/#primaryimage\"},\"image\":{\"@id\":\"https:\\\/\\\/www.specialfabrikken.dk\\\/vare\\\/oejeskrue-70-mm-2\\\/#primaryimage\"},\"thumbnailUrl\":\"https:\\\/\\\/www.specialfabrikken.dk\\\/wp-content\\\/uploads\\\/2020\\\/02\\\/\u00f8jeskrue.jpg\",\"datePublished\":\"2023-10-30T10:43:03+00:00\",\"dateModified\":\"2026-04-13T11:02:07+00:00\",\"description\":\"S\u00f8ger du en p\u00e5lidelig l\u00f8sning til opmuring? Vores \u00f8jeskrue er designet til brug med passende plugs og findes i flere forskellige st\u00f8rrelser. Se mere under varianter for at finde det, der passer bedst til dit projekt.\",\"breadcrumb\":{\"@id\":\"https:\\\/\\\/www.specialfabrikken.dk\\\/vare\\\/oejeskrue-70-mm-2\\\/#breadcrumb\"},\"inLanguage\":\"en-US\",\"potentialAction\":[{\"@type\":\"ReadAction\",\"target\":[\"https:\\\/\\\/www.specialfabrikken.dk\\\/vare\\\/oejeskrue-70-mm-2\\\/\"]}]},{\"@type\":\"ImageObject\",\"inLanguage\":\"en-US\",\"@id\":\"https:\\\/\\\/www.specialfabrikken.dk\\\/vare\\\/oejeskrue-70-mm-2\\\/#primaryimage\",\"url\":\"https:\\\/\\\/www.specialfabrikken.dk\\\/wp-content\\\/uploads\\\/2020\\\/02\\\/\u00f8jeskrue.jpg\",\"contentUrl\":\"https:\\\/\\\/www.specialfabrikken.dk\\\/wp-content\\\/uploads\\\/2020\\\/02\\\/\u00f8jeskrue.jpg\",\"width\":1156,\"height\":407,\"caption\":\"\u00f8jeskrue\"},{\"@type\":\"BreadcrumbList\",\"@id\":\"https:\\\/\\\/www.specialfabrikken.dk\\\/vare\\\/oejeskrue-70-mm-2\\\/#breadcrumb\",\"itemListElement\":[{\"@type\":\"ListItem\",\"position\":1,\"name\":\"Forside\",\"item\":\"https:\\\/\\\/www.specialfabrikken.dk\\\/\"},{\"@type\":\"ListItem\",\"position\":2,\"name\":\"Shop\",\"item\":\"https:\\\/\\\/www.specialfabrikken.dk\\\/shop\\\/\"},{\"@type\":\"ListItem\",\"position\":3,\"name\":\"\u00d8jeskrue 70 mm.\"}]},{\"@type\":\"WebSite\",\"@id\":\"https:\\\/\\\/www.specialfabrikken.dk\\\/#website\",\"url\":\"https:\\\/\\\/www.specialfabrikken.dk\\\/\",\"name\":\"Specialfabrikken\",\"description\":\"Specialfabrikken\",\"potentialAction\":[{\"@type\":\"SearchAction\",\"target\":{\"@type\":\"EntryPoint\",\"urlTemplate\":\"https:\\\/\\\/www.specialfabrikken.dk\\\/?s={search_term_string}\"},\"query-input\":{\"@type\":\"PropertyValueSpecification\",\"valueRequired\":true,\"valueName\":\"search_term_string\"}}],\"inLanguage\":\"en-US\"}]}<\/script>\n<!-- \/ Yoast SEO plugin. -->","yoast_head_json":{"title":"\u00d8jeskrue stillads","description":"S\u00f8ger du en p\u00e5lidelig l\u00f8sning til opmuring? Vores \u00f8jeskrue er designet til brug med passende plugs og findes i flere forskellige st\u00f8rrelser. Se mere under varianter for at finde det, der passer bedst til dit projekt.","robots":{"index":"index","follow":"follow","max-snippet":"max-snippet:-1","max-image-preview":"max-image-preview:large","max-video-preview":"max-video-preview:-1"},"canonical":"https:\/\/www.specialfabrikken.dk\/en\/product-2\/oejeskrue-70-mm-2\/","og_locale":"en_US","og_type":"article","og_title":"\u00d8jeskrue stillads","og_description":"S\u00f8ger du en p\u00e5lidelig l\u00f8sning til opmuring? Vores \u00f8jeskrue er designet til brug med passende plugs og findes i flere forskellige st\u00f8rrelser. Se mere under varianter for at finde det, der passer bedst til dit projekt.","og_url":"https:\/\/www.specialfabrikken.dk\/en\/product-2\/oejeskrue-70-mm-2\/","og_site_name":"Specialfabrikken","article_modified_time":"2026-04-13T11:02:07+00:00","og_image":[{"width":1156,"height":407,"url":"https:\/\/www.specialfabrikken.dk\/wp-content\/uploads\/2020\/02\/\u00f8jeskrue.jpg","type":"image\/jpeg"}],"twitter_card":"summary_large_image","twitter_misc":{"Est. reading time":"1 minute"},"schema":{"@context":"https:\/\/schema.org","@graph":[{"@type":"WebPage","@id":"https:\/\/www.specialfabrikken.dk\/vare\/oejeskrue-70-mm-2\/","url":"https:\/\/www.specialfabrikken.dk\/vare\/oejeskrue-70-mm-2\/","name":"\u00d8jeskrue stillads","isPartOf":{"@id":"https:\/\/www.specialfabrikken.dk\/#website"},"primaryImageOfPage":{"@id":"https:\/\/www.specialfabrikken.dk\/vare\/oejeskrue-70-mm-2\/#primaryimage"},"image":{"@id":"https:\/\/www.specialfabrikken.dk\/vare\/oejeskrue-70-mm-2\/#primaryimage"},"thumbnailUrl":"https:\/\/www.specialfabrikken.dk\/wp-content\/uploads\/2020\/02\/\u00f8jeskrue.jpg","datePublished":"2023-10-30T10:43:03+00:00","dateModified":"2026-04-13T11:02:07+00:00","description":"S\u00f8ger du en p\u00e5lidelig l\u00f8sning til opmuring? Vores \u00f8jeskrue er designet til brug med passende plugs og findes i flere forskellige st\u00f8rrelser. Se mere under varianter for at finde det, der passer bedst til dit projekt.","breadcrumb":{"@id":"https:\/\/www.specialfabrikken.dk\/vare\/oejeskrue-70-mm-2\/#breadcrumb"},"inLanguage":"en-US","potentialAction":[{"@type":"ReadAction","target":["https:\/\/www.specialfabrikken.dk\/vare\/oejeskrue-70-mm-2\/"]}]},{"@type":"ImageObject","inLanguage":"en-US","@id":"https:\/\/www.specialfabrikken.dk\/vare\/oejeskrue-70-mm-2\/#primaryimage","url":"https:\/\/www.specialfabrikken.dk\/wp-content\/uploads\/2020\/02\/\u00f8jeskrue.jpg","contentUrl":"https:\/\/www.specialfabrikken.dk\/wp-content\/uploads\/2020\/02\/\u00f8jeskrue.jpg","width":1156,"height":407,"caption":"\u00f8jeskrue"},{"@type":"BreadcrumbList","@id":"https:\/\/www.specialfabrikken.dk\/vare\/oejeskrue-70-mm-2\/#breadcrumb","itemListElement":[{"@type":"ListItem","position":1,"name":"Forside","item":"https:\/\/www.specialfabrikken.dk\/"},{"@type":"ListItem","position":2,"name":"Shop","item":"https:\/\/www.specialfabrikken.dk\/shop\/"},{"@type":"ListItem","position":3,"name":"\u00d8jeskrue 70 mm."}]},{"@type":"WebSite","@id":"https:\/\/www.specialfabrikken.dk\/#website","url":"https:\/\/www.specialfabrikken.dk\/","name":"Specialfabrikken","description":"Specialfabrikken","potentialAction":[{"@type":"SearchAction","target":{"@type":"EntryPoint","urlTemplate":"https:\/\/www.specialfabrikken.dk\/?s={search_term_string}"},"query-input":{"@type":"PropertyValueSpecification","valueRequired":true,"valueName":"search_term_string"}}],"inLanguage":"en-US"}]}},"_links":{"self":[{"href":"https:\/\/www.specialfabrikken.dk\/en\/wp-json\/wp\/v2\/product\/71678","targetHints":{"allow":["GET"]}}],"collection":[{"href":"https:\/\/www.specialfabrikken.dk\/en\/wp-json\/wp\/v2\/product"}],"about":[{"href":"https:\/\/www.specialfabrikken.dk\/en\/wp-json\/wp\/v2\/types\/product"}],"replies":[{"embeddable":true,"href":"https:\/\/www.specialfabrikken.dk\/en\/wp-json\/wp\/v2\/comments?post=71678"}],"wp:featuredmedia":[{"embeddable":true,"href":"https:\/\/www.specialfabrikken.dk\/en\/wp-json\/wp\/v2\/media\/1179"}],"wp:attachment":[{"href":"https:\/\/www.specialfabrikken.dk\/en\/wp-json\/wp\/v2\/media?parent=71678"}],"wp:term":[{"taxonomy":"product_brand","embeddable":true,"href":"https:\/\/www.specialfabrikken.dk\/en\/wp-json\/wp\/v2\/product_brand?post=71678"},{"taxonomy":"product_cat","embeddable":true,"href":"https:\/\/www.specialfabrikken.dk\/en\/wp-json\/wp\/v2\/product_cat?post=71678"},{"taxonomy":"product_tag","embeddable":true,"href":"https:\/\/www.specialfabrikken.dk\/en\/wp-json\/wp\/v2\/product_tag?post=71678"}],"curies":[{"name":"wp","href":"https:\/\/api.w.org\/{rel}","templated":true}]}}