{"id":71689,"date":"2023-10-30T12:47:31","date_gmt":"2023-10-30T11:47:31","guid":{"rendered":"https:\/\/www.specialfabrikken.dk\/?post_type=product&#038;p=71689"},"modified":"2026-04-14T10:35:32","modified_gmt":"2026-04-14T08:35:32","slug":"raekvaerkssoejle-model-h","status":"publish","type":"product","link":"https:\/\/www.specialfabrikken.dk\/en\/vare\/raekvaerkssoejle-model-h\/","title":{"rendered":"R\u00e6kv\u00e6rkss\u00f8jle 1 mtr. (lang, model H)"},"content":{"rendered":"","protected":false},"excerpt":{"rendered":"<p>Short description:<\/p>\n<ul>\n<li>Fremstillet i galvaniseret st\u00e5l.<\/li>\n<li>Anvendes ved etablering af r\u00e6kv\u00e6rk p\u00e5 alu-d\u00e6k.<\/li>\n<\/ul>","protected":false},"featured_media":2048,"comment_status":"open","ping_status":"closed","template":"","meta":{"_acf_changed":false,"_et_pb_use_builder":"","_et_pb_old_content":"","_et_gb_content_width":""},"product_brand":[],"product_cat":[32,72,31],"product_tag":[48],"class_list":{"0":"post-71689","1":"product","2":"type-product","3":"status-publish","4":"has-post-thumbnail","6":"product_cat-murerstillads","7":"product_cat-soejle","8":"product_cat-stillads","9":"product_tag-murerstillads","10":"product_shipping_class-stor","12":"first","13":"instock","14":"taxable","15":"shipping-taxable","16":"purchasable","17":"product-type-simple"},"acf":[],"yoast_head":"<!-- This site is optimized with the Yoast SEO plugin v27.4 - https:\/\/yoast.com\/product\/yoast-seo-wordpress\/ -->\n<title>R\u00e6kv\u00e6rkss\u00f8jle i Galvaniseret St\u00e5l | Til Alu-D\u00e6k R\u00e6kv\u00e6rksopbygning<\/title>\n<meta name=\"description\" content=\"Skal du etablere et sikkert r\u00e6kv\u00e6rk p\u00e5 dit alu-d\u00e6k? Vores r\u00e6kv\u00e6rkss\u00f8jler i galvaniseret st\u00e5l er den ideelle l\u00f8sning for robust og p\u00e5lidelig r\u00e6kv\u00e6rksopbygning.\" \/>\n<meta name=\"robots\" content=\"index, follow, max-snippet:-1, max-image-preview:large, max-video-preview:-1\" \/>\n<link rel=\"canonical\" href=\"https:\/\/www.specialfabrikken.dk\/en\/product-2\/raekvaerkssoejle-model-h\/\" \/>\n<meta property=\"og:locale\" content=\"en_US\" \/>\n<meta property=\"og:type\" content=\"article\" \/>\n<meta property=\"og:title\" content=\"R\u00e6kv\u00e6rkss\u00f8jle i Galvaniseret St\u00e5l | Til Alu-D\u00e6k R\u00e6kv\u00e6rksopbygning\" \/>\n<meta property=\"og:description\" content=\"Skal du etablere et sikkert r\u00e6kv\u00e6rk p\u00e5 dit alu-d\u00e6k? Vores r\u00e6kv\u00e6rkss\u00f8jler i galvaniseret st\u00e5l er den ideelle l\u00f8sning for robust og p\u00e5lidelig r\u00e6kv\u00e6rksopbygning.\" \/>\n<meta property=\"og:url\" content=\"https:\/\/www.specialfabrikken.dk\/en\/product-2\/raekvaerkssoejle-model-h\/\" \/>\n<meta property=\"og:site_name\" content=\"Specialfabrikken\" \/>\n<meta property=\"article:modified_time\" content=\"2026-04-14T08:35:32+00:00\" \/>\n<meta property=\"og:image\" content=\"https:\/\/www.specialfabrikken.dk\/wp-content\/uploads\/2020\/04\/r\u00e6kv\u00e6rkss\u00f8jle.png\" \/>\n\t<meta property=\"og:image:width\" content=\"608\" \/>\n\t<meta property=\"og:image:height\" content=\"2841\" \/>\n\t<meta property=\"og:image:type\" content=\"image\/png\" \/>\n<meta name=\"twitter:card\" content=\"summary_large_image\" \/>\n<script type=\"application\/ld+json\" class=\"yoast-schema-graph\">{\"@context\":\"https:\\\/\\\/schema.org\",\"@graph\":[{\"@type\":\"WebPage\",\"@id\":\"https:\\\/\\\/www.specialfabrikken.dk\\\/vare\\\/raekvaerkssoejle-model-h\\\/\",\"url\":\"https:\\\/\\\/www.specialfabrikken.dk\\\/vare\\\/raekvaerkssoejle-model-h\\\/\",\"name\":\"R\u00e6kv\u00e6rkss\u00f8jle i Galvaniseret St\u00e5l | Til Alu-D\u00e6k R\u00e6kv\u00e6rksopbygning\",\"isPartOf\":{\"@id\":\"https:\\\/\\\/www.specialfabrikken.dk\\\/#website\"},\"primaryImageOfPage\":{\"@id\":\"https:\\\/\\\/www.specialfabrikken.dk\\\/vare\\\/raekvaerkssoejle-model-h\\\/#primaryimage\"},\"image\":{\"@id\":\"https:\\\/\\\/www.specialfabrikken.dk\\\/vare\\\/raekvaerkssoejle-model-h\\\/#primaryimage\"},\"thumbnailUrl\":\"https:\\\/\\\/www.specialfabrikken.dk\\\/wp-content\\\/uploads\\\/2020\\\/04\\\/r\u00e6kv\u00e6rkss\u00f8jle.png\",\"datePublished\":\"2023-10-30T11:47:31+00:00\",\"dateModified\":\"2026-04-14T08:35:32+00:00\",\"description\":\"Skal du etablere et sikkert r\u00e6kv\u00e6rk p\u00e5 dit alu-d\u00e6k? Vores r\u00e6kv\u00e6rkss\u00f8jler i galvaniseret st\u00e5l er den ideelle l\u00f8sning for robust og p\u00e5lidelig r\u00e6kv\u00e6rksopbygning.\",\"breadcrumb\":{\"@id\":\"https:\\\/\\\/www.specialfabrikken.dk\\\/vare\\\/raekvaerkssoejle-model-h\\\/#breadcrumb\"},\"inLanguage\":\"en-US\",\"potentialAction\":[{\"@type\":\"ReadAction\",\"target\":[\"https:\\\/\\\/www.specialfabrikken.dk\\\/vare\\\/raekvaerkssoejle-model-h\\\/\"]}]},{\"@type\":\"ImageObject\",\"inLanguage\":\"en-US\",\"@id\":\"https:\\\/\\\/www.specialfabrikken.dk\\\/vare\\\/raekvaerkssoejle-model-h\\\/#primaryimage\",\"url\":\"https:\\\/\\\/www.specialfabrikken.dk\\\/wp-content\\\/uploads\\\/2020\\\/04\\\/r\u00e6kv\u00e6rkss\u00f8jle.png\",\"contentUrl\":\"https:\\\/\\\/www.specialfabrikken.dk\\\/wp-content\\\/uploads\\\/2020\\\/04\\\/r\u00e6kv\u00e6rkss\u00f8jle.png\",\"width\":608,\"height\":2841,\"caption\":\"r\u00e6kv\u00e6rkss\u00f8jle\"},{\"@type\":\"BreadcrumbList\",\"@id\":\"https:\\\/\\\/www.specialfabrikken.dk\\\/vare\\\/raekvaerkssoejle-model-h\\\/#breadcrumb\",\"itemListElement\":[{\"@type\":\"ListItem\",\"position\":1,\"name\":\"Forside\",\"item\":\"https:\\\/\\\/www.specialfabrikken.dk\\\/\"},{\"@type\":\"ListItem\",\"position\":2,\"name\":\"Shop\",\"item\":\"https:\\\/\\\/www.specialfabrikken.dk\\\/shop\\\/\"},{\"@type\":\"ListItem\",\"position\":3,\"name\":\"R\u00e6kv\u00e6rkss\u00f8jle 1 mtr. (lang, model H)\"}]},{\"@type\":\"WebSite\",\"@id\":\"https:\\\/\\\/www.specialfabrikken.dk\\\/#website\",\"url\":\"https:\\\/\\\/www.specialfabrikken.dk\\\/\",\"name\":\"Specialfabrikken\",\"description\":\"Specialfabrikken\",\"potentialAction\":[{\"@type\":\"SearchAction\",\"target\":{\"@type\":\"EntryPoint\",\"urlTemplate\":\"https:\\\/\\\/www.specialfabrikken.dk\\\/?s={search_term_string}\"},\"query-input\":{\"@type\":\"PropertyValueSpecification\",\"valueRequired\":true,\"valueName\":\"search_term_string\"}}],\"inLanguage\":\"en-US\"}]}<\/script>\n<!-- \/ Yoast SEO plugin. -->","yoast_head_json":{"title":"R\u00e6kv\u00e6rkss\u00f8jle i Galvaniseret St\u00e5l | Til Alu-D\u00e6k R\u00e6kv\u00e6rksopbygning","description":"Skal du etablere et sikkert r\u00e6kv\u00e6rk p\u00e5 dit alu-d\u00e6k? Vores r\u00e6kv\u00e6rkss\u00f8jler i galvaniseret st\u00e5l er den ideelle l\u00f8sning for robust og p\u00e5lidelig r\u00e6kv\u00e6rksopbygning.","robots":{"index":"index","follow":"follow","max-snippet":"max-snippet:-1","max-image-preview":"max-image-preview:large","max-video-preview":"max-video-preview:-1"},"canonical":"https:\/\/www.specialfabrikken.dk\/en\/product-2\/raekvaerkssoejle-model-h\/","og_locale":"en_US","og_type":"article","og_title":"R\u00e6kv\u00e6rkss\u00f8jle i Galvaniseret St\u00e5l | Til Alu-D\u00e6k R\u00e6kv\u00e6rksopbygning","og_description":"Skal du etablere et sikkert r\u00e6kv\u00e6rk p\u00e5 dit alu-d\u00e6k? Vores r\u00e6kv\u00e6rkss\u00f8jler i galvaniseret st\u00e5l er den ideelle l\u00f8sning for robust og p\u00e5lidelig r\u00e6kv\u00e6rksopbygning.","og_url":"https:\/\/www.specialfabrikken.dk\/en\/product-2\/raekvaerkssoejle-model-h\/","og_site_name":"Specialfabrikken","article_modified_time":"2026-04-14T08:35:32+00:00","og_image":[{"width":608,"height":2841,"url":"https:\/\/www.specialfabrikken.dk\/wp-content\/uploads\/2020\/04\/r\u00e6kv\u00e6rkss\u00f8jle.png","type":"image\/png"}],"twitter_card":"summary_large_image","schema":{"@context":"https:\/\/schema.org","@graph":[{"@type":"WebPage","@id":"https:\/\/www.specialfabrikken.dk\/vare\/raekvaerkssoejle-model-h\/","url":"https:\/\/www.specialfabrikken.dk\/vare\/raekvaerkssoejle-model-h\/","name":"R\u00e6kv\u00e6rkss\u00f8jle i Galvaniseret St\u00e5l | Til Alu-D\u00e6k R\u00e6kv\u00e6rksopbygning","isPartOf":{"@id":"https:\/\/www.specialfabrikken.dk\/#website"},"primaryImageOfPage":{"@id":"https:\/\/www.specialfabrikken.dk\/vare\/raekvaerkssoejle-model-h\/#primaryimage"},"image":{"@id":"https:\/\/www.specialfabrikken.dk\/vare\/raekvaerkssoejle-model-h\/#primaryimage"},"thumbnailUrl":"https:\/\/www.specialfabrikken.dk\/wp-content\/uploads\/2020\/04\/r\u00e6kv\u00e6rkss\u00f8jle.png","datePublished":"2023-10-30T11:47:31+00:00","dateModified":"2026-04-14T08:35:32+00:00","description":"Skal du etablere et sikkert r\u00e6kv\u00e6rk p\u00e5 dit alu-d\u00e6k? Vores r\u00e6kv\u00e6rkss\u00f8jler i galvaniseret st\u00e5l er den ideelle l\u00f8sning for robust og p\u00e5lidelig r\u00e6kv\u00e6rksopbygning.","breadcrumb":{"@id":"https:\/\/www.specialfabrikken.dk\/vare\/raekvaerkssoejle-model-h\/#breadcrumb"},"inLanguage":"en-US","potentialAction":[{"@type":"ReadAction","target":["https:\/\/www.specialfabrikken.dk\/vare\/raekvaerkssoejle-model-h\/"]}]},{"@type":"ImageObject","inLanguage":"en-US","@id":"https:\/\/www.specialfabrikken.dk\/vare\/raekvaerkssoejle-model-h\/#primaryimage","url":"https:\/\/www.specialfabrikken.dk\/wp-content\/uploads\/2020\/04\/r\u00e6kv\u00e6rkss\u00f8jle.png","contentUrl":"https:\/\/www.specialfabrikken.dk\/wp-content\/uploads\/2020\/04\/r\u00e6kv\u00e6rkss\u00f8jle.png","width":608,"height":2841,"caption":"r\u00e6kv\u00e6rkss\u00f8jle"},{"@type":"BreadcrumbList","@id":"https:\/\/www.specialfabrikken.dk\/vare\/raekvaerkssoejle-model-h\/#breadcrumb","itemListElement":[{"@type":"ListItem","position":1,"name":"Forside","item":"https:\/\/www.specialfabrikken.dk\/"},{"@type":"ListItem","position":2,"name":"Shop","item":"https:\/\/www.specialfabrikken.dk\/shop\/"},{"@type":"ListItem","position":3,"name":"R\u00e6kv\u00e6rkss\u00f8jle 1 mtr. (lang, model H)"}]},{"@type":"WebSite","@id":"https:\/\/www.specialfabrikken.dk\/#website","url":"https:\/\/www.specialfabrikken.dk\/","name":"Specialfabrikken","description":"Specialfabrikken","potentialAction":[{"@type":"SearchAction","target":{"@type":"EntryPoint","urlTemplate":"https:\/\/www.specialfabrikken.dk\/?s={search_term_string}"},"query-input":{"@type":"PropertyValueSpecification","valueRequired":true,"valueName":"search_term_string"}}],"inLanguage":"en-US"}]}},"_links":{"self":[{"href":"https:\/\/www.specialfabrikken.dk\/en\/wp-json\/wp\/v2\/product\/71689","targetHints":{"allow":["GET"]}}],"collection":[{"href":"https:\/\/www.specialfabrikken.dk\/en\/wp-json\/wp\/v2\/product"}],"about":[{"href":"https:\/\/www.specialfabrikken.dk\/en\/wp-json\/wp\/v2\/types\/product"}],"replies":[{"embeddable":true,"href":"https:\/\/www.specialfabrikken.dk\/en\/wp-json\/wp\/v2\/comments?post=71689"}],"wp:featuredmedia":[{"embeddable":true,"href":"https:\/\/www.specialfabrikken.dk\/en\/wp-json\/wp\/v2\/media\/2048"}],"wp:attachment":[{"href":"https:\/\/www.specialfabrikken.dk\/en\/wp-json\/wp\/v2\/media?parent=71689"}],"wp:term":[{"taxonomy":"product_brand","embeddable":true,"href":"https:\/\/www.specialfabrikken.dk\/en\/wp-json\/wp\/v2\/product_brand?post=71689"},{"taxonomy":"product_cat","embeddable":true,"href":"https:\/\/www.specialfabrikken.dk\/en\/wp-json\/wp\/v2\/product_cat?post=71689"},{"taxonomy":"product_tag","embeddable":true,"href":"https:\/\/www.specialfabrikken.dk\/en\/wp-json\/wp\/v2\/product_tag?post=71689"}],"curies":[{"name":"wp","href":"https:\/\/api.w.org\/{rel}","templated":true}]}}