{"id":71697,"date":"2023-10-30T13:04:23","date_gmt":"2023-10-30T13:04:23","guid":{"rendered":"https:\/\/www.specialfabrikken.dk\/?post_type=product&#038;p=71697"},"modified":"2026-04-17T10:00:22","modified_gmt":"2026-04-17T08:00:22","slug":"skruekobling-dobbelt-dreje-oe48-oe48","status":"publish","type":"product","link":"https:\/\/www.specialfabrikken.dk\/en\/vare\/skruekobling-dobbelt-dreje-oe48-oe48\/","title":{"rendered":"Skruekobling &#8211; dobbelt dreje \u00d848\/\u00d848"},"content":{"rendered":"","protected":false},"excerpt":{"rendered":"<p>Short description:<\/p>\n<ul>\n<li>Dobbelt- og enkeltkoblinger i flere st\u00f8rrelser og modeller.<\/li>\n<\/ul>","protected":false},"featured_media":2070,"comment_status":"open","ping_status":"closed","template":"","meta":{"_acf_changed":false,"_et_pb_use_builder":"","_et_pb_old_content":"","_et_gb_content_width":""},"product_brand":[],"product_cat":[35,32,55,31],"product_tag":[172,48,178],"class_list":{"0":"post-71697","1":"product","2":"type-product","3":"status-publish","4":"has-post-thumbnail","6":"product_cat-alufacadestillads","7":"product_cat-murerstillads","8":"product_cat-staal-facadestillads","9":"product_cat-stillads","10":"product_tag-alu-facadestillads","11":"product_tag-murerstillads","12":"product_tag-staal-facadestillads","13":"product_shipping_class-smaa","15":"first","16":"instock","17":"taxable","18":"shipping-taxable","19":"purchasable","20":"product-type-simple"},"acf":[],"yoast_head":"<!-- This site is optimized with the Yoast SEO plugin v27.4 - https:\/\/yoast.com\/product\/yoast-seo-wordpress\/ -->\n<title>Skruekoblinger i Forskellige St\u00f8rrelser og Modeller | Dobbelt- og Enkeltkoblinger<\/title>\n<meta name=\"description\" content=\"Find den perfekte skruekobling til dit projekt her! Vi tilbyder b\u00e5de dobbelt- og enkeltkoblinger i flere st\u00f8rrelser og modeller. Kvalitet og alsidighed i \u00e9t produkt.\" \/>\n<meta name=\"robots\" content=\"index, follow, max-snippet:-1, max-image-preview:large, max-video-preview:-1\" \/>\n<link rel=\"canonical\" href=\"https:\/\/www.specialfabrikken.dk\/en\/product-2\/skruekobling-dobbelt-dreje-oe48-oe48\/\" \/>\n<meta property=\"og:locale\" content=\"en_US\" \/>\n<meta property=\"og:type\" content=\"article\" \/>\n<meta property=\"og:title\" content=\"Skruekoblinger i Forskellige St\u00f8rrelser og Modeller | Dobbelt- og Enkeltkoblinger\" \/>\n<meta property=\"og:description\" content=\"Find den perfekte skruekobling til dit projekt her! Vi tilbyder b\u00e5de dobbelt- og enkeltkoblinger i flere st\u00f8rrelser og modeller. Kvalitet og alsidighed i \u00e9t produkt.\" \/>\n<meta property=\"og:url\" content=\"https:\/\/www.specialfabrikken.dk\/en\/product-2\/skruekobling-dobbelt-dreje-oe48-oe48\/\" \/>\n<meta property=\"og:site_name\" content=\"Specialfabrikken\" \/>\n<meta property=\"article:modified_time\" content=\"2026-04-17T08:00:22+00:00\" \/>\n<meta property=\"og:image\" content=\"https:\/\/www.specialfabrikken.dk\/wp-content\/uploads\/2020\/04\/koblinger-drejelig-e1698671273378.jpg\" \/>\n\t<meta property=\"og:image:width\" content=\"192\" \/>\n\t<meta property=\"og:image:height\" content=\"130\" \/>\n\t<meta property=\"og:image:type\" content=\"image\/jpeg\" \/>\n<meta name=\"twitter:card\" content=\"summary_large_image\" \/>\n<script type=\"application\/ld+json\" class=\"yoast-schema-graph\">{\"@context\":\"https:\\\/\\\/schema.org\",\"@graph\":[{\"@type\":\"WebPage\",\"@id\":\"https:\\\/\\\/www.specialfabrikken.dk\\\/vare\\\/skruekobling-dobbelt-dreje-oe48-oe48\\\/\",\"url\":\"https:\\\/\\\/www.specialfabrikken.dk\\\/vare\\\/skruekobling-dobbelt-dreje-oe48-oe48\\\/\",\"name\":\"Skruekoblinger i Forskellige St\u00f8rrelser og Modeller | Dobbelt- og Enkeltkoblinger\",\"isPartOf\":{\"@id\":\"https:\\\/\\\/www.specialfabrikken.dk\\\/#website\"},\"primaryImageOfPage\":{\"@id\":\"https:\\\/\\\/www.specialfabrikken.dk\\\/vare\\\/skruekobling-dobbelt-dreje-oe48-oe48\\\/#primaryimage\"},\"image\":{\"@id\":\"https:\\\/\\\/www.specialfabrikken.dk\\\/vare\\\/skruekobling-dobbelt-dreje-oe48-oe48\\\/#primaryimage\"},\"thumbnailUrl\":\"https:\\\/\\\/www.specialfabrikken.dk\\\/wp-content\\\/uploads\\\/2020\\\/04\\\/koblinger-drejelig-e1698671273378.jpg\",\"datePublished\":\"2023-10-30T13:04:23+00:00\",\"dateModified\":\"2026-04-17T08:00:22+00:00\",\"description\":\"Find den perfekte skruekobling til dit projekt her! Vi tilbyder b\u00e5de dobbelt- og enkeltkoblinger i flere st\u00f8rrelser og modeller. Kvalitet og alsidighed i \u00e9t produkt.\",\"breadcrumb\":{\"@id\":\"https:\\\/\\\/www.specialfabrikken.dk\\\/vare\\\/skruekobling-dobbelt-dreje-oe48-oe48\\\/#breadcrumb\"},\"inLanguage\":\"en-US\",\"potentialAction\":[{\"@type\":\"ReadAction\",\"target\":[\"https:\\\/\\\/www.specialfabrikken.dk\\\/vare\\\/skruekobling-dobbelt-dreje-oe48-oe48\\\/\"]}]},{\"@type\":\"ImageObject\",\"inLanguage\":\"en-US\",\"@id\":\"https:\\\/\\\/www.specialfabrikken.dk\\\/vare\\\/skruekobling-dobbelt-dreje-oe48-oe48\\\/#primaryimage\",\"url\":\"https:\\\/\\\/www.specialfabrikken.dk\\\/wp-content\\\/uploads\\\/2020\\\/04\\\/koblinger-drejelig-e1698671273378.jpg\",\"contentUrl\":\"https:\\\/\\\/www.specialfabrikken.dk\\\/wp-content\\\/uploads\\\/2020\\\/04\\\/koblinger-drejelig-e1698671273378.jpg\",\"width\":192,\"height\":130,\"caption\":\"drejelig koblinger til stillads\"},{\"@type\":\"BreadcrumbList\",\"@id\":\"https:\\\/\\\/www.specialfabrikken.dk\\\/vare\\\/skruekobling-dobbelt-dreje-oe48-oe48\\\/#breadcrumb\",\"itemListElement\":[{\"@type\":\"ListItem\",\"position\":1,\"name\":\"Forside\",\"item\":\"https:\\\/\\\/www.specialfabrikken.dk\\\/\"},{\"@type\":\"ListItem\",\"position\":2,\"name\":\"Shop\",\"item\":\"https:\\\/\\\/www.specialfabrikken.dk\\\/shop\\\/\"},{\"@type\":\"ListItem\",\"position\":3,\"name\":\"Skruekobling &#8211; dobbelt dreje \u00d848\\\/\u00d848\"}]},{\"@type\":\"WebSite\",\"@id\":\"https:\\\/\\\/www.specialfabrikken.dk\\\/#website\",\"url\":\"https:\\\/\\\/www.specialfabrikken.dk\\\/\",\"name\":\"Specialfabrikken\",\"description\":\"Specialfabrikken\",\"potentialAction\":[{\"@type\":\"SearchAction\",\"target\":{\"@type\":\"EntryPoint\",\"urlTemplate\":\"https:\\\/\\\/www.specialfabrikken.dk\\\/?s={search_term_string}\"},\"query-input\":{\"@type\":\"PropertyValueSpecification\",\"valueRequired\":true,\"valueName\":\"search_term_string\"}}],\"inLanguage\":\"en-US\"}]}<\/script>\n<!-- \/ Yoast SEO plugin. -->","yoast_head_json":{"title":"Skruekoblinger i Forskellige St\u00f8rrelser og Modeller | Dobbelt- og Enkeltkoblinger","description":"Find den perfekte skruekobling til dit projekt her! Vi tilbyder b\u00e5de dobbelt- og enkeltkoblinger i flere st\u00f8rrelser og modeller. Kvalitet og alsidighed i \u00e9t produkt.","robots":{"index":"index","follow":"follow","max-snippet":"max-snippet:-1","max-image-preview":"max-image-preview:large","max-video-preview":"max-video-preview:-1"},"canonical":"https:\/\/www.specialfabrikken.dk\/en\/product-2\/skruekobling-dobbelt-dreje-oe48-oe48\/","og_locale":"en_US","og_type":"article","og_title":"Skruekoblinger i Forskellige St\u00f8rrelser og Modeller | Dobbelt- og Enkeltkoblinger","og_description":"Find den perfekte skruekobling til dit projekt her! Vi tilbyder b\u00e5de dobbelt- og enkeltkoblinger i flere st\u00f8rrelser og modeller. Kvalitet og alsidighed i \u00e9t produkt.","og_url":"https:\/\/www.specialfabrikken.dk\/en\/product-2\/skruekobling-dobbelt-dreje-oe48-oe48\/","og_site_name":"Specialfabrikken","article_modified_time":"2026-04-17T08:00:22+00:00","og_image":[{"width":192,"height":130,"url":"https:\/\/www.specialfabrikken.dk\/wp-content\/uploads\/2020\/04\/koblinger-drejelig-e1698671273378.jpg","type":"image\/jpeg"}],"twitter_card":"summary_large_image","schema":{"@context":"https:\/\/schema.org","@graph":[{"@type":"WebPage","@id":"https:\/\/www.specialfabrikken.dk\/vare\/skruekobling-dobbelt-dreje-oe48-oe48\/","url":"https:\/\/www.specialfabrikken.dk\/vare\/skruekobling-dobbelt-dreje-oe48-oe48\/","name":"Skruekoblinger i Forskellige St\u00f8rrelser og Modeller | Dobbelt- og Enkeltkoblinger","isPartOf":{"@id":"https:\/\/www.specialfabrikken.dk\/#website"},"primaryImageOfPage":{"@id":"https:\/\/www.specialfabrikken.dk\/vare\/skruekobling-dobbelt-dreje-oe48-oe48\/#primaryimage"},"image":{"@id":"https:\/\/www.specialfabrikken.dk\/vare\/skruekobling-dobbelt-dreje-oe48-oe48\/#primaryimage"},"thumbnailUrl":"https:\/\/www.specialfabrikken.dk\/wp-content\/uploads\/2020\/04\/koblinger-drejelig-e1698671273378.jpg","datePublished":"2023-10-30T13:04:23+00:00","dateModified":"2026-04-17T08:00:22+00:00","description":"Find den perfekte skruekobling til dit projekt her! Vi tilbyder b\u00e5de dobbelt- og enkeltkoblinger i flere st\u00f8rrelser og modeller. Kvalitet og alsidighed i \u00e9t produkt.","breadcrumb":{"@id":"https:\/\/www.specialfabrikken.dk\/vare\/skruekobling-dobbelt-dreje-oe48-oe48\/#breadcrumb"},"inLanguage":"en-US","potentialAction":[{"@type":"ReadAction","target":["https:\/\/www.specialfabrikken.dk\/vare\/skruekobling-dobbelt-dreje-oe48-oe48\/"]}]},{"@type":"ImageObject","inLanguage":"en-US","@id":"https:\/\/www.specialfabrikken.dk\/vare\/skruekobling-dobbelt-dreje-oe48-oe48\/#primaryimage","url":"https:\/\/www.specialfabrikken.dk\/wp-content\/uploads\/2020\/04\/koblinger-drejelig-e1698671273378.jpg","contentUrl":"https:\/\/www.specialfabrikken.dk\/wp-content\/uploads\/2020\/04\/koblinger-drejelig-e1698671273378.jpg","width":192,"height":130,"caption":"drejelig koblinger til stillads"},{"@type":"BreadcrumbList","@id":"https:\/\/www.specialfabrikken.dk\/vare\/skruekobling-dobbelt-dreje-oe48-oe48\/#breadcrumb","itemListElement":[{"@type":"ListItem","position":1,"name":"Forside","item":"https:\/\/www.specialfabrikken.dk\/"},{"@type":"ListItem","position":2,"name":"Shop","item":"https:\/\/www.specialfabrikken.dk\/shop\/"},{"@type":"ListItem","position":3,"name":"Skruekobling &#8211; dobbelt dreje \u00d848\/\u00d848"}]},{"@type":"WebSite","@id":"https:\/\/www.specialfabrikken.dk\/#website","url":"https:\/\/www.specialfabrikken.dk\/","name":"Specialfabrikken","description":"Specialfabrikken","potentialAction":[{"@type":"SearchAction","target":{"@type":"EntryPoint","urlTemplate":"https:\/\/www.specialfabrikken.dk\/?s={search_term_string}"},"query-input":{"@type":"PropertyValueSpecification","valueRequired":true,"valueName":"search_term_string"}}],"inLanguage":"en-US"}]}},"_links":{"self":[{"href":"https:\/\/www.specialfabrikken.dk\/en\/wp-json\/wp\/v2\/product\/71697","targetHints":{"allow":["GET"]}}],"collection":[{"href":"https:\/\/www.specialfabrikken.dk\/en\/wp-json\/wp\/v2\/product"}],"about":[{"href":"https:\/\/www.specialfabrikken.dk\/en\/wp-json\/wp\/v2\/types\/product"}],"replies":[{"embeddable":true,"href":"https:\/\/www.specialfabrikken.dk\/en\/wp-json\/wp\/v2\/comments?post=71697"}],"wp:featuredmedia":[{"embeddable":true,"href":"https:\/\/www.specialfabrikken.dk\/en\/wp-json\/wp\/v2\/media\/2070"}],"wp:attachment":[{"href":"https:\/\/www.specialfabrikken.dk\/en\/wp-json\/wp\/v2\/media?parent=71697"}],"wp:term":[{"taxonomy":"product_brand","embeddable":true,"href":"https:\/\/www.specialfabrikken.dk\/en\/wp-json\/wp\/v2\/product_brand?post=71697"},{"taxonomy":"product_cat","embeddable":true,"href":"https:\/\/www.specialfabrikken.dk\/en\/wp-json\/wp\/v2\/product_cat?post=71697"},{"taxonomy":"product_tag","embeddable":true,"href":"https:\/\/www.specialfabrikken.dk\/en\/wp-json\/wp\/v2\/product_tag?post=71697"}],"curies":[{"name":"wp","href":"https:\/\/api.w.org\/{rel}","templated":true}]}}