{"id":71712,"date":"2023-10-31T10:18:21","date_gmt":"2023-10-31T10:18:21","guid":{"rendered":"https:\/\/www.specialfabrikken.dk\/?post_type=product&#038;p=71712"},"modified":"2025-11-21T09:33:34","modified_gmt":"2025-11-21T09:33:34","slug":"alu-daek-uden-lem-06-x-305-m-med-alu-doerkplade","status":"publish","type":"product","link":"https:\/\/www.specialfabrikken.dk\/en\/vare\/alu-daek-uden-lem-06-x-305-m-med-alu-doerkplade\/","title":{"rendered":"Alu-d\u00e6k med alu-d\u00f8rkplade 0,60 x 3,05 m."},"content":{"rendered":"<p>Short description:<\/p>\n<ul>\n<li>Alu-d\u00e6k str. 0,6 x 3,05 m. uden opgangslem. Samme l\u00e6ngde som g\u00e6ngse fabrikater p\u00e5 markedet.<\/li>\n<li>Monteret med alu-d\u00f8rkplade.<\/li>\n<li>Klasse 3 200 kg pr. m2.<\/li>\n<li>Kraftige alu-vanger og kroge.<\/li>\n<li>Fremstillet i p\u00e5 egen Fabrik i Danmark med finsk birkefin\u00e9r i god kvalitet og skridsikker overflade.<\/li>\n<\/ul>","protected":false},"excerpt":{"rendered":"<h1>Vinderup Prof\u00ae Alu-d\u00e6k uden lem 0,6 x 3,05 m. &#8211; med alu-d\u00f8rkplade<\/h1>","protected":false},"featured_media":50339,"comment_status":"open","ping_status":"closed","template":"","meta":{"_acf_changed":false,"_et_pb_use_builder":"","_et_pb_old_content":"","_et_gb_content_width":""},"product_brand":[],"product_cat":[104,105,95,103,102,54,66,32,31],"product_tag":[118,117,123,173,112,48],"class_list":{"0":"post-71712","1":"product","2":"type-product","3":"status-publish","4":"has-post-thumbnail","6":"product_cat-1300-alu-rullestillads","7":"product_cat-1360-alu-rullestillads","8":"product_cat-690-rullestillads","9":"product_cat-760-alu-rullestillads","10":"product_cat-alu-daek","11":"product_cat-alu-rullestillads","12":"product_cat-bukkestillads","13":"product_cat-murerstillads","14":"product_cat-stillads","15":"product_tag-05-daek","16":"product_tag-117","17":"product_tag-alu-daek","18":"product_tag-alu-rullestillads","19":"product_tag-bukkestillads","20":"product_tag-murerstillads","21":"product_shipping_class-stor","23":"first","24":"onbackorder","25":"taxable","26":"shipping-taxable","27":"purchasable","28":"product-type-simple"},"acf":[],"yoast_head":"<!-- This site is optimized with the Yoast SEO plugin v27.4 - https:\/\/yoast.com\/product\/yoast-seo-wordpress\/ -->\n<title>Alu-d\u00e6k med alu-d\u00f8rkplade 0,60 x 3,05 m. - Specialfabrikken<\/title>\n<meta name=\"description\" content=\"Vinderup Prof\u00ae Alu-d\u00e6k uden lem 0,6 x 3,05 m. Vi laver Danmarks st\u00e6rkeste alu-d\u00e6k, her p\u00e5 fabrikken i Vinderup. Mange st\u00f8rrelser p\u00e5 lager.\" \/>\n<meta name=\"robots\" content=\"index, follow, max-snippet:-1, max-image-preview:large, max-video-preview:-1\" \/>\n<link rel=\"canonical\" href=\"https:\/\/www.specialfabrikken.dk\/en\/product-2\/alu-daek-uden-lem-06-x-305-m-med-alu-doerkplade\/\" \/>\n<meta property=\"og:locale\" content=\"en_US\" \/>\n<meta property=\"og:type\" content=\"article\" \/>\n<meta property=\"og:title\" content=\"Alu-d\u00e6k med alu-d\u00f8rkplade 0,60 x 3,05 m. - Specialfabrikken\" \/>\n<meta property=\"og:description\" content=\"Vinderup Prof\u00ae Alu-d\u00e6k uden lem 0,6 x 3,05 m. Vi laver Danmarks st\u00e6rkeste alu-d\u00e6k, her p\u00e5 fabrikken i Vinderup. Mange st\u00f8rrelser p\u00e5 lager.\" \/>\n<meta property=\"og:url\" content=\"https:\/\/www.specialfabrikken.dk\/en\/product-2\/alu-daek-uden-lem-06-x-305-m-med-alu-doerkplade\/\" \/>\n<meta property=\"og:site_name\" content=\"Specialfabrikken\" \/>\n<meta property=\"article:modified_time\" content=\"2025-11-21T09:33:34+00:00\" \/>\n<meta property=\"og:image\" content=\"https:\/\/www.specialfabrikken.dk\/wp-content\/uploads\/2020\/05\/d\u00e6k-m-d\u00f8rk.png\" \/>\n\t<meta property=\"og:image:width\" content=\"2880\" \/>\n\t<meta property=\"og:image:height\" content=\"910\" \/>\n\t<meta property=\"og:image:type\" content=\"image\/png\" \/>\n<meta name=\"twitter:card\" content=\"summary_large_image\" \/>\n<meta name=\"twitter:label1\" content=\"Est. reading time\" \/>\n\t<meta name=\"twitter:data1\" content=\"1 minute\" \/>\n<script type=\"application\/ld+json\" class=\"yoast-schema-graph\">{\"@context\":\"https:\\\/\\\/schema.org\",\"@graph\":[{\"@type\":\"WebPage\",\"@id\":\"https:\\\/\\\/www.specialfabrikken.dk\\\/vare\\\/alu-daek-uden-lem-06-x-305-m-med-alu-doerkplade\\\/\",\"url\":\"https:\\\/\\\/www.specialfabrikken.dk\\\/vare\\\/alu-daek-uden-lem-06-x-305-m-med-alu-doerkplade\\\/\",\"name\":\"Alu-d\u00e6k med alu-d\u00f8rkplade 0,60 x 3,05 m. - Specialfabrikken\",\"isPartOf\":{\"@id\":\"https:\\\/\\\/www.specialfabrikken.dk\\\/#website\"},\"primaryImageOfPage\":{\"@id\":\"https:\\\/\\\/www.specialfabrikken.dk\\\/vare\\\/alu-daek-uden-lem-06-x-305-m-med-alu-doerkplade\\\/#primaryimage\"},\"image\":{\"@id\":\"https:\\\/\\\/www.specialfabrikken.dk\\\/vare\\\/alu-daek-uden-lem-06-x-305-m-med-alu-doerkplade\\\/#primaryimage\"},\"thumbnailUrl\":\"https:\\\/\\\/www.specialfabrikken.dk\\\/wp-content\\\/uploads\\\/2020\\\/05\\\/d\u00e6k-m-d\u00f8rk.png\",\"datePublished\":\"2023-10-31T10:18:21+00:00\",\"dateModified\":\"2025-11-21T09:33:34+00:00\",\"description\":\"Vinderup Prof\u00ae Alu-d\u00e6k uden lem 0,6 x 3,05 m. Vi laver Danmarks st\u00e6rkeste alu-d\u00e6k, her p\u00e5 fabrikken i Vinderup. Mange st\u00f8rrelser p\u00e5 lager.\",\"breadcrumb\":{\"@id\":\"https:\\\/\\\/www.specialfabrikken.dk\\\/vare\\\/alu-daek-uden-lem-06-x-305-m-med-alu-doerkplade\\\/#breadcrumb\"},\"inLanguage\":\"en-US\",\"potentialAction\":[{\"@type\":\"ReadAction\",\"target\":[\"https:\\\/\\\/www.specialfabrikken.dk\\\/vare\\\/alu-daek-uden-lem-06-x-305-m-med-alu-doerkplade\\\/\"]}]},{\"@type\":\"ImageObject\",\"inLanguage\":\"en-US\",\"@id\":\"https:\\\/\\\/www.specialfabrikken.dk\\\/vare\\\/alu-daek-uden-lem-06-x-305-m-med-alu-doerkplade\\\/#primaryimage\",\"url\":\"https:\\\/\\\/www.specialfabrikken.dk\\\/wp-content\\\/uploads\\\/2020\\\/05\\\/d\u00e6k-m-d\u00f8rk.png\",\"contentUrl\":\"https:\\\/\\\/www.specialfabrikken.dk\\\/wp-content\\\/uploads\\\/2020\\\/05\\\/d\u00e6k-m-d\u00f8rk.png\",\"width\":2880,\"height\":910},{\"@type\":\"BreadcrumbList\",\"@id\":\"https:\\\/\\\/www.specialfabrikken.dk\\\/vare\\\/alu-daek-uden-lem-06-x-305-m-med-alu-doerkplade\\\/#breadcrumb\",\"itemListElement\":[{\"@type\":\"ListItem\",\"position\":1,\"name\":\"Forside\",\"item\":\"https:\\\/\\\/www.specialfabrikken.dk\\\/\"},{\"@type\":\"ListItem\",\"position\":2,\"name\":\"Shop\",\"item\":\"https:\\\/\\\/www.specialfabrikken.dk\\\/shop\\\/\"},{\"@type\":\"ListItem\",\"position\":3,\"name\":\"Alu-d\u00e6k med alu-d\u00f8rkplade 0,60 x 3,05 m.\"}]},{\"@type\":\"WebSite\",\"@id\":\"https:\\\/\\\/www.specialfabrikken.dk\\\/#website\",\"url\":\"https:\\\/\\\/www.specialfabrikken.dk\\\/\",\"name\":\"Specialfabrikken\",\"description\":\"Specialfabrikken\",\"potentialAction\":[{\"@type\":\"SearchAction\",\"target\":{\"@type\":\"EntryPoint\",\"urlTemplate\":\"https:\\\/\\\/www.specialfabrikken.dk\\\/?s={search_term_string}\"},\"query-input\":{\"@type\":\"PropertyValueSpecification\",\"valueRequired\":true,\"valueName\":\"search_term_string\"}}],\"inLanguage\":\"en-US\"}]}<\/script>\n<!-- \/ Yoast SEO plugin. -->","yoast_head_json":{"title":"Alu-d\u00e6k med alu-d\u00f8rkplade 0,60 x 3,05 m. - Specialfabrikken","description":"Vinderup Prof\u00ae Alu-d\u00e6k uden lem 0,6 x 3,05 m. Vi laver Danmarks st\u00e6rkeste alu-d\u00e6k, her p\u00e5 fabrikken i Vinderup. Mange st\u00f8rrelser p\u00e5 lager.","robots":{"index":"index","follow":"follow","max-snippet":"max-snippet:-1","max-image-preview":"max-image-preview:large","max-video-preview":"max-video-preview:-1"},"canonical":"https:\/\/www.specialfabrikken.dk\/en\/product-2\/alu-daek-uden-lem-06-x-305-m-med-alu-doerkplade\/","og_locale":"en_US","og_type":"article","og_title":"Alu-d\u00e6k med alu-d\u00f8rkplade 0,60 x 3,05 m. - Specialfabrikken","og_description":"Vinderup Prof\u00ae Alu-d\u00e6k uden lem 0,6 x 3,05 m. Vi laver Danmarks st\u00e6rkeste alu-d\u00e6k, her p\u00e5 fabrikken i Vinderup. Mange st\u00f8rrelser p\u00e5 lager.","og_url":"https:\/\/www.specialfabrikken.dk\/en\/product-2\/alu-daek-uden-lem-06-x-305-m-med-alu-doerkplade\/","og_site_name":"Specialfabrikken","article_modified_time":"2025-11-21T09:33:34+00:00","og_image":[{"width":2880,"height":910,"url":"https:\/\/www.specialfabrikken.dk\/wp-content\/uploads\/2020\/05\/d\u00e6k-m-d\u00f8rk.png","type":"image\/png"}],"twitter_card":"summary_large_image","twitter_misc":{"Est. reading time":"1 minute"},"schema":{"@context":"https:\/\/schema.org","@graph":[{"@type":"WebPage","@id":"https:\/\/www.specialfabrikken.dk\/vare\/alu-daek-uden-lem-06-x-305-m-med-alu-doerkplade\/","url":"https:\/\/www.specialfabrikken.dk\/vare\/alu-daek-uden-lem-06-x-305-m-med-alu-doerkplade\/","name":"Alu-d\u00e6k med alu-d\u00f8rkplade 0,60 x 3,05 m. - Specialfabrikken","isPartOf":{"@id":"https:\/\/www.specialfabrikken.dk\/#website"},"primaryImageOfPage":{"@id":"https:\/\/www.specialfabrikken.dk\/vare\/alu-daek-uden-lem-06-x-305-m-med-alu-doerkplade\/#primaryimage"},"image":{"@id":"https:\/\/www.specialfabrikken.dk\/vare\/alu-daek-uden-lem-06-x-305-m-med-alu-doerkplade\/#primaryimage"},"thumbnailUrl":"https:\/\/www.specialfabrikken.dk\/wp-content\/uploads\/2020\/05\/d\u00e6k-m-d\u00f8rk.png","datePublished":"2023-10-31T10:18:21+00:00","dateModified":"2025-11-21T09:33:34+00:00","description":"Vinderup Prof\u00ae Alu-d\u00e6k uden lem 0,6 x 3,05 m. Vi laver Danmarks st\u00e6rkeste alu-d\u00e6k, her p\u00e5 fabrikken i Vinderup. Mange st\u00f8rrelser p\u00e5 lager.","breadcrumb":{"@id":"https:\/\/www.specialfabrikken.dk\/vare\/alu-daek-uden-lem-06-x-305-m-med-alu-doerkplade\/#breadcrumb"},"inLanguage":"en-US","potentialAction":[{"@type":"ReadAction","target":["https:\/\/www.specialfabrikken.dk\/vare\/alu-daek-uden-lem-06-x-305-m-med-alu-doerkplade\/"]}]},{"@type":"ImageObject","inLanguage":"en-US","@id":"https:\/\/www.specialfabrikken.dk\/vare\/alu-daek-uden-lem-06-x-305-m-med-alu-doerkplade\/#primaryimage","url":"https:\/\/www.specialfabrikken.dk\/wp-content\/uploads\/2020\/05\/d\u00e6k-m-d\u00f8rk.png","contentUrl":"https:\/\/www.specialfabrikken.dk\/wp-content\/uploads\/2020\/05\/d\u00e6k-m-d\u00f8rk.png","width":2880,"height":910},{"@type":"BreadcrumbList","@id":"https:\/\/www.specialfabrikken.dk\/vare\/alu-daek-uden-lem-06-x-305-m-med-alu-doerkplade\/#breadcrumb","itemListElement":[{"@type":"ListItem","position":1,"name":"Forside","item":"https:\/\/www.specialfabrikken.dk\/"},{"@type":"ListItem","position":2,"name":"Shop","item":"https:\/\/www.specialfabrikken.dk\/shop\/"},{"@type":"ListItem","position":3,"name":"Alu-d\u00e6k med alu-d\u00f8rkplade 0,60 x 3,05 m."}]},{"@type":"WebSite","@id":"https:\/\/www.specialfabrikken.dk\/#website","url":"https:\/\/www.specialfabrikken.dk\/","name":"Specialfabrikken","description":"Specialfabrikken","potentialAction":[{"@type":"SearchAction","target":{"@type":"EntryPoint","urlTemplate":"https:\/\/www.specialfabrikken.dk\/?s={search_term_string}"},"query-input":{"@type":"PropertyValueSpecification","valueRequired":true,"valueName":"search_term_string"}}],"inLanguage":"en-US"}]}},"_links":{"self":[{"href":"https:\/\/www.specialfabrikken.dk\/en\/wp-json\/wp\/v2\/product\/71712","targetHints":{"allow":["GET"]}}],"collection":[{"href":"https:\/\/www.specialfabrikken.dk\/en\/wp-json\/wp\/v2\/product"}],"about":[{"href":"https:\/\/www.specialfabrikken.dk\/en\/wp-json\/wp\/v2\/types\/product"}],"replies":[{"embeddable":true,"href":"https:\/\/www.specialfabrikken.dk\/en\/wp-json\/wp\/v2\/comments?post=71712"}],"wp:featuredmedia":[{"embeddable":true,"href":"https:\/\/www.specialfabrikken.dk\/en\/wp-json\/wp\/v2\/media\/50339"}],"wp:attachment":[{"href":"https:\/\/www.specialfabrikken.dk\/en\/wp-json\/wp\/v2\/media?parent=71712"}],"wp:term":[{"taxonomy":"product_brand","embeddable":true,"href":"https:\/\/www.specialfabrikken.dk\/en\/wp-json\/wp\/v2\/product_brand?post=71712"},{"taxonomy":"product_cat","embeddable":true,"href":"https:\/\/www.specialfabrikken.dk\/en\/wp-json\/wp\/v2\/product_cat?post=71712"},{"taxonomy":"product_tag","embeddable":true,"href":"https:\/\/www.specialfabrikken.dk\/en\/wp-json\/wp\/v2\/product_tag?post=71712"}],"curies":[{"name":"wp","href":"https:\/\/api.w.org\/{rel}","templated":true}]}}