{"id":72337,"date":"2024-07-03T09:55:44","date_gmt":"2024-07-03T09:55:44","guid":{"rendered":"https:\/\/www.specialfabrikken.dk\/?post_type=product&#038;p=72337"},"modified":"2025-11-14T08:59:05","modified_gmt":"2025-11-14T08:59:05","slug":"raekvaerk-for-trappe-til-etagebyggeri","status":"publish","type":"product","link":"https:\/\/www.specialfabrikken.dk\/en\/vare\/raekvaerk-for-trappe-til-etagebyggeri\/","title":{"rendered":"R\u00e6kv\u00e6rk for Trappe til etagebyggeri"},"content":{"rendered":"<h1><strong>Trappe for byggeri i aluminium<\/strong><\/h1>\n<p>N\u00e5r det handler om trapper, er holdbarhed og sikkerhed afg\u00f8rende. Vores trappe i aluminium kombinerer begge dele i en elegant og funktionel pakke. Fremstillet af kraftig aluminium og udstyret med brede trappetrin, er denne trappe den perfekte l\u00f8sning til en bred vifte af indend\u00f8rs og udend\u00f8rs milj\u00f8er.<\/p>\n<p><strong>Funktioner:<\/strong><\/p>\n<ul>\n<li>Anvendes som <strong>direkte<\/strong> adgangsvej til eksempelvis etagebyggeri<\/li>\n<li>Fremstillet af holdbart aluminium for lang levetid<\/li>\n<li>Kraftig kvalitet, der kan klare kr\u00e6vende opgaver<\/li>\n<li>Brede trappetrin for \u00f8get komfort og sikkerhed<\/li>\n<li>Mulighed for at tilk\u00f8be h\u00e5ndlister som tilbeh\u00f8r<\/li>\n<\/ul>","protected":false},"excerpt":{"rendered":"<p>Short description:<\/p>\n<ul>\n<li>Aluminium.<\/li>\n<li>Kraftig kvalitet.<\/li>\n<li>Anvendes til b\u00e5de 60 og 80 cm. bredder.<\/li>\n<\/ul>","protected":false},"featured_media":50991,"comment_status":"open","ping_status":"closed","template":"","meta":{"_acf_changed":false,"_et_pb_use_builder":"","_et_pb_old_content":"","_et_gb_content_width":""},"product_brand":[],"product_cat":[32,31,146],"product_tag":[56,48,52,53],"class_list":{"0":"post-72337","1":"product","2":"type-product","3":"status-publish","4":"has-post-thumbnail","6":"product_cat-murerstillads","7":"product_cat-stillads","8":"product_cat-trapper","9":"product_tag-facadestillads","10":"product_tag-murerstillads","11":"product_tag-trappe-aluminium","12":"product_tag-trappetaarn","13":"product_shipping_class-stor","15":"first","16":"onbackorder","17":"taxable","18":"shipping-taxable","19":"purchasable","20":"product-type-simple"},"acf":[],"yoast_head":"<!-- This site is optimized with the Yoast SEO plugin v27.4 - https:\/\/yoast.com\/product\/yoast-seo-wordpress\/ -->\n<title>Trappe for byggeri i aluminium - direkte adgangsvej<\/title>\n<meta name=\"description\" content=\"Robust trappe, der kan anvendes som direkte afgangsvej til eksempelvis etagebyggeri. Monteres med smart oph\u00e6ngsbeslag og gevindf\u00f8dder.\" \/>\n<meta name=\"robots\" content=\"index, follow, max-snippet:-1, max-image-preview:large, max-video-preview:-1\" \/>\n<link rel=\"canonical\" href=\"https:\/\/www.specialfabrikken.dk\/en\/product-2\/raekvaerk-for-trappe-til-etagebyggeri\/\" \/>\n<meta property=\"og:locale\" content=\"en_US\" \/>\n<meta property=\"og:type\" content=\"article\" \/>\n<meta property=\"og:title\" content=\"Trappe for byggeri i aluminium - direkte adgangsvej\" \/>\n<meta property=\"og:description\" content=\"Robust trappe, der kan anvendes som direkte afgangsvej til eksempelvis etagebyggeri. Monteres med smart oph\u00e6ngsbeslag og gevindf\u00f8dder.\" \/>\n<meta property=\"og:url\" content=\"https:\/\/www.specialfabrikken.dk\/en\/product-2\/raekvaerk-for-trappe-til-etagebyggeri\/\" \/>\n<meta property=\"og:site_name\" content=\"Specialfabrikken\" \/>\n<meta property=\"article:modified_time\" content=\"2025-11-14T08:59:05+00:00\" \/>\n<meta property=\"og:image\" content=\"https:\/\/www.specialfabrikken.dk\/wp-content\/uploads\/2021\/08\/Trappe-for-byggeri-1-beskaaret.jpg\" \/>\n\t<meta property=\"og:image:width\" content=\"1125\" \/>\n\t<meta property=\"og:image:height\" content=\"1100\" \/>\n\t<meta property=\"og:image:type\" content=\"image\/jpeg\" \/>\n<meta name=\"twitter:card\" content=\"summary_large_image\" \/>\n<meta name=\"twitter:label1\" content=\"Est. reading time\" \/>\n\t<meta name=\"twitter:data1\" content=\"1 minute\" \/>\n<script type=\"application\/ld+json\" class=\"yoast-schema-graph\">{\"@context\":\"https:\\\/\\\/schema.org\",\"@graph\":[{\"@type\":\"WebPage\",\"@id\":\"https:\\\/\\\/www.specialfabrikken.dk\\\/vare\\\/raekvaerk-for-trappe-til-etagebyggeri\\\/\",\"url\":\"https:\\\/\\\/www.specialfabrikken.dk\\\/vare\\\/raekvaerk-for-trappe-til-etagebyggeri\\\/\",\"name\":\"Trappe for byggeri i aluminium - direkte adgangsvej\",\"isPartOf\":{\"@id\":\"https:\\\/\\\/www.specialfabrikken.dk\\\/#website\"},\"primaryImageOfPage\":{\"@id\":\"https:\\\/\\\/www.specialfabrikken.dk\\\/vare\\\/raekvaerk-for-trappe-til-etagebyggeri\\\/#primaryimage\"},\"image\":{\"@id\":\"https:\\\/\\\/www.specialfabrikken.dk\\\/vare\\\/raekvaerk-for-trappe-til-etagebyggeri\\\/#primaryimage\"},\"thumbnailUrl\":\"https:\\\/\\\/www.specialfabrikken.dk\\\/wp-content\\\/uploads\\\/2021\\\/08\\\/Trappe-for-byggeri-1-beskaaret.jpg\",\"datePublished\":\"2024-07-03T09:55:44+00:00\",\"dateModified\":\"2025-11-14T08:59:05+00:00\",\"description\":\"Robust trappe, der kan anvendes som direkte afgangsvej til eksempelvis etagebyggeri. Monteres med smart oph\u00e6ngsbeslag og gevindf\u00f8dder.\",\"breadcrumb\":{\"@id\":\"https:\\\/\\\/www.specialfabrikken.dk\\\/vare\\\/raekvaerk-for-trappe-til-etagebyggeri\\\/#breadcrumb\"},\"inLanguage\":\"en-US\",\"potentialAction\":[{\"@type\":\"ReadAction\",\"target\":[\"https:\\\/\\\/www.specialfabrikken.dk\\\/vare\\\/raekvaerk-for-trappe-til-etagebyggeri\\\/\"]}]},{\"@type\":\"ImageObject\",\"inLanguage\":\"en-US\",\"@id\":\"https:\\\/\\\/www.specialfabrikken.dk\\\/vare\\\/raekvaerk-for-trappe-til-etagebyggeri\\\/#primaryimage\",\"url\":\"https:\\\/\\\/www.specialfabrikken.dk\\\/wp-content\\\/uploads\\\/2021\\\/08\\\/Trappe-for-byggeri-1-beskaaret.jpg\",\"contentUrl\":\"https:\\\/\\\/www.specialfabrikken.dk\\\/wp-content\\\/uploads\\\/2021\\\/08\\\/Trappe-for-byggeri-1-beskaaret.jpg\",\"width\":1125,\"height\":1100,\"caption\":\"trapper til byggeri\"},{\"@type\":\"BreadcrumbList\",\"@id\":\"https:\\\/\\\/www.specialfabrikken.dk\\\/vare\\\/raekvaerk-for-trappe-til-etagebyggeri\\\/#breadcrumb\",\"itemListElement\":[{\"@type\":\"ListItem\",\"position\":1,\"name\":\"Forside\",\"item\":\"https:\\\/\\\/www.specialfabrikken.dk\\\/\"},{\"@type\":\"ListItem\",\"position\":2,\"name\":\"Shop\",\"item\":\"https:\\\/\\\/www.specialfabrikken.dk\\\/shop\\\/\"},{\"@type\":\"ListItem\",\"position\":3,\"name\":\"R\u00e6kv\u00e6rk for Trappe til etagebyggeri\"}]},{\"@type\":\"WebSite\",\"@id\":\"https:\\\/\\\/www.specialfabrikken.dk\\\/#website\",\"url\":\"https:\\\/\\\/www.specialfabrikken.dk\\\/\",\"name\":\"Specialfabrikken\",\"description\":\"Specialfabrikken\",\"potentialAction\":[{\"@type\":\"SearchAction\",\"target\":{\"@type\":\"EntryPoint\",\"urlTemplate\":\"https:\\\/\\\/www.specialfabrikken.dk\\\/?s={search_term_string}\"},\"query-input\":{\"@type\":\"PropertyValueSpecification\",\"valueRequired\":true,\"valueName\":\"search_term_string\"}}],\"inLanguage\":\"en-US\"}]}<\/script>\n<!-- \/ Yoast SEO plugin. -->","yoast_head_json":{"title":"Trappe for byggeri i aluminium - direkte adgangsvej","description":"Robust trappe, der kan anvendes som direkte afgangsvej til eksempelvis etagebyggeri. Monteres med smart oph\u00e6ngsbeslag og gevindf\u00f8dder.","robots":{"index":"index","follow":"follow","max-snippet":"max-snippet:-1","max-image-preview":"max-image-preview:large","max-video-preview":"max-video-preview:-1"},"canonical":"https:\/\/www.specialfabrikken.dk\/en\/product-2\/raekvaerk-for-trappe-til-etagebyggeri\/","og_locale":"en_US","og_type":"article","og_title":"Trappe for byggeri i aluminium - direkte adgangsvej","og_description":"Robust trappe, der kan anvendes som direkte afgangsvej til eksempelvis etagebyggeri. Monteres med smart oph\u00e6ngsbeslag og gevindf\u00f8dder.","og_url":"https:\/\/www.specialfabrikken.dk\/en\/product-2\/raekvaerk-for-trappe-til-etagebyggeri\/","og_site_name":"Specialfabrikken","article_modified_time":"2025-11-14T08:59:05+00:00","og_image":[{"width":1125,"height":1100,"url":"https:\/\/www.specialfabrikken.dk\/wp-content\/uploads\/2021\/08\/Trappe-for-byggeri-1-beskaaret.jpg","type":"image\/jpeg"}],"twitter_card":"summary_large_image","twitter_misc":{"Est. reading time":"1 minute"},"schema":{"@context":"https:\/\/schema.org","@graph":[{"@type":"WebPage","@id":"https:\/\/www.specialfabrikken.dk\/vare\/raekvaerk-for-trappe-til-etagebyggeri\/","url":"https:\/\/www.specialfabrikken.dk\/vare\/raekvaerk-for-trappe-til-etagebyggeri\/","name":"Trappe for byggeri i aluminium - direkte adgangsvej","isPartOf":{"@id":"https:\/\/www.specialfabrikken.dk\/#website"},"primaryImageOfPage":{"@id":"https:\/\/www.specialfabrikken.dk\/vare\/raekvaerk-for-trappe-til-etagebyggeri\/#primaryimage"},"image":{"@id":"https:\/\/www.specialfabrikken.dk\/vare\/raekvaerk-for-trappe-til-etagebyggeri\/#primaryimage"},"thumbnailUrl":"https:\/\/www.specialfabrikken.dk\/wp-content\/uploads\/2021\/08\/Trappe-for-byggeri-1-beskaaret.jpg","datePublished":"2024-07-03T09:55:44+00:00","dateModified":"2025-11-14T08:59:05+00:00","description":"Robust trappe, der kan anvendes som direkte afgangsvej til eksempelvis etagebyggeri. Monteres med smart oph\u00e6ngsbeslag og gevindf\u00f8dder.","breadcrumb":{"@id":"https:\/\/www.specialfabrikken.dk\/vare\/raekvaerk-for-trappe-til-etagebyggeri\/#breadcrumb"},"inLanguage":"en-US","potentialAction":[{"@type":"ReadAction","target":["https:\/\/www.specialfabrikken.dk\/vare\/raekvaerk-for-trappe-til-etagebyggeri\/"]}]},{"@type":"ImageObject","inLanguage":"en-US","@id":"https:\/\/www.specialfabrikken.dk\/vare\/raekvaerk-for-trappe-til-etagebyggeri\/#primaryimage","url":"https:\/\/www.specialfabrikken.dk\/wp-content\/uploads\/2021\/08\/Trappe-for-byggeri-1-beskaaret.jpg","contentUrl":"https:\/\/www.specialfabrikken.dk\/wp-content\/uploads\/2021\/08\/Trappe-for-byggeri-1-beskaaret.jpg","width":1125,"height":1100,"caption":"trapper til byggeri"},{"@type":"BreadcrumbList","@id":"https:\/\/www.specialfabrikken.dk\/vare\/raekvaerk-for-trappe-til-etagebyggeri\/#breadcrumb","itemListElement":[{"@type":"ListItem","position":1,"name":"Forside","item":"https:\/\/www.specialfabrikken.dk\/"},{"@type":"ListItem","position":2,"name":"Shop","item":"https:\/\/www.specialfabrikken.dk\/shop\/"},{"@type":"ListItem","position":3,"name":"R\u00e6kv\u00e6rk for Trappe til etagebyggeri"}]},{"@type":"WebSite","@id":"https:\/\/www.specialfabrikken.dk\/#website","url":"https:\/\/www.specialfabrikken.dk\/","name":"Specialfabrikken","description":"Specialfabrikken","potentialAction":[{"@type":"SearchAction","target":{"@type":"EntryPoint","urlTemplate":"https:\/\/www.specialfabrikken.dk\/?s={search_term_string}"},"query-input":{"@type":"PropertyValueSpecification","valueRequired":true,"valueName":"search_term_string"}}],"inLanguage":"en-US"}]}},"_links":{"self":[{"href":"https:\/\/www.specialfabrikken.dk\/en\/wp-json\/wp\/v2\/product\/72337","targetHints":{"allow":["GET"]}}],"collection":[{"href":"https:\/\/www.specialfabrikken.dk\/en\/wp-json\/wp\/v2\/product"}],"about":[{"href":"https:\/\/www.specialfabrikken.dk\/en\/wp-json\/wp\/v2\/types\/product"}],"replies":[{"embeddable":true,"href":"https:\/\/www.specialfabrikken.dk\/en\/wp-json\/wp\/v2\/comments?post=72337"}],"wp:featuredmedia":[{"embeddable":true,"href":"https:\/\/www.specialfabrikken.dk\/en\/wp-json\/wp\/v2\/media\/50991"}],"wp:attachment":[{"href":"https:\/\/www.specialfabrikken.dk\/en\/wp-json\/wp\/v2\/media?parent=72337"}],"wp:term":[{"taxonomy":"product_brand","embeddable":true,"href":"https:\/\/www.specialfabrikken.dk\/en\/wp-json\/wp\/v2\/product_brand?post=72337"},{"taxonomy":"product_cat","embeddable":true,"href":"https:\/\/www.specialfabrikken.dk\/en\/wp-json\/wp\/v2\/product_cat?post=72337"},{"taxonomy":"product_tag","embeddable":true,"href":"https:\/\/www.specialfabrikken.dk\/en\/wp-json\/wp\/v2\/product_tag?post=72337"}],"curies":[{"name":"wp","href":"https:\/\/api.w.org\/{rel}","templated":true}]}}