{"id":72545,"date":"2024-09-23T08:34:35","date_gmt":"2024-09-23T08:34:35","guid":{"rendered":"https:\/\/www.specialfabrikken.dk\/?post_type=product&#038;p=72545"},"modified":"2025-10-15T11:36:02","modified_gmt":"2025-10-15T11:36:02","slug":"langt-alu-daek-06-x-400-m","status":"publish","type":"product","link":"https:\/\/www.specialfabrikken.dk\/en\/vare\/langt-alu-daek-06-x-400-m\/","title":{"rendered":"Langt alu-d\u00e6k 0,6 x 4,00 m."},"content":{"rendered":"<p>Short description:<\/p>\n<ul>\n<li>Langt alu-d\u00e6k str. 0,6 x 4,00 m.<\/li>\n<li>Klasse 2 (150 kg pr. m2)<\/li>\n<li>Ekstra kraftige alu-vanger og 4 kroge.<\/li>\n<li>Fremstillet i p\u00e5 egen fabrik i Danmark med finsk birkefin\u00e9r i god kvalitet og skridsikker overflade.<\/li>\n<li>Monteret med gel\u00e6nderholdere p\u00e5 en eller begge sider.<\/li>\n<\/ul>","protected":false},"excerpt":{"rendered":"<h1>Vinderup Prof\u00ae Langt Alu-d\u00e6k 0,6 x 4,00 m. Klasse 2<\/h1>","protected":false},"featured_media":2583,"comment_status":"open","ping_status":"closed","template":"","meta":{"_acf_changed":false,"_et_pb_use_builder":"","_et_pb_old_content":"","_et_gb_content_width":""},"product_brand":[],"product_cat":[104,105,95,103,102,54,66,156,149,31],"product_tag":[123,173,112,157],"class_list":{"0":"post-72545","1":"product","2":"type-product","3":"status-publish","4":"has-post-thumbnail","6":"product_cat-1300-alu-rullestillads","7":"product_cat-1360-alu-rullestillads","8":"product_cat-690-rullestillads","9":"product_cat-760-alu-rullestillads","10":"product_cat-alu-daek","11":"product_cat-alu-rullestillads","12":"product_cat-bukkestillads","13":"product_cat-gangbro","14":"product_cat-lange-alu-daek","15":"product_cat-stillads","16":"product_tag-alu-daek","17":"product_tag-alu-rullestillads","18":"product_tag-bukkestillads","19":"product_tag-gangbro","20":"product_shipping_class-stor","22":"first","23":"onbackorder","24":"taxable","25":"shipping-taxable","26":"purchasable","27":"product-type-simple"},"acf":[],"yoast_head":"<!-- This site is optimized with the Yoast SEO plugin v27.4 - https:\/\/yoast.com\/product\/yoast-seo-wordpress\/ -->\n<title>Langt alu-d\u00e6k 0,6 x 4,00 m. - Specialfabrikken<\/title>\n<meta name=\"description\" content=\"Ekstra langt alu-d\u00e6k i st\u00f8rrelsen 0,6 x 4,00 m. Vi laver Danmarks st\u00e6rkeste alu-d\u00e6k, her p\u00e5 fabrikken i Vinderup. Mange st\u00f8rrelser p\u00e5 lager.\" \/>\n<meta name=\"robots\" content=\"index, follow, max-snippet:-1, max-image-preview:large, max-video-preview:-1\" \/>\n<link rel=\"canonical\" href=\"https:\/\/www.specialfabrikken.dk\/en\/product-2\/langt-alu-daek-06-x-400-m\/\" \/>\n<meta property=\"og:locale\" content=\"en_US\" \/>\n<meta property=\"og:type\" content=\"article\" \/>\n<meta property=\"og:title\" content=\"Langt alu-d\u00e6k 0,6 x 4,00 m. - Specialfabrikken\" \/>\n<meta property=\"og:description\" content=\"Ekstra langt alu-d\u00e6k i st\u00f8rrelsen 0,6 x 4,00 m. Vi laver Danmarks st\u00e6rkeste alu-d\u00e6k, her p\u00e5 fabrikken i Vinderup. Mange st\u00f8rrelser p\u00e5 lager.\" \/>\n<meta property=\"og:url\" content=\"https:\/\/www.specialfabrikken.dk\/en\/product-2\/langt-alu-daek-06-x-400-m\/\" \/>\n<meta property=\"og:site_name\" content=\"Specialfabrikken\" \/>\n<meta property=\"article:modified_time\" content=\"2025-10-15T11:36:02+00:00\" \/>\n<meta property=\"og:image\" content=\"https:\/\/www.specialfabrikken.dk\/wp-content\/uploads\/2020\/04\/lange-alud\u00e6k-scaled.jpg\" \/>\n\t<meta property=\"og:image:width\" content=\"2560\" \/>\n\t<meta property=\"og:image:height\" content=\"1159\" \/>\n\t<meta property=\"og:image:type\" content=\"image\/jpeg\" \/>\n<meta name=\"twitter:card\" content=\"summary_large_image\" \/>\n<meta name=\"twitter:label1\" content=\"Est. reading time\" \/>\n\t<meta name=\"twitter:data1\" content=\"1 minute\" \/>\n<script type=\"application\/ld+json\" class=\"yoast-schema-graph\">{\"@context\":\"https:\\\/\\\/schema.org\",\"@graph\":[{\"@type\":\"WebPage\",\"@id\":\"https:\\\/\\\/www.specialfabrikken.dk\\\/vare\\\/langt-alu-daek-06-x-400-m\\\/\",\"url\":\"https:\\\/\\\/www.specialfabrikken.dk\\\/vare\\\/langt-alu-daek-06-x-400-m\\\/\",\"name\":\"Langt alu-d\u00e6k 0,6 x 4,00 m. - Specialfabrikken\",\"isPartOf\":{\"@id\":\"https:\\\/\\\/www.specialfabrikken.dk\\\/#website\"},\"primaryImageOfPage\":{\"@id\":\"https:\\\/\\\/www.specialfabrikken.dk\\\/vare\\\/langt-alu-daek-06-x-400-m\\\/#primaryimage\"},\"image\":{\"@id\":\"https:\\\/\\\/www.specialfabrikken.dk\\\/vare\\\/langt-alu-daek-06-x-400-m\\\/#primaryimage\"},\"thumbnailUrl\":\"https:\\\/\\\/www.specialfabrikken.dk\\\/wp-content\\\/uploads\\\/2020\\\/04\\\/lange-alud\u00e6k-scaled.jpg\",\"datePublished\":\"2024-09-23T08:34:35+00:00\",\"dateModified\":\"2025-10-15T11:36:02+00:00\",\"description\":\"Ekstra langt alu-d\u00e6k i st\u00f8rrelsen 0,6 x 4,00 m. Vi laver Danmarks st\u00e6rkeste alu-d\u00e6k, her p\u00e5 fabrikken i Vinderup. Mange st\u00f8rrelser p\u00e5 lager.\",\"breadcrumb\":{\"@id\":\"https:\\\/\\\/www.specialfabrikken.dk\\\/vare\\\/langt-alu-daek-06-x-400-m\\\/#breadcrumb\"},\"inLanguage\":\"en-US\",\"potentialAction\":[{\"@type\":\"ReadAction\",\"target\":[\"https:\\\/\\\/www.specialfabrikken.dk\\\/vare\\\/langt-alu-daek-06-x-400-m\\\/\"]}]},{\"@type\":\"ImageObject\",\"inLanguage\":\"en-US\",\"@id\":\"https:\\\/\\\/www.specialfabrikken.dk\\\/vare\\\/langt-alu-daek-06-x-400-m\\\/#primaryimage\",\"url\":\"https:\\\/\\\/www.specialfabrikken.dk\\\/wp-content\\\/uploads\\\/2020\\\/04\\\/lange-alud\u00e6k-scaled.jpg\",\"contentUrl\":\"https:\\\/\\\/www.specialfabrikken.dk\\\/wp-content\\\/uploads\\\/2020\\\/04\\\/lange-alud\u00e6k-scaled.jpg\",\"width\":2560,\"height\":1159,\"caption\":\"SONY DSC\"},{\"@type\":\"BreadcrumbList\",\"@id\":\"https:\\\/\\\/www.specialfabrikken.dk\\\/vare\\\/langt-alu-daek-06-x-400-m\\\/#breadcrumb\",\"itemListElement\":[{\"@type\":\"ListItem\",\"position\":1,\"name\":\"Forside\",\"item\":\"https:\\\/\\\/www.specialfabrikken.dk\\\/\"},{\"@type\":\"ListItem\",\"position\":2,\"name\":\"Shop\",\"item\":\"https:\\\/\\\/www.specialfabrikken.dk\\\/shop\\\/\"},{\"@type\":\"ListItem\",\"position\":3,\"name\":\"Langt alu-d\u00e6k 0,6 x 4,00 m.\"}]},{\"@type\":\"WebSite\",\"@id\":\"https:\\\/\\\/www.specialfabrikken.dk\\\/#website\",\"url\":\"https:\\\/\\\/www.specialfabrikken.dk\\\/\",\"name\":\"Specialfabrikken\",\"description\":\"Specialfabrikken\",\"potentialAction\":[{\"@type\":\"SearchAction\",\"target\":{\"@type\":\"EntryPoint\",\"urlTemplate\":\"https:\\\/\\\/www.specialfabrikken.dk\\\/?s={search_term_string}\"},\"query-input\":{\"@type\":\"PropertyValueSpecification\",\"valueRequired\":true,\"valueName\":\"search_term_string\"}}],\"inLanguage\":\"en-US\"}]}<\/script>\n<!-- \/ Yoast SEO plugin. -->","yoast_head_json":{"title":"Langt alu-d\u00e6k 0,6 x 4,00 m. - Specialfabrikken","description":"Ekstra langt alu-d\u00e6k i st\u00f8rrelsen 0,6 x 4,00 m. Vi laver Danmarks st\u00e6rkeste alu-d\u00e6k, her p\u00e5 fabrikken i Vinderup. Mange st\u00f8rrelser p\u00e5 lager.","robots":{"index":"index","follow":"follow","max-snippet":"max-snippet:-1","max-image-preview":"max-image-preview:large","max-video-preview":"max-video-preview:-1"},"canonical":"https:\/\/www.specialfabrikken.dk\/en\/product-2\/langt-alu-daek-06-x-400-m\/","og_locale":"en_US","og_type":"article","og_title":"Langt alu-d\u00e6k 0,6 x 4,00 m. - Specialfabrikken","og_description":"Ekstra langt alu-d\u00e6k i st\u00f8rrelsen 0,6 x 4,00 m. Vi laver Danmarks st\u00e6rkeste alu-d\u00e6k, her p\u00e5 fabrikken i Vinderup. Mange st\u00f8rrelser p\u00e5 lager.","og_url":"https:\/\/www.specialfabrikken.dk\/en\/product-2\/langt-alu-daek-06-x-400-m\/","og_site_name":"Specialfabrikken","article_modified_time":"2025-10-15T11:36:02+00:00","og_image":[{"width":2560,"height":1159,"url":"https:\/\/www.specialfabrikken.dk\/wp-content\/uploads\/2020\/04\/lange-alud\u00e6k-scaled.jpg","type":"image\/jpeg"}],"twitter_card":"summary_large_image","twitter_misc":{"Est. reading time":"1 minute"},"schema":{"@context":"https:\/\/schema.org","@graph":[{"@type":"WebPage","@id":"https:\/\/www.specialfabrikken.dk\/vare\/langt-alu-daek-06-x-400-m\/","url":"https:\/\/www.specialfabrikken.dk\/vare\/langt-alu-daek-06-x-400-m\/","name":"Langt alu-d\u00e6k 0,6 x 4,00 m. - Specialfabrikken","isPartOf":{"@id":"https:\/\/www.specialfabrikken.dk\/#website"},"primaryImageOfPage":{"@id":"https:\/\/www.specialfabrikken.dk\/vare\/langt-alu-daek-06-x-400-m\/#primaryimage"},"image":{"@id":"https:\/\/www.specialfabrikken.dk\/vare\/langt-alu-daek-06-x-400-m\/#primaryimage"},"thumbnailUrl":"https:\/\/www.specialfabrikken.dk\/wp-content\/uploads\/2020\/04\/lange-alud\u00e6k-scaled.jpg","datePublished":"2024-09-23T08:34:35+00:00","dateModified":"2025-10-15T11:36:02+00:00","description":"Ekstra langt alu-d\u00e6k i st\u00f8rrelsen 0,6 x 4,00 m. Vi laver Danmarks st\u00e6rkeste alu-d\u00e6k, her p\u00e5 fabrikken i Vinderup. Mange st\u00f8rrelser p\u00e5 lager.","breadcrumb":{"@id":"https:\/\/www.specialfabrikken.dk\/vare\/langt-alu-daek-06-x-400-m\/#breadcrumb"},"inLanguage":"en-US","potentialAction":[{"@type":"ReadAction","target":["https:\/\/www.specialfabrikken.dk\/vare\/langt-alu-daek-06-x-400-m\/"]}]},{"@type":"ImageObject","inLanguage":"en-US","@id":"https:\/\/www.specialfabrikken.dk\/vare\/langt-alu-daek-06-x-400-m\/#primaryimage","url":"https:\/\/www.specialfabrikken.dk\/wp-content\/uploads\/2020\/04\/lange-alud\u00e6k-scaled.jpg","contentUrl":"https:\/\/www.specialfabrikken.dk\/wp-content\/uploads\/2020\/04\/lange-alud\u00e6k-scaled.jpg","width":2560,"height":1159,"caption":"SONY DSC"},{"@type":"BreadcrumbList","@id":"https:\/\/www.specialfabrikken.dk\/vare\/langt-alu-daek-06-x-400-m\/#breadcrumb","itemListElement":[{"@type":"ListItem","position":1,"name":"Forside","item":"https:\/\/www.specialfabrikken.dk\/"},{"@type":"ListItem","position":2,"name":"Shop","item":"https:\/\/www.specialfabrikken.dk\/shop\/"},{"@type":"ListItem","position":3,"name":"Langt alu-d\u00e6k 0,6 x 4,00 m."}]},{"@type":"WebSite","@id":"https:\/\/www.specialfabrikken.dk\/#website","url":"https:\/\/www.specialfabrikken.dk\/","name":"Specialfabrikken","description":"Specialfabrikken","potentialAction":[{"@type":"SearchAction","target":{"@type":"EntryPoint","urlTemplate":"https:\/\/www.specialfabrikken.dk\/?s={search_term_string}"},"query-input":{"@type":"PropertyValueSpecification","valueRequired":true,"valueName":"search_term_string"}}],"inLanguage":"en-US"}]}},"_links":{"self":[{"href":"https:\/\/www.specialfabrikken.dk\/en\/wp-json\/wp\/v2\/product\/72545","targetHints":{"allow":["GET"]}}],"collection":[{"href":"https:\/\/www.specialfabrikken.dk\/en\/wp-json\/wp\/v2\/product"}],"about":[{"href":"https:\/\/www.specialfabrikken.dk\/en\/wp-json\/wp\/v2\/types\/product"}],"replies":[{"embeddable":true,"href":"https:\/\/www.specialfabrikken.dk\/en\/wp-json\/wp\/v2\/comments?post=72545"}],"wp:featuredmedia":[{"embeddable":true,"href":"https:\/\/www.specialfabrikken.dk\/en\/wp-json\/wp\/v2\/media\/2583"}],"wp:attachment":[{"href":"https:\/\/www.specialfabrikken.dk\/en\/wp-json\/wp\/v2\/media?parent=72545"}],"wp:term":[{"taxonomy":"product_brand","embeddable":true,"href":"https:\/\/www.specialfabrikken.dk\/en\/wp-json\/wp\/v2\/product_brand?post=72545"},{"taxonomy":"product_cat","embeddable":true,"href":"https:\/\/www.specialfabrikken.dk\/en\/wp-json\/wp\/v2\/product_cat?post=72545"},{"taxonomy":"product_tag","embeddable":true,"href":"https:\/\/www.specialfabrikken.dk\/en\/wp-json\/wp\/v2\/product_tag?post=72545"}],"curies":[{"name":"wp","href":"https:\/\/api.w.org\/{rel}","templated":true}]}}