{"id":73086,"date":"2025-04-03T08:34:52","date_gmt":"2025-04-03T08:34:52","guid":{"rendered":"https:\/\/www.specialfabrikken.dk\/?post_type=product&#038;p=73086"},"modified":"2026-02-10T14:51:49","modified_gmt":"2026-02-10T13:51:49","slug":"topror-for-20-barsystem","status":"publish","type":"product","link":"https:\/\/www.specialfabrikken.dk\/en\/vare\/topror-for-20-barsystem\/","title":{"rendered":"Topr\u00f8r for 2,0 m. Barsystem"},"content":{"rendered":"<p>Topr\u00f8r med tappe til 2,0 meter barsystem i aluminium.<\/p>\n<p>Specialfabrikken Vinderup Barsystem er ideelt til fest og farver, kan bygges op fra 2 m. og til netop den l\u00e6ngde der passer til jeres opgave.<\/p>\n<p>Et modulopbygget barsystem til alt fra festivaler til privat fest. Barsystemet best\u00e5r af f\u00e5 enkelt dele, som hurtigt kan kombineres til et komplet barsystem, og hvor der er mulighed for montering af fad\u00f8lsanl\u00e6g, bannere m.m.<\/p>\n<p>Ved st\u00f8rre m\u00e6ngder har vi bareller til opbevaring, s\u00e5 det er nemt at flytte rundt p\u00e5.<\/p>","protected":false},"excerpt":{"rendered":"<h1>Topr\u00f8r med tappe til Specialfabrikken Vinderup Barsystem 2,0 m.<\/h1>","protected":false},"featured_media":73087,"comment_status":"open","ping_status":"closed","template":"","meta":{"_acf_changed":false,"_et_pb_use_builder":"","_et_pb_old_content":"","_et_gb_content_width":""},"product_brand":[],"product_cat":[158],"product_tag":[170],"class_list":{"0":"post-73086","1":"product","2":"type-product","3":"status-publish","4":"has-post-thumbnail","6":"product_cat-barsystem","7":"product_tag-barsystem","8":"product_shipping_class-stor","10":"first","11":"onbackorder","12":"taxable","13":"shipping-taxable","14":"purchasable","15":"product-type-simple"},"acf":[],"yoast_head":"<!-- This site is optimized with the Yoast SEO plugin v27.4 - https:\/\/yoast.com\/product\/yoast-seo-wordpress\/ -->\n<title>Topr\u00f8r for 2,0 m. Barsystem - Specialfabrikken<\/title>\n<meta name=\"description\" content=\"Gel\u00e6nderstolpe med u-b\u00f8jler til Vinderup barsystem. Specialfabrikken Vinderup barsystem er kvalitet til enhver fest.\" \/>\n<meta name=\"robots\" content=\"index, follow, max-snippet:-1, max-image-preview:large, max-video-preview:-1\" \/>\n<link rel=\"canonical\" href=\"https:\/\/www.specialfabrikken.dk\/en\/product-2\/topror-for-20-barsystem\/\" \/>\n<meta property=\"og:locale\" content=\"en_US\" \/>\n<meta property=\"og:type\" content=\"article\" \/>\n<meta property=\"og:title\" content=\"Topr\u00f8r for 2,0 m. Barsystem - Specialfabrikken\" \/>\n<meta property=\"og:description\" content=\"Gel\u00e6nderstolpe med u-b\u00f8jler til Vinderup barsystem. Specialfabrikken Vinderup barsystem er kvalitet til enhver fest.\" \/>\n<meta property=\"og:url\" content=\"https:\/\/www.specialfabrikken.dk\/en\/product-2\/topror-for-20-barsystem\/\" \/>\n<meta property=\"og:site_name\" content=\"Specialfabrikken\" \/>\n<meta property=\"article:modified_time\" content=\"2026-02-10T13:51:49+00:00\" \/>\n<meta property=\"og:image\" content=\"https:\/\/www.specialfabrikken.dk\/wp-content\/uploads\/2025\/04\/totror.jpg\" \/>\n\t<meta property=\"og:image:width\" content=\"428\" \/>\n\t<meta property=\"og:image:height\" content=\"88\" \/>\n\t<meta property=\"og:image:type\" content=\"image\/jpeg\" \/>\n<meta name=\"twitter:card\" content=\"summary_large_image\" \/>\n<meta name=\"twitter:label1\" content=\"Est. reading time\" \/>\n\t<meta name=\"twitter:data1\" content=\"1 minute\" \/>\n<script type=\"application\/ld+json\" class=\"yoast-schema-graph\">{\"@context\":\"https:\\\/\\\/schema.org\",\"@graph\":[{\"@type\":\"WebPage\",\"@id\":\"https:\\\/\\\/www.specialfabrikken.dk\\\/vare\\\/topror-for-20-barsystem\\\/\",\"url\":\"https:\\\/\\\/www.specialfabrikken.dk\\\/vare\\\/topror-for-20-barsystem\\\/\",\"name\":\"Topr\u00f8r for 2,0 m. Barsystem - Specialfabrikken\",\"isPartOf\":{\"@id\":\"https:\\\/\\\/www.specialfabrikken.dk\\\/#website\"},\"primaryImageOfPage\":{\"@id\":\"https:\\\/\\\/www.specialfabrikken.dk\\\/vare\\\/topror-for-20-barsystem\\\/#primaryimage\"},\"image\":{\"@id\":\"https:\\\/\\\/www.specialfabrikken.dk\\\/vare\\\/topror-for-20-barsystem\\\/#primaryimage\"},\"thumbnailUrl\":\"https:\\\/\\\/www.specialfabrikken.dk\\\/wp-content\\\/uploads\\\/2025\\\/04\\\/totror.jpg\",\"datePublished\":\"2025-04-03T08:34:52+00:00\",\"dateModified\":\"2026-02-10T13:51:49+00:00\",\"description\":\"Gel\u00e6nderstolpe med u-b\u00f8jler til Vinderup barsystem. Specialfabrikken Vinderup barsystem er kvalitet til enhver fest.\",\"breadcrumb\":{\"@id\":\"https:\\\/\\\/www.specialfabrikken.dk\\\/vare\\\/topror-for-20-barsystem\\\/#breadcrumb\"},\"inLanguage\":\"en-US\",\"potentialAction\":[{\"@type\":\"ReadAction\",\"target\":[\"https:\\\/\\\/www.specialfabrikken.dk\\\/vare\\\/topror-for-20-barsystem\\\/\"]}]},{\"@type\":\"ImageObject\",\"inLanguage\":\"en-US\",\"@id\":\"https:\\\/\\\/www.specialfabrikken.dk\\\/vare\\\/topror-for-20-barsystem\\\/#primaryimage\",\"url\":\"https:\\\/\\\/www.specialfabrikken.dk\\\/wp-content\\\/uploads\\\/2025\\\/04\\\/totror.jpg\",\"contentUrl\":\"https:\\\/\\\/www.specialfabrikken.dk\\\/wp-content\\\/uploads\\\/2025\\\/04\\\/totror.jpg\",\"width\":428,\"height\":88},{\"@type\":\"BreadcrumbList\",\"@id\":\"https:\\\/\\\/www.specialfabrikken.dk\\\/vare\\\/topror-for-20-barsystem\\\/#breadcrumb\",\"itemListElement\":[{\"@type\":\"ListItem\",\"position\":1,\"name\":\"Forside\",\"item\":\"https:\\\/\\\/www.specialfabrikken.dk\\\/\"},{\"@type\":\"ListItem\",\"position\":2,\"name\":\"Shop\",\"item\":\"https:\\\/\\\/www.specialfabrikken.dk\\\/shop\\\/\"},{\"@type\":\"ListItem\",\"position\":3,\"name\":\"Topr\u00f8r for 2,0 m. Barsystem\"}]},{\"@type\":\"WebSite\",\"@id\":\"https:\\\/\\\/www.specialfabrikken.dk\\\/#website\",\"url\":\"https:\\\/\\\/www.specialfabrikken.dk\\\/\",\"name\":\"Specialfabrikken\",\"description\":\"Specialfabrikken\",\"potentialAction\":[{\"@type\":\"SearchAction\",\"target\":{\"@type\":\"EntryPoint\",\"urlTemplate\":\"https:\\\/\\\/www.specialfabrikken.dk\\\/?s={search_term_string}\"},\"query-input\":{\"@type\":\"PropertyValueSpecification\",\"valueRequired\":true,\"valueName\":\"search_term_string\"}}],\"inLanguage\":\"en-US\"}]}<\/script>\n<!-- \/ Yoast SEO plugin. -->","yoast_head_json":{"title":"Topr\u00f8r for 2,0 m. Barsystem - Specialfabrikken","description":"Gel\u00e6nderstolpe med u-b\u00f8jler til Vinderup barsystem. Specialfabrikken Vinderup barsystem er kvalitet til enhver fest.","robots":{"index":"index","follow":"follow","max-snippet":"max-snippet:-1","max-image-preview":"max-image-preview:large","max-video-preview":"max-video-preview:-1"},"canonical":"https:\/\/www.specialfabrikken.dk\/en\/product-2\/topror-for-20-barsystem\/","og_locale":"en_US","og_type":"article","og_title":"Topr\u00f8r for 2,0 m. Barsystem - Specialfabrikken","og_description":"Gel\u00e6nderstolpe med u-b\u00f8jler til Vinderup barsystem. Specialfabrikken Vinderup barsystem er kvalitet til enhver fest.","og_url":"https:\/\/www.specialfabrikken.dk\/en\/product-2\/topror-for-20-barsystem\/","og_site_name":"Specialfabrikken","article_modified_time":"2026-02-10T13:51:49+00:00","og_image":[{"width":428,"height":88,"url":"https:\/\/www.specialfabrikken.dk\/wp-content\/uploads\/2025\/04\/totror.jpg","type":"image\/jpeg"}],"twitter_card":"summary_large_image","twitter_misc":{"Est. reading time":"1 minute"},"schema":{"@context":"https:\/\/schema.org","@graph":[{"@type":"WebPage","@id":"https:\/\/www.specialfabrikken.dk\/vare\/topror-for-20-barsystem\/","url":"https:\/\/www.specialfabrikken.dk\/vare\/topror-for-20-barsystem\/","name":"Topr\u00f8r for 2,0 m. Barsystem - Specialfabrikken","isPartOf":{"@id":"https:\/\/www.specialfabrikken.dk\/#website"},"primaryImageOfPage":{"@id":"https:\/\/www.specialfabrikken.dk\/vare\/topror-for-20-barsystem\/#primaryimage"},"image":{"@id":"https:\/\/www.specialfabrikken.dk\/vare\/topror-for-20-barsystem\/#primaryimage"},"thumbnailUrl":"https:\/\/www.specialfabrikken.dk\/wp-content\/uploads\/2025\/04\/totror.jpg","datePublished":"2025-04-03T08:34:52+00:00","dateModified":"2026-02-10T13:51:49+00:00","description":"Gel\u00e6nderstolpe med u-b\u00f8jler til Vinderup barsystem. Specialfabrikken Vinderup barsystem er kvalitet til enhver fest.","breadcrumb":{"@id":"https:\/\/www.specialfabrikken.dk\/vare\/topror-for-20-barsystem\/#breadcrumb"},"inLanguage":"en-US","potentialAction":[{"@type":"ReadAction","target":["https:\/\/www.specialfabrikken.dk\/vare\/topror-for-20-barsystem\/"]}]},{"@type":"ImageObject","inLanguage":"en-US","@id":"https:\/\/www.specialfabrikken.dk\/vare\/topror-for-20-barsystem\/#primaryimage","url":"https:\/\/www.specialfabrikken.dk\/wp-content\/uploads\/2025\/04\/totror.jpg","contentUrl":"https:\/\/www.specialfabrikken.dk\/wp-content\/uploads\/2025\/04\/totror.jpg","width":428,"height":88},{"@type":"BreadcrumbList","@id":"https:\/\/www.specialfabrikken.dk\/vare\/topror-for-20-barsystem\/#breadcrumb","itemListElement":[{"@type":"ListItem","position":1,"name":"Forside","item":"https:\/\/www.specialfabrikken.dk\/"},{"@type":"ListItem","position":2,"name":"Shop","item":"https:\/\/www.specialfabrikken.dk\/shop\/"},{"@type":"ListItem","position":3,"name":"Topr\u00f8r for 2,0 m. Barsystem"}]},{"@type":"WebSite","@id":"https:\/\/www.specialfabrikken.dk\/#website","url":"https:\/\/www.specialfabrikken.dk\/","name":"Specialfabrikken","description":"Specialfabrikken","potentialAction":[{"@type":"SearchAction","target":{"@type":"EntryPoint","urlTemplate":"https:\/\/www.specialfabrikken.dk\/?s={search_term_string}"},"query-input":{"@type":"PropertyValueSpecification","valueRequired":true,"valueName":"search_term_string"}}],"inLanguage":"en-US"}]}},"_links":{"self":[{"href":"https:\/\/www.specialfabrikken.dk\/en\/wp-json\/wp\/v2\/product\/73086","targetHints":{"allow":["GET"]}}],"collection":[{"href":"https:\/\/www.specialfabrikken.dk\/en\/wp-json\/wp\/v2\/product"}],"about":[{"href":"https:\/\/www.specialfabrikken.dk\/en\/wp-json\/wp\/v2\/types\/product"}],"replies":[{"embeddable":true,"href":"https:\/\/www.specialfabrikken.dk\/en\/wp-json\/wp\/v2\/comments?post=73086"}],"wp:featuredmedia":[{"embeddable":true,"href":"https:\/\/www.specialfabrikken.dk\/en\/wp-json\/wp\/v2\/media\/73087"}],"wp:attachment":[{"href":"https:\/\/www.specialfabrikken.dk\/en\/wp-json\/wp\/v2\/media?parent=73086"}],"wp:term":[{"taxonomy":"product_brand","embeddable":true,"href":"https:\/\/www.specialfabrikken.dk\/en\/wp-json\/wp\/v2\/product_brand?post=73086"},{"taxonomy":"product_cat","embeddable":true,"href":"https:\/\/www.specialfabrikken.dk\/en\/wp-json\/wp\/v2\/product_cat?post=73086"},{"taxonomy":"product_tag","embeddable":true,"href":"https:\/\/www.specialfabrikken.dk\/en\/wp-json\/wp\/v2\/product_tag?post=73086"}],"curies":[{"name":"wp","href":"https:\/\/api.w.org\/{rel}","templated":true}]}}