{"id":73585,"date":"2025-09-16T08:09:33","date_gmt":"2025-09-16T08:09:33","guid":{"rendered":"https:\/\/www.specialfabrikken.dk\/?post_type=product&#038;p=73585"},"modified":"2025-09-29T13:18:38","modified_gmt":"2025-09-29T13:18:38","slug":"blandemoelle-te65","status":"publish","type":"product","link":"https:\/\/www.specialfabrikken.dk\/en\/vare\/blandemoelle-te65\/","title":{"rendered":"Blandem\u00f8lle TE65"},"content":{"rendered":"<p>Komplet Blandem\u00f8lle til Specialfabrikken Vinderups mindste tvangsblander <a href=\"https:\/\/www.specialfabrikken.dk\/en\/product-2\/cement-mixer-te65\/\">TE65<\/a>.<\/p>\n<p>Blandem\u00f8llen er let at skifte &#8211; m\u00f8llen s\u00e6ttes ned over hovedakslen og sp\u00e6ndes fast.<\/p>","protected":false},"excerpt":{"rendered":"<p class=\"p1\"><b>Komplet blandem\u00f8lle til TE65 \u2013 klar til brug!<br \/>\n<\/b><b><\/b>Udskiftningsm\u00f8lle til vores lille TE65 tvangsblander. Nem montering direkte p\u00e5 hovedakslen.<\/p>","protected":false},"featured_media":73592,"comment_status":"open","ping_status":"closed","template":"","meta":{"_acf_changed":false,"_et_pb_use_builder":"","_et_pb_old_content":"","_et_gb_content_width":""},"product_brand":[],"product_cat":[37,141],"product_tag":[152,187,143],"class_list":{"0":"post-73585","1":"product","2":"type-product","3":"status-publish","4":"has-post-thumbnail","6":"product_cat-maskiner","7":"product_cat-reservedel-tilbehoer","8":"product_tag-blandemoelle","9":"product_tag-te65","10":"product_tag-tvangsblander","11":"product_shipping_class-stor","13":"first","14":"onbackorder","15":"taxable","16":"shipping-taxable","17":"purchasable","18":"product-type-simple"},"acf":[],"yoast_head":"<!-- This site is optimized with the Yoast SEO plugin v27.5 - https:\/\/yoast.com\/product\/yoast-seo-wordpress\/ -->\n<title>Blandem\u00f8lle TE65 - Specialfabrikken<\/title>\n<meta name=\"description\" content=\"Komplet Blandem\u00f8lle til Specialfabrikken Vinderups mindste tvangsblander TE65. Hurtig udskiftning og du kan komme videre.\" \/>\n<meta name=\"robots\" content=\"index, follow, max-snippet:-1, max-image-preview:large, max-video-preview:-1\" \/>\n<link rel=\"canonical\" href=\"https:\/\/www.specialfabrikken.dk\/en\/product-2\/blandemoelle-te65\/\" \/>\n<meta property=\"og:locale\" content=\"en_US\" \/>\n<meta property=\"og:type\" content=\"article\" \/>\n<meta property=\"og:title\" content=\"Blandem\u00f8lle TE65 - Specialfabrikken\" \/>\n<meta property=\"og:description\" content=\"Komplet Blandem\u00f8lle til Specialfabrikken Vinderups mindste tvangsblander TE65. Hurtig udskiftning og du kan komme videre.\" \/>\n<meta property=\"og:url\" content=\"https:\/\/www.specialfabrikken.dk\/en\/product-2\/blandemoelle-te65\/\" \/>\n<meta property=\"og:site_name\" content=\"Specialfabrikken\" \/>\n<meta property=\"article:modified_time\" content=\"2025-09-29T13:18:38+00:00\" \/>\n<meta property=\"og:image\" content=\"https:\/\/www.specialfabrikken.dk\/wp-content\/uploads\/2025\/09\/TE65-scaled.jpg\" \/>\n\t<meta property=\"og:image:width\" content=\"2160\" \/>\n\t<meta property=\"og:image:height\" content=\"2880\" \/>\n\t<meta property=\"og:image:type\" content=\"image\/jpeg\" \/>\n<meta name=\"twitter:card\" content=\"summary_large_image\" \/>\n<meta name=\"twitter:label1\" content=\"Est. reading time\" \/>\n\t<meta name=\"twitter:data1\" content=\"1 minute\" \/>\n<script type=\"application\/ld+json\" class=\"yoast-schema-graph\">{\"@context\":\"https:\\\/\\\/schema.org\",\"@graph\":[{\"@type\":\"WebPage\",\"@id\":\"https:\\\/\\\/www.specialfabrikken.dk\\\/vare\\\/blandemoelle-te65\\\/\",\"url\":\"https:\\\/\\\/www.specialfabrikken.dk\\\/vare\\\/blandemoelle-te65\\\/\",\"name\":\"Blandem\u00f8lle TE65 - Specialfabrikken\",\"isPartOf\":{\"@id\":\"https:\\\/\\\/www.specialfabrikken.dk\\\/#website\"},\"primaryImageOfPage\":{\"@id\":\"https:\\\/\\\/www.specialfabrikken.dk\\\/vare\\\/blandemoelle-te65\\\/#primaryimage\"},\"image\":{\"@id\":\"https:\\\/\\\/www.specialfabrikken.dk\\\/vare\\\/blandemoelle-te65\\\/#primaryimage\"},\"thumbnailUrl\":\"https:\\\/\\\/www.specialfabrikken.dk\\\/wp-content\\\/uploads\\\/2025\\\/09\\\/TE65-scaled.jpg\",\"datePublished\":\"2025-09-16T08:09:33+00:00\",\"dateModified\":\"2025-09-29T13:18:38+00:00\",\"description\":\"Komplet Blandem\u00f8lle til Specialfabrikken Vinderups mindste tvangsblander TE65. Hurtig udskiftning og du kan komme videre.\",\"breadcrumb\":{\"@id\":\"https:\\\/\\\/www.specialfabrikken.dk\\\/vare\\\/blandemoelle-te65\\\/#breadcrumb\"},\"inLanguage\":\"en-US\",\"potentialAction\":[{\"@type\":\"ReadAction\",\"target\":[\"https:\\\/\\\/www.specialfabrikken.dk\\\/vare\\\/blandemoelle-te65\\\/\"]}]},{\"@type\":\"ImageObject\",\"inLanguage\":\"en-US\",\"@id\":\"https:\\\/\\\/www.specialfabrikken.dk\\\/vare\\\/blandemoelle-te65\\\/#primaryimage\",\"url\":\"https:\\\/\\\/www.specialfabrikken.dk\\\/wp-content\\\/uploads\\\/2025\\\/09\\\/TE65-scaled.jpg\",\"contentUrl\":\"https:\\\/\\\/www.specialfabrikken.dk\\\/wp-content\\\/uploads\\\/2025\\\/09\\\/TE65-scaled.jpg\",\"width\":2160,\"height\":2880},{\"@type\":\"BreadcrumbList\",\"@id\":\"https:\\\/\\\/www.specialfabrikken.dk\\\/vare\\\/blandemoelle-te65\\\/#breadcrumb\",\"itemListElement\":[{\"@type\":\"ListItem\",\"position\":1,\"name\":\"Forside\",\"item\":\"https:\\\/\\\/www.specialfabrikken.dk\\\/\"},{\"@type\":\"ListItem\",\"position\":2,\"name\":\"Shop\",\"item\":\"https:\\\/\\\/www.specialfabrikken.dk\\\/shop\\\/\"},{\"@type\":\"ListItem\",\"position\":3,\"name\":\"Blandem\u00f8lle TE65\"}]},{\"@type\":\"WebSite\",\"@id\":\"https:\\\/\\\/www.specialfabrikken.dk\\\/#website\",\"url\":\"https:\\\/\\\/www.specialfabrikken.dk\\\/\",\"name\":\"Specialfabrikken\",\"description\":\"Specialfabrikken\",\"potentialAction\":[{\"@type\":\"SearchAction\",\"target\":{\"@type\":\"EntryPoint\",\"urlTemplate\":\"https:\\\/\\\/www.specialfabrikken.dk\\\/?s={search_term_string}\"},\"query-input\":{\"@type\":\"PropertyValueSpecification\",\"valueRequired\":true,\"valueName\":\"search_term_string\"}}],\"inLanguage\":\"en-US\"}]}<\/script>\n<!-- \/ Yoast SEO plugin. -->","yoast_head_json":{"title":"Blandem\u00f8lle TE65 - Specialfabrikken","description":"Komplet Blandem\u00f8lle til Specialfabrikken Vinderups mindste tvangsblander TE65. Hurtig udskiftning og du kan komme videre.","robots":{"index":"index","follow":"follow","max-snippet":"max-snippet:-1","max-image-preview":"max-image-preview:large","max-video-preview":"max-video-preview:-1"},"canonical":"https:\/\/www.specialfabrikken.dk\/en\/product-2\/blandemoelle-te65\/","og_locale":"en_US","og_type":"article","og_title":"Blandem\u00f8lle TE65 - Specialfabrikken","og_description":"Komplet Blandem\u00f8lle til Specialfabrikken Vinderups mindste tvangsblander TE65. Hurtig udskiftning og du kan komme videre.","og_url":"https:\/\/www.specialfabrikken.dk\/en\/product-2\/blandemoelle-te65\/","og_site_name":"Specialfabrikken","article_modified_time":"2025-09-29T13:18:38+00:00","og_image":[{"width":2160,"height":2880,"url":"https:\/\/www.specialfabrikken.dk\/wp-content\/uploads\/2025\/09\/TE65-scaled.jpg","type":"image\/jpeg"}],"twitter_card":"summary_large_image","twitter_misc":{"Est. reading time":"1 minute"},"schema":{"@context":"https:\/\/schema.org","@graph":[{"@type":"WebPage","@id":"https:\/\/www.specialfabrikken.dk\/vare\/blandemoelle-te65\/","url":"https:\/\/www.specialfabrikken.dk\/vare\/blandemoelle-te65\/","name":"Blandem\u00f8lle TE65 - Specialfabrikken","isPartOf":{"@id":"https:\/\/www.specialfabrikken.dk\/#website"},"primaryImageOfPage":{"@id":"https:\/\/www.specialfabrikken.dk\/vare\/blandemoelle-te65\/#primaryimage"},"image":{"@id":"https:\/\/www.specialfabrikken.dk\/vare\/blandemoelle-te65\/#primaryimage"},"thumbnailUrl":"https:\/\/www.specialfabrikken.dk\/wp-content\/uploads\/2025\/09\/TE65-scaled.jpg","datePublished":"2025-09-16T08:09:33+00:00","dateModified":"2025-09-29T13:18:38+00:00","description":"Komplet Blandem\u00f8lle til Specialfabrikken Vinderups mindste tvangsblander TE65. Hurtig udskiftning og du kan komme videre.","breadcrumb":{"@id":"https:\/\/www.specialfabrikken.dk\/vare\/blandemoelle-te65\/#breadcrumb"},"inLanguage":"en-US","potentialAction":[{"@type":"ReadAction","target":["https:\/\/www.specialfabrikken.dk\/vare\/blandemoelle-te65\/"]}]},{"@type":"ImageObject","inLanguage":"en-US","@id":"https:\/\/www.specialfabrikken.dk\/vare\/blandemoelle-te65\/#primaryimage","url":"https:\/\/www.specialfabrikken.dk\/wp-content\/uploads\/2025\/09\/TE65-scaled.jpg","contentUrl":"https:\/\/www.specialfabrikken.dk\/wp-content\/uploads\/2025\/09\/TE65-scaled.jpg","width":2160,"height":2880},{"@type":"BreadcrumbList","@id":"https:\/\/www.specialfabrikken.dk\/vare\/blandemoelle-te65\/#breadcrumb","itemListElement":[{"@type":"ListItem","position":1,"name":"Forside","item":"https:\/\/www.specialfabrikken.dk\/"},{"@type":"ListItem","position":2,"name":"Shop","item":"https:\/\/www.specialfabrikken.dk\/shop\/"},{"@type":"ListItem","position":3,"name":"Blandem\u00f8lle TE65"}]},{"@type":"WebSite","@id":"https:\/\/www.specialfabrikken.dk\/#website","url":"https:\/\/www.specialfabrikken.dk\/","name":"Specialfabrikken","description":"Specialfabrikken","potentialAction":[{"@type":"SearchAction","target":{"@type":"EntryPoint","urlTemplate":"https:\/\/www.specialfabrikken.dk\/?s={search_term_string}"},"query-input":{"@type":"PropertyValueSpecification","valueRequired":true,"valueName":"search_term_string"}}],"inLanguage":"en-US"}]}},"_links":{"self":[{"href":"https:\/\/www.specialfabrikken.dk\/en\/wp-json\/wp\/v2\/product\/73585","targetHints":{"allow":["GET"]}}],"collection":[{"href":"https:\/\/www.specialfabrikken.dk\/en\/wp-json\/wp\/v2\/product"}],"about":[{"href":"https:\/\/www.specialfabrikken.dk\/en\/wp-json\/wp\/v2\/types\/product"}],"replies":[{"embeddable":true,"href":"https:\/\/www.specialfabrikken.dk\/en\/wp-json\/wp\/v2\/comments?post=73585"}],"wp:featuredmedia":[{"embeddable":true,"href":"https:\/\/www.specialfabrikken.dk\/en\/wp-json\/wp\/v2\/media\/73592"}],"wp:attachment":[{"href":"https:\/\/www.specialfabrikken.dk\/en\/wp-json\/wp\/v2\/media?parent=73585"}],"wp:term":[{"taxonomy":"product_brand","embeddable":true,"href":"https:\/\/www.specialfabrikken.dk\/en\/wp-json\/wp\/v2\/product_brand?post=73585"},{"taxonomy":"product_cat","embeddable":true,"href":"https:\/\/www.specialfabrikken.dk\/en\/wp-json\/wp\/v2\/product_cat?post=73585"},{"taxonomy":"product_tag","embeddable":true,"href":"https:\/\/www.specialfabrikken.dk\/en\/wp-json\/wp\/v2\/product_tag?post=73585"}],"curies":[{"name":"wp","href":"https:\/\/api.w.org\/{rel}","templated":true}]}}