{"id":73600,"date":"2025-09-16T10:02:12","date_gmt":"2025-09-16T10:02:12","guid":{"rendered":"https:\/\/www.specialfabrikken.dk\/?post_type=product&#038;p=73600"},"modified":"2025-09-29T13:18:37","modified_gmt":"2025-09-29T13:18:37","slug":"sideskraber-for-te100-og-te115","status":"publish","type":"product","link":"https:\/\/www.specialfabrikken.dk\/en\/vare\/sideskraber-for-te100-og-te115\/","title":{"rendered":"Sideskraber for TE100 og TE115"},"content":{"rendered":"","protected":false},"excerpt":{"rendered":"<p>Short description:<\/p>\n<ul>\n<li>Sideskraber til <a href=\"https:\/\/www.specialfabrikken.dk\/en\/product-2\/cement-mixer-te100\/\">TE100<\/a> og <a href=\"https:\/\/www.specialfabrikken.dk\/en\/product-2\/cement-mixer-te115\/\">TE115.<\/a><\/li>\n<li>Fastg\u00f8res p\u00e5 blanderens arme med u-b\u00f8jler &#8211; k\u00f8bes separat.<\/li>\n<li>Holder siden af blanderen ren.<\/li>\n<\/ul>","protected":false},"featured_media":73603,"comment_status":"open","ping_status":"closed","template":"","meta":{"_acf_changed":false,"_et_pb_use_builder":"","_et_pb_old_content":"","_et_gb_content_width":""},"product_brand":[],"product_cat":[37,141],"product_tag":[],"class_list":{"0":"post-73600","1":"product","2":"type-product","3":"status-publish","4":"has-post-thumbnail","6":"product_cat-maskiner","7":"product_cat-reservedel-tilbehoer","8":"product_shipping_class-smaa","10":"first","11":"onbackorder","12":"taxable","13":"shipping-taxable","14":"purchasable","15":"product-type-simple"},"acf":[],"yoast_head":"<!-- This site is optimized with the Yoast SEO plugin v27.4 - https:\/\/yoast.com\/product\/yoast-seo-wordpress\/ -->\n<title>Sideskraber for TE100 og TE115<\/title>\n<meta name=\"description\" content=\"Sideskraber for TE100 og TE115. Holder siden af karret rent. Fastg\u00f8res p\u00e5 blandem\u00f8llen med u-b\u00f8jler (s\u00e6lges separat).\" \/>\n<meta name=\"robots\" content=\"index, follow, max-snippet:-1, max-image-preview:large, max-video-preview:-1\" \/>\n<link rel=\"canonical\" href=\"https:\/\/www.specialfabrikken.dk\/en\/product-2\/sideskraber-for-te100-og-te115\/\" \/>\n<meta property=\"og:locale\" content=\"en_US\" \/>\n<meta property=\"og:type\" content=\"article\" \/>\n<meta property=\"og:title\" content=\"Sideskraber for TE100 og TE115\" \/>\n<meta property=\"og:description\" content=\"Sideskraber for TE100 og TE115. Holder siden af karret rent. Fastg\u00f8res p\u00e5 blandem\u00f8llen med u-b\u00f8jler (s\u00e6lges separat).\" \/>\n<meta property=\"og:url\" content=\"https:\/\/www.specialfabrikken.dk\/en\/product-2\/sideskraber-for-te100-og-te115\/\" \/>\n<meta property=\"og:site_name\" content=\"Specialfabrikken\" \/>\n<meta property=\"article:modified_time\" content=\"2025-09-29T13:18:37+00:00\" \/>\n<meta property=\"og:image\" content=\"https:\/\/www.specialfabrikken.dk\/wp-content\/uploads\/2025\/09\/Sideskraber-TE100-115-scaled.jpg\" \/>\n\t<meta property=\"og:image:width\" content=\"2880\" \/>\n\t<meta property=\"og:image:height\" content=\"2160\" \/>\n\t<meta property=\"og:image:type\" content=\"image\/jpeg\" \/>\n<meta name=\"twitter:card\" content=\"summary_large_image\" \/>\n<meta name=\"twitter:label1\" content=\"Est. reading time\" \/>\n\t<meta name=\"twitter:data1\" content=\"1 minute\" \/>\n<script type=\"application\/ld+json\" class=\"yoast-schema-graph\">{\"@context\":\"https:\\\/\\\/schema.org\",\"@graph\":[{\"@type\":\"WebPage\",\"@id\":\"https:\\\/\\\/www.specialfabrikken.dk\\\/vare\\\/sideskraber-for-te100-og-te115\\\/\",\"url\":\"https:\\\/\\\/www.specialfabrikken.dk\\\/vare\\\/sideskraber-for-te100-og-te115\\\/\",\"name\":\"Sideskraber for TE100 og TE115\",\"isPartOf\":{\"@id\":\"https:\\\/\\\/www.specialfabrikken.dk\\\/#website\"},\"primaryImageOfPage\":{\"@id\":\"https:\\\/\\\/www.specialfabrikken.dk\\\/vare\\\/sideskraber-for-te100-og-te115\\\/#primaryimage\"},\"image\":{\"@id\":\"https:\\\/\\\/www.specialfabrikken.dk\\\/vare\\\/sideskraber-for-te100-og-te115\\\/#primaryimage\"},\"thumbnailUrl\":\"https:\\\/\\\/www.specialfabrikken.dk\\\/wp-content\\\/uploads\\\/2025\\\/09\\\/Sideskraber-TE100-115-scaled.jpg\",\"datePublished\":\"2025-09-16T10:02:12+00:00\",\"dateModified\":\"2025-09-29T13:18:37+00:00\",\"description\":\"Sideskraber for TE100 og TE115. Holder siden af karret rent. Fastg\u00f8res p\u00e5 blandem\u00f8llen med u-b\u00f8jler (s\u00e6lges separat).\",\"breadcrumb\":{\"@id\":\"https:\\\/\\\/www.specialfabrikken.dk\\\/vare\\\/sideskraber-for-te100-og-te115\\\/#breadcrumb\"},\"inLanguage\":\"en-US\",\"potentialAction\":[{\"@type\":\"ReadAction\",\"target\":[\"https:\\\/\\\/www.specialfabrikken.dk\\\/vare\\\/sideskraber-for-te100-og-te115\\\/\"]}]},{\"@type\":\"ImageObject\",\"inLanguage\":\"en-US\",\"@id\":\"https:\\\/\\\/www.specialfabrikken.dk\\\/vare\\\/sideskraber-for-te100-og-te115\\\/#primaryimage\",\"url\":\"https:\\\/\\\/www.specialfabrikken.dk\\\/wp-content\\\/uploads\\\/2025\\\/09\\\/Sideskraber-TE100-115-scaled.jpg\",\"contentUrl\":\"https:\\\/\\\/www.specialfabrikken.dk\\\/wp-content\\\/uploads\\\/2025\\\/09\\\/Sideskraber-TE100-115-scaled.jpg\",\"width\":2880,\"height\":2160},{\"@type\":\"BreadcrumbList\",\"@id\":\"https:\\\/\\\/www.specialfabrikken.dk\\\/vare\\\/sideskraber-for-te100-og-te115\\\/#breadcrumb\",\"itemListElement\":[{\"@type\":\"ListItem\",\"position\":1,\"name\":\"Forside\",\"item\":\"https:\\\/\\\/www.specialfabrikken.dk\\\/\"},{\"@type\":\"ListItem\",\"position\":2,\"name\":\"Shop\",\"item\":\"https:\\\/\\\/www.specialfabrikken.dk\\\/shop\\\/\"},{\"@type\":\"ListItem\",\"position\":3,\"name\":\"Sideskraber for TE100 og TE115\"}]},{\"@type\":\"WebSite\",\"@id\":\"https:\\\/\\\/www.specialfabrikken.dk\\\/#website\",\"url\":\"https:\\\/\\\/www.specialfabrikken.dk\\\/\",\"name\":\"Specialfabrikken\",\"description\":\"Specialfabrikken\",\"potentialAction\":[{\"@type\":\"SearchAction\",\"target\":{\"@type\":\"EntryPoint\",\"urlTemplate\":\"https:\\\/\\\/www.specialfabrikken.dk\\\/?s={search_term_string}\"},\"query-input\":{\"@type\":\"PropertyValueSpecification\",\"valueRequired\":true,\"valueName\":\"search_term_string\"}}],\"inLanguage\":\"en-US\"}]}<\/script>\n<!-- \/ Yoast SEO plugin. -->","yoast_head_json":{"title":"Sideskraber for TE100 og TE115","description":"Sideskraber for TE100 og TE115. Holder siden af karret rent. Fastg\u00f8res p\u00e5 blandem\u00f8llen med u-b\u00f8jler (s\u00e6lges separat).","robots":{"index":"index","follow":"follow","max-snippet":"max-snippet:-1","max-image-preview":"max-image-preview:large","max-video-preview":"max-video-preview:-1"},"canonical":"https:\/\/www.specialfabrikken.dk\/en\/product-2\/sideskraber-for-te100-og-te115\/","og_locale":"en_US","og_type":"article","og_title":"Sideskraber for TE100 og TE115","og_description":"Sideskraber for TE100 og TE115. Holder siden af karret rent. Fastg\u00f8res p\u00e5 blandem\u00f8llen med u-b\u00f8jler (s\u00e6lges separat).","og_url":"https:\/\/www.specialfabrikken.dk\/en\/product-2\/sideskraber-for-te100-og-te115\/","og_site_name":"Specialfabrikken","article_modified_time":"2025-09-29T13:18:37+00:00","og_image":[{"width":2880,"height":2160,"url":"https:\/\/www.specialfabrikken.dk\/wp-content\/uploads\/2025\/09\/Sideskraber-TE100-115-scaled.jpg","type":"image\/jpeg"}],"twitter_card":"summary_large_image","twitter_misc":{"Est. reading time":"1 minute"},"schema":{"@context":"https:\/\/schema.org","@graph":[{"@type":"WebPage","@id":"https:\/\/www.specialfabrikken.dk\/vare\/sideskraber-for-te100-og-te115\/","url":"https:\/\/www.specialfabrikken.dk\/vare\/sideskraber-for-te100-og-te115\/","name":"Sideskraber for TE100 og TE115","isPartOf":{"@id":"https:\/\/www.specialfabrikken.dk\/#website"},"primaryImageOfPage":{"@id":"https:\/\/www.specialfabrikken.dk\/vare\/sideskraber-for-te100-og-te115\/#primaryimage"},"image":{"@id":"https:\/\/www.specialfabrikken.dk\/vare\/sideskraber-for-te100-og-te115\/#primaryimage"},"thumbnailUrl":"https:\/\/www.specialfabrikken.dk\/wp-content\/uploads\/2025\/09\/Sideskraber-TE100-115-scaled.jpg","datePublished":"2025-09-16T10:02:12+00:00","dateModified":"2025-09-29T13:18:37+00:00","description":"Sideskraber for TE100 og TE115. Holder siden af karret rent. Fastg\u00f8res p\u00e5 blandem\u00f8llen med u-b\u00f8jler (s\u00e6lges separat).","breadcrumb":{"@id":"https:\/\/www.specialfabrikken.dk\/vare\/sideskraber-for-te100-og-te115\/#breadcrumb"},"inLanguage":"en-US","potentialAction":[{"@type":"ReadAction","target":["https:\/\/www.specialfabrikken.dk\/vare\/sideskraber-for-te100-og-te115\/"]}]},{"@type":"ImageObject","inLanguage":"en-US","@id":"https:\/\/www.specialfabrikken.dk\/vare\/sideskraber-for-te100-og-te115\/#primaryimage","url":"https:\/\/www.specialfabrikken.dk\/wp-content\/uploads\/2025\/09\/Sideskraber-TE100-115-scaled.jpg","contentUrl":"https:\/\/www.specialfabrikken.dk\/wp-content\/uploads\/2025\/09\/Sideskraber-TE100-115-scaled.jpg","width":2880,"height":2160},{"@type":"BreadcrumbList","@id":"https:\/\/www.specialfabrikken.dk\/vare\/sideskraber-for-te100-og-te115\/#breadcrumb","itemListElement":[{"@type":"ListItem","position":1,"name":"Forside","item":"https:\/\/www.specialfabrikken.dk\/"},{"@type":"ListItem","position":2,"name":"Shop","item":"https:\/\/www.specialfabrikken.dk\/shop\/"},{"@type":"ListItem","position":3,"name":"Sideskraber for TE100 og TE115"}]},{"@type":"WebSite","@id":"https:\/\/www.specialfabrikken.dk\/#website","url":"https:\/\/www.specialfabrikken.dk\/","name":"Specialfabrikken","description":"Specialfabrikken","potentialAction":[{"@type":"SearchAction","target":{"@type":"EntryPoint","urlTemplate":"https:\/\/www.specialfabrikken.dk\/?s={search_term_string}"},"query-input":{"@type":"PropertyValueSpecification","valueRequired":true,"valueName":"search_term_string"}}],"inLanguage":"en-US"}]}},"_links":{"self":[{"href":"https:\/\/www.specialfabrikken.dk\/en\/wp-json\/wp\/v2\/product\/73600","targetHints":{"allow":["GET"]}}],"collection":[{"href":"https:\/\/www.specialfabrikken.dk\/en\/wp-json\/wp\/v2\/product"}],"about":[{"href":"https:\/\/www.specialfabrikken.dk\/en\/wp-json\/wp\/v2\/types\/product"}],"replies":[{"embeddable":true,"href":"https:\/\/www.specialfabrikken.dk\/en\/wp-json\/wp\/v2\/comments?post=73600"}],"wp:featuredmedia":[{"embeddable":true,"href":"https:\/\/www.specialfabrikken.dk\/en\/wp-json\/wp\/v2\/media\/73603"}],"wp:attachment":[{"href":"https:\/\/www.specialfabrikken.dk\/en\/wp-json\/wp\/v2\/media?parent=73600"}],"wp:term":[{"taxonomy":"product_brand","embeddable":true,"href":"https:\/\/www.specialfabrikken.dk\/en\/wp-json\/wp\/v2\/product_brand?post=73600"},{"taxonomy":"product_cat","embeddable":true,"href":"https:\/\/www.specialfabrikken.dk\/en\/wp-json\/wp\/v2\/product_cat?post=73600"},{"taxonomy":"product_tag","embeddable":true,"href":"https:\/\/www.specialfabrikken.dk\/en\/wp-json\/wp\/v2\/product_tag?post=73600"}],"curies":[{"name":"wp","href":"https:\/\/api.w.org\/{rel}","templated":true}]}}