{"id":73762,"date":"2025-10-17T08:48:04","date_gmt":"2025-10-17T08:48:04","guid":{"rendered":"https:\/\/www.specialfabrikken.dk\/?post_type=product&#038;p=73762"},"modified":"2025-11-26T21:15:50","modified_gmt":"2025-11-26T21:15:50","slug":"stilladsbuk-inkl-overligger","status":"publish","type":"product","link":"https:\/\/www.specialfabrikken.dk\/en\/vare\/stilladsbuk-inkl-overligger\/","title":{"rendered":"Stilladsbuk inkl. overligger"},"content":{"rendered":"<h1><strong>Vinderup Bukkestillads<\/strong><\/h1>\n<p>Vinderup Bukkestillads er et gennempr\u00f8vet stilladssystem med et stort program af tilbeh\u00f8r. Stilladset opbygges af f\u00e5 hovedkomponenter med stilladsbukke, overliggere og alu-d\u00e6k som de b\u00e6rende grundelementer. Stilladset kan dertil bygges op i h\u00f8jden med forl\u00e6ngersektioner, diagonaler, gel\u00e6nderr\u00f8r, fodspark samt h\u00e5nd- og kn\u00e6lister. Vinderup Bukkestillads kan ogs\u00e5 opbygges med h\u00e6ngebroer, str\u00f8er og stilladsgulv. Alle dele er nemme at montere, og stilladset kan opbygges i en st\u00e5h\u00f8jde fra 1,0 til 4,0 meter.<\/p>\n<p>&nbsp;<\/p>\n<p>Specialfabrikkens bukke er fuldsvejsede, og det er v\u00e6rd at bem\u00e6rke, at benene p\u00e5 vores bukke skr\u00e6ver let, hvilket \u00f8ger stabiliteten, n\u00e5r d\u00e6kket belastes p\u00e5 yderpunkterne. P\u00e5 denne m\u00e5de skiller vores bukke sig ud. Specialfabrikken fremstiller i \u00f8vrigt en lang r\u00e6kke specielle bukke, som ikke f\u00e5s andre steder.<\/p>\n<p>&nbsp;<\/p>\n<p>Overliggerne f\u00e5s i flere h\u00f8jder, s\u00e5 fleksibiliteten er i top. Vi lagerf\u00f8rer eksempelvis en overligger p\u00e5 160 cm., hvilket giver dig en st\u00e5h\u00f8jde p\u00e5 mellem 1,6 og 2,45 meter. Dette kan v\u00e6re en fordel, hvis du ikke har brug for s\u00e5 meget h\u00f8jde og gerne vil undg\u00e5 brugen af forl\u00e6ngersektioner. Med disse h\u00f8je overliggere f\u00e5r du alts\u00e5 en hurtig opstilling uden brug af forl\u00e6ngersektioner.<\/p>\n<p>&nbsp;<\/p>\n<p>Vores alu-d\u00e6k er et kapitel for sig. Specialfabrikkens alu-d\u00e6k er produceret p\u00e5 egen fabrik i Vinderup, og vi bruger kraftigere vanger, finsk birkefin\u00e9r og ekstra popnitter for l\u00e6ngere levetid og bedre stabilitet. D\u00e6kkene f\u00e5s i forskellige l\u00e6ngder og klasser, s\u00e5 der er et d\u00e6k til enhver opgave. Udover vores alu-d\u00e6k producerer vi ogs\u00e5 andre gangbroer \u2013 vi har eksempelvis udviklet en k\u00f8rerampe i s\u00e6rklasse, som kan bruges med Smart Mover.<\/p>\n<p>&nbsp;<\/p>\n<p>I vores brede tilbeh\u00f8rsprogram findes der desuden flere forskellige typer forankring og afstivning for yderligere udbygning af stilladset.<\/p>\n<p>&nbsp;<\/p>\n<h4><strong>Stor egenproduktion<\/strong><\/h4>\n<p>Vi skiller os ud fra vores konkurrenter med vores store egenproduktion \u2013 mange af vores produkter er fremstillet i Danmark. Det gavner vores kunder p\u00e5 flere m\u00e5der; vi kan hurtigt omstille vores produktionsapparat, hvis ny lovgivning skulle kr\u00e6ve det, og vi kan specialfremstille p\u00e5 opgave. Vi r\u00e5der over et stort produktionsanl\u00e6g p\u00e5 ca. 41.000 m2 i Vinderup, og vi er derfor udstyret til mange typer opgaver.<\/p>\n<p>&nbsp;<\/p>\n<h4><strong>Sikkerhed frem for alt<\/strong><\/h4>\n<p>Specialfabrikken Vinderup v\u00e6gter sikkerhed h\u00f8jt, og du kan finde sikringsudstyr til alle typer opgaver hos os. Se mere under afsnittet \u2019Sikringsudstyr\u2019. Vi sender monteringsvejledninger med vores stilladser, men skulle du komme i tvivl om noget, kan du ringe og f\u00e5 kyndig vejledning. Vi anbefaler altid, at man s\u00e6tter sig godt ind i g\u00e6ldende lovgivning, og at man l\u00e6ser vores monteringsvejledning grundigt, inden man p\u00e5begynder ops\u00e6tning, s\u00e5 man undg\u00e5r ulykker.<\/p>\n<p>&nbsp;<\/p>\n<h4><strong>Vi skiller os ud<\/strong><\/h4>\n<p>N\u00e5r vi i f\u00e6llesskab har sammensat dit stillads, leverer vi det hurtigst muligt til dig. Langt de fleste dele er lagervarer, s\u00e5 vi kan levere inden for ganske f\u00e5 dage. Du kan v\u00e6lge at f\u00e5 stilladset sendt til din adresse eller direkte ud til din byggeplads. Vi har daglige forsendelser til hele landet, s\u00e5 du hurtigt kan komme i gang med din opgave.<\/p>\n<p>&nbsp;<\/p>\n<p>Kontakt os for at f\u00e5 et uforpligtende tilbud eller en god snak om din n\u00e6ste opgave. Vores dygtige folk har arbejdet med stillads i mange, mange \u00e5r, og de st\u00e5r klar til at hj\u00e6lpe dig.<\/p>","protected":false},"excerpt":{"rendered":"<p>Short description:<\/p>\n<ul>\n<li>Inkl. 120 cm. overligger.<\/li>\n<li>Fremstillet i galvaniseret st\u00e5l.<\/li>\n<li>Fuldsvejst konstruktion.<\/li>\n<li>Let skr\u00e6vende ben sikrer stabilitet.<\/li>\n<\/ul>","protected":false},"featured_media":1038,"comment_status":"open","ping_status":"closed","template":"","meta":{"_acf_changed":false,"_et_pb_use_builder":"","_et_pb_old_content":"","_et_gb_content_width":""},"product_brand":[],"product_cat":[66,121,31],"product_tag":[112],"class_list":{"0":"post-73762","1":"product","2":"type-product","3":"status-publish","4":"has-post-thumbnail","6":"product_cat-bukkestillads","7":"product_cat-specialbukke","8":"product_cat-stillads","9":"product_tag-bukkestillads","10":"product_shipping_class-stor","12":"first","13":"instock","14":"taxable","15":"shipping-taxable","16":"purchasable","17":"product-type-woosb"},"acf":[],"yoast_head":"<!-- This site is optimized with the Yoast SEO plugin v27.4 - https:\/\/yoast.com\/product\/yoast-seo-wordpress\/ -->\n<title>Stilladsbuk inkl. overligger - Specialfabrikken<\/title>\n<meta name=\"description\" content=\"SPV bukkestillads er stabilt, og d\u00e6kkene er de st\u00e6rkeste p\u00e5 markedet. Vi har desuden et stort tilbeh\u00f8rsprogram med varer, som du ikke finder andre steder.\" \/>\n<meta name=\"robots\" content=\"index, follow, max-snippet:-1, max-image-preview:large, max-video-preview:-1\" \/>\n<link rel=\"canonical\" href=\"https:\/\/www.specialfabrikken.dk\/en\/product-2\/stilladsbuk-inkl-overligger\/\" \/>\n<meta property=\"og:locale\" content=\"en_US\" \/>\n<meta property=\"og:type\" content=\"article\" \/>\n<meta property=\"og:title\" content=\"Stilladsbuk inkl. overligger - Specialfabrikken\" \/>\n<meta property=\"og:description\" content=\"SPV bukkestillads er stabilt, og d\u00e6kkene er de st\u00e6rkeste p\u00e5 markedet. Vi har desuden et stort tilbeh\u00f8rsprogram med varer, som du ikke finder andre steder.\" \/>\n<meta property=\"og:url\" content=\"https:\/\/www.specialfabrikken.dk\/en\/product-2\/stilladsbuk-inkl-overligger\/\" \/>\n<meta property=\"og:site_name\" content=\"Specialfabrikken\" \/>\n<meta property=\"article:modified_time\" content=\"2025-11-26T21:15:50+00:00\" \/>\n<meta property=\"og:image\" content=\"https:\/\/www.specialfabrikken.dk\/wp-content\/uploads\/2020\/02\/stilladsbuk.jpg\" \/>\n\t<meta property=\"og:image:width\" content=\"1518\" \/>\n\t<meta property=\"og:image:height\" content=\"1670\" \/>\n\t<meta property=\"og:image:type\" content=\"image\/jpeg\" \/>\n<meta name=\"twitter:card\" content=\"summary_large_image\" \/>\n<meta name=\"twitter:label1\" content=\"Est. reading time\" \/>\n\t<meta name=\"twitter:data1\" content=\"3 minutes\" \/>\n<script type=\"application\/ld+json\" class=\"yoast-schema-graph\">{\"@context\":\"https:\\\/\\\/schema.org\",\"@graph\":[{\"@type\":\"WebPage\",\"@id\":\"https:\\\/\\\/www.specialfabrikken.dk\\\/vare\\\/stilladsbuk-inkl-overligger\\\/\",\"url\":\"https:\\\/\\\/www.specialfabrikken.dk\\\/vare\\\/stilladsbuk-inkl-overligger\\\/\",\"name\":\"Stilladsbuk inkl. overligger - Specialfabrikken\",\"isPartOf\":{\"@id\":\"https:\\\/\\\/www.specialfabrikken.dk\\\/#website\"},\"primaryImageOfPage\":{\"@id\":\"https:\\\/\\\/www.specialfabrikken.dk\\\/vare\\\/stilladsbuk-inkl-overligger\\\/#primaryimage\"},\"image\":{\"@id\":\"https:\\\/\\\/www.specialfabrikken.dk\\\/vare\\\/stilladsbuk-inkl-overligger\\\/#primaryimage\"},\"thumbnailUrl\":\"https:\\\/\\\/www.specialfabrikken.dk\\\/wp-content\\\/uploads\\\/2020\\\/02\\\/stilladsbuk.jpg\",\"datePublished\":\"2025-10-17T08:48:04+00:00\",\"dateModified\":\"2025-11-26T21:15:50+00:00\",\"description\":\"SPV bukkestillads er stabilt, og d\u00e6kkene er de st\u00e6rkeste p\u00e5 markedet. Vi har desuden et stort tilbeh\u00f8rsprogram med varer, som du ikke finder andre steder.\",\"breadcrumb\":{\"@id\":\"https:\\\/\\\/www.specialfabrikken.dk\\\/vare\\\/stilladsbuk-inkl-overligger\\\/#breadcrumb\"},\"inLanguage\":\"en-US\",\"potentialAction\":[{\"@type\":\"ReadAction\",\"target\":[\"https:\\\/\\\/www.specialfabrikken.dk\\\/vare\\\/stilladsbuk-inkl-overligger\\\/\"]}]},{\"@type\":\"ImageObject\",\"inLanguage\":\"en-US\",\"@id\":\"https:\\\/\\\/www.specialfabrikken.dk\\\/vare\\\/stilladsbuk-inkl-overligger\\\/#primaryimage\",\"url\":\"https:\\\/\\\/www.specialfabrikken.dk\\\/wp-content\\\/uploads\\\/2020\\\/02\\\/stilladsbuk.jpg\",\"contentUrl\":\"https:\\\/\\\/www.specialfabrikken.dk\\\/wp-content\\\/uploads\\\/2020\\\/02\\\/stilladsbuk.jpg\",\"width\":1518,\"height\":1670,\"caption\":\"stilladsbuk\"},{\"@type\":\"BreadcrumbList\",\"@id\":\"https:\\\/\\\/www.specialfabrikken.dk\\\/vare\\\/stilladsbuk-inkl-overligger\\\/#breadcrumb\",\"itemListElement\":[{\"@type\":\"ListItem\",\"position\":1,\"name\":\"Forside\",\"item\":\"https:\\\/\\\/www.specialfabrikken.dk\\\/\"},{\"@type\":\"ListItem\",\"position\":2,\"name\":\"Shop\",\"item\":\"https:\\\/\\\/www.specialfabrikken.dk\\\/shop\\\/\"},{\"@type\":\"ListItem\",\"position\":3,\"name\":\"Stilladsbuk inkl. overligger\"}]},{\"@type\":\"WebSite\",\"@id\":\"https:\\\/\\\/www.specialfabrikken.dk\\\/#website\",\"url\":\"https:\\\/\\\/www.specialfabrikken.dk\\\/\",\"name\":\"Specialfabrikken\",\"description\":\"Specialfabrikken\",\"potentialAction\":[{\"@type\":\"SearchAction\",\"target\":{\"@type\":\"EntryPoint\",\"urlTemplate\":\"https:\\\/\\\/www.specialfabrikken.dk\\\/?s={search_term_string}\"},\"query-input\":{\"@type\":\"PropertyValueSpecification\",\"valueRequired\":true,\"valueName\":\"search_term_string\"}}],\"inLanguage\":\"en-US\"}]}<\/script>\n<!-- \/ Yoast SEO plugin. -->","yoast_head_json":{"title":"Stilladsbuk inkl. overligger - Specialfabrikken","description":"SPV bukkestillads er stabilt, og d\u00e6kkene er de st\u00e6rkeste p\u00e5 markedet. Vi har desuden et stort tilbeh\u00f8rsprogram med varer, som du ikke finder andre steder.","robots":{"index":"index","follow":"follow","max-snippet":"max-snippet:-1","max-image-preview":"max-image-preview:large","max-video-preview":"max-video-preview:-1"},"canonical":"https:\/\/www.specialfabrikken.dk\/en\/product-2\/stilladsbuk-inkl-overligger\/","og_locale":"en_US","og_type":"article","og_title":"Stilladsbuk inkl. overligger - Specialfabrikken","og_description":"SPV bukkestillads er stabilt, og d\u00e6kkene er de st\u00e6rkeste p\u00e5 markedet. Vi har desuden et stort tilbeh\u00f8rsprogram med varer, som du ikke finder andre steder.","og_url":"https:\/\/www.specialfabrikken.dk\/en\/product-2\/stilladsbuk-inkl-overligger\/","og_site_name":"Specialfabrikken","article_modified_time":"2025-11-26T21:15:50+00:00","og_image":[{"width":1518,"height":1670,"url":"https:\/\/www.specialfabrikken.dk\/wp-content\/uploads\/2020\/02\/stilladsbuk.jpg","type":"image\/jpeg"}],"twitter_card":"summary_large_image","twitter_misc":{"Est. reading time":"3 minutes"},"schema":{"@context":"https:\/\/schema.org","@graph":[{"@type":"WebPage","@id":"https:\/\/www.specialfabrikken.dk\/vare\/stilladsbuk-inkl-overligger\/","url":"https:\/\/www.specialfabrikken.dk\/vare\/stilladsbuk-inkl-overligger\/","name":"Stilladsbuk inkl. overligger - Specialfabrikken","isPartOf":{"@id":"https:\/\/www.specialfabrikken.dk\/#website"},"primaryImageOfPage":{"@id":"https:\/\/www.specialfabrikken.dk\/vare\/stilladsbuk-inkl-overligger\/#primaryimage"},"image":{"@id":"https:\/\/www.specialfabrikken.dk\/vare\/stilladsbuk-inkl-overligger\/#primaryimage"},"thumbnailUrl":"https:\/\/www.specialfabrikken.dk\/wp-content\/uploads\/2020\/02\/stilladsbuk.jpg","datePublished":"2025-10-17T08:48:04+00:00","dateModified":"2025-11-26T21:15:50+00:00","description":"SPV bukkestillads er stabilt, og d\u00e6kkene er de st\u00e6rkeste p\u00e5 markedet. Vi har desuden et stort tilbeh\u00f8rsprogram med varer, som du ikke finder andre steder.","breadcrumb":{"@id":"https:\/\/www.specialfabrikken.dk\/vare\/stilladsbuk-inkl-overligger\/#breadcrumb"},"inLanguage":"en-US","potentialAction":[{"@type":"ReadAction","target":["https:\/\/www.specialfabrikken.dk\/vare\/stilladsbuk-inkl-overligger\/"]}]},{"@type":"ImageObject","inLanguage":"en-US","@id":"https:\/\/www.specialfabrikken.dk\/vare\/stilladsbuk-inkl-overligger\/#primaryimage","url":"https:\/\/www.specialfabrikken.dk\/wp-content\/uploads\/2020\/02\/stilladsbuk.jpg","contentUrl":"https:\/\/www.specialfabrikken.dk\/wp-content\/uploads\/2020\/02\/stilladsbuk.jpg","width":1518,"height":1670,"caption":"stilladsbuk"},{"@type":"BreadcrumbList","@id":"https:\/\/www.specialfabrikken.dk\/vare\/stilladsbuk-inkl-overligger\/#breadcrumb","itemListElement":[{"@type":"ListItem","position":1,"name":"Forside","item":"https:\/\/www.specialfabrikken.dk\/"},{"@type":"ListItem","position":2,"name":"Shop","item":"https:\/\/www.specialfabrikken.dk\/shop\/"},{"@type":"ListItem","position":3,"name":"Stilladsbuk inkl. overligger"}]},{"@type":"WebSite","@id":"https:\/\/www.specialfabrikken.dk\/#website","url":"https:\/\/www.specialfabrikken.dk\/","name":"Specialfabrikken","description":"Specialfabrikken","potentialAction":[{"@type":"SearchAction","target":{"@type":"EntryPoint","urlTemplate":"https:\/\/www.specialfabrikken.dk\/?s={search_term_string}"},"query-input":{"@type":"PropertyValueSpecification","valueRequired":true,"valueName":"search_term_string"}}],"inLanguage":"en-US"}]}},"_links":{"self":[{"href":"https:\/\/www.specialfabrikken.dk\/en\/wp-json\/wp\/v2\/product\/73762","targetHints":{"allow":["GET"]}}],"collection":[{"href":"https:\/\/www.specialfabrikken.dk\/en\/wp-json\/wp\/v2\/product"}],"about":[{"href":"https:\/\/www.specialfabrikken.dk\/en\/wp-json\/wp\/v2\/types\/product"}],"replies":[{"embeddable":true,"href":"https:\/\/www.specialfabrikken.dk\/en\/wp-json\/wp\/v2\/comments?post=73762"}],"wp:featuredmedia":[{"embeddable":true,"href":"https:\/\/www.specialfabrikken.dk\/en\/wp-json\/wp\/v2\/media\/1038"}],"wp:attachment":[{"href":"https:\/\/www.specialfabrikken.dk\/en\/wp-json\/wp\/v2\/media?parent=73762"}],"wp:term":[{"taxonomy":"product_brand","embeddable":true,"href":"https:\/\/www.specialfabrikken.dk\/en\/wp-json\/wp\/v2\/product_brand?post=73762"},{"taxonomy":"product_cat","embeddable":true,"href":"https:\/\/www.specialfabrikken.dk\/en\/wp-json\/wp\/v2\/product_cat?post=73762"},{"taxonomy":"product_tag","embeddable":true,"href":"https:\/\/www.specialfabrikken.dk\/en\/wp-json\/wp\/v2\/product_tag?post=73762"}],"curies":[{"name":"wp","href":"https:\/\/api.w.org\/{rel}","templated":true}]}}