{"id":73794,"date":"2025-10-24T09:02:30","date_gmt":"2025-10-24T07:02:30","guid":{"rendered":"https:\/\/www.specialfabrikken.dk\/?post_type=product&#038;p=73794"},"modified":"2026-04-28T07:29:04","modified_gmt":"2026-04-28T05:29:04","slug":"model-te400","status":"publish","type":"product","link":"https:\/\/www.specialfabrikken.dk\/en\/vare\/model-te400\/","title":{"rendered":"TE400 Tvangsblander 5,5kW \/ 7,5 Hk"},"content":{"rendered":"<h2>Danskproduceret tvangsblander<\/h2>\n<p><strong>Specialfabrikkens wide range:<\/strong> af tvangsblandere sikrer, at der altid findes en blander til alle behov. TE400 er vores mest popul\u00e6re maskine til de st\u00f8rre opgaver p\u00e5 byggepladsen. Den har en god kapacitet p\u00e5 400 liter, en st\u00e6rk 5,5 KW motor, og s\u00e5 er den fremstillet af ekstra kraftige plader i kar og bund, som sikrer at karret forbliver rundt, s\u00e5 du har en god og st\u00e6rk maskine i mange \u00e5r.<\/p>\n<p>TE400 er monteret med tre st\u00e6rke arme med udskiftelige, gummibelagte skovlblade, som justeres trinl\u00f8st, hvilket holder bunden ren og letter den efterf\u00f8lgende reng\u00f8ring. Med denne maskine kan du blande 280 liter f\u00e6rdigblandet materiale pr. opfyldning. Med sin kraftige motor har den bevist sit v\u00e6rd gennem mange \u00e5r p\u00e5 de danske byggepladser. Det er ikke us\u00e6dvanligt, at vi udf\u00f8rer service p\u00e5 en 20 \u00e5r gammel tvangsblander &#8211; med den rette behandling holder de rigtig l\u00e6nge. Bem\u00e6rk! Vi lagerf\u00f8rer et stort udvalg af reservedele, som sikrer, at du kan have gl\u00e6de af din tvangsblander i mange \u00e5r. Det er eksempelvis muligt at udskifte sideskraber, arme eller skovlblade enkeltvis, eller du kan udskifte hele blandem\u00f8llen p\u00e5 \u00e9n gang alt efter behov. Vi lagerf\u00f8rer ogs\u00e5 gear, motor, hjul, l\u00e5g og et utal af sm\u00e5 komponenter. Alt sammen er med til at sikre vores blandere en lang levetid. TE400 har med sin kraftige motor p\u00e5vist sin holdbarhed gennem mange \u00e5r. Blanderen leveres med tre udskiftelige arme med gummibelagte skovlblade og sideskraber i st\u00e5l. <strong>&#8220;TE&#8221;<\/strong> er en serie effektive tvangsblandere, der er kendt for deres styrke og kvalitet.<\/p>\n<p>Vores store modeller (TE200, TE300, TE500, TE800 og TT880) er fremstillet af ekstra kraftig plade, som kan t\u00e5le den ekstra kapacitet. De er desuden udstyret med st\u00e6rke motorer &#8211; se under Yderligere information. Direkte tr\u00e6k \u2013 ingen kileremme.<\/p>\n<h4><strong>Safety:<\/strong><\/h4>\n<p>In accordance with the Machinery Directive's requirements for safety and health, there is a grid cover installed over the tub and a protective grid under the discharge hatch. Additionally, there is motor protection to prevent unexpected\/unintended starts.<\/p>\n<h4><strong>Application:<\/strong><\/h4>\n<p>Mixing of silo mortar, concrete mix, and similar materials. <strong>Note:<\/strong> Ekstra kraftig bund og sv\u00f8b og blandeskovle med gummibel\u00e6gning. L\u00e6s mere under &#8216;Yderligere information&#8217;. <em>Vinderup Prof Cement Mixers can also be supplied with a gasoline or diesel engine. Contact us for price and options.<\/em><\/p>","protected":false},"excerpt":{"rendered":"<ul>\n<li>Stor blander med en Volumen p\u00e5 400 liter (280 l. f\u00e6rdigblandet)<\/li>\n<li>St\u00e6rk 5,5 KW \/ 7,5 HP motor<\/li>\n<li>Three arms equipped with sound-dampening rubber and a side scraper<\/li>\n<li>Stepless adjustment of shovel blades makes cleaning easier<\/li>\n<li>Very durable plates in the bottom and tub<\/li>\n<li>Large Pneumatic Wheels<\/li>\n<li>Pull-handle<\/li>\n<li>Lifting holes<\/li>\n<li>Fork-lift pockets<\/li>\n<\/ul>\n<p>Mulighed for opgradering og reservedele. <strong><a href=\"https:\/\/www.specialfabrikken.dk\/en\/product-category\/maskiner\/reservedel-tilbehoer\/\">Se her.<\/a><\/strong><\/p>","protected":false},"featured_media":73823,"comment_status":"open","ping_status":"closed","template":"","meta":{"_acf_changed":false,"_et_pb_use_builder":"off","_et_pb_old_content":"<h2>Danskproduceret tvangsblander<\/h2>\r\n\u00a0\r\n\r\n<strong>Specialfabrikkens brede udvalg<\/strong> af tvangsblandere sikrer, at der altid findes en blander til alle behov. TE300 er vores mest popul\u00e6re maskine til de st\u00f8rre opgaver p\u00e5 byggepladsen. Den har en god kapacitet p\u00e5 300 liter, en st\u00e6rk 5,5 Hk motor, og s\u00e5 er den fremstillet af ekstra kraftige plader i kar og bund, som sikrer at karret forbliver rundt, s\u00e5 du har en god og st\u00e6rk maskine i mange \u00e5r. TE300 er monteret med tre st\u00e6rke arme med udskiftelige, gummibelagte skovlblade, som justeres trinl\u00f8st, hvilket holder bunden ren og letter den efterf\u00f8lgende reng\u00f8ring. Med denne maskine kan du blande 200 liter f\u00e6rdigblandet materiale pr. opfyldning.\r\n\r\nMed sin kraftige motor har den bevist sit v\u00e6rd gennem mange \u00e5r p\u00e5 de danske byggepladser. Det er ikke us\u00e6dvanligt, at vi udf\u00f8rer service p\u00e5 en 20 \u00e5r gammel tvangsblander - med den rette behandling holder de rigtig l\u00e6nge.\r\n\r\nBem\u00e6rk! Vi lagerf\u00f8rer et stort udvalg af reservedele, som sikrer, at du kan have gl\u00e6de af din tvangsblander i mange \u00e5r. Det er eksempelvis muligt at udskifte sideskraber, arme eller skovlblade enkeltvis, eller du kan udskifte hele blandem\u00f8llen p\u00e5 \u00e9n gang alt efter behov. Vi lagerf\u00f8rer ogs\u00e5 gear, motor, hjul, l\u00e5g og et utal af sm\u00e5 komponenter. Alt sammen er med til at sikre vores blandere en lang levetid.\r\n\r\nTE300 har med sin kraftige motor p\u00e5vist sin holdbarhed gennem mange \u00e5r. Blanderen leveres med tre udskiftelige arme med gummibelagte skovlblade og sideskraber i st\u00e5l.\r\n\r\n<strong>\"TE\"<\/strong>\u00a0er en serie effektive tvangsblandere, der er kendt for deres styrke og kvalitet. De st\u00f8rre modeller (TE200, TE300, TE500, TE800 og TT880) er fremstillet af ekstra kraftig plade, som kan t\u00e5le den ekstra kapacitet. De er desuden udstyret med st\u00e6rke motorer - se under Yderligere information.\r\n\r\nDirekte tr\u00e6k \u2013 ingen kileremme.\r\n\r\n\u00a0\r\n<h4><strong>Sikkerhed:<\/strong><\/h4>\r\nI henhold til Maskindirektivets krav om sikkerhed og sundhed er der monteret gitterl\u00e5g over kar og beskyttelsesgitter under t\u00f8mmeluge. Der er desuden motorv\u00e6rn, der sikrer mod uventet \/ utilsigtet start.\r\n\r\n\u00a0\r\n<h4><strong>Anvendelse:<\/strong><\/h4>\r\nBlanding af silom\u00f8rtel, st\u00f8bemix og lignende.\r\n\r\n<strong>Bem\u00e6rk:<\/strong> Ekstra kraftig bund og sv\u00f8b og blandeskovle med gummibel\u00e6gning.\r\n\r\nL\u00e6s mere under 'Yderligere information'.\r\n\r\n<em>Vinderup Prof Tvangsblandere kan ogs\u00e5 leveres med benzin- eller dieselmotor, kontakt os for pris og muligheder.<\/em>","_et_gb_content_width":""},"product_brand":[],"product_cat":[37,30],"product_tag":[],"class_list":{"0":"post-73794","1":"product","2":"type-product","3":"status-publish","4":"has-post-thumbnail","6":"product_cat-maskiner","7":"product_cat-tvangsblander","8":"product_shipping_class-stor","10":"first","11":"onbackorder","12":"taxable","13":"shipping-taxable","14":"purchasable","15":"product-type-simple"},"acf":[],"yoast_head":"<!-- This site is optimized with the Yoast SEO plugin v27.4 - https:\/\/yoast.com\/product\/yoast-seo-wordpress\/ -->\n<title>Tvangsblander TE400 | 400 L m\/ kraftig 5,5Hk motor<\/title>\n<meta name=\"description\" content=\"TE400 er en kraftfuld tvangsblander fra Specialfabrikken med en volumen p\u00e5 400 liter (280 liter f\u00e6rdigblandet materiale). Den er udstyret med en kraftig 5,5Hk motor, tre lydd\u00e6mpende arme, trinl\u00f8s justering af skovlblade og en robust konstruktion.\" \/>\n<meta name=\"robots\" content=\"index, follow, max-snippet:-1, max-image-preview:large, max-video-preview:-1\" \/>\n<link rel=\"canonical\" href=\"https:\/\/www.specialfabrikken.dk\/en\/product-2\/model-te400\/\" \/>\n<meta property=\"og:locale\" content=\"en_US\" \/>\n<meta property=\"og:type\" content=\"article\" \/>\n<meta property=\"og:title\" content=\"Tvangsblander TE400 | 400 L m\/ kraftig 5,5Hk motor\" \/>\n<meta property=\"og:description\" content=\"TE400 er en kraftfuld tvangsblander fra Specialfabrikken med en volumen p\u00e5 400 liter (280 liter f\u00e6rdigblandet materiale). Den er udstyret med en kraftig 5,5Hk motor, tre lydd\u00e6mpende arme, trinl\u00f8s justering af skovlblade og en robust konstruktion.\" \/>\n<meta property=\"og:url\" content=\"https:\/\/www.specialfabrikken.dk\/en\/product-2\/model-te400\/\" \/>\n<meta property=\"og:site_name\" content=\"Specialfabrikken\" \/>\n<meta property=\"article:modified_time\" content=\"2026-04-28T05:29:04+00:00\" \/>\n<meta property=\"og:image\" content=\"https:\/\/www.specialfabrikken.dk\/wp-content\/uploads\/2025\/10\/Blaa-maskine-ved-Speciafabrikken.png\" \/>\n\t<meta property=\"og:image:width\" content=\"580\" \/>\n\t<meta property=\"og:image:height\" content=\"957\" \/>\n\t<meta property=\"og:image:type\" content=\"image\/png\" \/>\n<meta name=\"twitter:card\" content=\"summary_large_image\" \/>\n<meta name=\"twitter:label1\" content=\"Est. reading time\" \/>\n\t<meta name=\"twitter:data1\" content=\"3 minutes\" \/>\n<script type=\"application\/ld+json\" class=\"yoast-schema-graph\">{\"@context\":\"https:\\\/\\\/schema.org\",\"@graph\":[{\"@type\":\"WebPage\",\"@id\":\"https:\\\/\\\/www.specialfabrikken.dk\\\/vare\\\/model-te400\\\/\",\"url\":\"https:\\\/\\\/www.specialfabrikken.dk\\\/vare\\\/model-te400\\\/\",\"name\":\"Tvangsblander TE400 | 400 L m\\\/ kraftig 5,5Hk motor\",\"isPartOf\":{\"@id\":\"https:\\\/\\\/www.specialfabrikken.dk\\\/#website\"},\"primaryImageOfPage\":{\"@id\":\"https:\\\/\\\/www.specialfabrikken.dk\\\/vare\\\/model-te400\\\/#primaryimage\"},\"image\":{\"@id\":\"https:\\\/\\\/www.specialfabrikken.dk\\\/vare\\\/model-te400\\\/#primaryimage\"},\"thumbnailUrl\":\"https:\\\/\\\/www.specialfabrikken.dk\\\/wp-content\\\/uploads\\\/2025\\\/10\\\/Blaa-maskine-ved-Speciafabrikken.png\",\"datePublished\":\"2025-10-24T07:02:30+00:00\",\"dateModified\":\"2026-04-28T05:29:04+00:00\",\"description\":\"TE400 er en kraftfuld tvangsblander fra Specialfabrikken med en volumen p\u00e5 400 liter (280 liter f\u00e6rdigblandet materiale). Den er udstyret med en kraftig 5,5Hk motor, tre lydd\u00e6mpende arme, trinl\u00f8s justering af skovlblade og en robust konstruktion.\",\"breadcrumb\":{\"@id\":\"https:\\\/\\\/www.specialfabrikken.dk\\\/vare\\\/model-te400\\\/#breadcrumb\"},\"inLanguage\":\"en-US\",\"potentialAction\":[{\"@type\":\"ReadAction\",\"target\":[\"https:\\\/\\\/www.specialfabrikken.dk\\\/vare\\\/model-te400\\\/\"]}]},{\"@type\":\"ImageObject\",\"inLanguage\":\"en-US\",\"@id\":\"https:\\\/\\\/www.specialfabrikken.dk\\\/vare\\\/model-te400\\\/#primaryimage\",\"url\":\"https:\\\/\\\/www.specialfabrikken.dk\\\/wp-content\\\/uploads\\\/2025\\\/10\\\/Blaa-maskine-ved-Speciafabrikken.png\",\"contentUrl\":\"https:\\\/\\\/www.specialfabrikken.dk\\\/wp-content\\\/uploads\\\/2025\\\/10\\\/Blaa-maskine-ved-Speciafabrikken.png\",\"width\":580,\"height\":957},{\"@type\":\"BreadcrumbList\",\"@id\":\"https:\\\/\\\/www.specialfabrikken.dk\\\/vare\\\/model-te400\\\/#breadcrumb\",\"itemListElement\":[{\"@type\":\"ListItem\",\"position\":1,\"name\":\"Forside\",\"item\":\"https:\\\/\\\/www.specialfabrikken.dk\\\/\"},{\"@type\":\"ListItem\",\"position\":2,\"name\":\"Shop\",\"item\":\"https:\\\/\\\/www.specialfabrikken.dk\\\/shop\\\/\"},{\"@type\":\"ListItem\",\"position\":3,\"name\":\"TE400 Tvangsblander 5,5kW \\\/ 7,5 Hk\"}]},{\"@type\":\"WebSite\",\"@id\":\"https:\\\/\\\/www.specialfabrikken.dk\\\/#website\",\"url\":\"https:\\\/\\\/www.specialfabrikken.dk\\\/\",\"name\":\"Specialfabrikken\",\"description\":\"Specialfabrikken\",\"potentialAction\":[{\"@type\":\"SearchAction\",\"target\":{\"@type\":\"EntryPoint\",\"urlTemplate\":\"https:\\\/\\\/www.specialfabrikken.dk\\\/?s={search_term_string}\"},\"query-input\":{\"@type\":\"PropertyValueSpecification\",\"valueRequired\":true,\"valueName\":\"search_term_string\"}}],\"inLanguage\":\"en-US\"}]}<\/script>\n<!-- \/ Yoast SEO plugin. -->","yoast_head_json":{"title":"Tvangsblander TE400 | 400 L m\/ kraftig 5,5Hk motor","description":"TE400 er en kraftfuld tvangsblander fra Specialfabrikken med en volumen p\u00e5 400 liter (280 liter f\u00e6rdigblandet materiale). Den er udstyret med en kraftig 5,5Hk motor, tre lydd\u00e6mpende arme, trinl\u00f8s justering af skovlblade og en robust konstruktion.","robots":{"index":"index","follow":"follow","max-snippet":"max-snippet:-1","max-image-preview":"max-image-preview:large","max-video-preview":"max-video-preview:-1"},"canonical":"https:\/\/www.specialfabrikken.dk\/en\/product-2\/model-te400\/","og_locale":"en_US","og_type":"article","og_title":"Tvangsblander TE400 | 400 L m\/ kraftig 5,5Hk motor","og_description":"TE400 er en kraftfuld tvangsblander fra Specialfabrikken med en volumen p\u00e5 400 liter (280 liter f\u00e6rdigblandet materiale). Den er udstyret med en kraftig 5,5Hk motor, tre lydd\u00e6mpende arme, trinl\u00f8s justering af skovlblade og en robust konstruktion.","og_url":"https:\/\/www.specialfabrikken.dk\/en\/product-2\/model-te400\/","og_site_name":"Specialfabrikken","article_modified_time":"2026-04-28T05:29:04+00:00","og_image":[{"width":580,"height":957,"url":"https:\/\/www.specialfabrikken.dk\/wp-content\/uploads\/2025\/10\/Blaa-maskine-ved-Speciafabrikken.png","type":"image\/png"}],"twitter_card":"summary_large_image","twitter_misc":{"Est. reading time":"3 minutes"},"schema":{"@context":"https:\/\/schema.org","@graph":[{"@type":"WebPage","@id":"https:\/\/www.specialfabrikken.dk\/vare\/model-te400\/","url":"https:\/\/www.specialfabrikken.dk\/vare\/model-te400\/","name":"Tvangsblander TE400 | 400 L m\/ kraftig 5,5Hk motor","isPartOf":{"@id":"https:\/\/www.specialfabrikken.dk\/#website"},"primaryImageOfPage":{"@id":"https:\/\/www.specialfabrikken.dk\/vare\/model-te400\/#primaryimage"},"image":{"@id":"https:\/\/www.specialfabrikken.dk\/vare\/model-te400\/#primaryimage"},"thumbnailUrl":"https:\/\/www.specialfabrikken.dk\/wp-content\/uploads\/2025\/10\/Blaa-maskine-ved-Speciafabrikken.png","datePublished":"2025-10-24T07:02:30+00:00","dateModified":"2026-04-28T05:29:04+00:00","description":"TE400 er en kraftfuld tvangsblander fra Specialfabrikken med en volumen p\u00e5 400 liter (280 liter f\u00e6rdigblandet materiale). Den er udstyret med en kraftig 5,5Hk motor, tre lydd\u00e6mpende arme, trinl\u00f8s justering af skovlblade og en robust konstruktion.","breadcrumb":{"@id":"https:\/\/www.specialfabrikken.dk\/vare\/model-te400\/#breadcrumb"},"inLanguage":"en-US","potentialAction":[{"@type":"ReadAction","target":["https:\/\/www.specialfabrikken.dk\/vare\/model-te400\/"]}]},{"@type":"ImageObject","inLanguage":"en-US","@id":"https:\/\/www.specialfabrikken.dk\/vare\/model-te400\/#primaryimage","url":"https:\/\/www.specialfabrikken.dk\/wp-content\/uploads\/2025\/10\/Blaa-maskine-ved-Speciafabrikken.png","contentUrl":"https:\/\/www.specialfabrikken.dk\/wp-content\/uploads\/2025\/10\/Blaa-maskine-ved-Speciafabrikken.png","width":580,"height":957},{"@type":"BreadcrumbList","@id":"https:\/\/www.specialfabrikken.dk\/vare\/model-te400\/#breadcrumb","itemListElement":[{"@type":"ListItem","position":1,"name":"Forside","item":"https:\/\/www.specialfabrikken.dk\/"},{"@type":"ListItem","position":2,"name":"Shop","item":"https:\/\/www.specialfabrikken.dk\/shop\/"},{"@type":"ListItem","position":3,"name":"TE400 Tvangsblander 5,5kW \/ 7,5 Hk"}]},{"@type":"WebSite","@id":"https:\/\/www.specialfabrikken.dk\/#website","url":"https:\/\/www.specialfabrikken.dk\/","name":"Specialfabrikken","description":"Specialfabrikken","potentialAction":[{"@type":"SearchAction","target":{"@type":"EntryPoint","urlTemplate":"https:\/\/www.specialfabrikken.dk\/?s={search_term_string}"},"query-input":{"@type":"PropertyValueSpecification","valueRequired":true,"valueName":"search_term_string"}}],"inLanguage":"en-US"}]}},"_links":{"self":[{"href":"https:\/\/www.specialfabrikken.dk\/en\/wp-json\/wp\/v2\/product\/73794","targetHints":{"allow":["GET"]}}],"collection":[{"href":"https:\/\/www.specialfabrikken.dk\/en\/wp-json\/wp\/v2\/product"}],"about":[{"href":"https:\/\/www.specialfabrikken.dk\/en\/wp-json\/wp\/v2\/types\/product"}],"replies":[{"embeddable":true,"href":"https:\/\/www.specialfabrikken.dk\/en\/wp-json\/wp\/v2\/comments?post=73794"}],"wp:featuredmedia":[{"embeddable":true,"href":"https:\/\/www.specialfabrikken.dk\/en\/wp-json\/wp\/v2\/media\/73823"}],"wp:attachment":[{"href":"https:\/\/www.specialfabrikken.dk\/en\/wp-json\/wp\/v2\/media?parent=73794"}],"wp:term":[{"taxonomy":"product_brand","embeddable":true,"href":"https:\/\/www.specialfabrikken.dk\/en\/wp-json\/wp\/v2\/product_brand?post=73794"},{"taxonomy":"product_cat","embeddable":true,"href":"https:\/\/www.specialfabrikken.dk\/en\/wp-json\/wp\/v2\/product_cat?post=73794"},{"taxonomy":"product_tag","embeddable":true,"href":"https:\/\/www.specialfabrikken.dk\/en\/wp-json\/wp\/v2\/product_tag?post=73794"}],"curies":[{"name":"wp","href":"https:\/\/api.w.org\/{rel}","templated":true}]}}