{"id":73804,"date":"2025-10-24T08:15:09","date_gmt":"2025-10-24T08:15:09","guid":{"rendered":"https:\/\/www.specialfabrikken.dk\/?post_type=product&#038;p=73804"},"modified":"2025-10-24T08:34:14","modified_gmt":"2025-10-24T08:34:14","slug":"opgradering-til-forstaerket-blandemoelle-te300","status":"publish","type":"product","link":"https:\/\/www.specialfabrikken.dk\/en\/vare\/opgradering-til-forstaerket-blandemoelle-te300\/","title":{"rendered":"Opgradering til Forst\u00e6rket Blandem\u00f8lle TE300"},"content":{"rendered":"<p>Forst\u00e6rket Blandem\u00f8lle til <a href=\"https:\/\/www.specialfabrikken.dk\/en\/product-2\/tvangsblander-te300\/\">TE300. <\/a>\u00d8nsker du en ekstra kraftig blandem\u00f8lle til den n\u00e6rmest uopslidelige TE300 fra Specialfabrikken Vinderup, s\u00e5 er her muligheden.<\/p>","protected":false},"excerpt":{"rendered":"<p class=\"p1\"><b>Ekstra kraftig blandem\u00f8lle til TE300<br \/>\n<\/b><b><\/b>Forst\u00e6rket udgave til dig, der stiller ekstra h\u00f8je krav til holdbarhed. Passer direkte p\u00e5 Specialfabrikkens TE300 tvangsblander.<\/p>","protected":false},"featured_media":72208,"comment_status":"open","ping_status":"closed","template":"","meta":{"_acf_changed":false,"_et_pb_use_builder":"","_et_pb_old_content":"","_et_gb_content_width":""},"product_brand":[],"product_cat":[28],"product_tag":[152,199,142,143],"class_list":{"0":"post-73804","1":"product","2":"type-product","3":"status-publish","4":"has-post-thumbnail","6":"product_cat-ukategoriseret","7":"product_tag-blandemoelle","8":"product_tag-opgradering","9":"product_tag-te300","10":"product_tag-tvangsblander","11":"product_shipping_class-stor","13":"first","14":"onbackorder","15":"taxable","16":"shipping-taxable","17":"purchasable","18":"product-type-simple"},"acf":[],"yoast_head":"<!-- This site is optimized with the Yoast SEO plugin v27.4 - https:\/\/yoast.com\/product\/yoast-seo-wordpress\/ -->\n<title>Opgradering til Forst\u00e6rket Blandem\u00f8lle TE300 - Specialfabrikken<\/title>\n<meta name=\"description\" content=\"Forst\u00e6rket Blandem\u00f8lle til TE300. \u00d8nsker du en ekstra kraftig blandem\u00f8lle til den n\u00e6rmest uopslidelige TE300 fra Specialfabrikken Vinderup, s\u00e5 er her muligheden.\" \/>\n<meta name=\"robots\" content=\"index, follow, max-snippet:-1, max-image-preview:large, max-video-preview:-1\" \/>\n<link rel=\"canonical\" href=\"https:\/\/www.specialfabrikken.dk\/en\/product-2\/opgradering-til-forstaerket-blandemoelle-te300\/\" \/>\n<meta property=\"og:locale\" content=\"en_US\" \/>\n<meta property=\"og:type\" content=\"article\" \/>\n<meta property=\"og:title\" content=\"Opgradering til Forst\u00e6rket Blandem\u00f8lle TE300 - Specialfabrikken\" \/>\n<meta property=\"og:description\" content=\"Forst\u00e6rket Blandem\u00f8lle til TE300. \u00d8nsker du en ekstra kraftig blandem\u00f8lle til den n\u00e6rmest uopslidelige TE300 fra Specialfabrikken Vinderup, s\u00e5 er her muligheden.\" \/>\n<meta property=\"og:url\" content=\"https:\/\/www.specialfabrikken.dk\/en\/product-2\/opgradering-til-forstaerket-blandemoelle-te300\/\" \/>\n<meta property=\"og:site_name\" content=\"Specialfabrikken\" \/>\n<meta property=\"article:modified_time\" content=\"2025-10-24T08:34:14+00:00\" \/>\n<meta property=\"og:image\" content=\"https:\/\/www.specialfabrikken.dk\/wp-content\/uploads\/2024\/05\/Forstarket-blandemolle.jpg\" \/>\n\t<meta property=\"og:image:width\" content=\"2031\" \/>\n\t<meta property=\"og:image:height\" content=\"1746\" \/>\n\t<meta property=\"og:image:type\" content=\"image\/jpeg\" \/>\n<meta name=\"twitter:card\" content=\"summary_large_image\" \/>\n<meta name=\"twitter:label1\" content=\"Est. reading time\" \/>\n\t<meta name=\"twitter:data1\" content=\"1 minute\" \/>\n<script type=\"application\/ld+json\" class=\"yoast-schema-graph\">{\"@context\":\"https:\\\/\\\/schema.org\",\"@graph\":[{\"@type\":\"WebPage\",\"@id\":\"https:\\\/\\\/www.specialfabrikken.dk\\\/vare\\\/opgradering-til-forstaerket-blandemoelle-te300\\\/\",\"url\":\"https:\\\/\\\/www.specialfabrikken.dk\\\/vare\\\/opgradering-til-forstaerket-blandemoelle-te300\\\/\",\"name\":\"Opgradering til Forst\u00e6rket Blandem\u00f8lle TE300 - Specialfabrikken\",\"isPartOf\":{\"@id\":\"https:\\\/\\\/www.specialfabrikken.dk\\\/#website\"},\"primaryImageOfPage\":{\"@id\":\"https:\\\/\\\/www.specialfabrikken.dk\\\/vare\\\/opgradering-til-forstaerket-blandemoelle-te300\\\/#primaryimage\"},\"image\":{\"@id\":\"https:\\\/\\\/www.specialfabrikken.dk\\\/vare\\\/opgradering-til-forstaerket-blandemoelle-te300\\\/#primaryimage\"},\"thumbnailUrl\":\"https:\\\/\\\/www.specialfabrikken.dk\\\/wp-content\\\/uploads\\\/2024\\\/05\\\/Forstarket-blandemolle.jpg\",\"datePublished\":\"2025-10-24T08:15:09+00:00\",\"dateModified\":\"2025-10-24T08:34:14+00:00\",\"description\":\"Forst\u00e6rket Blandem\u00f8lle til TE300. \u00d8nsker du en ekstra kraftig blandem\u00f8lle til den n\u00e6rmest uopslidelige TE300 fra Specialfabrikken Vinderup, s\u00e5 er her muligheden.\",\"breadcrumb\":{\"@id\":\"https:\\\/\\\/www.specialfabrikken.dk\\\/vare\\\/opgradering-til-forstaerket-blandemoelle-te300\\\/#breadcrumb\"},\"inLanguage\":\"en-US\",\"potentialAction\":[{\"@type\":\"ReadAction\",\"target\":[\"https:\\\/\\\/www.specialfabrikken.dk\\\/vare\\\/opgradering-til-forstaerket-blandemoelle-te300\\\/\"]}]},{\"@type\":\"ImageObject\",\"inLanguage\":\"en-US\",\"@id\":\"https:\\\/\\\/www.specialfabrikken.dk\\\/vare\\\/opgradering-til-forstaerket-blandemoelle-te300\\\/#primaryimage\",\"url\":\"https:\\\/\\\/www.specialfabrikken.dk\\\/wp-content\\\/uploads\\\/2024\\\/05\\\/Forstarket-blandemolle.jpg\",\"contentUrl\":\"https:\\\/\\\/www.specialfabrikken.dk\\\/wp-content\\\/uploads\\\/2024\\\/05\\\/Forstarket-blandemolle.jpg\",\"width\":2031,\"height\":1746,\"caption\":\"SONY DSC\"},{\"@type\":\"BreadcrumbList\",\"@id\":\"https:\\\/\\\/www.specialfabrikken.dk\\\/vare\\\/opgradering-til-forstaerket-blandemoelle-te300\\\/#breadcrumb\",\"itemListElement\":[{\"@type\":\"ListItem\",\"position\":1,\"name\":\"Forside\",\"item\":\"https:\\\/\\\/www.specialfabrikken.dk\\\/\"},{\"@type\":\"ListItem\",\"position\":2,\"name\":\"Shop\",\"item\":\"https:\\\/\\\/www.specialfabrikken.dk\\\/shop\\\/\"},{\"@type\":\"ListItem\",\"position\":3,\"name\":\"Opgradering til Forst\u00e6rket Blandem\u00f8lle TE300\"}]},{\"@type\":\"WebSite\",\"@id\":\"https:\\\/\\\/www.specialfabrikken.dk\\\/#website\",\"url\":\"https:\\\/\\\/www.specialfabrikken.dk\\\/\",\"name\":\"Specialfabrikken\",\"description\":\"Specialfabrikken\",\"potentialAction\":[{\"@type\":\"SearchAction\",\"target\":{\"@type\":\"EntryPoint\",\"urlTemplate\":\"https:\\\/\\\/www.specialfabrikken.dk\\\/?s={search_term_string}\"},\"query-input\":{\"@type\":\"PropertyValueSpecification\",\"valueRequired\":true,\"valueName\":\"search_term_string\"}}],\"inLanguage\":\"en-US\"}]}<\/script>\n<!-- \/ Yoast SEO plugin. -->","yoast_head_json":{"title":"Opgradering til Forst\u00e6rket Blandem\u00f8lle TE300 - Specialfabrikken","description":"Forst\u00e6rket Blandem\u00f8lle til TE300. \u00d8nsker du en ekstra kraftig blandem\u00f8lle til den n\u00e6rmest uopslidelige TE300 fra Specialfabrikken Vinderup, s\u00e5 er her muligheden.","robots":{"index":"index","follow":"follow","max-snippet":"max-snippet:-1","max-image-preview":"max-image-preview:large","max-video-preview":"max-video-preview:-1"},"canonical":"https:\/\/www.specialfabrikken.dk\/en\/product-2\/opgradering-til-forstaerket-blandemoelle-te300\/","og_locale":"en_US","og_type":"article","og_title":"Opgradering til Forst\u00e6rket Blandem\u00f8lle TE300 - Specialfabrikken","og_description":"Forst\u00e6rket Blandem\u00f8lle til TE300. \u00d8nsker du en ekstra kraftig blandem\u00f8lle til den n\u00e6rmest uopslidelige TE300 fra Specialfabrikken Vinderup, s\u00e5 er her muligheden.","og_url":"https:\/\/www.specialfabrikken.dk\/en\/product-2\/opgradering-til-forstaerket-blandemoelle-te300\/","og_site_name":"Specialfabrikken","article_modified_time":"2025-10-24T08:34:14+00:00","og_image":[{"width":2031,"height":1746,"url":"https:\/\/www.specialfabrikken.dk\/wp-content\/uploads\/2024\/05\/Forstarket-blandemolle.jpg","type":"image\/jpeg"}],"twitter_card":"summary_large_image","twitter_misc":{"Est. reading time":"1 minute"},"schema":{"@context":"https:\/\/schema.org","@graph":[{"@type":"WebPage","@id":"https:\/\/www.specialfabrikken.dk\/vare\/opgradering-til-forstaerket-blandemoelle-te300\/","url":"https:\/\/www.specialfabrikken.dk\/vare\/opgradering-til-forstaerket-blandemoelle-te300\/","name":"Opgradering til Forst\u00e6rket Blandem\u00f8lle TE300 - Specialfabrikken","isPartOf":{"@id":"https:\/\/www.specialfabrikken.dk\/#website"},"primaryImageOfPage":{"@id":"https:\/\/www.specialfabrikken.dk\/vare\/opgradering-til-forstaerket-blandemoelle-te300\/#primaryimage"},"image":{"@id":"https:\/\/www.specialfabrikken.dk\/vare\/opgradering-til-forstaerket-blandemoelle-te300\/#primaryimage"},"thumbnailUrl":"https:\/\/www.specialfabrikken.dk\/wp-content\/uploads\/2024\/05\/Forstarket-blandemolle.jpg","datePublished":"2025-10-24T08:15:09+00:00","dateModified":"2025-10-24T08:34:14+00:00","description":"Forst\u00e6rket Blandem\u00f8lle til TE300. \u00d8nsker du en ekstra kraftig blandem\u00f8lle til den n\u00e6rmest uopslidelige TE300 fra Specialfabrikken Vinderup, s\u00e5 er her muligheden.","breadcrumb":{"@id":"https:\/\/www.specialfabrikken.dk\/vare\/opgradering-til-forstaerket-blandemoelle-te300\/#breadcrumb"},"inLanguage":"en-US","potentialAction":[{"@type":"ReadAction","target":["https:\/\/www.specialfabrikken.dk\/vare\/opgradering-til-forstaerket-blandemoelle-te300\/"]}]},{"@type":"ImageObject","inLanguage":"en-US","@id":"https:\/\/www.specialfabrikken.dk\/vare\/opgradering-til-forstaerket-blandemoelle-te300\/#primaryimage","url":"https:\/\/www.specialfabrikken.dk\/wp-content\/uploads\/2024\/05\/Forstarket-blandemolle.jpg","contentUrl":"https:\/\/www.specialfabrikken.dk\/wp-content\/uploads\/2024\/05\/Forstarket-blandemolle.jpg","width":2031,"height":1746,"caption":"SONY DSC"},{"@type":"BreadcrumbList","@id":"https:\/\/www.specialfabrikken.dk\/vare\/opgradering-til-forstaerket-blandemoelle-te300\/#breadcrumb","itemListElement":[{"@type":"ListItem","position":1,"name":"Forside","item":"https:\/\/www.specialfabrikken.dk\/"},{"@type":"ListItem","position":2,"name":"Shop","item":"https:\/\/www.specialfabrikken.dk\/shop\/"},{"@type":"ListItem","position":3,"name":"Opgradering til Forst\u00e6rket Blandem\u00f8lle TE300"}]},{"@type":"WebSite","@id":"https:\/\/www.specialfabrikken.dk\/#website","url":"https:\/\/www.specialfabrikken.dk\/","name":"Specialfabrikken","description":"Specialfabrikken","potentialAction":[{"@type":"SearchAction","target":{"@type":"EntryPoint","urlTemplate":"https:\/\/www.specialfabrikken.dk\/?s={search_term_string}"},"query-input":{"@type":"PropertyValueSpecification","valueRequired":true,"valueName":"search_term_string"}}],"inLanguage":"en-US"}]}},"_links":{"self":[{"href":"https:\/\/www.specialfabrikken.dk\/en\/wp-json\/wp\/v2\/product\/73804","targetHints":{"allow":["GET"]}}],"collection":[{"href":"https:\/\/www.specialfabrikken.dk\/en\/wp-json\/wp\/v2\/product"}],"about":[{"href":"https:\/\/www.specialfabrikken.dk\/en\/wp-json\/wp\/v2\/types\/product"}],"replies":[{"embeddable":true,"href":"https:\/\/www.specialfabrikken.dk\/en\/wp-json\/wp\/v2\/comments?post=73804"}],"wp:featuredmedia":[{"embeddable":true,"href":"https:\/\/www.specialfabrikken.dk\/en\/wp-json\/wp\/v2\/media\/72208"}],"wp:attachment":[{"href":"https:\/\/www.specialfabrikken.dk\/en\/wp-json\/wp\/v2\/media?parent=73804"}],"wp:term":[{"taxonomy":"product_brand","embeddable":true,"href":"https:\/\/www.specialfabrikken.dk\/en\/wp-json\/wp\/v2\/product_brand?post=73804"},{"taxonomy":"product_cat","embeddable":true,"href":"https:\/\/www.specialfabrikken.dk\/en\/wp-json\/wp\/v2\/product_cat?post=73804"},{"taxonomy":"product_tag","embeddable":true,"href":"https:\/\/www.specialfabrikken.dk\/en\/wp-json\/wp\/v2\/product_tag?post=73804"}],"curies":[{"name":"wp","href":"https:\/\/api.w.org\/{rel}","templated":true}]}}