{"id":73867,"date":"2025-10-31T11:24:01","date_gmt":"2025-10-31T11:24:01","guid":{"rendered":"https:\/\/www.specialfabrikken.dk\/?post_type=product&#038;p=73867"},"modified":"2026-03-24T15:10:07","modified_gmt":"2026-03-24T14:10:07","slug":"spv-305-m-tag-bukkesaet-staahoejde-16-245-m","status":"publish","type":"product","link":"https:\/\/www.specialfabrikken.dk\/en\/vare\/spv-305-m-tag-bukkesaet-staahoejde-16-245-m\/","title":{"rendered":"Bukkes\u00e6t Tag st\u00e5h\u00f8jde 1,6-2,45 m. (3,05 m. d\u00e6k)"},"content":{"rendered":"<p>SPV Tag Bukkes\u00e6t sat til 15 m. i l\u00e6ngden 3,05 m og en st\u00e5h\u00f8jde fra 1,6 til 2,45 m. med tagsk\u00e6rm og st\u00e5lh\u00e5ndlister.<\/p>\n<p>Et st\u00e6rkt bukkestillads der er perfekt til tagarbejde.<\/p>\n<p>S\u00e6ttet best\u00e5r af f\u00f8lgende:<\/p>\n<p>6 stk. <a href=\"https:\/\/www.specialfabrikken.dk\/en\/product-2\/stilladsbuk\/\">SPV stilladsbukke<\/a><\/p>\n<p>6 stk. <a href=\"https:\/\/www.specialfabrikken.dk\/en\/product-2\/loes-overligger-kl-3-h-160-cm\/\">160 cm. overligger 100 cm. ben.<\/a><\/p>\n<p>10 stk. <a href=\"https:\/\/www.specialfabrikken.dk\/en\/product-2\/alu-daek-uden-lem-06-x-305-m-droptestet\/\">droptestede alu-d\u00e6k 3,05 m.<\/a><\/p>\n<p>6 stk. <a href=\"https:\/\/www.specialfabrikken.dk\/en\/product-2\/gelaenderroer\/\">Gel\u00e6nderr\u00f8r til st\u00e5l<\/a><\/p>\n<p>10 stk. <a href=\"https:\/\/www.specialfabrikken.dk\/en\/product-2\/staal-haand-og-knaeliste-bukkestillads-297-m\/\">H\u00e5nd- og kn\u00e6liste i st\u00e5l i 2,97 m.<\/a><\/p>\n<p>5 stk. <a href=\"https:\/\/www.specialfabrikken.dk\/en\/product-2\/sikkerhedshegn-ex-3230-mm\/\">Sikkerhedshegn<\/a> til tagarbejde<\/p>\n<p>2 stk. <a href=\"https:\/\/www.specialfabrikken.dk\/en\/product-2\/diagonalroer-afstivningsroer\/\">Diagonaler \u00d833\/\u00d842 mm<\/a><\/p>\n<p>12 stk. <a href=\"https:\/\/www.specialfabrikken.dk\/en\/product-2\/roeranker-i-staal\/\">R\u00f8ranker St\u00e5l 60 cm.<\/a><\/p>\n<p>12 stk. <a href=\"https:\/\/www.specialfabrikken.dk\/en\/product-2\/skruekobling-dobbelt-dreje-oe48-oe42-48\/\">\u00d833\/\u00d848 drejekobling<\/a><\/p>\n<p>Bem\u00e6rk at i henhold til lovgivningen fra Arbejdstilsynet, er der specifikke krav til tagarbejde. Se manualen <a href=\"https:\/\/www.specialfabrikken.dk\/wp-content\/uploads\/2023\/10\/SpBl-PB-6.0-bukkestillads-tagarbejde.pdf\">her.<\/a><\/p>","protected":false},"excerpt":{"rendered":"<h5><strong>SPV Bukkes\u00e6t til tagarbejde med hegn, forankringer og droptestede d\u00e6k<\/strong><\/h5>\n<h5>L\u00e6ngde: 15 m.<\/h5>\n<h5>St\u00e5h\u00f8jde: 1,6 til 2,45 m.<\/h5>\n<h5>Der kan rettes op i delene, hvis der \u00f8nskes et l\u00e6ngere s\u00e6t. G\u00e5 ogs\u00e5 p\u00e5 opdagelse i vores udvalg af ekstra tilbeh\u00f8r. Begge dele g\u00f8res under fanen \u2018Se indhold i s\u00e6ttet\u2019.<\/h5>","protected":false},"featured_media":53156,"comment_status":"open","ping_status":"closed","template":"","meta":{"_acf_changed":false,"_et_pb_use_builder":"","_et_pb_old_content":"","_et_gb_content_width":""},"product_brand":[],"product_cat":[128,66,31],"product_tag":[112,122,151,147],"class_list":{"0":"post-73867","1":"product","2":"type-product","3":"status-publish","4":"has-post-thumbnail","6":"product_cat-bukkesaet","7":"product_cat-bukkestillads","8":"product_cat-stillads","9":"product_tag-bukkestillads","10":"product_tag-droptestet-daek","11":"product_tag-komplet-saet","12":"product_tag-tagarbejde","13":"product_shipping_class-stor","15":"first","16":"instock","17":"sale","18":"taxable","19":"shipping-taxable","20":"purchasable","21":"product-type-woosb"},"acf":[],"yoast_head":"<!-- This site is optimized with the Yoast SEO plugin v27.4 - https:\/\/yoast.com\/product\/yoast-seo-wordpress\/ -->\n<title>Bukkes\u00e6t Tag st\u00e5h\u00f8jde 1,6-2,45 m. (3,05 m. d\u00e6k) - Specialfabrikken<\/title>\n<meta name=\"description\" content=\"SPV 3,05 m. Tag Bukkes\u00e6t og en st\u00e5h\u00f8jde fra 1,6 til 2,45 m. Det helt rigtige bukkes\u00e6t til dit tagarbejde.\" \/>\n<meta name=\"robots\" content=\"index, follow, max-snippet:-1, max-image-preview:large, max-video-preview:-1\" \/>\n<link rel=\"canonical\" href=\"https:\/\/www.specialfabrikken.dk\/en\/product-2\/spv-305-m-tag-bukkesaet-staahoejde-16-245-m\/\" \/>\n<meta property=\"og:locale\" content=\"en_US\" \/>\n<meta property=\"og:type\" content=\"article\" \/>\n<meta property=\"og:title\" content=\"Bukkes\u00e6t Tag st\u00e5h\u00f8jde 1,6-2,45 m. (3,05 m. d\u00e6k) - Specialfabrikken\" \/>\n<meta property=\"og:description\" content=\"SPV 3,05 m. Tag Bukkes\u00e6t og en st\u00e5h\u00f8jde fra 1,6 til 2,45 m. Det helt rigtige bukkes\u00e6t til dit tagarbejde.\" \/>\n<meta property=\"og:url\" content=\"https:\/\/www.specialfabrikken.dk\/en\/product-2\/spv-305-m-tag-bukkesaet-staahoejde-16-245-m\/\" \/>\n<meta property=\"og:site_name\" content=\"Specialfabrikken\" \/>\n<meta property=\"article:modified_time\" content=\"2026-03-24T14:10:07+00:00\" \/>\n<meta property=\"og:image\" content=\"https:\/\/www.specialfabrikken.dk\/wp-content\/uploads\/2023\/06\/Bukkestillads-stoetteben.png\" \/>\n\t<meta property=\"og:image:width\" content=\"1600\" \/>\n\t<meta property=\"og:image:height\" content=\"1200\" \/>\n\t<meta property=\"og:image:type\" content=\"image\/png\" \/>\n<meta name=\"twitter:card\" content=\"summary_large_image\" \/>\n<meta name=\"twitter:label1\" content=\"Est. reading time\" \/>\n\t<meta name=\"twitter:data1\" content=\"1 minute\" \/>\n<script type=\"application\/ld+json\" class=\"yoast-schema-graph\">{\"@context\":\"https:\\\/\\\/schema.org\",\"@graph\":[{\"@type\":\"WebPage\",\"@id\":\"https:\\\/\\\/www.specialfabrikken.dk\\\/vare\\\/spv-305-m-tag-bukkesaet-staahoejde-16-245-m\\\/\",\"url\":\"https:\\\/\\\/www.specialfabrikken.dk\\\/vare\\\/spv-305-m-tag-bukkesaet-staahoejde-16-245-m\\\/\",\"name\":\"Bukkes\u00e6t Tag st\u00e5h\u00f8jde 1,6-2,45 m. (3,05 m. d\u00e6k) - Specialfabrikken\",\"isPartOf\":{\"@id\":\"https:\\\/\\\/www.specialfabrikken.dk\\\/#website\"},\"primaryImageOfPage\":{\"@id\":\"https:\\\/\\\/www.specialfabrikken.dk\\\/vare\\\/spv-305-m-tag-bukkesaet-staahoejde-16-245-m\\\/#primaryimage\"},\"image\":{\"@id\":\"https:\\\/\\\/www.specialfabrikken.dk\\\/vare\\\/spv-305-m-tag-bukkesaet-staahoejde-16-245-m\\\/#primaryimage\"},\"thumbnailUrl\":\"https:\\\/\\\/www.specialfabrikken.dk\\\/wp-content\\\/uploads\\\/2023\\\/06\\\/Bukkestillads-stoetteben.png\",\"datePublished\":\"2025-10-31T11:24:01+00:00\",\"dateModified\":\"2026-03-24T14:10:07+00:00\",\"description\":\"SPV 3,05 m. Tag Bukkes\u00e6t og en st\u00e5h\u00f8jde fra 1,6 til 2,45 m. Det helt rigtige bukkes\u00e6t til dit tagarbejde.\",\"breadcrumb\":{\"@id\":\"https:\\\/\\\/www.specialfabrikken.dk\\\/vare\\\/spv-305-m-tag-bukkesaet-staahoejde-16-245-m\\\/#breadcrumb\"},\"inLanguage\":\"en-US\",\"potentialAction\":[{\"@type\":\"ReadAction\",\"target\":[\"https:\\\/\\\/www.specialfabrikken.dk\\\/vare\\\/spv-305-m-tag-bukkesaet-staahoejde-16-245-m\\\/\"]}]},{\"@type\":\"ImageObject\",\"inLanguage\":\"en-US\",\"@id\":\"https:\\\/\\\/www.specialfabrikken.dk\\\/vare\\\/spv-305-m-tag-bukkesaet-staahoejde-16-245-m\\\/#primaryimage\",\"url\":\"https:\\\/\\\/www.specialfabrikken.dk\\\/wp-content\\\/uploads\\\/2023\\\/06\\\/Bukkestillads-stoetteben.png\",\"contentUrl\":\"https:\\\/\\\/www.specialfabrikken.dk\\\/wp-content\\\/uploads\\\/2023\\\/06\\\/Bukkestillads-stoetteben.png\",\"width\":1600,\"height\":1200,\"caption\":\"bukkestillads, bukkes\u00e6t, st\u00f8tteben, bukkestillads til tagarbejde, tag, bukke til tag\"},{\"@type\":\"BreadcrumbList\",\"@id\":\"https:\\\/\\\/www.specialfabrikken.dk\\\/vare\\\/spv-305-m-tag-bukkesaet-staahoejde-16-245-m\\\/#breadcrumb\",\"itemListElement\":[{\"@type\":\"ListItem\",\"position\":1,\"name\":\"Forside\",\"item\":\"https:\\\/\\\/www.specialfabrikken.dk\\\/\"},{\"@type\":\"ListItem\",\"position\":2,\"name\":\"Shop\",\"item\":\"https:\\\/\\\/www.specialfabrikken.dk\\\/shop\\\/\"},{\"@type\":\"ListItem\",\"position\":3,\"name\":\"Bukkes\u00e6t Tag st\u00e5h\u00f8jde 1,6-2,45 m. (3,05 m. d\u00e6k)\"}]},{\"@type\":\"WebSite\",\"@id\":\"https:\\\/\\\/www.specialfabrikken.dk\\\/#website\",\"url\":\"https:\\\/\\\/www.specialfabrikken.dk\\\/\",\"name\":\"Specialfabrikken\",\"description\":\"Specialfabrikken\",\"potentialAction\":[{\"@type\":\"SearchAction\",\"target\":{\"@type\":\"EntryPoint\",\"urlTemplate\":\"https:\\\/\\\/www.specialfabrikken.dk\\\/?s={search_term_string}\"},\"query-input\":{\"@type\":\"PropertyValueSpecification\",\"valueRequired\":true,\"valueName\":\"search_term_string\"}}],\"inLanguage\":\"en-US\"}]}<\/script>\n<!-- \/ Yoast SEO plugin. -->","yoast_head_json":{"title":"Bukkes\u00e6t Tag st\u00e5h\u00f8jde 1,6-2,45 m. (3,05 m. d\u00e6k) - Specialfabrikken","description":"SPV 3,05 m. Tag Bukkes\u00e6t og en st\u00e5h\u00f8jde fra 1,6 til 2,45 m. Det helt rigtige bukkes\u00e6t til dit tagarbejde.","robots":{"index":"index","follow":"follow","max-snippet":"max-snippet:-1","max-image-preview":"max-image-preview:large","max-video-preview":"max-video-preview:-1"},"canonical":"https:\/\/www.specialfabrikken.dk\/en\/product-2\/spv-305-m-tag-bukkesaet-staahoejde-16-245-m\/","og_locale":"en_US","og_type":"article","og_title":"Bukkes\u00e6t Tag st\u00e5h\u00f8jde 1,6-2,45 m. (3,05 m. d\u00e6k) - Specialfabrikken","og_description":"SPV 3,05 m. Tag Bukkes\u00e6t og en st\u00e5h\u00f8jde fra 1,6 til 2,45 m. Det helt rigtige bukkes\u00e6t til dit tagarbejde.","og_url":"https:\/\/www.specialfabrikken.dk\/en\/product-2\/spv-305-m-tag-bukkesaet-staahoejde-16-245-m\/","og_site_name":"Specialfabrikken","article_modified_time":"2026-03-24T14:10:07+00:00","og_image":[{"width":1600,"height":1200,"url":"https:\/\/www.specialfabrikken.dk\/wp-content\/uploads\/2023\/06\/Bukkestillads-stoetteben.png","type":"image\/png"}],"twitter_card":"summary_large_image","twitter_misc":{"Est. reading time":"1 minute"},"schema":{"@context":"https:\/\/schema.org","@graph":[{"@type":"WebPage","@id":"https:\/\/www.specialfabrikken.dk\/vare\/spv-305-m-tag-bukkesaet-staahoejde-16-245-m\/","url":"https:\/\/www.specialfabrikken.dk\/vare\/spv-305-m-tag-bukkesaet-staahoejde-16-245-m\/","name":"Bukkes\u00e6t Tag st\u00e5h\u00f8jde 1,6-2,45 m. (3,05 m. d\u00e6k) - Specialfabrikken","isPartOf":{"@id":"https:\/\/www.specialfabrikken.dk\/#website"},"primaryImageOfPage":{"@id":"https:\/\/www.specialfabrikken.dk\/vare\/spv-305-m-tag-bukkesaet-staahoejde-16-245-m\/#primaryimage"},"image":{"@id":"https:\/\/www.specialfabrikken.dk\/vare\/spv-305-m-tag-bukkesaet-staahoejde-16-245-m\/#primaryimage"},"thumbnailUrl":"https:\/\/www.specialfabrikken.dk\/wp-content\/uploads\/2023\/06\/Bukkestillads-stoetteben.png","datePublished":"2025-10-31T11:24:01+00:00","dateModified":"2026-03-24T14:10:07+00:00","description":"SPV 3,05 m. Tag Bukkes\u00e6t og en st\u00e5h\u00f8jde fra 1,6 til 2,45 m. Det helt rigtige bukkes\u00e6t til dit tagarbejde.","breadcrumb":{"@id":"https:\/\/www.specialfabrikken.dk\/vare\/spv-305-m-tag-bukkesaet-staahoejde-16-245-m\/#breadcrumb"},"inLanguage":"en-US","potentialAction":[{"@type":"ReadAction","target":["https:\/\/www.specialfabrikken.dk\/vare\/spv-305-m-tag-bukkesaet-staahoejde-16-245-m\/"]}]},{"@type":"ImageObject","inLanguage":"en-US","@id":"https:\/\/www.specialfabrikken.dk\/vare\/spv-305-m-tag-bukkesaet-staahoejde-16-245-m\/#primaryimage","url":"https:\/\/www.specialfabrikken.dk\/wp-content\/uploads\/2023\/06\/Bukkestillads-stoetteben.png","contentUrl":"https:\/\/www.specialfabrikken.dk\/wp-content\/uploads\/2023\/06\/Bukkestillads-stoetteben.png","width":1600,"height":1200,"caption":"bukkestillads, bukkes\u00e6t, st\u00f8tteben, bukkestillads til tagarbejde, tag, bukke til tag"},{"@type":"BreadcrumbList","@id":"https:\/\/www.specialfabrikken.dk\/vare\/spv-305-m-tag-bukkesaet-staahoejde-16-245-m\/#breadcrumb","itemListElement":[{"@type":"ListItem","position":1,"name":"Forside","item":"https:\/\/www.specialfabrikken.dk\/"},{"@type":"ListItem","position":2,"name":"Shop","item":"https:\/\/www.specialfabrikken.dk\/shop\/"},{"@type":"ListItem","position":3,"name":"Bukkes\u00e6t Tag st\u00e5h\u00f8jde 1,6-2,45 m. (3,05 m. d\u00e6k)"}]},{"@type":"WebSite","@id":"https:\/\/www.specialfabrikken.dk\/#website","url":"https:\/\/www.specialfabrikken.dk\/","name":"Specialfabrikken","description":"Specialfabrikken","potentialAction":[{"@type":"SearchAction","target":{"@type":"EntryPoint","urlTemplate":"https:\/\/www.specialfabrikken.dk\/?s={search_term_string}"},"query-input":{"@type":"PropertyValueSpecification","valueRequired":true,"valueName":"search_term_string"}}],"inLanguage":"en-US"}]}},"_links":{"self":[{"href":"https:\/\/www.specialfabrikken.dk\/en\/wp-json\/wp\/v2\/product\/73867","targetHints":{"allow":["GET"]}}],"collection":[{"href":"https:\/\/www.specialfabrikken.dk\/en\/wp-json\/wp\/v2\/product"}],"about":[{"href":"https:\/\/www.specialfabrikken.dk\/en\/wp-json\/wp\/v2\/types\/product"}],"replies":[{"embeddable":true,"href":"https:\/\/www.specialfabrikken.dk\/en\/wp-json\/wp\/v2\/comments?post=73867"}],"wp:featuredmedia":[{"embeddable":true,"href":"https:\/\/www.specialfabrikken.dk\/en\/wp-json\/wp\/v2\/media\/53156"}],"wp:attachment":[{"href":"https:\/\/www.specialfabrikken.dk\/en\/wp-json\/wp\/v2\/media?parent=73867"}],"wp:term":[{"taxonomy":"product_brand","embeddable":true,"href":"https:\/\/www.specialfabrikken.dk\/en\/wp-json\/wp\/v2\/product_brand?post=73867"},{"taxonomy":"product_cat","embeddable":true,"href":"https:\/\/www.specialfabrikken.dk\/en\/wp-json\/wp\/v2\/product_cat?post=73867"},{"taxonomy":"product_tag","embeddable":true,"href":"https:\/\/www.specialfabrikken.dk\/en\/wp-json\/wp\/v2\/product_tag?post=73867"}],"curies":[{"name":"wp","href":"https:\/\/api.w.org\/{rel}","templated":true}]}}