{"id":73882,"date":"2025-11-12T10:52:55","date_gmt":"2025-11-12T10:52:55","guid":{"rendered":"https:\/\/www.specialfabrikken.dk\/vare\/alu-daek-med-lem-060-x-200-m\/"},"modified":"2026-02-18T07:53:49","modified_gmt":"2026-02-18T06:53:49","slug":"alu-daek-med-lem-060-x-200-m","status":"publish","type":"product","link":"https:\/\/www.specialfabrikken.dk\/en\/vare\/alu-daek-med-lem-060-x-200-m\/","title":{"rendered":"Alu-d\u00e6k med lem 0,60 x 2,00 m."},"content":{"rendered":"<p>Short description:<\/p>\n<ul>\n<li>Alu-d\u00e6k str. 0,6 x 2,00 m. med opgangslem.<\/li>\n<li>Passer til SPV Prof\u00ae Facade stillads St\u00e5l<\/li>\n<li>Selvlukkende l\u00e5ge der er h\u00e6ngslet p\u00e5 vangen.<\/li>\n<li>Klasse 3 200 kg pr. m2.<\/li>\n<li>Kraftige alu-vanger og kroge.<\/li>\n<li>Fremstillet i p\u00e5 egen Fabrik i Danmark med finsk birkefin\u00e9r i god kvalitet og skridsikker overflade.<\/li>\n<\/ul>","protected":false},"excerpt":{"rendered":"<h1>Alu-d\u00e6k med lem 0,60 x 2,00 m.<\/h1>","protected":false},"featured_media":3138,"comment_status":"open","ping_status":"closed","template":"","meta":{"_acf_changed":false,"_et_pb_use_builder":"","_et_pb_old_content":"","_et_gb_content_width":""},"product_brand":[],"product_cat":[35,102,66,32],"product_tag":[],"class_list":{"0":"post-73882","1":"product","2":"type-product","3":"status-publish","4":"has-post-thumbnail","6":"product_cat-alufacadestillads","7":"product_cat-alu-daek","8":"product_cat-bukkestillads","9":"product_cat-murerstillads","10":"product_shipping_class-stor","12":"first","13":"onbackorder","14":"taxable","15":"shipping-taxable","16":"purchasable","17":"product-type-simple"},"acf":[],"yoast_head":"<!-- This site is optimized with the Yoast SEO plugin v27.4 - https:\/\/yoast.com\/product\/yoast-seo-wordpress\/ -->\n<title>Alu-d\u00e6k med lem 0,60 x 2,00 m. - Specialfabrikken<\/title>\n<meta name=\"description\" content=\"Vinderup Prof\u00ae Alu-d\u00e6k med lem 0,6 x 2,00 m. Vi laver Danmarks st\u00e6rkeste alu-d\u00e6k, her p\u00e5 fabrikken i Vinderup. Mange st\u00f8rrelser p\u00e5 lager.\" \/>\n<meta name=\"robots\" content=\"index, follow, max-snippet:-1, max-image-preview:large, max-video-preview:-1\" \/>\n<link rel=\"canonical\" href=\"https:\/\/www.specialfabrikken.dk\/en\/product-2\/alu-daek-med-lem-060-x-200-m\/\" \/>\n<meta property=\"og:locale\" content=\"en_US\" \/>\n<meta property=\"og:type\" content=\"article\" \/>\n<meta property=\"og:title\" content=\"Alu-d\u00e6k med lem 0,60 x 2,00 m. - Specialfabrikken\" \/>\n<meta property=\"og:description\" content=\"Vinderup Prof\u00ae Alu-d\u00e6k med lem 0,6 x 2,00 m. Vi laver Danmarks st\u00e6rkeste alu-d\u00e6k, her p\u00e5 fabrikken i Vinderup. Mange st\u00f8rrelser p\u00e5 lager.\" \/>\n<meta property=\"og:url\" content=\"https:\/\/www.specialfabrikken.dk\/en\/product-2\/alu-daek-med-lem-060-x-200-m\/\" \/>\n<meta property=\"og:site_name\" content=\"Specialfabrikken\" \/>\n<meta property=\"article:modified_time\" content=\"2026-02-18T06:53:49+00:00\" \/>\n<meta property=\"og:image\" content=\"https:\/\/www.specialfabrikken.dk\/wp-content\/uploads\/2020\/04\/Alu-daek-med-lem.jpg\" \/>\n\t<meta property=\"og:image:width\" content=\"1989\" \/>\n\t<meta property=\"og:image:height\" content=\"1645\" \/>\n\t<meta property=\"og:image:type\" content=\"image\/jpeg\" \/>\n<meta name=\"twitter:card\" content=\"summary_large_image\" \/>\n<meta name=\"twitter:label1\" content=\"Est. reading time\" \/>\n\t<meta name=\"twitter:data1\" content=\"1 minute\" \/>\n<script type=\"application\/ld+json\" class=\"yoast-schema-graph\">{\"@context\":\"https:\\\/\\\/schema.org\",\"@graph\":[{\"@type\":\"WebPage\",\"@id\":\"https:\\\/\\\/www.specialfabrikken.dk\\\/vare\\\/alu-daek-med-lem-060-x-200-m\\\/\",\"url\":\"https:\\\/\\\/www.specialfabrikken.dk\\\/vare\\\/alu-daek-med-lem-060-x-200-m\\\/\",\"name\":\"Alu-d\u00e6k med lem 0,60 x 2,00 m. - Specialfabrikken\",\"isPartOf\":{\"@id\":\"https:\\\/\\\/www.specialfabrikken.dk\\\/#website\"},\"primaryImageOfPage\":{\"@id\":\"https:\\\/\\\/www.specialfabrikken.dk\\\/vare\\\/alu-daek-med-lem-060-x-200-m\\\/#primaryimage\"},\"image\":{\"@id\":\"https:\\\/\\\/www.specialfabrikken.dk\\\/vare\\\/alu-daek-med-lem-060-x-200-m\\\/#primaryimage\"},\"thumbnailUrl\":\"https:\\\/\\\/www.specialfabrikken.dk\\\/wp-content\\\/uploads\\\/2020\\\/04\\\/Alu-daek-med-lem.jpg\",\"datePublished\":\"2025-11-12T10:52:55+00:00\",\"dateModified\":\"2026-02-18T06:53:49+00:00\",\"description\":\"Vinderup Prof\u00ae Alu-d\u00e6k med lem 0,6 x 2,00 m. Vi laver Danmarks st\u00e6rkeste alu-d\u00e6k, her p\u00e5 fabrikken i Vinderup. Mange st\u00f8rrelser p\u00e5 lager.\",\"breadcrumb\":{\"@id\":\"https:\\\/\\\/www.specialfabrikken.dk\\\/vare\\\/alu-daek-med-lem-060-x-200-m\\\/#breadcrumb\"},\"inLanguage\":\"en-US\",\"potentialAction\":[{\"@type\":\"ReadAction\",\"target\":[\"https:\\\/\\\/www.specialfabrikken.dk\\\/vare\\\/alu-daek-med-lem-060-x-200-m\\\/\"]}]},{\"@type\":\"ImageObject\",\"inLanguage\":\"en-US\",\"@id\":\"https:\\\/\\\/www.specialfabrikken.dk\\\/vare\\\/alu-daek-med-lem-060-x-200-m\\\/#primaryimage\",\"url\":\"https:\\\/\\\/www.specialfabrikken.dk\\\/wp-content\\\/uploads\\\/2020\\\/04\\\/Alu-daek-med-lem.jpg\",\"contentUrl\":\"https:\\\/\\\/www.specialfabrikken.dk\\\/wp-content\\\/uploads\\\/2020\\\/04\\\/Alu-daek-med-lem.jpg\",\"width\":1989,\"height\":1645,\"caption\":\"alu-d\u00e6k med lem\"},{\"@type\":\"BreadcrumbList\",\"@id\":\"https:\\\/\\\/www.specialfabrikken.dk\\\/vare\\\/alu-daek-med-lem-060-x-200-m\\\/#breadcrumb\",\"itemListElement\":[{\"@type\":\"ListItem\",\"position\":1,\"name\":\"Forside\",\"item\":\"https:\\\/\\\/www.specialfabrikken.dk\\\/\"},{\"@type\":\"ListItem\",\"position\":2,\"name\":\"Shop\",\"item\":\"https:\\\/\\\/www.specialfabrikken.dk\\\/shop\\\/\"},{\"@type\":\"ListItem\",\"position\":3,\"name\":\"Alu-d\u00e6k med lem 0,60 x 2,00 m.\"}]},{\"@type\":\"WebSite\",\"@id\":\"https:\\\/\\\/www.specialfabrikken.dk\\\/#website\",\"url\":\"https:\\\/\\\/www.specialfabrikken.dk\\\/\",\"name\":\"Specialfabrikken\",\"description\":\"Specialfabrikken\",\"potentialAction\":[{\"@type\":\"SearchAction\",\"target\":{\"@type\":\"EntryPoint\",\"urlTemplate\":\"https:\\\/\\\/www.specialfabrikken.dk\\\/?s={search_term_string}\"},\"query-input\":{\"@type\":\"PropertyValueSpecification\",\"valueRequired\":true,\"valueName\":\"search_term_string\"}}],\"inLanguage\":\"en-US\"}]}<\/script>\n<!-- \/ Yoast SEO plugin. -->","yoast_head_json":{"title":"Alu-d\u00e6k med lem 0,60 x 2,00 m. - Specialfabrikken","description":"Vinderup Prof\u00ae Alu-d\u00e6k med lem 0,6 x 2,00 m. Vi laver Danmarks st\u00e6rkeste alu-d\u00e6k, her p\u00e5 fabrikken i Vinderup. Mange st\u00f8rrelser p\u00e5 lager.","robots":{"index":"index","follow":"follow","max-snippet":"max-snippet:-1","max-image-preview":"max-image-preview:large","max-video-preview":"max-video-preview:-1"},"canonical":"https:\/\/www.specialfabrikken.dk\/en\/product-2\/alu-daek-med-lem-060-x-200-m\/","og_locale":"en_US","og_type":"article","og_title":"Alu-d\u00e6k med lem 0,60 x 2,00 m. - Specialfabrikken","og_description":"Vinderup Prof\u00ae Alu-d\u00e6k med lem 0,6 x 2,00 m. Vi laver Danmarks st\u00e6rkeste alu-d\u00e6k, her p\u00e5 fabrikken i Vinderup. Mange st\u00f8rrelser p\u00e5 lager.","og_url":"https:\/\/www.specialfabrikken.dk\/en\/product-2\/alu-daek-med-lem-060-x-200-m\/","og_site_name":"Specialfabrikken","article_modified_time":"2026-02-18T06:53:49+00:00","og_image":[{"width":1989,"height":1645,"url":"https:\/\/www.specialfabrikken.dk\/wp-content\/uploads\/2020\/04\/Alu-daek-med-lem.jpg","type":"image\/jpeg"}],"twitter_card":"summary_large_image","twitter_misc":{"Est. reading time":"1 minute"},"schema":{"@context":"https:\/\/schema.org","@graph":[{"@type":"WebPage","@id":"https:\/\/www.specialfabrikken.dk\/vare\/alu-daek-med-lem-060-x-200-m\/","url":"https:\/\/www.specialfabrikken.dk\/vare\/alu-daek-med-lem-060-x-200-m\/","name":"Alu-d\u00e6k med lem 0,60 x 2,00 m. - Specialfabrikken","isPartOf":{"@id":"https:\/\/www.specialfabrikken.dk\/#website"},"primaryImageOfPage":{"@id":"https:\/\/www.specialfabrikken.dk\/vare\/alu-daek-med-lem-060-x-200-m\/#primaryimage"},"image":{"@id":"https:\/\/www.specialfabrikken.dk\/vare\/alu-daek-med-lem-060-x-200-m\/#primaryimage"},"thumbnailUrl":"https:\/\/www.specialfabrikken.dk\/wp-content\/uploads\/2020\/04\/Alu-daek-med-lem.jpg","datePublished":"2025-11-12T10:52:55+00:00","dateModified":"2026-02-18T06:53:49+00:00","description":"Vinderup Prof\u00ae Alu-d\u00e6k med lem 0,6 x 2,00 m. Vi laver Danmarks st\u00e6rkeste alu-d\u00e6k, her p\u00e5 fabrikken i Vinderup. Mange st\u00f8rrelser p\u00e5 lager.","breadcrumb":{"@id":"https:\/\/www.specialfabrikken.dk\/vare\/alu-daek-med-lem-060-x-200-m\/#breadcrumb"},"inLanguage":"en-US","potentialAction":[{"@type":"ReadAction","target":["https:\/\/www.specialfabrikken.dk\/vare\/alu-daek-med-lem-060-x-200-m\/"]}]},{"@type":"ImageObject","inLanguage":"en-US","@id":"https:\/\/www.specialfabrikken.dk\/vare\/alu-daek-med-lem-060-x-200-m\/#primaryimage","url":"https:\/\/www.specialfabrikken.dk\/wp-content\/uploads\/2020\/04\/Alu-daek-med-lem.jpg","contentUrl":"https:\/\/www.specialfabrikken.dk\/wp-content\/uploads\/2020\/04\/Alu-daek-med-lem.jpg","width":1989,"height":1645,"caption":"alu-d\u00e6k med lem"},{"@type":"BreadcrumbList","@id":"https:\/\/www.specialfabrikken.dk\/vare\/alu-daek-med-lem-060-x-200-m\/#breadcrumb","itemListElement":[{"@type":"ListItem","position":1,"name":"Forside","item":"https:\/\/www.specialfabrikken.dk\/"},{"@type":"ListItem","position":2,"name":"Shop","item":"https:\/\/www.specialfabrikken.dk\/shop\/"},{"@type":"ListItem","position":3,"name":"Alu-d\u00e6k med lem 0,60 x 2,00 m."}]},{"@type":"WebSite","@id":"https:\/\/www.specialfabrikken.dk\/#website","url":"https:\/\/www.specialfabrikken.dk\/","name":"Specialfabrikken","description":"Specialfabrikken","potentialAction":[{"@type":"SearchAction","target":{"@type":"EntryPoint","urlTemplate":"https:\/\/www.specialfabrikken.dk\/?s={search_term_string}"},"query-input":{"@type":"PropertyValueSpecification","valueRequired":true,"valueName":"search_term_string"}}],"inLanguage":"en-US"}]}},"_links":{"self":[{"href":"https:\/\/www.specialfabrikken.dk\/en\/wp-json\/wp\/v2\/product\/73882","targetHints":{"allow":["GET"]}}],"collection":[{"href":"https:\/\/www.specialfabrikken.dk\/en\/wp-json\/wp\/v2\/product"}],"about":[{"href":"https:\/\/www.specialfabrikken.dk\/en\/wp-json\/wp\/v2\/types\/product"}],"replies":[{"embeddable":true,"href":"https:\/\/www.specialfabrikken.dk\/en\/wp-json\/wp\/v2\/comments?post=73882"}],"wp:featuredmedia":[{"embeddable":true,"href":"https:\/\/www.specialfabrikken.dk\/en\/wp-json\/wp\/v2\/media\/3138"}],"wp:attachment":[{"href":"https:\/\/www.specialfabrikken.dk\/en\/wp-json\/wp\/v2\/media?parent=73882"}],"wp:term":[{"taxonomy":"product_brand","embeddable":true,"href":"https:\/\/www.specialfabrikken.dk\/en\/wp-json\/wp\/v2\/product_brand?post=73882"},{"taxonomy":"product_cat","embeddable":true,"href":"https:\/\/www.specialfabrikken.dk\/en\/wp-json\/wp\/v2\/product_cat?post=73882"},{"taxonomy":"product_tag","embeddable":true,"href":"https:\/\/www.specialfabrikken.dk\/en\/wp-json\/wp\/v2\/product_tag?post=73882"}],"curies":[{"name":"wp","href":"https:\/\/api.w.org\/{rel}","templated":true}]}}