{"id":73895,"date":"2025-11-17T11:35:56","date_gmt":"2025-11-17T11:35:56","guid":{"rendered":"https:\/\/www.specialfabrikken.dk\/vare\/starttrappe-175-m\/"},"modified":"2026-02-18T07:52:47","modified_gmt":"2026-02-18T06:52:47","slug":"starttrappe-175-m","status":"publish","type":"product","link":"https:\/\/www.specialfabrikken.dk\/en\/vare\/starttrappe-175-m\/","title":{"rendered":"Trappe aluminium 1,75 m."},"content":{"rendered":"<p>Trappe 1,75 m i aluminium, med trin h\u00f8jde<\/p>\n<p>Vores trapper er fremstillet i robust og letv\u00e6gts aluminium, hvilket g\u00f8r dem ideelle for b\u00e5de kortvarige og langvarige installationer. Med forskellige varianter til r\u00e5dighed kan du v\u00e6lge den l\u00f8sning, der passer bedst til dine behov.<\/p>\n<p><strong>Vigtigt:<\/strong> For trapper med en h\u00f8jde over 0,5 meter, anbefaler vi vores R\u00e6kv\u00e6rksramme i Aluminium for ekstra sikkerhed. Glem ikke vores Gevindfodplade, der g\u00f8r det nemt at justere trappens h\u00f8jde ved behov.<\/p>\n<p>Bem\u00e6rk viste model er 1,0 m. start trappe<\/p>","protected":false},"excerpt":{"rendered":"<h1>Trappe aluminium 1,75 m.<\/h1>","protected":false},"featured_media":53031,"comment_status":"open","ping_status":"closed","template":"","meta":{"_acf_changed":false,"_et_pb_use_builder":"","_et_pb_old_content":"","_et_gb_content_width":""},"product_brand":[],"product_cat":[32,146],"product_tag":[],"class_list":{"0":"post-73895","1":"product","2":"type-product","3":"status-publish","4":"has-post-thumbnail","6":"product_cat-murerstillads","7":"product_cat-trapper","8":"product_shipping_class-stor","10":"first","11":"onbackorder","12":"taxable","13":"shipping-taxable","14":"purchasable","15":"product-type-simple"},"acf":[],"yoast_head":"<!-- This site is optimized with the Yoast SEO plugin v27.4 - https:\/\/yoast.com\/product\/yoast-seo-wordpress\/ -->\n<title>Trappe aluminium 1,75 m. - Specialfabrikken<\/title>\n<meta name=\"description\" content=\"Vores trapper er fremstillet i robust og letv\u00e6gts aluminium, hvilket g\u00f8r dem ideelle for b\u00e5de kortvarige og langvarige installationer p\u00e5 dit stillads.\" \/>\n<meta name=\"robots\" content=\"index, follow, max-snippet:-1, max-image-preview:large, max-video-preview:-1\" \/>\n<link rel=\"canonical\" href=\"https:\/\/www.specialfabrikken.dk\/en\/product-2\/starttrappe-175-m\/\" \/>\n<meta property=\"og:locale\" content=\"en_US\" \/>\n<meta property=\"og:type\" content=\"article\" \/>\n<meta property=\"og:title\" content=\"Trappe aluminium 1,75 m. - Specialfabrikken\" \/>\n<meta property=\"og:description\" content=\"Vores trapper er fremstillet i robust og letv\u00e6gts aluminium, hvilket g\u00f8r dem ideelle for b\u00e5de kortvarige og langvarige installationer p\u00e5 dit stillads.\" \/>\n<meta property=\"og:url\" content=\"https:\/\/www.specialfabrikken.dk\/en\/product-2\/starttrappe-175-m\/\" \/>\n<meta property=\"og:site_name\" content=\"Specialfabrikken\" \/>\n<meta property=\"article:modified_time\" content=\"2026-02-18T06:52:47+00:00\" \/>\n<meta property=\"og:image\" content=\"https:\/\/www.specialfabrikken.dk\/wp-content\/uploads\/2023\/06\/1020-1867.png\" \/>\n\t<meta property=\"og:image:width\" content=\"1920\" \/>\n\t<meta property=\"og:image:height\" content=\"1080\" \/>\n\t<meta property=\"og:image:type\" content=\"image\/png\" \/>\n<meta name=\"twitter:card\" content=\"summary_large_image\" \/>\n<meta name=\"twitter:label1\" content=\"Est. reading time\" \/>\n\t<meta name=\"twitter:data1\" content=\"1 minute\" \/>\n<script type=\"application\/ld+json\" class=\"yoast-schema-graph\">{\"@context\":\"https:\\\/\\\/schema.org\",\"@graph\":[{\"@type\":\"WebPage\",\"@id\":\"https:\\\/\\\/www.specialfabrikken.dk\\\/vare\\\/starttrappe-175-m\\\/\",\"url\":\"https:\\\/\\\/www.specialfabrikken.dk\\\/vare\\\/starttrappe-175-m\\\/\",\"name\":\"Trappe aluminium 1,75 m. - Specialfabrikken\",\"isPartOf\":{\"@id\":\"https:\\\/\\\/www.specialfabrikken.dk\\\/#website\"},\"primaryImageOfPage\":{\"@id\":\"https:\\\/\\\/www.specialfabrikken.dk\\\/vare\\\/starttrappe-175-m\\\/#primaryimage\"},\"image\":{\"@id\":\"https:\\\/\\\/www.specialfabrikken.dk\\\/vare\\\/starttrappe-175-m\\\/#primaryimage\"},\"thumbnailUrl\":\"https:\\\/\\\/www.specialfabrikken.dk\\\/wp-content\\\/uploads\\\/2023\\\/06\\\/1020-1867.png\",\"datePublished\":\"2025-11-17T11:35:56+00:00\",\"dateModified\":\"2026-02-18T06:52:47+00:00\",\"description\":\"Vores trapper er fremstillet i robust og letv\u00e6gts aluminium, hvilket g\u00f8r dem ideelle for b\u00e5de kortvarige og langvarige installationer p\u00e5 dit stillads.\",\"breadcrumb\":{\"@id\":\"https:\\\/\\\/www.specialfabrikken.dk\\\/vare\\\/starttrappe-175-m\\\/#breadcrumb\"},\"inLanguage\":\"en-US\",\"potentialAction\":[{\"@type\":\"ReadAction\",\"target\":[\"https:\\\/\\\/www.specialfabrikken.dk\\\/vare\\\/starttrappe-175-m\\\/\"]}]},{\"@type\":\"ImageObject\",\"inLanguage\":\"en-US\",\"@id\":\"https:\\\/\\\/www.specialfabrikken.dk\\\/vare\\\/starttrappe-175-m\\\/#primaryimage\",\"url\":\"https:\\\/\\\/www.specialfabrikken.dk\\\/wp-content\\\/uploads\\\/2023\\\/06\\\/1020-1867.png\",\"contentUrl\":\"https:\\\/\\\/www.specialfabrikken.dk\\\/wp-content\\\/uploads\\\/2023\\\/06\\\/1020-1867.png\",\"width\":1920,\"height\":1080,\"caption\":\"Trappe aluminium 1,75 m.\"},{\"@type\":\"BreadcrumbList\",\"@id\":\"https:\\\/\\\/www.specialfabrikken.dk\\\/vare\\\/starttrappe-175-m\\\/#breadcrumb\",\"itemListElement\":[{\"@type\":\"ListItem\",\"position\":1,\"name\":\"Forside\",\"item\":\"https:\\\/\\\/www.specialfabrikken.dk\\\/\"},{\"@type\":\"ListItem\",\"position\":2,\"name\":\"Shop\",\"item\":\"https:\\\/\\\/www.specialfabrikken.dk\\\/shop\\\/\"},{\"@type\":\"ListItem\",\"position\":3,\"name\":\"Trappe aluminium 1,75 m.\"}]},{\"@type\":\"WebSite\",\"@id\":\"https:\\\/\\\/www.specialfabrikken.dk\\\/#website\",\"url\":\"https:\\\/\\\/www.specialfabrikken.dk\\\/\",\"name\":\"Specialfabrikken\",\"description\":\"Specialfabrikken\",\"potentialAction\":[{\"@type\":\"SearchAction\",\"target\":{\"@type\":\"EntryPoint\",\"urlTemplate\":\"https:\\\/\\\/www.specialfabrikken.dk\\\/?s={search_term_string}\"},\"query-input\":{\"@type\":\"PropertyValueSpecification\",\"valueRequired\":true,\"valueName\":\"search_term_string\"}}],\"inLanguage\":\"en-US\"}]}<\/script>\n<!-- \/ Yoast SEO plugin. -->","yoast_head_json":{"title":"Trappe aluminium 1,75 m. - Specialfabrikken","description":"Vores trapper er fremstillet i robust og letv\u00e6gts aluminium, hvilket g\u00f8r dem ideelle for b\u00e5de kortvarige og langvarige installationer p\u00e5 dit stillads.","robots":{"index":"index","follow":"follow","max-snippet":"max-snippet:-1","max-image-preview":"max-image-preview:large","max-video-preview":"max-video-preview:-1"},"canonical":"https:\/\/www.specialfabrikken.dk\/en\/product-2\/starttrappe-175-m\/","og_locale":"en_US","og_type":"article","og_title":"Trappe aluminium 1,75 m. - Specialfabrikken","og_description":"Vores trapper er fremstillet i robust og letv\u00e6gts aluminium, hvilket g\u00f8r dem ideelle for b\u00e5de kortvarige og langvarige installationer p\u00e5 dit stillads.","og_url":"https:\/\/www.specialfabrikken.dk\/en\/product-2\/starttrappe-175-m\/","og_site_name":"Specialfabrikken","article_modified_time":"2026-02-18T06:52:47+00:00","og_image":[{"width":1920,"height":1080,"url":"https:\/\/www.specialfabrikken.dk\/wp-content\/uploads\/2023\/06\/1020-1867.png","type":"image\/png"}],"twitter_card":"summary_large_image","twitter_misc":{"Est. reading time":"1 minute"},"schema":{"@context":"https:\/\/schema.org","@graph":[{"@type":"WebPage","@id":"https:\/\/www.specialfabrikken.dk\/vare\/starttrappe-175-m\/","url":"https:\/\/www.specialfabrikken.dk\/vare\/starttrappe-175-m\/","name":"Trappe aluminium 1,75 m. - Specialfabrikken","isPartOf":{"@id":"https:\/\/www.specialfabrikken.dk\/#website"},"primaryImageOfPage":{"@id":"https:\/\/www.specialfabrikken.dk\/vare\/starttrappe-175-m\/#primaryimage"},"image":{"@id":"https:\/\/www.specialfabrikken.dk\/vare\/starttrappe-175-m\/#primaryimage"},"thumbnailUrl":"https:\/\/www.specialfabrikken.dk\/wp-content\/uploads\/2023\/06\/1020-1867.png","datePublished":"2025-11-17T11:35:56+00:00","dateModified":"2026-02-18T06:52:47+00:00","description":"Vores trapper er fremstillet i robust og letv\u00e6gts aluminium, hvilket g\u00f8r dem ideelle for b\u00e5de kortvarige og langvarige installationer p\u00e5 dit stillads.","breadcrumb":{"@id":"https:\/\/www.specialfabrikken.dk\/vare\/starttrappe-175-m\/#breadcrumb"},"inLanguage":"en-US","potentialAction":[{"@type":"ReadAction","target":["https:\/\/www.specialfabrikken.dk\/vare\/starttrappe-175-m\/"]}]},{"@type":"ImageObject","inLanguage":"en-US","@id":"https:\/\/www.specialfabrikken.dk\/vare\/starttrappe-175-m\/#primaryimage","url":"https:\/\/www.specialfabrikken.dk\/wp-content\/uploads\/2023\/06\/1020-1867.png","contentUrl":"https:\/\/www.specialfabrikken.dk\/wp-content\/uploads\/2023\/06\/1020-1867.png","width":1920,"height":1080,"caption":"Trappe aluminium 1,75 m."},{"@type":"BreadcrumbList","@id":"https:\/\/www.specialfabrikken.dk\/vare\/starttrappe-175-m\/#breadcrumb","itemListElement":[{"@type":"ListItem","position":1,"name":"Forside","item":"https:\/\/www.specialfabrikken.dk\/"},{"@type":"ListItem","position":2,"name":"Shop","item":"https:\/\/www.specialfabrikken.dk\/shop\/"},{"@type":"ListItem","position":3,"name":"Trappe aluminium 1,75 m."}]},{"@type":"WebSite","@id":"https:\/\/www.specialfabrikken.dk\/#website","url":"https:\/\/www.specialfabrikken.dk\/","name":"Specialfabrikken","description":"Specialfabrikken","potentialAction":[{"@type":"SearchAction","target":{"@type":"EntryPoint","urlTemplate":"https:\/\/www.specialfabrikken.dk\/?s={search_term_string}"},"query-input":{"@type":"PropertyValueSpecification","valueRequired":true,"valueName":"search_term_string"}}],"inLanguage":"en-US"}]}},"_links":{"self":[{"href":"https:\/\/www.specialfabrikken.dk\/en\/wp-json\/wp\/v2\/product\/73895","targetHints":{"allow":["GET"]}}],"collection":[{"href":"https:\/\/www.specialfabrikken.dk\/en\/wp-json\/wp\/v2\/product"}],"about":[{"href":"https:\/\/www.specialfabrikken.dk\/en\/wp-json\/wp\/v2\/types\/product"}],"replies":[{"embeddable":true,"href":"https:\/\/www.specialfabrikken.dk\/en\/wp-json\/wp\/v2\/comments?post=73895"}],"wp:featuredmedia":[{"embeddable":true,"href":"https:\/\/www.specialfabrikken.dk\/en\/wp-json\/wp\/v2\/media\/53031"}],"wp:attachment":[{"href":"https:\/\/www.specialfabrikken.dk\/en\/wp-json\/wp\/v2\/media?parent=73895"}],"wp:term":[{"taxonomy":"product_brand","embeddable":true,"href":"https:\/\/www.specialfabrikken.dk\/en\/wp-json\/wp\/v2\/product_brand?post=73895"},{"taxonomy":"product_cat","embeddable":true,"href":"https:\/\/www.specialfabrikken.dk\/en\/wp-json\/wp\/v2\/product_cat?post=73895"},{"taxonomy":"product_tag","embeddable":true,"href":"https:\/\/www.specialfabrikken.dk\/en\/wp-json\/wp\/v2\/product_tag?post=73895"}],"curies":[{"name":"wp","href":"https:\/\/api.w.org\/{rel}","templated":true}]}}