{"id":73899,"date":"2025-11-19T09:37:34","date_gmt":"2025-11-19T09:37:34","guid":{"rendered":"https:\/\/www.specialfabrikken.dk\/vare\/gangbro-til-byggepladse-eller-loft\/"},"modified":"2026-02-18T12:53:48","modified_gmt":"2026-02-18T11:53:48","slug":"gangbro-til-byggeplads-eller-loft","status":"publish","type":"product","link":"https:\/\/www.specialfabrikken.dk\/en\/vare\/gangbro-til-byggeplads-eller-loft\/","title":{"rendered":"Gangbro til byggeplads eller loft"},"content":{"rendered":"<p>Gangbro i tr\u00e6 &#8211; 0,80 x 2,40 m. FSC-certificeret.<\/p>\n<p>Gangbroen er konstrueret i gran, hvilket sikrer h\u00f8j b\u00e6reevne, stabilitet og lang levetid. Tr\u00e6et er FSC-certificeret.<\/p>\n<p>Konstruktionen er bygget op af gran i styrkeklasse C24, som sikrer h\u00f8j styrke og lang levetid. Br\u00e6dderne er 25 mm. tykke og 125 mm. brede &#8211; de to tv\u00e6rg\u00e5ende underl\u00e6gter har dimension 45&#215;95 mm.<\/p>\n<p>Overfladen best\u00e5r af tykke br\u00e6dder, underst\u00f8ttet af to solide tv\u00e6rg\u00e5ende l\u00e6gter \u2013 robust konstruktion, der t\u00e5ler daglig brug under kr\u00e6vende forhold.<\/p>\n<p>Denne gangbro i tr\u00e6 er den ideelle l\u00f8sning som gangsti for personale \u2013 f.eks. mellem bygninger, containere, skurvogne eller over uj\u00e6vnt terr\u00e6n p\u00e5 byggepladsen. Kan ogs\u00e5 bruges om gangbro p\u00e5 et loft.<\/p>\n<p>Den er ogs\u00e5 perfekt som adgangsvej ved events og festivaller, hvor sikkerhed, indretning og orden er i fokus.<\/p>","protected":false},"excerpt":{"rendered":"<p>Tr\u00e6 Gangbro 0,80 x 2,40 m.<\/p>\n<p>Konstruktionen er bygget op af gran i styrkeklasse C24, som sikrer h\u00f8j styrke og lang levetid. Br\u00e6dderne er 25 mm. tykke og 125 mm. brede &#8211; de to tv\u00e6rg\u00e5ende underl\u00e6gter har dimension 45&#215;95 mm.<\/p>","protected":false},"featured_media":73900,"comment_status":"open","ping_status":"closed","template":"","meta":{"_acf_changed":false,"_et_pb_use_builder":"","_et_pb_old_content":"","_et_gb_content_width":""},"product_brand":[],"product_cat":[156,203],"product_tag":[157,202,200],"class_list":{"0":"post-73899","1":"product","2":"type-product","3":"status-publish","4":"has-post-thumbnail","6":"product_cat-gangbro","7":"product_cat-trae-gangbro","8":"product_tag-gangbro","9":"product_tag-gangbrokampagne","10":"product_tag-trae-gangbro","11":"product_shipping_class-stor","13":"first","14":"instock","15":"taxable","16":"shipping-taxable","17":"purchasable","18":"product-type-simple"},"acf":[],"yoast_head":"<!-- This site is optimized with the Yoast SEO plugin v27.4 - https:\/\/yoast.com\/product\/yoast-seo-wordpress\/ -->\n<title>Gangbro til byggeplads eller loft - Specialfabrikken<\/title>\n<meta name=\"description\" content=\"Gangbroen er konstrueret i gran, hvilket sikrer h\u00f8j b\u00e6reevne, stabilitet og lang levetid. Gangbroen m\u00e5ler 0,80 x 2,40 m.\" \/>\n<meta name=\"robots\" content=\"index, follow, max-snippet:-1, max-image-preview:large, max-video-preview:-1\" \/>\n<link rel=\"canonical\" href=\"https:\/\/www.specialfabrikken.dk\/en\/product-2\/gangbro-til-byggeplads-eller-loft\/\" \/>\n<meta property=\"og:locale\" content=\"en_US\" \/>\n<meta property=\"og:type\" content=\"article\" \/>\n<meta property=\"og:title\" content=\"Gangbro til byggeplads eller loft - Specialfabrikken\" \/>\n<meta property=\"og:description\" content=\"Gangbroen er konstrueret i gran, hvilket sikrer h\u00f8j b\u00e6reevne, stabilitet og lang levetid. Gangbroen m\u00e5ler 0,80 x 2,40 m.\" \/>\n<meta property=\"og:url\" content=\"https:\/\/www.specialfabrikken.dk\/en\/product-2\/gangbro-til-byggeplads-eller-loft\/\" \/>\n<meta property=\"og:site_name\" content=\"Specialfabrikken\" \/>\n<meta property=\"article:modified_time\" content=\"2026-02-18T11:53:48+00:00\" \/>\n<meta property=\"og:image\" content=\"https:\/\/www.specialfabrikken.dk\/wp-content\/uploads\/2025\/11\/gangbro.png\" \/>\n\t<meta property=\"og:image:width\" content=\"640\" \/>\n\t<meta property=\"og:image:height\" content=\"467\" \/>\n\t<meta property=\"og:image:type\" content=\"image\/png\" \/>\n<meta name=\"twitter:card\" content=\"summary_large_image\" \/>\n<meta name=\"twitter:label1\" content=\"Est. reading time\" \/>\n\t<meta name=\"twitter:data1\" content=\"1 minute\" \/>\n<script type=\"application\/ld+json\" class=\"yoast-schema-graph\">{\"@context\":\"https:\\\/\\\/schema.org\",\"@graph\":[{\"@type\":\"WebPage\",\"@id\":\"https:\\\/\\\/www.specialfabrikken.dk\\\/vare\\\/gangbro-til-byggeplads-eller-loft\\\/\",\"url\":\"https:\\\/\\\/www.specialfabrikken.dk\\\/vare\\\/gangbro-til-byggeplads-eller-loft\\\/\",\"name\":\"Gangbro til byggeplads eller loft - Specialfabrikken\",\"isPartOf\":{\"@id\":\"https:\\\/\\\/www.specialfabrikken.dk\\\/#website\"},\"primaryImageOfPage\":{\"@id\":\"https:\\\/\\\/www.specialfabrikken.dk\\\/vare\\\/gangbro-til-byggeplads-eller-loft\\\/#primaryimage\"},\"image\":{\"@id\":\"https:\\\/\\\/www.specialfabrikken.dk\\\/vare\\\/gangbro-til-byggeplads-eller-loft\\\/#primaryimage\"},\"thumbnailUrl\":\"https:\\\/\\\/www.specialfabrikken.dk\\\/wp-content\\\/uploads\\\/2025\\\/11\\\/gangbro.png\",\"datePublished\":\"2025-11-19T09:37:34+00:00\",\"dateModified\":\"2026-02-18T11:53:48+00:00\",\"description\":\"Gangbroen er konstrueret i gran, hvilket sikrer h\u00f8j b\u00e6reevne, stabilitet og lang levetid. Gangbroen m\u00e5ler 0,80 x 2,40 m.\",\"breadcrumb\":{\"@id\":\"https:\\\/\\\/www.specialfabrikken.dk\\\/vare\\\/gangbro-til-byggeplads-eller-loft\\\/#breadcrumb\"},\"inLanguage\":\"en-US\",\"potentialAction\":[{\"@type\":\"ReadAction\",\"target\":[\"https:\\\/\\\/www.specialfabrikken.dk\\\/vare\\\/gangbro-til-byggeplads-eller-loft\\\/\"]}]},{\"@type\":\"ImageObject\",\"inLanguage\":\"en-US\",\"@id\":\"https:\\\/\\\/www.specialfabrikken.dk\\\/vare\\\/gangbro-til-byggeplads-eller-loft\\\/#primaryimage\",\"url\":\"https:\\\/\\\/www.specialfabrikken.dk\\\/wp-content\\\/uploads\\\/2025\\\/11\\\/gangbro.png\",\"contentUrl\":\"https:\\\/\\\/www.specialfabrikken.dk\\\/wp-content\\\/uploads\\\/2025\\\/11\\\/gangbro.png\",\"width\":640,\"height\":467},{\"@type\":\"BreadcrumbList\",\"@id\":\"https:\\\/\\\/www.specialfabrikken.dk\\\/vare\\\/gangbro-til-byggeplads-eller-loft\\\/#breadcrumb\",\"itemListElement\":[{\"@type\":\"ListItem\",\"position\":1,\"name\":\"Forside\",\"item\":\"https:\\\/\\\/www.specialfabrikken.dk\\\/\"},{\"@type\":\"ListItem\",\"position\":2,\"name\":\"Shop\",\"item\":\"https:\\\/\\\/www.specialfabrikken.dk\\\/shop\\\/\"},{\"@type\":\"ListItem\",\"position\":3,\"name\":\"Gangbro til byggeplads eller loft\"}]},{\"@type\":\"WebSite\",\"@id\":\"https:\\\/\\\/www.specialfabrikken.dk\\\/#website\",\"url\":\"https:\\\/\\\/www.specialfabrikken.dk\\\/\",\"name\":\"Specialfabrikken\",\"description\":\"Specialfabrikken\",\"potentialAction\":[{\"@type\":\"SearchAction\",\"target\":{\"@type\":\"EntryPoint\",\"urlTemplate\":\"https:\\\/\\\/www.specialfabrikken.dk\\\/?s={search_term_string}\"},\"query-input\":{\"@type\":\"PropertyValueSpecification\",\"valueRequired\":true,\"valueName\":\"search_term_string\"}}],\"inLanguage\":\"en-US\"}]}<\/script>\n<!-- \/ Yoast SEO plugin. -->","yoast_head_json":{"title":"Gangbro til byggeplads eller loft - Specialfabrikken","description":"Gangbroen er konstrueret i gran, hvilket sikrer h\u00f8j b\u00e6reevne, stabilitet og lang levetid. Gangbroen m\u00e5ler 0,80 x 2,40 m.","robots":{"index":"index","follow":"follow","max-snippet":"max-snippet:-1","max-image-preview":"max-image-preview:large","max-video-preview":"max-video-preview:-1"},"canonical":"https:\/\/www.specialfabrikken.dk\/en\/product-2\/gangbro-til-byggeplads-eller-loft\/","og_locale":"en_US","og_type":"article","og_title":"Gangbro til byggeplads eller loft - Specialfabrikken","og_description":"Gangbroen er konstrueret i gran, hvilket sikrer h\u00f8j b\u00e6reevne, stabilitet og lang levetid. Gangbroen m\u00e5ler 0,80 x 2,40 m.","og_url":"https:\/\/www.specialfabrikken.dk\/en\/product-2\/gangbro-til-byggeplads-eller-loft\/","og_site_name":"Specialfabrikken","article_modified_time":"2026-02-18T11:53:48+00:00","og_image":[{"width":640,"height":467,"url":"https:\/\/www.specialfabrikken.dk\/wp-content\/uploads\/2025\/11\/gangbro.png","type":"image\/png"}],"twitter_card":"summary_large_image","twitter_misc":{"Est. reading time":"1 minute"},"schema":{"@context":"https:\/\/schema.org","@graph":[{"@type":"WebPage","@id":"https:\/\/www.specialfabrikken.dk\/vare\/gangbro-til-byggeplads-eller-loft\/","url":"https:\/\/www.specialfabrikken.dk\/vare\/gangbro-til-byggeplads-eller-loft\/","name":"Gangbro til byggeplads eller loft - Specialfabrikken","isPartOf":{"@id":"https:\/\/www.specialfabrikken.dk\/#website"},"primaryImageOfPage":{"@id":"https:\/\/www.specialfabrikken.dk\/vare\/gangbro-til-byggeplads-eller-loft\/#primaryimage"},"image":{"@id":"https:\/\/www.specialfabrikken.dk\/vare\/gangbro-til-byggeplads-eller-loft\/#primaryimage"},"thumbnailUrl":"https:\/\/www.specialfabrikken.dk\/wp-content\/uploads\/2025\/11\/gangbro.png","datePublished":"2025-11-19T09:37:34+00:00","dateModified":"2026-02-18T11:53:48+00:00","description":"Gangbroen er konstrueret i gran, hvilket sikrer h\u00f8j b\u00e6reevne, stabilitet og lang levetid. Gangbroen m\u00e5ler 0,80 x 2,40 m.","breadcrumb":{"@id":"https:\/\/www.specialfabrikken.dk\/vare\/gangbro-til-byggeplads-eller-loft\/#breadcrumb"},"inLanguage":"en-US","potentialAction":[{"@type":"ReadAction","target":["https:\/\/www.specialfabrikken.dk\/vare\/gangbro-til-byggeplads-eller-loft\/"]}]},{"@type":"ImageObject","inLanguage":"en-US","@id":"https:\/\/www.specialfabrikken.dk\/vare\/gangbro-til-byggeplads-eller-loft\/#primaryimage","url":"https:\/\/www.specialfabrikken.dk\/wp-content\/uploads\/2025\/11\/gangbro.png","contentUrl":"https:\/\/www.specialfabrikken.dk\/wp-content\/uploads\/2025\/11\/gangbro.png","width":640,"height":467},{"@type":"BreadcrumbList","@id":"https:\/\/www.specialfabrikken.dk\/vare\/gangbro-til-byggeplads-eller-loft\/#breadcrumb","itemListElement":[{"@type":"ListItem","position":1,"name":"Forside","item":"https:\/\/www.specialfabrikken.dk\/"},{"@type":"ListItem","position":2,"name":"Shop","item":"https:\/\/www.specialfabrikken.dk\/shop\/"},{"@type":"ListItem","position":3,"name":"Gangbro til byggeplads eller loft"}]},{"@type":"WebSite","@id":"https:\/\/www.specialfabrikken.dk\/#website","url":"https:\/\/www.specialfabrikken.dk\/","name":"Specialfabrikken","description":"Specialfabrikken","potentialAction":[{"@type":"SearchAction","target":{"@type":"EntryPoint","urlTemplate":"https:\/\/www.specialfabrikken.dk\/?s={search_term_string}"},"query-input":{"@type":"PropertyValueSpecification","valueRequired":true,"valueName":"search_term_string"}}],"inLanguage":"en-US"}]}},"_links":{"self":[{"href":"https:\/\/www.specialfabrikken.dk\/en\/wp-json\/wp\/v2\/product\/73899","targetHints":{"allow":["GET"]}}],"collection":[{"href":"https:\/\/www.specialfabrikken.dk\/en\/wp-json\/wp\/v2\/product"}],"about":[{"href":"https:\/\/www.specialfabrikken.dk\/en\/wp-json\/wp\/v2\/types\/product"}],"replies":[{"embeddable":true,"href":"https:\/\/www.specialfabrikken.dk\/en\/wp-json\/wp\/v2\/comments?post=73899"}],"wp:featuredmedia":[{"embeddable":true,"href":"https:\/\/www.specialfabrikken.dk\/en\/wp-json\/wp\/v2\/media\/73900"}],"wp:attachment":[{"href":"https:\/\/www.specialfabrikken.dk\/en\/wp-json\/wp\/v2\/media?parent=73899"}],"wp:term":[{"taxonomy":"product_brand","embeddable":true,"href":"https:\/\/www.specialfabrikken.dk\/en\/wp-json\/wp\/v2\/product_brand?post=73899"},{"taxonomy":"product_cat","embeddable":true,"href":"https:\/\/www.specialfabrikken.dk\/en\/wp-json\/wp\/v2\/product_cat?post=73899"},{"taxonomy":"product_tag","embeddable":true,"href":"https:\/\/www.specialfabrikken.dk\/en\/wp-json\/wp\/v2\/product_tag?post=73899"}],"curies":[{"name":"wp","href":"https:\/\/api.w.org\/{rel}","templated":true}]}}