{"id":73902,"date":"2025-11-19T10:46:40","date_gmt":"2025-11-19T10:46:40","guid":{"rendered":"https:\/\/www.specialfabrikken.dk\/vare\/te710-15-kw-20-hk\/"},"modified":"2026-02-18T08:38:00","modified_gmt":"2026-02-18T07:38:00","slug":"te710-15-kw-20-hk","status":"publish","type":"product","link":"https:\/\/www.specialfabrikken.dk\/en\/vare\/te710-15-kw-20-hk\/","title":{"rendered":"TE710 &#8211; 15 kW\/20 hk"},"content":{"rendered":"<p>TE500 med forh\u00f8jet kar og undervogn og TE800 motor\/gear &#8211; 15KW \/ 20 HK-<br \/>\nMonteret med knive for big bags + gummiflange.<br \/>\nH\u00f8jde p\u00e5 kar 680 mm.<br \/>\nMaks. h\u00f8jde total 1700 mm., s\u00e5 knive l\u00e6gges ned og l\u00e5g g\u00f8res lavere.<br \/>\nBlandem\u00f8lle ekstra forst\u00e6rket og forl\u00e6nget. Firkantr\u00f8r ved aksel forst\u00e6rkes med fladjern under hensyntagen til stiger\u00f8r.<br \/>\nGear og 15 kW motor som p\u00e5 TE800.<br \/>\nUnders\u00e6nket motorv\u00e6rn og gaffellommer.<\/p>","protected":false},"excerpt":{"rendered":"<p>TE500 med forh\u00f8jet kar og undervogn og TE800 motor\/gear &#8211; 15KW \/ 20 HK- Monteret med knive for big bags + gummiflange. H\u00f8jde p\u00e5 kar 680 mm. Maks. h\u00f8jde total 1700 mm., s\u00e5 knive l\u00e6gges ned og l\u00e5g g\u00f8res lavere. Blandem\u00f8lle ekstra forst\u00e6rket og forl\u00e6nget. Firkantr\u00f8r ved aksel forst\u00e6rkes med fladjern under hensyntagen til stiger\u00f8r. [&hellip;]<\/p>\n","protected":false},"featured_media":73906,"comment_status":"open","ping_status":"closed","template":"","meta":{"_acf_changed":false,"_et_pb_use_builder":"","_et_pb_old_content":"","_et_gb_content_width":""},"product_brand":[],"product_cat":[37,30],"product_tag":[],"class_list":{"0":"post-73902","1":"product","2":"type-product","3":"status-publish","4":"has-post-thumbnail","6":"product_cat-maskiner","7":"product_cat-tvangsblander","8":"product_shipping_class-stor","10":"first","11":"onbackorder","12":"taxable","13":"shipping-taxable","14":"purchasable","15":"product-type-simple"},"acf":[],"yoast_head":"<!-- This site is optimized with the Yoast SEO plugin v27.5 - https:\/\/yoast.com\/product\/yoast-seo-wordpress\/ -->\n<title>TE710 - 15 kW\/20 hk - Specialfabrikken<\/title>\n<meta name=\"robots\" content=\"index, follow, max-snippet:-1, max-image-preview:large, max-video-preview:-1\" \/>\n<link rel=\"canonical\" href=\"https:\/\/www.specialfabrikken.dk\/en\/product-2\/te710-15-kw-20-hk\/\" \/>\n<meta property=\"og:locale\" content=\"en_US\" \/>\n<meta property=\"og:type\" content=\"article\" \/>\n<meta property=\"og:title\" content=\"TE710 - 15 kW\/20 hk - Specialfabrikken\" \/>\n<meta property=\"og:description\" content=\"TE500 med forh\u00f8jet kar og undervogn og TE800 motor\/gear &#8211; 15KW \/ 20 HK- Monteret med knive for big bags + gummiflange. H\u00f8jde p\u00e5 kar 680 mm. Maks. h\u00f8jde total 1700 mm., s\u00e5 knive l\u00e6gges ned og l\u00e5g g\u00f8res lavere. Blandem\u00f8lle ekstra forst\u00e6rket og forl\u00e6nget. Firkantr\u00f8r ved aksel forst\u00e6rkes med fladjern under hensyntagen til stiger\u00f8r. [&hellip;]\" \/>\n<meta property=\"og:url\" content=\"https:\/\/www.specialfabrikken.dk\/en\/product-2\/te710-15-kw-20-hk\/\" \/>\n<meta property=\"og:site_name\" content=\"Specialfabrikken\" \/>\n<meta property=\"article:modified_time\" content=\"2026-02-18T07:38:00+00:00\" \/>\n<meta property=\"og:image\" content=\"https:\/\/www.specialfabrikken.dk\/wp-content\/uploads\/2025\/11\/20220616_095408-1-scaled.jpg\" \/>\n\t<meta property=\"og:image:width\" content=\"2160\" \/>\n\t<meta property=\"og:image:height\" content=\"2880\" \/>\n\t<meta property=\"og:image:type\" content=\"image\/jpeg\" \/>\n<meta name=\"twitter:card\" content=\"summary_large_image\" \/>\n<meta name=\"twitter:label1\" content=\"Est. reading time\" \/>\n\t<meta name=\"twitter:data1\" content=\"1 minute\" \/>\n<script type=\"application\/ld+json\" class=\"yoast-schema-graph\">{\"@context\":\"https:\\\/\\\/schema.org\",\"@graph\":[{\"@type\":\"WebPage\",\"@id\":\"https:\\\/\\\/www.specialfabrikken.dk\\\/vare\\\/te710-15-kw-20-hk\\\/\",\"url\":\"https:\\\/\\\/www.specialfabrikken.dk\\\/vare\\\/te710-15-kw-20-hk\\\/\",\"name\":\"TE710 - 15 kW\\\/20 hk - Specialfabrikken\",\"isPartOf\":{\"@id\":\"https:\\\/\\\/www.specialfabrikken.dk\\\/#website\"},\"primaryImageOfPage\":{\"@id\":\"https:\\\/\\\/www.specialfabrikken.dk\\\/vare\\\/te710-15-kw-20-hk\\\/#primaryimage\"},\"image\":{\"@id\":\"https:\\\/\\\/www.specialfabrikken.dk\\\/vare\\\/te710-15-kw-20-hk\\\/#primaryimage\"},\"thumbnailUrl\":\"https:\\\/\\\/www.specialfabrikken.dk\\\/wp-content\\\/uploads\\\/2025\\\/11\\\/20220616_095408-1-scaled.jpg\",\"datePublished\":\"2025-11-19T10:46:40+00:00\",\"dateModified\":\"2026-02-18T07:38:00+00:00\",\"breadcrumb\":{\"@id\":\"https:\\\/\\\/www.specialfabrikken.dk\\\/vare\\\/te710-15-kw-20-hk\\\/#breadcrumb\"},\"inLanguage\":\"en-US\",\"potentialAction\":[{\"@type\":\"ReadAction\",\"target\":[\"https:\\\/\\\/www.specialfabrikken.dk\\\/vare\\\/te710-15-kw-20-hk\\\/\"]}]},{\"@type\":\"ImageObject\",\"inLanguage\":\"en-US\",\"@id\":\"https:\\\/\\\/www.specialfabrikken.dk\\\/vare\\\/te710-15-kw-20-hk\\\/#primaryimage\",\"url\":\"https:\\\/\\\/www.specialfabrikken.dk\\\/wp-content\\\/uploads\\\/2025\\\/11\\\/20220616_095408-1-scaled.jpg\",\"contentUrl\":\"https:\\\/\\\/www.specialfabrikken.dk\\\/wp-content\\\/uploads\\\/2025\\\/11\\\/20220616_095408-1-scaled.jpg\",\"width\":2160,\"height\":2880},{\"@type\":\"BreadcrumbList\",\"@id\":\"https:\\\/\\\/www.specialfabrikken.dk\\\/vare\\\/te710-15-kw-20-hk\\\/#breadcrumb\",\"itemListElement\":[{\"@type\":\"ListItem\",\"position\":1,\"name\":\"Forside\",\"item\":\"https:\\\/\\\/www.specialfabrikken.dk\\\/\"},{\"@type\":\"ListItem\",\"position\":2,\"name\":\"Shop\",\"item\":\"https:\\\/\\\/www.specialfabrikken.dk\\\/shop\\\/\"},{\"@type\":\"ListItem\",\"position\":3,\"name\":\"TE710 &#8211; 15 kW\\\/20 hk\"}]},{\"@type\":\"WebSite\",\"@id\":\"https:\\\/\\\/www.specialfabrikken.dk\\\/#website\",\"url\":\"https:\\\/\\\/www.specialfabrikken.dk\\\/\",\"name\":\"Specialfabrikken\",\"description\":\"Specialfabrikken\",\"potentialAction\":[{\"@type\":\"SearchAction\",\"target\":{\"@type\":\"EntryPoint\",\"urlTemplate\":\"https:\\\/\\\/www.specialfabrikken.dk\\\/?s={search_term_string}\"},\"query-input\":{\"@type\":\"PropertyValueSpecification\",\"valueRequired\":true,\"valueName\":\"search_term_string\"}}],\"inLanguage\":\"en-US\"}]}<\/script>\n<!-- \/ Yoast SEO plugin. -->","yoast_head_json":{"title":"TE710 - 15 kW\/20 hk - Specialfabrikken","robots":{"index":"index","follow":"follow","max-snippet":"max-snippet:-1","max-image-preview":"max-image-preview:large","max-video-preview":"max-video-preview:-1"},"canonical":"https:\/\/www.specialfabrikken.dk\/en\/product-2\/te710-15-kw-20-hk\/","og_locale":"en_US","og_type":"article","og_title":"TE710 - 15 kW\/20 hk - Specialfabrikken","og_description":"TE500 med forh\u00f8jet kar og undervogn og TE800 motor\/gear &#8211; 15KW \/ 20 HK- Monteret med knive for big bags + gummiflange. H\u00f8jde p\u00e5 kar 680 mm. Maks. h\u00f8jde total 1700 mm., s\u00e5 knive l\u00e6gges ned og l\u00e5g g\u00f8res lavere. Blandem\u00f8lle ekstra forst\u00e6rket og forl\u00e6nget. Firkantr\u00f8r ved aksel forst\u00e6rkes med fladjern under hensyntagen til stiger\u00f8r. [&hellip;]","og_url":"https:\/\/www.specialfabrikken.dk\/en\/product-2\/te710-15-kw-20-hk\/","og_site_name":"Specialfabrikken","article_modified_time":"2026-02-18T07:38:00+00:00","og_image":[{"width":2160,"height":2880,"url":"https:\/\/www.specialfabrikken.dk\/wp-content\/uploads\/2025\/11\/20220616_095408-1-scaled.jpg","type":"image\/jpeg"}],"twitter_card":"summary_large_image","twitter_misc":{"Est. reading time":"1 minute"},"schema":{"@context":"https:\/\/schema.org","@graph":[{"@type":"WebPage","@id":"https:\/\/www.specialfabrikken.dk\/vare\/te710-15-kw-20-hk\/","url":"https:\/\/www.specialfabrikken.dk\/vare\/te710-15-kw-20-hk\/","name":"TE710 - 15 kW\/20 hk - Specialfabrikken","isPartOf":{"@id":"https:\/\/www.specialfabrikken.dk\/#website"},"primaryImageOfPage":{"@id":"https:\/\/www.specialfabrikken.dk\/vare\/te710-15-kw-20-hk\/#primaryimage"},"image":{"@id":"https:\/\/www.specialfabrikken.dk\/vare\/te710-15-kw-20-hk\/#primaryimage"},"thumbnailUrl":"https:\/\/www.specialfabrikken.dk\/wp-content\/uploads\/2025\/11\/20220616_095408-1-scaled.jpg","datePublished":"2025-11-19T10:46:40+00:00","dateModified":"2026-02-18T07:38:00+00:00","breadcrumb":{"@id":"https:\/\/www.specialfabrikken.dk\/vare\/te710-15-kw-20-hk\/#breadcrumb"},"inLanguage":"en-US","potentialAction":[{"@type":"ReadAction","target":["https:\/\/www.specialfabrikken.dk\/vare\/te710-15-kw-20-hk\/"]}]},{"@type":"ImageObject","inLanguage":"en-US","@id":"https:\/\/www.specialfabrikken.dk\/vare\/te710-15-kw-20-hk\/#primaryimage","url":"https:\/\/www.specialfabrikken.dk\/wp-content\/uploads\/2025\/11\/20220616_095408-1-scaled.jpg","contentUrl":"https:\/\/www.specialfabrikken.dk\/wp-content\/uploads\/2025\/11\/20220616_095408-1-scaled.jpg","width":2160,"height":2880},{"@type":"BreadcrumbList","@id":"https:\/\/www.specialfabrikken.dk\/vare\/te710-15-kw-20-hk\/#breadcrumb","itemListElement":[{"@type":"ListItem","position":1,"name":"Forside","item":"https:\/\/www.specialfabrikken.dk\/"},{"@type":"ListItem","position":2,"name":"Shop","item":"https:\/\/www.specialfabrikken.dk\/shop\/"},{"@type":"ListItem","position":3,"name":"TE710 &#8211; 15 kW\/20 hk"}]},{"@type":"WebSite","@id":"https:\/\/www.specialfabrikken.dk\/#website","url":"https:\/\/www.specialfabrikken.dk\/","name":"Specialfabrikken","description":"Specialfabrikken","potentialAction":[{"@type":"SearchAction","target":{"@type":"EntryPoint","urlTemplate":"https:\/\/www.specialfabrikken.dk\/?s={search_term_string}"},"query-input":{"@type":"PropertyValueSpecification","valueRequired":true,"valueName":"search_term_string"}}],"inLanguage":"en-US"}]}},"_links":{"self":[{"href":"https:\/\/www.specialfabrikken.dk\/en\/wp-json\/wp\/v2\/product\/73902","targetHints":{"allow":["GET"]}}],"collection":[{"href":"https:\/\/www.specialfabrikken.dk\/en\/wp-json\/wp\/v2\/product"}],"about":[{"href":"https:\/\/www.specialfabrikken.dk\/en\/wp-json\/wp\/v2\/types\/product"}],"replies":[{"embeddable":true,"href":"https:\/\/www.specialfabrikken.dk\/en\/wp-json\/wp\/v2\/comments?post=73902"}],"wp:featuredmedia":[{"embeddable":true,"href":"https:\/\/www.specialfabrikken.dk\/en\/wp-json\/wp\/v2\/media\/73906"}],"wp:attachment":[{"href":"https:\/\/www.specialfabrikken.dk\/en\/wp-json\/wp\/v2\/media?parent=73902"}],"wp:term":[{"taxonomy":"product_brand","embeddable":true,"href":"https:\/\/www.specialfabrikken.dk\/en\/wp-json\/wp\/v2\/product_brand?post=73902"},{"taxonomy":"product_cat","embeddable":true,"href":"https:\/\/www.specialfabrikken.dk\/en\/wp-json\/wp\/v2\/product_cat?post=73902"},{"taxonomy":"product_tag","embeddable":true,"href":"https:\/\/www.specialfabrikken.dk\/en\/wp-json\/wp\/v2\/product_tag?post=73902"}],"curies":[{"name":"wp","href":"https:\/\/api.w.org\/{rel}","templated":true}]}}