{"id":73944,"date":"2025-11-28T11:01:36","date_gmt":"2025-11-28T11:01:36","guid":{"rendered":"https:\/\/www.specialfabrikken.dk\/?post_type=product&#038;p=73944"},"modified":"2025-11-28T11:07:49","modified_gmt":"2025-11-28T11:07:49","slug":"alu-rullestilladssaet-staahoejde-418-m-1360-x-305","status":"publish","type":"product","link":"https:\/\/www.specialfabrikken.dk\/en\/vare\/alu-rullestilladssaet-staahoejde-418-m-1360-x-305\/","title":{"rendered":"Alu-Rullestilladss\u00e6t st\u00e5h\u00f8jde 4,18 m. 1360 x 3,05"},"content":{"rendered":"<p>Alu-Rullestilladss\u00e6t med en st\u00e5h\u00f8jde p\u00e5 4,18 m. F\u00e5s i to bredder: 1300 eller 1360 mm. og flere l\u00e6ngder.<\/p>\n<p><a href=\"https:\/\/www.specialfabrikken.dk\/en\/product-category\/stillads\/alu-rullestillads\/1360-alu-rullestillads\/\">SPV Alu-rullestillads 1360<\/a> er 6 cm. bredere end standard rullestilladser p\u00e5 markedet. Dette g\u00f8r, at der er plads til diagonaler, uanset hvor du placerer dine d\u00e6k.<\/p>\n<p><a href=\"https:\/\/www.specialfabrikken.dk\/en\/product-category\/stillads\/alu-rullestillads\/1300-alu-rullestillads\/\">SPV Alu-rullestillads 1300<\/a> passer til de andre m\u00e6rker (f.eks Jumbo og Custer) p\u00e5 det danske marked.<\/p>\n<p>Dette rullestillads best\u00e5r af f\u00f8lgende dele og er beregnet til brug sammen med eksisterende Alu-rullestillads. Har du brug for et 4,18 m. Alu-rullestillads med en lovlig 2 m. indplankning \/ mellemd\u00e6k l\u00f8sning, s\u00e5 se her.<\/p>\n<p>&nbsp;<\/p>\n<p>S\u00e6ttet best\u00e5r af f\u00f8lgende dele:<\/p>\n<ul>\n<li>4 stk. 2 m. stigesektioner <a href=\"https:\/\/www.specialfabrikken.dk\/en\/product-2\/stigesektion-8-trin-1360-aluminium\/\">1360<\/a><\/li>\n<li>2 stk. 1 m. gel\u00e6nderrammer <a href=\"https:\/\/www.specialfabrikken.dk\/en\/product-2\/gelaenderramme-1360-aluminium\/\">1360<\/a><\/li>\n<li>1 stk. alu-d\u00e6k uden lem 3,05\u00a0m.<\/li>\n<li>1 stk. alu-d\u00e6k med lem 3,05\u00a0m.<\/li>\n<li>5 stk. alu-h\u00e5ndliste 3,05\u00a0m.<\/li>\n<li>4 stk. alu-diagonal 3,451\u00a0m.<\/li>\n<li>4 stk <a href=\"https:\/\/www.specialfabrikken.dk\/en\/product-2\/hjul-med-justerbar-spindel-og-bremse\/\">\u00d8200 mm hjul med justerbar spindel.<\/a><\/li>\n<li>4 stk. <a href=\"https:\/\/www.specialfabrikken.dk\/en\/product-2\/fodsparkholder-plast\/\">Plastklods til Fodspark<\/a><\/li>\n<li>8 stk. <a href=\"https:\/\/www.specialfabrikken.dk\/en\/product-2\/clips\/\">Clips<\/a><\/li>\n<\/ul>\n<p>Er du i tvivl om, hvordan du monterer dit SPV Alu-rullestillads efter de nye regler, s\u00e5 kan du finde den senest opdaterede opstillingsmanual <a href=\"https:\/\/www.specialfabrikken.dk\/en\/instruktionsmanualer\/manualer-alu-rullestillads\/\">her<\/a>.<\/p>\n<p>Bygger du flere rullestilladser sammen, s\u00e5 husk at bruge <a href=\"https:\/\/www.specialfabrikken.dk\/en\/product-2\/trinunderstoetning\/\">Trinunderst\u00f8tning<\/a> fra SPV. Med dem fordeler du belastningen p\u00e5 flere trin og sk\u00e5ner dine rammer.<\/p>\n<p>Gennemgangsrammer uden snublekant og bred \u00e5bning f\u00e5s kun hos Specialfabrikken Vinderup A\/S. Den laves til b\u00e5de <a href=\"https:\/\/www.specialfabrikken.dk\/en\/product-2\/gennemgangsramme-spv-130-x-20-m-aluminium\/\">1300<\/a> og <a href=\"https:\/\/www.specialfabrikken.dk\/en\/product-2\/gennemgangsramme-spv-136-x-20-m-aluminium\/\">1360<\/a> Alu-rullestilladser.<\/p>\n<p>Mangler du st\u00f8tteben, s\u00e5 kan de k\u00f8bes i <a href=\"https:\/\/www.specialfabrikken.dk\/en\/product-2\/stoetteben-20-m-aluminium\/\">2,0<\/a> og <a href=\"https:\/\/www.specialfabrikken.dk\/en\/product-2\/stoetteben-30-m-aluminium\/\">3,0<\/a> m.<\/p>\n<blockquote><p><em><strong>Husk<\/strong><\/em> at m\u00e5lene er taget fra center til center, hvilket g\u00f8r at et 1360 stillads udvendigt m\u00e5ler 1410 mm., og 1300 m\u00e5ler s\u00e5ledes 1350 mm. udvendigt.<\/p><\/blockquote>\n<p>Specialfabrikken Vinderup A\/S producerer Alu-rullestillads p\u00e5 vores egen fabrik i Vinderup af certificerede svejsere og robotter, s\u00e5 kvaliteten er i top.<\/p>","protected":false},"excerpt":{"rendered":"<h1>Alu-Rullestilladss\u00e6t st\u00e5h\u00f8jde 4,18 m. fra Specialfabrikken Vinderup A\/S.<\/h1>","protected":false},"featured_media":71963,"comment_status":"open","ping_status":"closed","template":"","meta":{"_acf_changed":false,"_et_pb_use_builder":"","_et_pb_old_content":"","_et_gb_content_width":""},"product_brand":[],"product_cat":[105,54],"product_tag":[173,151],"class_list":{"0":"post-73944","1":"product","2":"type-product","3":"status-publish","4":"has-post-thumbnail","6":"product_cat-1360-alu-rullestillads","7":"product_cat-alu-rullestillads","8":"product_tag-alu-rullestillads","9":"product_tag-komplet-saet","10":"product_shipping_class-stor","12":"first","13":"onbackorder","14":"taxable","15":"shipping-taxable","16":"purchasable","17":"product-type-woosb"},"acf":[],"yoast_head":"<!-- This site is optimized with the Yoast SEO plugin v27.4 - https:\/\/yoast.com\/product\/yoast-seo-wordpress\/ -->\n<title>Alu-Rullestilladss\u00e6t st\u00e5h\u00f8jde 4,18 m. 1360 x 3,05 - Specialfabrikken<\/title>\n<meta name=\"description\" content=\"Specialfabrikken Vinderup Alu-Rullestilladss\u00e6t st\u00e5h\u00f8jde 4,18 m. d\u00e6kl\u00e6ngde 3,05 m. og bredde 1360. Dansk Kvalitet produceret i Vinderup.\" \/>\n<meta name=\"robots\" content=\"index, follow, max-snippet:-1, max-image-preview:large, max-video-preview:-1\" \/>\n<link rel=\"canonical\" href=\"https:\/\/www.specialfabrikken.dk\/en\/product-2\/alu-rullestilladssaet-staahoejde-418-m-1360-x-305\/\" \/>\n<meta property=\"og:locale\" content=\"en_US\" \/>\n<meta property=\"og:type\" content=\"article\" \/>\n<meta property=\"og:title\" content=\"Alu-Rullestilladss\u00e6t st\u00e5h\u00f8jde 4,18 m. 1360 x 3,05 - Specialfabrikken\" \/>\n<meta property=\"og:description\" content=\"Specialfabrikken Vinderup Alu-Rullestilladss\u00e6t st\u00e5h\u00f8jde 4,18 m. d\u00e6kl\u00e6ngde 3,05 m. og bredde 1360. Dansk Kvalitet produceret i Vinderup.\" \/>\n<meta property=\"og:url\" content=\"https:\/\/www.specialfabrikken.dk\/en\/product-2\/alu-rullestilladssaet-staahoejde-418-m-1360-x-305\/\" \/>\n<meta property=\"og:site_name\" content=\"Specialfabrikken\" \/>\n<meta property=\"article:modified_time\" content=\"2025-11-28T11:07:49+00:00\" \/>\n<meta property=\"og:image\" content=\"https:\/\/www.specialfabrikken.dk\/wp-content\/uploads\/2024\/01\/1360-Rullestillads-4m-staahoejde-6.png\" \/>\n\t<meta property=\"og:image:width\" content=\"1920\" \/>\n\t<meta property=\"og:image:height\" content=\"1080\" \/>\n\t<meta property=\"og:image:type\" content=\"image\/png\" \/>\n<meta name=\"twitter:card\" content=\"summary_large_image\" \/>\n<meta name=\"twitter:label1\" content=\"Est. reading time\" \/>\n\t<meta name=\"twitter:data1\" content=\"2 minutes\" \/>\n<script type=\"application\/ld+json\" class=\"yoast-schema-graph\">{\"@context\":\"https:\\\/\\\/schema.org\",\"@graph\":[{\"@type\":\"WebPage\",\"@id\":\"https:\\\/\\\/www.specialfabrikken.dk\\\/vare\\\/alu-rullestilladssaet-staahoejde-418-m-1360-x-305\\\/\",\"url\":\"https:\\\/\\\/www.specialfabrikken.dk\\\/vare\\\/alu-rullestilladssaet-staahoejde-418-m-1360-x-305\\\/\",\"name\":\"Alu-Rullestilladss\u00e6t st\u00e5h\u00f8jde 4,18 m. 1360 x 3,05 - Specialfabrikken\",\"isPartOf\":{\"@id\":\"https:\\\/\\\/www.specialfabrikken.dk\\\/#website\"},\"primaryImageOfPage\":{\"@id\":\"https:\\\/\\\/www.specialfabrikken.dk\\\/vare\\\/alu-rullestilladssaet-staahoejde-418-m-1360-x-305\\\/#primaryimage\"},\"image\":{\"@id\":\"https:\\\/\\\/www.specialfabrikken.dk\\\/vare\\\/alu-rullestilladssaet-staahoejde-418-m-1360-x-305\\\/#primaryimage\"},\"thumbnailUrl\":\"https:\\\/\\\/www.specialfabrikken.dk\\\/wp-content\\\/uploads\\\/2024\\\/01\\\/1360-Rullestillads-4m-staahoejde-6.png\",\"datePublished\":\"2025-11-28T11:01:36+00:00\",\"dateModified\":\"2025-11-28T11:07:49+00:00\",\"description\":\"Specialfabrikken Vinderup Alu-Rullestilladss\u00e6t st\u00e5h\u00f8jde 4,18 m. d\u00e6kl\u00e6ngde 3,05 m. og bredde 1360. Dansk Kvalitet produceret i Vinderup.\",\"breadcrumb\":{\"@id\":\"https:\\\/\\\/www.specialfabrikken.dk\\\/vare\\\/alu-rullestilladssaet-staahoejde-418-m-1360-x-305\\\/#breadcrumb\"},\"inLanguage\":\"en-US\",\"potentialAction\":[{\"@type\":\"ReadAction\",\"target\":[\"https:\\\/\\\/www.specialfabrikken.dk\\\/vare\\\/alu-rullestilladssaet-staahoejde-418-m-1360-x-305\\\/\"]}]},{\"@type\":\"ImageObject\",\"inLanguage\":\"en-US\",\"@id\":\"https:\\\/\\\/www.specialfabrikken.dk\\\/vare\\\/alu-rullestilladssaet-staahoejde-418-m-1360-x-305\\\/#primaryimage\",\"url\":\"https:\\\/\\\/www.specialfabrikken.dk\\\/wp-content\\\/uploads\\\/2024\\\/01\\\/1360-Rullestillads-4m-staahoejde-6.png\",\"contentUrl\":\"https:\\\/\\\/www.specialfabrikken.dk\\\/wp-content\\\/uploads\\\/2024\\\/01\\\/1360-Rullestillads-4m-staahoejde-6.png\",\"width\":1920,\"height\":1080,\"caption\":\"Alu-Rullestilladss\u00e6t st\u00e5h\u00f8jde 4,18 m.\"},{\"@type\":\"BreadcrumbList\",\"@id\":\"https:\\\/\\\/www.specialfabrikken.dk\\\/vare\\\/alu-rullestilladssaet-staahoejde-418-m-1360-x-305\\\/#breadcrumb\",\"itemListElement\":[{\"@type\":\"ListItem\",\"position\":1,\"name\":\"Forside\",\"item\":\"https:\\\/\\\/www.specialfabrikken.dk\\\/\"},{\"@type\":\"ListItem\",\"position\":2,\"name\":\"Shop\",\"item\":\"https:\\\/\\\/www.specialfabrikken.dk\\\/shop\\\/\"},{\"@type\":\"ListItem\",\"position\":3,\"name\":\"Alu-Rullestilladss\u00e6t st\u00e5h\u00f8jde 4,18 m. 1360 x 3,05\"}]},{\"@type\":\"WebSite\",\"@id\":\"https:\\\/\\\/www.specialfabrikken.dk\\\/#website\",\"url\":\"https:\\\/\\\/www.specialfabrikken.dk\\\/\",\"name\":\"Specialfabrikken\",\"description\":\"Specialfabrikken\",\"potentialAction\":[{\"@type\":\"SearchAction\",\"target\":{\"@type\":\"EntryPoint\",\"urlTemplate\":\"https:\\\/\\\/www.specialfabrikken.dk\\\/?s={search_term_string}\"},\"query-input\":{\"@type\":\"PropertyValueSpecification\",\"valueRequired\":true,\"valueName\":\"search_term_string\"}}],\"inLanguage\":\"en-US\"}]}<\/script>\n<!-- \/ Yoast SEO plugin. -->","yoast_head_json":{"title":"Alu-Rullestilladss\u00e6t st\u00e5h\u00f8jde 4,18 m. 1360 x 3,05 - Specialfabrikken","description":"Specialfabrikken Vinderup Alu-Rullestilladss\u00e6t st\u00e5h\u00f8jde 4,18 m. d\u00e6kl\u00e6ngde 3,05 m. og bredde 1360. Dansk Kvalitet produceret i Vinderup.","robots":{"index":"index","follow":"follow","max-snippet":"max-snippet:-1","max-image-preview":"max-image-preview:large","max-video-preview":"max-video-preview:-1"},"canonical":"https:\/\/www.specialfabrikken.dk\/en\/product-2\/alu-rullestilladssaet-staahoejde-418-m-1360-x-305\/","og_locale":"en_US","og_type":"article","og_title":"Alu-Rullestilladss\u00e6t st\u00e5h\u00f8jde 4,18 m. 1360 x 3,05 - Specialfabrikken","og_description":"Specialfabrikken Vinderup Alu-Rullestilladss\u00e6t st\u00e5h\u00f8jde 4,18 m. d\u00e6kl\u00e6ngde 3,05 m. og bredde 1360. Dansk Kvalitet produceret i Vinderup.","og_url":"https:\/\/www.specialfabrikken.dk\/en\/product-2\/alu-rullestilladssaet-staahoejde-418-m-1360-x-305\/","og_site_name":"Specialfabrikken","article_modified_time":"2025-11-28T11:07:49+00:00","og_image":[{"width":1920,"height":1080,"url":"https:\/\/www.specialfabrikken.dk\/wp-content\/uploads\/2024\/01\/1360-Rullestillads-4m-staahoejde-6.png","type":"image\/png"}],"twitter_card":"summary_large_image","twitter_misc":{"Est. reading time":"2 minutes"},"schema":{"@context":"https:\/\/schema.org","@graph":[{"@type":"WebPage","@id":"https:\/\/www.specialfabrikken.dk\/vare\/alu-rullestilladssaet-staahoejde-418-m-1360-x-305\/","url":"https:\/\/www.specialfabrikken.dk\/vare\/alu-rullestilladssaet-staahoejde-418-m-1360-x-305\/","name":"Alu-Rullestilladss\u00e6t st\u00e5h\u00f8jde 4,18 m. 1360 x 3,05 - Specialfabrikken","isPartOf":{"@id":"https:\/\/www.specialfabrikken.dk\/#website"},"primaryImageOfPage":{"@id":"https:\/\/www.specialfabrikken.dk\/vare\/alu-rullestilladssaet-staahoejde-418-m-1360-x-305\/#primaryimage"},"image":{"@id":"https:\/\/www.specialfabrikken.dk\/vare\/alu-rullestilladssaet-staahoejde-418-m-1360-x-305\/#primaryimage"},"thumbnailUrl":"https:\/\/www.specialfabrikken.dk\/wp-content\/uploads\/2024\/01\/1360-Rullestillads-4m-staahoejde-6.png","datePublished":"2025-11-28T11:01:36+00:00","dateModified":"2025-11-28T11:07:49+00:00","description":"Specialfabrikken Vinderup Alu-Rullestilladss\u00e6t st\u00e5h\u00f8jde 4,18 m. d\u00e6kl\u00e6ngde 3,05 m. og bredde 1360. Dansk Kvalitet produceret i Vinderup.","breadcrumb":{"@id":"https:\/\/www.specialfabrikken.dk\/vare\/alu-rullestilladssaet-staahoejde-418-m-1360-x-305\/#breadcrumb"},"inLanguage":"en-US","potentialAction":[{"@type":"ReadAction","target":["https:\/\/www.specialfabrikken.dk\/vare\/alu-rullestilladssaet-staahoejde-418-m-1360-x-305\/"]}]},{"@type":"ImageObject","inLanguage":"en-US","@id":"https:\/\/www.specialfabrikken.dk\/vare\/alu-rullestilladssaet-staahoejde-418-m-1360-x-305\/#primaryimage","url":"https:\/\/www.specialfabrikken.dk\/wp-content\/uploads\/2024\/01\/1360-Rullestillads-4m-staahoejde-6.png","contentUrl":"https:\/\/www.specialfabrikken.dk\/wp-content\/uploads\/2024\/01\/1360-Rullestillads-4m-staahoejde-6.png","width":1920,"height":1080,"caption":"Alu-Rullestilladss\u00e6t st\u00e5h\u00f8jde 4,18 m."},{"@type":"BreadcrumbList","@id":"https:\/\/www.specialfabrikken.dk\/vare\/alu-rullestilladssaet-staahoejde-418-m-1360-x-305\/#breadcrumb","itemListElement":[{"@type":"ListItem","position":1,"name":"Forside","item":"https:\/\/www.specialfabrikken.dk\/"},{"@type":"ListItem","position":2,"name":"Shop","item":"https:\/\/www.specialfabrikken.dk\/shop\/"},{"@type":"ListItem","position":3,"name":"Alu-Rullestilladss\u00e6t st\u00e5h\u00f8jde 4,18 m. 1360 x 3,05"}]},{"@type":"WebSite","@id":"https:\/\/www.specialfabrikken.dk\/#website","url":"https:\/\/www.specialfabrikken.dk\/","name":"Specialfabrikken","description":"Specialfabrikken","potentialAction":[{"@type":"SearchAction","target":{"@type":"EntryPoint","urlTemplate":"https:\/\/www.specialfabrikken.dk\/?s={search_term_string}"},"query-input":{"@type":"PropertyValueSpecification","valueRequired":true,"valueName":"search_term_string"}}],"inLanguage":"en-US"}]}},"_links":{"self":[{"href":"https:\/\/www.specialfabrikken.dk\/en\/wp-json\/wp\/v2\/product\/73944","targetHints":{"allow":["GET"]}}],"collection":[{"href":"https:\/\/www.specialfabrikken.dk\/en\/wp-json\/wp\/v2\/product"}],"about":[{"href":"https:\/\/www.specialfabrikken.dk\/en\/wp-json\/wp\/v2\/types\/product"}],"replies":[{"embeddable":true,"href":"https:\/\/www.specialfabrikken.dk\/en\/wp-json\/wp\/v2\/comments?post=73944"}],"wp:featuredmedia":[{"embeddable":true,"href":"https:\/\/www.specialfabrikken.dk\/en\/wp-json\/wp\/v2\/media\/71963"}],"wp:attachment":[{"href":"https:\/\/www.specialfabrikken.dk\/en\/wp-json\/wp\/v2\/media?parent=73944"}],"wp:term":[{"taxonomy":"product_brand","embeddable":true,"href":"https:\/\/www.specialfabrikken.dk\/en\/wp-json\/wp\/v2\/product_brand?post=73944"},{"taxonomy":"product_cat","embeddable":true,"href":"https:\/\/www.specialfabrikken.dk\/en\/wp-json\/wp\/v2\/product_cat?post=73944"},{"taxonomy":"product_tag","embeddable":true,"href":"https:\/\/www.specialfabrikken.dk\/en\/wp-json\/wp\/v2\/product_tag?post=73944"}],"curies":[{"name":"wp","href":"https:\/\/api.w.org\/{rel}","templated":true}]}}