{"id":74106,"date":"2026-02-19T08:57:30","date_gmt":"2026-02-19T07:57:30","guid":{"rendered":"https:\/\/www.specialfabrikken.dk\/vare\/foldestillads-158-m-med-trappe\/"},"modified":"2026-02-19T10:40:10","modified_gmt":"2026-02-19T09:40:10","slug":"foldestillads-158-m-med-trappe","status":"publish","type":"product","link":"https:\/\/www.specialfabrikken.dk\/en\/vare\/foldestillads-158-m-med-trappe\/","title":{"rendered":"Foldestillads 1,58 m. med trappe"},"content":{"rendered":"<p>Lette stilladser i aluminium \u2013 passer med komponenter fra Prof\u00ae Rullestillads. Best\u00e5r af f\u00e5 dele, s\u00e5 de er hurtige at stille op og nemme at transportere. K\u00f8rer samlet gennem standardd\u00f8re og er ideelle til indend\u00f8rs arbejde. Monteret med 125 mm. roterbare hjul med bremse. St\u00e5h\u00f8jder: 0,25, 0,5, 0,75 og 1,0 m.<\/p>\n<p>Denne model er med foldeled og kombir\u00e6kv\u00e6rk og f\u00e5s i to l\u00e6ngder 1,58 m. og 2,50 m.<i><\/i><\/p>","protected":false},"excerpt":{"rendered":"<ul>\n<li>Komplet foldestillads i aluminium med foldeled og trappe.<\/li>\n<li>L\u00e6ngde 1,58 meter.<\/li>\n<li>Ideel til indend\u00f8rs arbejde.<\/li>\n<li>Let og handy.<\/li>\n<li>Fire st\u00e5h\u00f8jder.<\/li>\n<\/ul>","protected":false},"featured_media":74115,"comment_status":"open","ping_status":"closed","template":"","meta":{"_acf_changed":false,"_et_pb_use_builder":"","_et_pb_old_content":"","_et_gb_content_width":""},"product_brand":[],"product_cat":[70,31],"product_tag":[],"class_list":{"0":"post-74106","1":"product","2":"type-product","3":"status-publish","4":"has-post-thumbnail","6":"product_cat-foldestillads","7":"product_cat-stillads","8":"product_shipping_class-stor","10":"first","11":"instock","12":"taxable","13":"shipping-taxable","14":"purchasable","15":"product-type-simple"},"acf":[],"yoast_head":"<!-- This site is optimized with the Yoast SEO plugin v27.4 - https:\/\/yoast.com\/product\/yoast-seo-wordpress\/ -->\n<title>Foldestillads 1,58 m. med trappe - Specialfabrikken<\/title>\n<meta name=\"description\" content=\"Komplet foldestillads i aluminium med foldeled og trappe. L\u00e6ngde 1,58 meter. Ideel til indend\u00f8rs arbejde. Let og handy. Fire st\u00e5h\u00f8jder.\" \/>\n<meta name=\"robots\" content=\"index, follow, max-snippet:-1, max-image-preview:large, max-video-preview:-1\" \/>\n<link rel=\"canonical\" href=\"https:\/\/www.specialfabrikken.dk\/en\/product-2\/foldestillads-158-m-med-trappe\/\" \/>\n<meta property=\"og:locale\" content=\"en_US\" \/>\n<meta property=\"og:type\" content=\"article\" \/>\n<meta property=\"og:title\" content=\"Foldestillads 1,58 m. med trappe - Specialfabrikken\" \/>\n<meta property=\"og:description\" content=\"Komplet foldestillads i aluminium med foldeled og trappe. L\u00e6ngde 1,58 meter. Ideel til indend\u00f8rs arbejde. Let og handy. Fire st\u00e5h\u00f8jder.\" \/>\n<meta property=\"og:url\" content=\"https:\/\/www.specialfabrikken.dk\/en\/product-2\/foldestillads-158-m-med-trappe\/\" \/>\n<meta property=\"og:site_name\" content=\"Specialfabrikken\" \/>\n<meta property=\"article:modified_time\" content=\"2026-02-19T09:40:10+00:00\" \/>\n<meta property=\"og:image\" content=\"https:\/\/www.specialfabrikken.dk\/wp-content\/uploads\/2026\/02\/10000057531-scaled.jpg\" \/>\n\t<meta property=\"og:image:width\" content=\"2880\" \/>\n\t<meta property=\"og:image:height\" content=\"2160\" \/>\n\t<meta property=\"og:image:type\" content=\"image\/jpeg\" \/>\n<meta name=\"twitter:card\" content=\"summary_large_image\" \/>\n<meta name=\"twitter:label1\" content=\"Est. reading time\" \/>\n\t<meta name=\"twitter:data1\" content=\"1 minute\" \/>\n<script type=\"application\/ld+json\" class=\"yoast-schema-graph\">{\"@context\":\"https:\\\/\\\/schema.org\",\"@graph\":[{\"@type\":\"WebPage\",\"@id\":\"https:\\\/\\\/www.specialfabrikken.dk\\\/vare\\\/foldestillads-158-m-med-trappe\\\/\",\"url\":\"https:\\\/\\\/www.specialfabrikken.dk\\\/vare\\\/foldestillads-158-m-med-trappe\\\/\",\"name\":\"Foldestillads 1,58 m. med trappe - Specialfabrikken\",\"isPartOf\":{\"@id\":\"https:\\\/\\\/www.specialfabrikken.dk\\\/#website\"},\"primaryImageOfPage\":{\"@id\":\"https:\\\/\\\/www.specialfabrikken.dk\\\/vare\\\/foldestillads-158-m-med-trappe\\\/#primaryimage\"},\"image\":{\"@id\":\"https:\\\/\\\/www.specialfabrikken.dk\\\/vare\\\/foldestillads-158-m-med-trappe\\\/#primaryimage\"},\"thumbnailUrl\":\"https:\\\/\\\/www.specialfabrikken.dk\\\/wp-content\\\/uploads\\\/2026\\\/02\\\/10000057531-scaled.jpg\",\"datePublished\":\"2026-02-19T07:57:30+00:00\",\"dateModified\":\"2026-02-19T09:40:10+00:00\",\"description\":\"Komplet foldestillads i aluminium med foldeled og trappe. L\u00e6ngde 1,58 meter. Ideel til indend\u00f8rs arbejde. Let og handy. Fire st\u00e5h\u00f8jder.\",\"breadcrumb\":{\"@id\":\"https:\\\/\\\/www.specialfabrikken.dk\\\/vare\\\/foldestillads-158-m-med-trappe\\\/#breadcrumb\"},\"inLanguage\":\"en-US\",\"potentialAction\":[{\"@type\":\"ReadAction\",\"target\":[\"https:\\\/\\\/www.specialfabrikken.dk\\\/vare\\\/foldestillads-158-m-med-trappe\\\/\"]}]},{\"@type\":\"ImageObject\",\"inLanguage\":\"en-US\",\"@id\":\"https:\\\/\\\/www.specialfabrikken.dk\\\/vare\\\/foldestillads-158-m-med-trappe\\\/#primaryimage\",\"url\":\"https:\\\/\\\/www.specialfabrikken.dk\\\/wp-content\\\/uploads\\\/2026\\\/02\\\/10000057531-scaled.jpg\",\"contentUrl\":\"https:\\\/\\\/www.specialfabrikken.dk\\\/wp-content\\\/uploads\\\/2026\\\/02\\\/10000057531-scaled.jpg\",\"width\":2880,\"height\":2160},{\"@type\":\"BreadcrumbList\",\"@id\":\"https:\\\/\\\/www.specialfabrikken.dk\\\/vare\\\/foldestillads-158-m-med-trappe\\\/#breadcrumb\",\"itemListElement\":[{\"@type\":\"ListItem\",\"position\":1,\"name\":\"Forside\",\"item\":\"https:\\\/\\\/www.specialfabrikken.dk\\\/\"},{\"@type\":\"ListItem\",\"position\":2,\"name\":\"Shop\",\"item\":\"https:\\\/\\\/www.specialfabrikken.dk\\\/shop\\\/\"},{\"@type\":\"ListItem\",\"position\":3,\"name\":\"Foldestillads 1,58 m. med trappe\"}]},{\"@type\":\"WebSite\",\"@id\":\"https:\\\/\\\/www.specialfabrikken.dk\\\/#website\",\"url\":\"https:\\\/\\\/www.specialfabrikken.dk\\\/\",\"name\":\"Specialfabrikken\",\"description\":\"Specialfabrikken\",\"potentialAction\":[{\"@type\":\"SearchAction\",\"target\":{\"@type\":\"EntryPoint\",\"urlTemplate\":\"https:\\\/\\\/www.specialfabrikken.dk\\\/?s={search_term_string}\"},\"query-input\":{\"@type\":\"PropertyValueSpecification\",\"valueRequired\":true,\"valueName\":\"search_term_string\"}}],\"inLanguage\":\"en-US\"}]}<\/script>\n<!-- \/ Yoast SEO plugin. -->","yoast_head_json":{"title":"Foldestillads 1,58 m. med trappe - Specialfabrikken","description":"Komplet foldestillads i aluminium med foldeled og trappe. L\u00e6ngde 1,58 meter. Ideel til indend\u00f8rs arbejde. Let og handy. Fire st\u00e5h\u00f8jder.","robots":{"index":"index","follow":"follow","max-snippet":"max-snippet:-1","max-image-preview":"max-image-preview:large","max-video-preview":"max-video-preview:-1"},"canonical":"https:\/\/www.specialfabrikken.dk\/en\/product-2\/foldestillads-158-m-med-trappe\/","og_locale":"en_US","og_type":"article","og_title":"Foldestillads 1,58 m. med trappe - Specialfabrikken","og_description":"Komplet foldestillads i aluminium med foldeled og trappe. L\u00e6ngde 1,58 meter. Ideel til indend\u00f8rs arbejde. Let og handy. Fire st\u00e5h\u00f8jder.","og_url":"https:\/\/www.specialfabrikken.dk\/en\/product-2\/foldestillads-158-m-med-trappe\/","og_site_name":"Specialfabrikken","article_modified_time":"2026-02-19T09:40:10+00:00","og_image":[{"width":2880,"height":2160,"url":"https:\/\/www.specialfabrikken.dk\/wp-content\/uploads\/2026\/02\/10000057531-scaled.jpg","type":"image\/jpeg"}],"twitter_card":"summary_large_image","twitter_misc":{"Est. reading time":"1 minute"},"schema":{"@context":"https:\/\/schema.org","@graph":[{"@type":"WebPage","@id":"https:\/\/www.specialfabrikken.dk\/vare\/foldestillads-158-m-med-trappe\/","url":"https:\/\/www.specialfabrikken.dk\/vare\/foldestillads-158-m-med-trappe\/","name":"Foldestillads 1,58 m. med trappe - Specialfabrikken","isPartOf":{"@id":"https:\/\/www.specialfabrikken.dk\/#website"},"primaryImageOfPage":{"@id":"https:\/\/www.specialfabrikken.dk\/vare\/foldestillads-158-m-med-trappe\/#primaryimage"},"image":{"@id":"https:\/\/www.specialfabrikken.dk\/vare\/foldestillads-158-m-med-trappe\/#primaryimage"},"thumbnailUrl":"https:\/\/www.specialfabrikken.dk\/wp-content\/uploads\/2026\/02\/10000057531-scaled.jpg","datePublished":"2026-02-19T07:57:30+00:00","dateModified":"2026-02-19T09:40:10+00:00","description":"Komplet foldestillads i aluminium med foldeled og trappe. L\u00e6ngde 1,58 meter. Ideel til indend\u00f8rs arbejde. Let og handy. Fire st\u00e5h\u00f8jder.","breadcrumb":{"@id":"https:\/\/www.specialfabrikken.dk\/vare\/foldestillads-158-m-med-trappe\/#breadcrumb"},"inLanguage":"en-US","potentialAction":[{"@type":"ReadAction","target":["https:\/\/www.specialfabrikken.dk\/vare\/foldestillads-158-m-med-trappe\/"]}]},{"@type":"ImageObject","inLanguage":"en-US","@id":"https:\/\/www.specialfabrikken.dk\/vare\/foldestillads-158-m-med-trappe\/#primaryimage","url":"https:\/\/www.specialfabrikken.dk\/wp-content\/uploads\/2026\/02\/10000057531-scaled.jpg","contentUrl":"https:\/\/www.specialfabrikken.dk\/wp-content\/uploads\/2026\/02\/10000057531-scaled.jpg","width":2880,"height":2160},{"@type":"BreadcrumbList","@id":"https:\/\/www.specialfabrikken.dk\/vare\/foldestillads-158-m-med-trappe\/#breadcrumb","itemListElement":[{"@type":"ListItem","position":1,"name":"Forside","item":"https:\/\/www.specialfabrikken.dk\/"},{"@type":"ListItem","position":2,"name":"Shop","item":"https:\/\/www.specialfabrikken.dk\/shop\/"},{"@type":"ListItem","position":3,"name":"Foldestillads 1,58 m. med trappe"}]},{"@type":"WebSite","@id":"https:\/\/www.specialfabrikken.dk\/#website","url":"https:\/\/www.specialfabrikken.dk\/","name":"Specialfabrikken","description":"Specialfabrikken","potentialAction":[{"@type":"SearchAction","target":{"@type":"EntryPoint","urlTemplate":"https:\/\/www.specialfabrikken.dk\/?s={search_term_string}"},"query-input":{"@type":"PropertyValueSpecification","valueRequired":true,"valueName":"search_term_string"}}],"inLanguage":"en-US"}]}},"_links":{"self":[{"href":"https:\/\/www.specialfabrikken.dk\/en\/wp-json\/wp\/v2\/product\/74106","targetHints":{"allow":["GET"]}}],"collection":[{"href":"https:\/\/www.specialfabrikken.dk\/en\/wp-json\/wp\/v2\/product"}],"about":[{"href":"https:\/\/www.specialfabrikken.dk\/en\/wp-json\/wp\/v2\/types\/product"}],"replies":[{"embeddable":true,"href":"https:\/\/www.specialfabrikken.dk\/en\/wp-json\/wp\/v2\/comments?post=74106"}],"wp:featuredmedia":[{"embeddable":true,"href":"https:\/\/www.specialfabrikken.dk\/en\/wp-json\/wp\/v2\/media\/74115"}],"wp:attachment":[{"href":"https:\/\/www.specialfabrikken.dk\/en\/wp-json\/wp\/v2\/media?parent=74106"}],"wp:term":[{"taxonomy":"product_brand","embeddable":true,"href":"https:\/\/www.specialfabrikken.dk\/en\/wp-json\/wp\/v2\/product_brand?post=74106"},{"taxonomy":"product_cat","embeddable":true,"href":"https:\/\/www.specialfabrikken.dk\/en\/wp-json\/wp\/v2\/product_cat?post=74106"},{"taxonomy":"product_tag","embeddable":true,"href":"https:\/\/www.specialfabrikken.dk\/en\/wp-json\/wp\/v2\/product_tag?post=74106"}],"curies":[{"name":"wp","href":"https:\/\/api.w.org\/{rel}","templated":true}]}}