{"id":74281,"date":"2026-03-13T12:20:37","date_gmt":"2026-03-13T11:20:37","guid":{"rendered":"https:\/\/www.specialfabrikken.dk\/?post_type=product&#038;p=74281"},"modified":"2026-04-10T10:28:25","modified_gmt":"2026-04-10T08:28:25","slug":"droptestet-alu-daek-u-lem-06-x-3-05-m-klasse-4","status":"publish","type":"product","link":"https:\/\/www.specialfabrikken.dk\/en\/vare\/droptestet-alu-daek-u-lem-06-x-3-05-m-klasse-4\/","title":{"rendered":"Droptestet alu-d\u00e6k u. lem 0,6 x 3,05 m. \u2013 kl. 4"},"content":{"rendered":"<p>Dette droptestede Allround stilladsd\u00e6k er udviklet til kr\u00e6vende opgaver, hvor der stilles ekstra h\u00f8je krav til sikkerhed og belastning. D\u00e6kket er droptestet, hvilket betyder, at det kan modst\u00e5 de belastninger, der opst\u00e5r ved arbejde i h\u00f8jden. Stilladsd\u00e6kket er opbygget med kraftige aluminiumsvanger og kroge samt en st\u00e6rk finerplade, der giver en stabil og sikker arbejdsplatform.<\/p>\n<p>D\u00e6kket er klassificeret i klasse 4 (300 kg pr. m\u00b2).<\/p>\n<ul>\n<li class=\"p1\"><b>Droptestet<\/b><b><\/b><\/li>\n<li class=\"p2\">Klasse 4 stilladsd\u00e6k \u2013 <span class=\"s2\"><b>300 kg\/m\u00b2<\/b><b><\/b><\/span><\/li>\n<li class=\"p1\"><span class=\"s1\">Godkendt til <\/span><b>tagarbejde og murerarbejde<\/b><b><\/b><\/li>\n<li class=\"p2\">Kan anvendes sammen med <span class=\"s2\"><b>el-pallek\u00e6rre<\/b><b><\/b><\/span><\/li>\n<li>Passer til g\u00e6ngse fabrikater p\u00e5 markedet.<\/li>\n<li class=\"p1\"><span class=\"s1\">Str. <\/span><b>0,60 x 3,05 m<\/b><\/li>\n<\/ul>\n<p><b><\/b><strong>Godkendt til<\/strong><\/p>\n<ul>\n<li class=\"p1\">tagarbejde<\/li>\n<li class=\"p1\">murerarbejde<\/li>\n<li class=\"p1\">brug med el-pallek\u00e6rre<\/li>\n<\/ul>\n<p>D\u00e6kket m\u00e5ler 0,60 x 3,05 m og passer til de fleste stilladssystemer p\u00e5 markedet.<\/p>","protected":false},"excerpt":{"rendered":"<h3 class=\"p1\"><b>Allround stilladsd\u00e6k \u2013 kan det hele<\/b><b><\/b><\/h3>\n<p class=\"p3\">Godkendt til:<br \/>\n\u2705 Tagarbejde<br \/>\n\u2705 Murerarbejde<br \/>\n\u2705 Brug med el-pallek\u00e6rre<\/p>\n<p class=\"p1\"><span class=\"s1\">Droptestet<\/span><b>. <\/b><b>Klasse 4 \u2013 300 kg\/m\u00b2<\/b><\/p>\n<blockquote><p><strong>BEM\u00c6RK: INTROPRIS<\/strong><\/p><\/blockquote>","protected":false},"featured_media":74381,"comment_status":"open","ping_status":"closed","template":"","meta":{"_acf_changed":false,"_et_pb_use_builder":"","_et_pb_old_content":"","_et_gb_content_width":""},"product_brand":[],"product_cat":[213,102,54,66,124,32],"product_tag":[214],"class_list":{"0":"post-74281","1":"product","2":"type-product","3":"status-publish","4":"has-post-thumbnail","6":"product_cat-allround-klasse-4","7":"product_cat-alu-daek","8":"product_cat-alu-rullestillads","9":"product_cat-bukkestillads","10":"product_cat-droptestede-alu-daek","11":"product_cat-murerstillads","12":"product_tag-nyhed","13":"product_shipping_class-stor","15":"first","16":"onbackorder","17":"taxable","18":"shipping-taxable","19":"purchasable","20":"product-type-simple"},"acf":[],"yoast_head":"<!-- This site is optimized with the Yoast SEO plugin v27.4 - https:\/\/yoast.com\/product\/yoast-seo-wordpress\/ -->\n<title>Droptestet alu-d\u00e6k u. lem 0,6 x 3,05 m. \u2013 kl. 4 - Specialfabrikken<\/title>\n<meta name=\"robots\" content=\"index, follow, max-snippet:-1, max-image-preview:large, max-video-preview:-1\" \/>\n<link rel=\"canonical\" href=\"https:\/\/www.specialfabrikken.dk\/en\/product-2\/droptestet-alu-daek-u-lem-06-x-3-05-m-klasse-4\/\" \/>\n<meta property=\"og:locale\" content=\"en_US\" \/>\n<meta property=\"og:type\" content=\"article\" \/>\n<meta property=\"og:title\" content=\"Droptestet alu-d\u00e6k u. lem 0,6 x 3,05 m. \u2013 kl. 4 - Specialfabrikken\" \/>\n<meta property=\"og:description\" content=\"Allround stilladsd\u00e6k \u2013 kan det hele Godkendt til: \u2705 Tagarbejde \u2705 Murerarbejde \u2705 Brug med el-pallek\u00e6rre Droptestet. Klasse 4 \u2013 300 kg\/m\u00b2  BEM\u00c6RK: INTROPRIS\" \/>\n<meta property=\"og:url\" content=\"https:\/\/www.specialfabrikken.dk\/en\/product-2\/droptestet-alu-daek-u-lem-06-x-3-05-m-klasse-4\/\" \/>\n<meta property=\"og:site_name\" content=\"Specialfabrikken\" \/>\n<meta property=\"article:modified_time\" content=\"2026-04-10T08:28:25+00:00\" \/>\n<meta property=\"og:image\" content=\"https:\/\/www.specialfabrikken.dk\/wp-content\/uploads\/2026\/03\/Droptestet-Daek-Stamp-1.jpg\" \/>\n\t<meta property=\"og:image:width\" content=\"2000\" \/>\n\t<meta property=\"og:image:height\" content=\"2000\" \/>\n\t<meta property=\"og:image:type\" content=\"image\/jpeg\" \/>\n<meta name=\"twitter:card\" content=\"summary_large_image\" \/>\n<meta name=\"twitter:label1\" content=\"Est. reading time\" \/>\n\t<meta name=\"twitter:data1\" content=\"1 minute\" \/>\n<script type=\"application\/ld+json\" class=\"yoast-schema-graph\">{\"@context\":\"https:\\\/\\\/schema.org\",\"@graph\":[{\"@type\":\"WebPage\",\"@id\":\"https:\\\/\\\/www.specialfabrikken.dk\\\/vare\\\/droptestet-alu-daek-u-lem-06-x-3-05-m-klasse-4\\\/\",\"url\":\"https:\\\/\\\/www.specialfabrikken.dk\\\/vare\\\/droptestet-alu-daek-u-lem-06-x-3-05-m-klasse-4\\\/\",\"name\":\"Droptestet alu-d\u00e6k u. lem 0,6 x 3,05 m. \u2013 kl. 4 - Specialfabrikken\",\"isPartOf\":{\"@id\":\"https:\\\/\\\/www.specialfabrikken.dk\\\/#website\"},\"primaryImageOfPage\":{\"@id\":\"https:\\\/\\\/www.specialfabrikken.dk\\\/vare\\\/droptestet-alu-daek-u-lem-06-x-3-05-m-klasse-4\\\/#primaryimage\"},\"image\":{\"@id\":\"https:\\\/\\\/www.specialfabrikken.dk\\\/vare\\\/droptestet-alu-daek-u-lem-06-x-3-05-m-klasse-4\\\/#primaryimage\"},\"thumbnailUrl\":\"https:\\\/\\\/www.specialfabrikken.dk\\\/wp-content\\\/uploads\\\/2026\\\/03\\\/Droptestet-Daek-Stamp-1.jpg\",\"datePublished\":\"2026-03-13T11:20:37+00:00\",\"dateModified\":\"2026-04-10T08:28:25+00:00\",\"breadcrumb\":{\"@id\":\"https:\\\/\\\/www.specialfabrikken.dk\\\/vare\\\/droptestet-alu-daek-u-lem-06-x-3-05-m-klasse-4\\\/#breadcrumb\"},\"inLanguage\":\"en-US\",\"potentialAction\":[{\"@type\":\"ReadAction\",\"target\":[\"https:\\\/\\\/www.specialfabrikken.dk\\\/vare\\\/droptestet-alu-daek-u-lem-06-x-3-05-m-klasse-4\\\/\"]}]},{\"@type\":\"ImageObject\",\"inLanguage\":\"en-US\",\"@id\":\"https:\\\/\\\/www.specialfabrikken.dk\\\/vare\\\/droptestet-alu-daek-u-lem-06-x-3-05-m-klasse-4\\\/#primaryimage\",\"url\":\"https:\\\/\\\/www.specialfabrikken.dk\\\/wp-content\\\/uploads\\\/2026\\\/03\\\/Droptestet-Daek-Stamp-1.jpg\",\"contentUrl\":\"https:\\\/\\\/www.specialfabrikken.dk\\\/wp-content\\\/uploads\\\/2026\\\/03\\\/Droptestet-Daek-Stamp-1.jpg\",\"width\":2000,\"height\":2000},{\"@type\":\"BreadcrumbList\",\"@id\":\"https:\\\/\\\/www.specialfabrikken.dk\\\/vare\\\/droptestet-alu-daek-u-lem-06-x-3-05-m-klasse-4\\\/#breadcrumb\",\"itemListElement\":[{\"@type\":\"ListItem\",\"position\":1,\"name\":\"Forside\",\"item\":\"https:\\\/\\\/www.specialfabrikken.dk\\\/\"},{\"@type\":\"ListItem\",\"position\":2,\"name\":\"Shop\",\"item\":\"https:\\\/\\\/www.specialfabrikken.dk\\\/shop\\\/\"},{\"@type\":\"ListItem\",\"position\":3,\"name\":\"Droptestet alu-d\u00e6k u. lem 0,6 x 3,05 m. \u2013 kl. 4\"}]},{\"@type\":\"WebSite\",\"@id\":\"https:\\\/\\\/www.specialfabrikken.dk\\\/#website\",\"url\":\"https:\\\/\\\/www.specialfabrikken.dk\\\/\",\"name\":\"Specialfabrikken\",\"description\":\"Specialfabrikken\",\"potentialAction\":[{\"@type\":\"SearchAction\",\"target\":{\"@type\":\"EntryPoint\",\"urlTemplate\":\"https:\\\/\\\/www.specialfabrikken.dk\\\/?s={search_term_string}\"},\"query-input\":{\"@type\":\"PropertyValueSpecification\",\"valueRequired\":true,\"valueName\":\"search_term_string\"}}],\"inLanguage\":\"en-US\"}]}<\/script>\n<!-- \/ Yoast SEO plugin. -->","yoast_head_json":{"title":"Droptestet alu-d\u00e6k u. lem 0,6 x 3,05 m. \u2013 kl. 4 - Specialfabrikken","robots":{"index":"index","follow":"follow","max-snippet":"max-snippet:-1","max-image-preview":"max-image-preview:large","max-video-preview":"max-video-preview:-1"},"canonical":"https:\/\/www.specialfabrikken.dk\/en\/product-2\/droptestet-alu-daek-u-lem-06-x-3-05-m-klasse-4\/","og_locale":"en_US","og_type":"article","og_title":"Droptestet alu-d\u00e6k u. lem 0,6 x 3,05 m. \u2013 kl. 4 - Specialfabrikken","og_description":"Allround stilladsd\u00e6k \u2013 kan det hele Godkendt til: \u2705 Tagarbejde \u2705 Murerarbejde \u2705 Brug med el-pallek\u00e6rre Droptestet. Klasse 4 \u2013 300 kg\/m\u00b2  BEM\u00c6RK: INTROPRIS","og_url":"https:\/\/www.specialfabrikken.dk\/en\/product-2\/droptestet-alu-daek-u-lem-06-x-3-05-m-klasse-4\/","og_site_name":"Specialfabrikken","article_modified_time":"2026-04-10T08:28:25+00:00","og_image":[{"width":2000,"height":2000,"url":"https:\/\/www.specialfabrikken.dk\/wp-content\/uploads\/2026\/03\/Droptestet-Daek-Stamp-1.jpg","type":"image\/jpeg"}],"twitter_card":"summary_large_image","twitter_misc":{"Est. reading time":"1 minute"},"schema":{"@context":"https:\/\/schema.org","@graph":[{"@type":"WebPage","@id":"https:\/\/www.specialfabrikken.dk\/vare\/droptestet-alu-daek-u-lem-06-x-3-05-m-klasse-4\/","url":"https:\/\/www.specialfabrikken.dk\/vare\/droptestet-alu-daek-u-lem-06-x-3-05-m-klasse-4\/","name":"Droptestet alu-d\u00e6k u. lem 0,6 x 3,05 m. \u2013 kl. 4 - Specialfabrikken","isPartOf":{"@id":"https:\/\/www.specialfabrikken.dk\/#website"},"primaryImageOfPage":{"@id":"https:\/\/www.specialfabrikken.dk\/vare\/droptestet-alu-daek-u-lem-06-x-3-05-m-klasse-4\/#primaryimage"},"image":{"@id":"https:\/\/www.specialfabrikken.dk\/vare\/droptestet-alu-daek-u-lem-06-x-3-05-m-klasse-4\/#primaryimage"},"thumbnailUrl":"https:\/\/www.specialfabrikken.dk\/wp-content\/uploads\/2026\/03\/Droptestet-Daek-Stamp-1.jpg","datePublished":"2026-03-13T11:20:37+00:00","dateModified":"2026-04-10T08:28:25+00:00","breadcrumb":{"@id":"https:\/\/www.specialfabrikken.dk\/vare\/droptestet-alu-daek-u-lem-06-x-3-05-m-klasse-4\/#breadcrumb"},"inLanguage":"en-US","potentialAction":[{"@type":"ReadAction","target":["https:\/\/www.specialfabrikken.dk\/vare\/droptestet-alu-daek-u-lem-06-x-3-05-m-klasse-4\/"]}]},{"@type":"ImageObject","inLanguage":"en-US","@id":"https:\/\/www.specialfabrikken.dk\/vare\/droptestet-alu-daek-u-lem-06-x-3-05-m-klasse-4\/#primaryimage","url":"https:\/\/www.specialfabrikken.dk\/wp-content\/uploads\/2026\/03\/Droptestet-Daek-Stamp-1.jpg","contentUrl":"https:\/\/www.specialfabrikken.dk\/wp-content\/uploads\/2026\/03\/Droptestet-Daek-Stamp-1.jpg","width":2000,"height":2000},{"@type":"BreadcrumbList","@id":"https:\/\/www.specialfabrikken.dk\/vare\/droptestet-alu-daek-u-lem-06-x-3-05-m-klasse-4\/#breadcrumb","itemListElement":[{"@type":"ListItem","position":1,"name":"Forside","item":"https:\/\/www.specialfabrikken.dk\/"},{"@type":"ListItem","position":2,"name":"Shop","item":"https:\/\/www.specialfabrikken.dk\/shop\/"},{"@type":"ListItem","position":3,"name":"Droptestet alu-d\u00e6k u. lem 0,6 x 3,05 m. \u2013 kl. 4"}]},{"@type":"WebSite","@id":"https:\/\/www.specialfabrikken.dk\/#website","url":"https:\/\/www.specialfabrikken.dk\/","name":"Specialfabrikken","description":"Specialfabrikken","potentialAction":[{"@type":"SearchAction","target":{"@type":"EntryPoint","urlTemplate":"https:\/\/www.specialfabrikken.dk\/?s={search_term_string}"},"query-input":{"@type":"PropertyValueSpecification","valueRequired":true,"valueName":"search_term_string"}}],"inLanguage":"en-US"}]}},"_links":{"self":[{"href":"https:\/\/www.specialfabrikken.dk\/en\/wp-json\/wp\/v2\/product\/74281","targetHints":{"allow":["GET"]}}],"collection":[{"href":"https:\/\/www.specialfabrikken.dk\/en\/wp-json\/wp\/v2\/product"}],"about":[{"href":"https:\/\/www.specialfabrikken.dk\/en\/wp-json\/wp\/v2\/types\/product"}],"replies":[{"embeddable":true,"href":"https:\/\/www.specialfabrikken.dk\/en\/wp-json\/wp\/v2\/comments?post=74281"}],"wp:featuredmedia":[{"embeddable":true,"href":"https:\/\/www.specialfabrikken.dk\/en\/wp-json\/wp\/v2\/media\/74381"}],"wp:attachment":[{"href":"https:\/\/www.specialfabrikken.dk\/en\/wp-json\/wp\/v2\/media?parent=74281"}],"wp:term":[{"taxonomy":"product_brand","embeddable":true,"href":"https:\/\/www.specialfabrikken.dk\/en\/wp-json\/wp\/v2\/product_brand?post=74281"},{"taxonomy":"product_cat","embeddable":true,"href":"https:\/\/www.specialfabrikken.dk\/en\/wp-json\/wp\/v2\/product_cat?post=74281"},{"taxonomy":"product_tag","embeddable":true,"href":"https:\/\/www.specialfabrikken.dk\/en\/wp-json\/wp\/v2\/product_tag?post=74281"}],"curies":[{"name":"wp","href":"https:\/\/api.w.org\/{rel}","templated":true}]}}