{"id":74283,"date":"2026-03-13T12:20:27","date_gmt":"2026-03-13T11:20:27","guid":{"rendered":"https:\/\/www.specialfabrikken.dk\/?post_type=product&#038;p=74283"},"modified":"2026-04-24T08:59:08","modified_gmt":"2026-04-24T06:59:08","slug":"droptestet-light-alu-daek-u-lem-06-x-3-05-m-klasse-4","status":"publish","type":"product","link":"https:\/\/www.specialfabrikken.dk\/en\/vare\/droptestet-light-alu-daek-u-lem-06-x-3-05-m-klasse-4\/","title":{"rendered":"Droptestet LIGHT alu-d\u00e6k u. lem 0,6 x 3,05 m. \u2013 kl. 4"},"content":{"rendered":"<p class=\"p3\">Dette droptestede <span class=\"s1\"><b>Allround LIGHT stilladsd\u00e6k<\/b><\/span> er udviklet til kr\u00e6vende opgaver, hvor der stilles h\u00f8je krav til sikkerhed og belastning \u2013 men hvor en lavere v\u00e6gt g\u00f8r arbejdet lettere i hverdagen. D\u00e6kket er droptestet, hvilket betyder, at det kan modst\u00e5 de belastninger, der opst\u00e5r ved arbejde i h\u00f8jden.<\/p>\n<p class=\"p3\">LIGHT-modellen er opbygget med <span class=\"s1\"><b>kraftige aluminiumsvanger og kroge samt en robust kompositplade<\/b><\/span>, som reducerer v\u00e6gten med ca. <span class=\"s1\"><b>4 kg sammenlignet med standardd\u00e6kket med finerplade<\/b><\/span>. Det giver en mere h\u00e5ndterbar l\u00f8sning uden at g\u00e5 p\u00e5 kompromis med styrke og stabilitet.<\/p>\n<p class=\"p3\">D\u00e6kket er klassificeret i <span class=\"s1\"><b>klasse 4 (300 kg pr. m\u00b2)<\/b><\/span>.<\/p>\n<ul>\n<li class=\"p1\"><strong>Droptestet<\/strong><\/li>\n<li class=\"p1\">Kompositplade \u2013 ca. 4 kg lettere end standardd\u00e6k<\/li>\n<li class=\"p1\">Klasse 4 stilladsd\u00e6k \u2013 <strong>300 kg\/m\u00b2<\/strong><\/li>\n<li class=\"p1\">Godkendt til <strong>tagarbejde<\/strong> og <strong>murerarbejde<\/strong><\/li>\n<li class=\"p1\">Kan anvendes sammen med <strong>el-pallek\u00e6rre<\/strong><\/li>\n<li class=\"p1\">Passer til g\u00e6ngse fabrikater p\u00e5 markedet<\/li>\n<li class=\"p1\">Str. 0,60 x 3,05 m<b><\/b><\/li>\n<\/ul>\n<p class=\"p1\"><b>Godkendt til<\/b><b><\/b><\/p>\n<ul>\n<li class=\"p3\">tagarbejde<\/li>\n<li class=\"p3\">murerarbejde<\/li>\n<li class=\"p3\">brug med el-pallek\u00e6rre<\/li>\n<\/ul>\n<p class=\"p3\">D\u00e6kket m\u00e5ler <span class=\"s1\">0,60 x 3,05 m<\/span> og passer til de fleste stilladssystemer p\u00e5 markedet.<\/p>","protected":false},"excerpt":{"rendered":"<h3 class=\"p1\"><b>Allround stilladsd\u00e6k \u2013 kan det hele, men 4kg lettere end standard<\/b><b><\/b><\/h3>\n<p class=\"p3\">Godkendt til<br \/>\n\u2705 Tagarbejde<br \/>\n\u2705 Murerarbejde<br \/>\n\u2705 Brug med el-pallek\u00e6rre<\/p>\n<p class=\"p3\"><span class=\"s1\">Kompositplade. Droptestet. <\/span><b>Klasse 4 \u2013 300 kg\/m\u00b2<\/b><\/p>\n<blockquote><p><strong>BEM\u00c6RK: INTROPRIS<\/strong><\/p><\/blockquote>","protected":false},"featured_media":74381,"comment_status":"open","ping_status":"closed","template":"","meta":{"_acf_changed":false,"_et_pb_use_builder":"on","_et_pb_old_content":"<p class=\"p3\">Dette droptestede <span class=\"s1\"><b>Allround LIGHT stilladsd\u00e6k<\/b><\/span> er udviklet til kr\u00e6vende opgaver, hvor der stilles h\u00f8je krav til sikkerhed og belastning \u2013 men hvor en lavere v\u00e6gt g\u00f8r arbejdet lettere i hverdagen. D\u00e6kket er droptestet, hvilket betyder, at det kan modst\u00e5 de belastninger, der opst\u00e5r ved arbejde i h\u00f8jden.<\/p>\r\n<p class=\"p3\">LIGHT-modellen er opbygget med <span class=\"s1\"><b>kraftige aluminiumsvanger og kroge samt en robust kompositplade<\/b><\/span>, som reducerer v\u00e6gten med ca. <span class=\"s1\"><b>4 kg sammenlignet med standardd\u00e6kket med finerplade<\/b><\/span>. Det giver en mere h\u00e5ndterbar l\u00f8sning uden at g\u00e5 p\u00e5 kompromis med styrke og stabilitet.<\/p>\r\n<p class=\"p3\">D\u00e6kket er klassificeret i <span class=\"s1\"><b>klasse 4 (300 kg pr. m\u00b2)<\/b><\/span>.<\/p>\r\n\r\n<ul>\r\n \t<li class=\"p1\"><strong>Droptestet<\/strong><\/li>\r\n \t<li class=\"p1\">Kompositplade \u2013 ca. 4 kg lettere end standardd\u00e6k<\/li>\r\n \t<li class=\"p1\">Klasse 4 stilladsd\u00e6k \u2013 <strong>300 kg\/m\u00b2<\/strong><\/li>\r\n \t<li class=\"p1\">Godkendt til <strong>tagarbejde<\/strong> og <strong>murerarbejde<\/strong><\/li>\r\n \t<li class=\"p1\">Kan anvendes sammen med <strong>el-pallek\u00e6rre<\/strong><\/li>\r\n \t<li class=\"p1\">Passer til g\u00e6ngse fabrikater p\u00e5 markedet<\/li>\r\n \t<li class=\"p1\">Str. 0,60 x 3,05 m<b><\/b><\/li>\r\n<\/ul>\r\n<p class=\"p1\"><b>Godkendt til<\/b><b><\/b><\/p>\r\n\r\n<ul>\r\n \t<li class=\"p3\">tagarbejde<\/li>\r\n \t<li class=\"p3\">murerarbejde<\/li>\r\n \t<li class=\"p3\">brug med el-pallek\u00e6rre<\/li>\r\n<\/ul>\r\n<p class=\"p3\">D\u00e6kket m\u00e5ler <span class=\"s1\">0,60 x 3,05 m<\/span> og passer til de fleste stilladssystemer p\u00e5 markedet.<\/p>","_et_gb_content_width":""},"product_brand":[],"product_cat":[213,102,54,66,124,160,32],"product_tag":[215,214],"class_list":{"0":"post-74283","1":"product","2":"type-product","3":"status-publish","4":"has-post-thumbnail","6":"product_cat-allround-klasse-4","7":"product_cat-alu-daek","8":"product_cat-alu-rullestillads","9":"product_cat-bukkestillads","10":"product_cat-droptestede-alu-daek","11":"product_cat-light","12":"product_cat-murerstillads","13":"product_tag-lav-vaegt","14":"product_tag-nyhed","16":"first","17":"onbackorder","18":"taxable","19":"shipping-taxable","20":"purchasable","21":"product-type-simple"},"acf":[],"yoast_head":"<!-- This site is optimized with the Yoast SEO plugin v27.4 - https:\/\/yoast.com\/product\/yoast-seo-wordpress\/ -->\n<title>Droptestet LIGHT alu-d\u00e6k u. lem 0,6 x 3,05 m. \u2013 kl. 4 - Specialfabrikken<\/title>\n<meta name=\"robots\" content=\"index, follow, max-snippet:-1, max-image-preview:large, max-video-preview:-1\" \/>\n<link rel=\"canonical\" href=\"https:\/\/www.specialfabrikken.dk\/en\/product-2\/droptestet-light-alu-daek-u-lem-06-x-3-05-m-klasse-4\/\" \/>\n<meta property=\"og:locale\" content=\"en_US\" \/>\n<meta property=\"og:type\" content=\"article\" \/>\n<meta property=\"og:title\" content=\"Droptestet LIGHT alu-d\u00e6k u. lem 0,6 x 3,05 m. \u2013 kl. 4 - Specialfabrikken\" \/>\n<meta property=\"og:description\" content=\"Allround stilladsd\u00e6k \u2013 kan det hele, men 4kg lettere end standard Godkendt til \u2705 Tagarbejde \u2705 Murerarbejde \u2705 Brug med el-pallek\u00e6rre Kompositplade. Droptestet. Klasse 4 \u2013 300 kg\/m\u00b2  BEM\u00c6RK: INTROPRIS\" \/>\n<meta property=\"og:url\" content=\"https:\/\/www.specialfabrikken.dk\/en\/product-2\/droptestet-light-alu-daek-u-lem-06-x-3-05-m-klasse-4\/\" \/>\n<meta property=\"og:site_name\" content=\"Specialfabrikken\" \/>\n<meta property=\"article:modified_time\" content=\"2026-04-24T06:59:08+00:00\" \/>\n<meta property=\"og:image\" content=\"https:\/\/www.specialfabrikken.dk\/wp-content\/uploads\/2026\/03\/Droptestet-Daek-Stamp-1.jpg\" \/>\n\t<meta property=\"og:image:width\" content=\"2000\" \/>\n\t<meta property=\"og:image:height\" content=\"2000\" \/>\n\t<meta property=\"og:image:type\" content=\"image\/jpeg\" \/>\n<meta name=\"twitter:card\" content=\"summary_large_image\" \/>\n<meta name=\"twitter:label1\" content=\"Est. reading time\" \/>\n\t<meta name=\"twitter:data1\" content=\"2 minutes\" \/>\n<script type=\"application\/ld+json\" class=\"yoast-schema-graph\">{\"@context\":\"https:\\\/\\\/schema.org\",\"@graph\":[{\"@type\":\"WebPage\",\"@id\":\"https:\\\/\\\/www.specialfabrikken.dk\\\/vare\\\/droptestet-light-alu-daek-u-lem-06-x-3-05-m-klasse-4\\\/\",\"url\":\"https:\\\/\\\/www.specialfabrikken.dk\\\/vare\\\/droptestet-light-alu-daek-u-lem-06-x-3-05-m-klasse-4\\\/\",\"name\":\"Droptestet LIGHT alu-d\u00e6k u. lem 0,6 x 3,05 m. \u2013 kl. 4 - Specialfabrikken\",\"isPartOf\":{\"@id\":\"https:\\\/\\\/www.specialfabrikken.dk\\\/#website\"},\"primaryImageOfPage\":{\"@id\":\"https:\\\/\\\/www.specialfabrikken.dk\\\/vare\\\/droptestet-light-alu-daek-u-lem-06-x-3-05-m-klasse-4\\\/#primaryimage\"},\"image\":{\"@id\":\"https:\\\/\\\/www.specialfabrikken.dk\\\/vare\\\/droptestet-light-alu-daek-u-lem-06-x-3-05-m-klasse-4\\\/#primaryimage\"},\"thumbnailUrl\":\"https:\\\/\\\/www.specialfabrikken.dk\\\/wp-content\\\/uploads\\\/2026\\\/03\\\/Droptestet-Daek-Stamp-1.jpg\",\"datePublished\":\"2026-03-13T11:20:27+00:00\",\"dateModified\":\"2026-04-24T06:59:08+00:00\",\"breadcrumb\":{\"@id\":\"https:\\\/\\\/www.specialfabrikken.dk\\\/vare\\\/droptestet-light-alu-daek-u-lem-06-x-3-05-m-klasse-4\\\/#breadcrumb\"},\"inLanguage\":\"en-US\",\"potentialAction\":[{\"@type\":\"ReadAction\",\"target\":[\"https:\\\/\\\/www.specialfabrikken.dk\\\/vare\\\/droptestet-light-alu-daek-u-lem-06-x-3-05-m-klasse-4\\\/\"]}]},{\"@type\":\"ImageObject\",\"inLanguage\":\"en-US\",\"@id\":\"https:\\\/\\\/www.specialfabrikken.dk\\\/vare\\\/droptestet-light-alu-daek-u-lem-06-x-3-05-m-klasse-4\\\/#primaryimage\",\"url\":\"https:\\\/\\\/www.specialfabrikken.dk\\\/wp-content\\\/uploads\\\/2026\\\/03\\\/Droptestet-Daek-Stamp-1.jpg\",\"contentUrl\":\"https:\\\/\\\/www.specialfabrikken.dk\\\/wp-content\\\/uploads\\\/2026\\\/03\\\/Droptestet-Daek-Stamp-1.jpg\",\"width\":2000,\"height\":2000},{\"@type\":\"BreadcrumbList\",\"@id\":\"https:\\\/\\\/www.specialfabrikken.dk\\\/vare\\\/droptestet-light-alu-daek-u-lem-06-x-3-05-m-klasse-4\\\/#breadcrumb\",\"itemListElement\":[{\"@type\":\"ListItem\",\"position\":1,\"name\":\"Forside\",\"item\":\"https:\\\/\\\/www.specialfabrikken.dk\\\/\"},{\"@type\":\"ListItem\",\"position\":2,\"name\":\"Shop\",\"item\":\"https:\\\/\\\/www.specialfabrikken.dk\\\/shop\\\/\"},{\"@type\":\"ListItem\",\"position\":3,\"name\":\"Droptestet LIGHT alu-d\u00e6k u. lem 0,6 x 3,05 m. \u2013 kl. 4\"}]},{\"@type\":\"WebSite\",\"@id\":\"https:\\\/\\\/www.specialfabrikken.dk\\\/#website\",\"url\":\"https:\\\/\\\/www.specialfabrikken.dk\\\/\",\"name\":\"Specialfabrikken\",\"description\":\"Specialfabrikken\",\"potentialAction\":[{\"@type\":\"SearchAction\",\"target\":{\"@type\":\"EntryPoint\",\"urlTemplate\":\"https:\\\/\\\/www.specialfabrikken.dk\\\/?s={search_term_string}\"},\"query-input\":{\"@type\":\"PropertyValueSpecification\",\"valueRequired\":true,\"valueName\":\"search_term_string\"}}],\"inLanguage\":\"en-US\"}]}<\/script>\n<!-- \/ Yoast SEO plugin. -->","yoast_head_json":{"title":"Droptestet LIGHT alu-d\u00e6k u. lem 0,6 x 3,05 m. \u2013 kl. 4 - Specialfabrikken","robots":{"index":"index","follow":"follow","max-snippet":"max-snippet:-1","max-image-preview":"max-image-preview:large","max-video-preview":"max-video-preview:-1"},"canonical":"https:\/\/www.specialfabrikken.dk\/en\/product-2\/droptestet-light-alu-daek-u-lem-06-x-3-05-m-klasse-4\/","og_locale":"en_US","og_type":"article","og_title":"Droptestet LIGHT alu-d\u00e6k u. lem 0,6 x 3,05 m. \u2013 kl. 4 - Specialfabrikken","og_description":"Allround stilladsd\u00e6k \u2013 kan det hele, men 4kg lettere end standard Godkendt til \u2705 Tagarbejde \u2705 Murerarbejde \u2705 Brug med el-pallek\u00e6rre Kompositplade. Droptestet. Klasse 4 \u2013 300 kg\/m\u00b2  BEM\u00c6RK: INTROPRIS","og_url":"https:\/\/www.specialfabrikken.dk\/en\/product-2\/droptestet-light-alu-daek-u-lem-06-x-3-05-m-klasse-4\/","og_site_name":"Specialfabrikken","article_modified_time":"2026-04-24T06:59:08+00:00","og_image":[{"width":2000,"height":2000,"url":"https:\/\/www.specialfabrikken.dk\/wp-content\/uploads\/2026\/03\/Droptestet-Daek-Stamp-1.jpg","type":"image\/jpeg"}],"twitter_card":"summary_large_image","twitter_misc":{"Est. reading time":"2 minutes"},"schema":{"@context":"https:\/\/schema.org","@graph":[{"@type":"WebPage","@id":"https:\/\/www.specialfabrikken.dk\/vare\/droptestet-light-alu-daek-u-lem-06-x-3-05-m-klasse-4\/","url":"https:\/\/www.specialfabrikken.dk\/vare\/droptestet-light-alu-daek-u-lem-06-x-3-05-m-klasse-4\/","name":"Droptestet LIGHT alu-d\u00e6k u. lem 0,6 x 3,05 m. \u2013 kl. 4 - Specialfabrikken","isPartOf":{"@id":"https:\/\/www.specialfabrikken.dk\/#website"},"primaryImageOfPage":{"@id":"https:\/\/www.specialfabrikken.dk\/vare\/droptestet-light-alu-daek-u-lem-06-x-3-05-m-klasse-4\/#primaryimage"},"image":{"@id":"https:\/\/www.specialfabrikken.dk\/vare\/droptestet-light-alu-daek-u-lem-06-x-3-05-m-klasse-4\/#primaryimage"},"thumbnailUrl":"https:\/\/www.specialfabrikken.dk\/wp-content\/uploads\/2026\/03\/Droptestet-Daek-Stamp-1.jpg","datePublished":"2026-03-13T11:20:27+00:00","dateModified":"2026-04-24T06:59:08+00:00","breadcrumb":{"@id":"https:\/\/www.specialfabrikken.dk\/vare\/droptestet-light-alu-daek-u-lem-06-x-3-05-m-klasse-4\/#breadcrumb"},"inLanguage":"en-US","potentialAction":[{"@type":"ReadAction","target":["https:\/\/www.specialfabrikken.dk\/vare\/droptestet-light-alu-daek-u-lem-06-x-3-05-m-klasse-4\/"]}]},{"@type":"ImageObject","inLanguage":"en-US","@id":"https:\/\/www.specialfabrikken.dk\/vare\/droptestet-light-alu-daek-u-lem-06-x-3-05-m-klasse-4\/#primaryimage","url":"https:\/\/www.specialfabrikken.dk\/wp-content\/uploads\/2026\/03\/Droptestet-Daek-Stamp-1.jpg","contentUrl":"https:\/\/www.specialfabrikken.dk\/wp-content\/uploads\/2026\/03\/Droptestet-Daek-Stamp-1.jpg","width":2000,"height":2000},{"@type":"BreadcrumbList","@id":"https:\/\/www.specialfabrikken.dk\/vare\/droptestet-light-alu-daek-u-lem-06-x-3-05-m-klasse-4\/#breadcrumb","itemListElement":[{"@type":"ListItem","position":1,"name":"Forside","item":"https:\/\/www.specialfabrikken.dk\/"},{"@type":"ListItem","position":2,"name":"Shop","item":"https:\/\/www.specialfabrikken.dk\/shop\/"},{"@type":"ListItem","position":3,"name":"Droptestet LIGHT alu-d\u00e6k u. lem 0,6 x 3,05 m. \u2013 kl. 4"}]},{"@type":"WebSite","@id":"https:\/\/www.specialfabrikken.dk\/#website","url":"https:\/\/www.specialfabrikken.dk\/","name":"Specialfabrikken","description":"Specialfabrikken","potentialAction":[{"@type":"SearchAction","target":{"@type":"EntryPoint","urlTemplate":"https:\/\/www.specialfabrikken.dk\/?s={search_term_string}"},"query-input":{"@type":"PropertyValueSpecification","valueRequired":true,"valueName":"search_term_string"}}],"inLanguage":"en-US"}]}},"_links":{"self":[{"href":"https:\/\/www.specialfabrikken.dk\/en\/wp-json\/wp\/v2\/product\/74283","targetHints":{"allow":["GET"]}}],"collection":[{"href":"https:\/\/www.specialfabrikken.dk\/en\/wp-json\/wp\/v2\/product"}],"about":[{"href":"https:\/\/www.specialfabrikken.dk\/en\/wp-json\/wp\/v2\/types\/product"}],"replies":[{"embeddable":true,"href":"https:\/\/www.specialfabrikken.dk\/en\/wp-json\/wp\/v2\/comments?post=74283"}],"wp:featuredmedia":[{"embeddable":true,"href":"https:\/\/www.specialfabrikken.dk\/en\/wp-json\/wp\/v2\/media\/74381"}],"wp:attachment":[{"href":"https:\/\/www.specialfabrikken.dk\/en\/wp-json\/wp\/v2\/media?parent=74283"}],"wp:term":[{"taxonomy":"product_brand","embeddable":true,"href":"https:\/\/www.specialfabrikken.dk\/en\/wp-json\/wp\/v2\/product_brand?post=74283"},{"taxonomy":"product_cat","embeddable":true,"href":"https:\/\/www.specialfabrikken.dk\/en\/wp-json\/wp\/v2\/product_cat?post=74283"},{"taxonomy":"product_tag","embeddable":true,"href":"https:\/\/www.specialfabrikken.dk\/en\/wp-json\/wp\/v2\/product_tag?post=74283"}],"curies":[{"name":"wp","href":"https:\/\/api.w.org\/{rel}","templated":true}]}}