{"id":74284,"date":"2026-03-13T12:21:42","date_gmt":"2026-03-13T11:21:42","guid":{"rendered":"https:\/\/www.specialfabrikken.dk\/?post_type=product&#038;p=74284"},"modified":"2026-04-08T13:28:41","modified_gmt":"2026-04-08T11:28:41","slug":"alu-daek-u-lem-06-x-3-05-m-klasse-4","status":"publish","type":"product","link":"https:\/\/www.specialfabrikken.dk\/en\/vare\/alu-daek-u-lem-06-x-3-05-m-klasse-4\/","title":{"rendered":"Alu-d\u00e6k u. lem 0,6 x 3,05 m. \u2013 kl. 4"},"content":{"rendered":"<p class=\"p1\">Dette <span class=\"s1\"><b>Allround stilladsd\u00e6k<\/b><\/span> er udviklet til professionelle opgaver, hvor der stilles h\u00f8je krav til styrke og stabilitet p\u00e5 byggepladsen. D\u00e6kket er opbygget med <span class=\"s1\"><b>kraftige aluminiumsvanger og kroge samt en robust finerplade<\/b><\/span>, som giver en solid og sikker arbejdsplatform.<\/p>\n<p class=\"p1\">D\u00e6kket er klassificeret i <span class=\"s1\"><b>klasse 4 (300 kg pr. m\u00b2)<\/b><\/span> og egner sig s\u00e6rligt godt til <span class=\"s1\"><b>murer- og t\u00f8mrerarbejde<\/b><\/span>, hvor der ofte arbejdes med h\u00f8j belastning.<\/p>\n<ul>\n<li class=\"p3\">Klasse 4 stilladsd\u00e6k \u2013 300 kg\/m\u00b2<\/li>\n<li class=\"p3\">Velegnet til murer- og t\u00f8mrerarbejde<\/li>\n<li class=\"p3\">Kraftige alu-vanger og kroge<\/li>\n<li class=\"p3\">Passer til g\u00e6ngse fabrikater p\u00e5 markedet<\/li>\n<li class=\"p3\">Str. 0,60 x 3,05 m<b><\/b><\/li>\n<\/ul>\n<p class=\"p1\">D\u00e6kket m\u00e5ler <span class=\"s1\"><b>0,60 x 3,05 m<\/b><\/span> og passer til de fleste stilladssystemer p\u00e5 markedet.<\/p>","protected":false},"excerpt":{"rendered":"<h3 class=\"p1\"><strong>Allround stilladsd\u00e6k \u2013 til murer- og kr\u00e6vende t\u00f8mrerarbejde<\/strong><b><\/b><\/h3>\n<ul>\n<li class=\"p3\"><strong>Klasse 4 \u2013 300 kg\/m\u00b2<\/strong><\/li>\n<li class=\"p3\">Kraftige alu-vanger og kroge<\/li>\n<li class=\"p3\">Stabil finerplade<\/li>\n<li class=\"p3\">Passer til g\u00e6ngse stilladssystemer<\/li>\n<\/ul>\n<blockquote><p><strong>BEM\u00c6RK: INTROPRIS<\/strong><\/p><\/blockquote>","protected":false},"featured_media":74285,"comment_status":"open","ping_status":"closed","template":"","meta":{"_acf_changed":false,"_et_pb_use_builder":"","_et_pb_old_content":"","_et_gb_content_width":""},"product_brand":[],"product_cat":[213,102,54,66,150,32],"product_tag":[214],"class_list":{"0":"post-74284","1":"product","2":"type-product","3":"status-publish","4":"has-post-thumbnail","6":"product_cat-allround-klasse-4","7":"product_cat-alu-daek","8":"product_cat-alu-rullestillads","9":"product_cat-bukkestillads","10":"product_cat-klasse-4-5-alu-daek","11":"product_cat-murerstillads","12":"product_tag-nyhed","13":"product_shipping_class-stor","15":"first","16":"instock","17":"taxable","18":"shipping-taxable","19":"purchasable","20":"product-type-simple"},"acf":[],"yoast_head":"<!-- This site is optimized with the Yoast SEO plugin v27.4 - https:\/\/yoast.com\/product\/yoast-seo-wordpress\/ -->\n<title>Alu-d\u00e6k u. lem 0,6 x 3,05 m. \u2013 kl. 4 - Specialfabrikken<\/title>\n<meta name=\"description\" content=\"Alu-d\u00e6k u. lem 0,6 x 3.05 m. \u2013 klasse 4.\" \/>\n<meta name=\"robots\" content=\"index, follow, max-snippet:-1, max-image-preview:large, max-video-preview:-1\" \/>\n<link rel=\"canonical\" href=\"https:\/\/www.specialfabrikken.dk\/en\/product-2\/alu-daek-u-lem-06-x-3-05-m-klasse-4\/\" \/>\n<meta property=\"og:locale\" content=\"en_US\" \/>\n<meta property=\"og:type\" content=\"article\" \/>\n<meta property=\"og:title\" content=\"Alu-d\u00e6k u. lem 0,6 x 3,05 m. \u2013 kl. 4 - Specialfabrikken\" \/>\n<meta property=\"og:description\" content=\"Alu-d\u00e6k u. lem 0,6 x 3.05 m. \u2013 klasse 4.\" \/>\n<meta property=\"og:url\" content=\"https:\/\/www.specialfabrikken.dk\/en\/product-2\/alu-daek-u-lem-06-x-3-05-m-klasse-4\/\" \/>\n<meta property=\"og:site_name\" content=\"Specialfabrikken\" \/>\n<meta property=\"article:modified_time\" content=\"2026-04-08T11:28:41+00:00\" \/>\n<meta property=\"og:image\" content=\"https:\/\/www.specialfabrikken.dk\/wp-content\/uploads\/2026\/03\/All-Round-Stilladsdaek-1000px.jpg\" \/>\n\t<meta property=\"og:image:width\" content=\"1000\" \/>\n\t<meta property=\"og:image:height\" content=\"1000\" \/>\n\t<meta property=\"og:image:type\" content=\"image\/jpeg\" \/>\n<meta name=\"twitter:card\" content=\"summary_large_image\" \/>\n<meta name=\"twitter:label1\" content=\"Est. reading time\" \/>\n\t<meta name=\"twitter:data1\" content=\"1 minute\" \/>\n<script type=\"application\/ld+json\" class=\"yoast-schema-graph\">{\"@context\":\"https:\\\/\\\/schema.org\",\"@graph\":[{\"@type\":\"WebPage\",\"@id\":\"https:\\\/\\\/www.specialfabrikken.dk\\\/vare\\\/alu-daek-u-lem-06-x-3-05-m-klasse-4\\\/\",\"url\":\"https:\\\/\\\/www.specialfabrikken.dk\\\/vare\\\/alu-daek-u-lem-06-x-3-05-m-klasse-4\\\/\",\"name\":\"Alu-d\u00e6k u. lem 0,6 x 3,05 m. \u2013 kl. 4 - Specialfabrikken\",\"isPartOf\":{\"@id\":\"https:\\\/\\\/www.specialfabrikken.dk\\\/#website\"},\"primaryImageOfPage\":{\"@id\":\"https:\\\/\\\/www.specialfabrikken.dk\\\/vare\\\/alu-daek-u-lem-06-x-3-05-m-klasse-4\\\/#primaryimage\"},\"image\":{\"@id\":\"https:\\\/\\\/www.specialfabrikken.dk\\\/vare\\\/alu-daek-u-lem-06-x-3-05-m-klasse-4\\\/#primaryimage\"},\"thumbnailUrl\":\"https:\\\/\\\/www.specialfabrikken.dk\\\/wp-content\\\/uploads\\\/2026\\\/03\\\/All-Round-Stilladsdaek-1000px.jpg\",\"datePublished\":\"2026-03-13T11:21:42+00:00\",\"dateModified\":\"2026-04-08T11:28:41+00:00\",\"description\":\"Alu-d\u00e6k u. lem 0,6 x 3.05 m. \u2013 klasse 4.\",\"breadcrumb\":{\"@id\":\"https:\\\/\\\/www.specialfabrikken.dk\\\/vare\\\/alu-daek-u-lem-06-x-3-05-m-klasse-4\\\/#breadcrumb\"},\"inLanguage\":\"en-US\",\"potentialAction\":[{\"@type\":\"ReadAction\",\"target\":[\"https:\\\/\\\/www.specialfabrikken.dk\\\/vare\\\/alu-daek-u-lem-06-x-3-05-m-klasse-4\\\/\"]}]},{\"@type\":\"ImageObject\",\"inLanguage\":\"en-US\",\"@id\":\"https:\\\/\\\/www.specialfabrikken.dk\\\/vare\\\/alu-daek-u-lem-06-x-3-05-m-klasse-4\\\/#primaryimage\",\"url\":\"https:\\\/\\\/www.specialfabrikken.dk\\\/wp-content\\\/uploads\\\/2026\\\/03\\\/All-Round-Stilladsdaek-1000px.jpg\",\"contentUrl\":\"https:\\\/\\\/www.specialfabrikken.dk\\\/wp-content\\\/uploads\\\/2026\\\/03\\\/All-Round-Stilladsdaek-1000px.jpg\",\"width\":1000,\"height\":1000},{\"@type\":\"BreadcrumbList\",\"@id\":\"https:\\\/\\\/www.specialfabrikken.dk\\\/vare\\\/alu-daek-u-lem-06-x-3-05-m-klasse-4\\\/#breadcrumb\",\"itemListElement\":[{\"@type\":\"ListItem\",\"position\":1,\"name\":\"Forside\",\"item\":\"https:\\\/\\\/www.specialfabrikken.dk\\\/\"},{\"@type\":\"ListItem\",\"position\":2,\"name\":\"Shop\",\"item\":\"https:\\\/\\\/www.specialfabrikken.dk\\\/shop\\\/\"},{\"@type\":\"ListItem\",\"position\":3,\"name\":\"Alu-d\u00e6k u. lem 0,6 x 3,05 m. \u2013 kl. 4\"}]},{\"@type\":\"WebSite\",\"@id\":\"https:\\\/\\\/www.specialfabrikken.dk\\\/#website\",\"url\":\"https:\\\/\\\/www.specialfabrikken.dk\\\/\",\"name\":\"Specialfabrikken\",\"description\":\"Specialfabrikken\",\"potentialAction\":[{\"@type\":\"SearchAction\",\"target\":{\"@type\":\"EntryPoint\",\"urlTemplate\":\"https:\\\/\\\/www.specialfabrikken.dk\\\/?s={search_term_string}\"},\"query-input\":{\"@type\":\"PropertyValueSpecification\",\"valueRequired\":true,\"valueName\":\"search_term_string\"}}],\"inLanguage\":\"en-US\"}]}<\/script>\n<!-- \/ Yoast SEO plugin. -->","yoast_head_json":{"title":"Alu-d\u00e6k u. lem 0,6 x 3,05 m. \u2013 kl. 4 - Specialfabrikken","description":"Alu-d\u00e6k u. lem 0,6 x 3.05 m. \u2013 klasse 4.","robots":{"index":"index","follow":"follow","max-snippet":"max-snippet:-1","max-image-preview":"max-image-preview:large","max-video-preview":"max-video-preview:-1"},"canonical":"https:\/\/www.specialfabrikken.dk\/en\/product-2\/alu-daek-u-lem-06-x-3-05-m-klasse-4\/","og_locale":"en_US","og_type":"article","og_title":"Alu-d\u00e6k u. lem 0,6 x 3,05 m. \u2013 kl. 4 - Specialfabrikken","og_description":"Alu-d\u00e6k u. lem 0,6 x 3.05 m. \u2013 klasse 4.","og_url":"https:\/\/www.specialfabrikken.dk\/en\/product-2\/alu-daek-u-lem-06-x-3-05-m-klasse-4\/","og_site_name":"Specialfabrikken","article_modified_time":"2026-04-08T11:28:41+00:00","og_image":[{"width":1000,"height":1000,"url":"https:\/\/www.specialfabrikken.dk\/wp-content\/uploads\/2026\/03\/All-Round-Stilladsdaek-1000px.jpg","type":"image\/jpeg"}],"twitter_card":"summary_large_image","twitter_misc":{"Est. reading time":"1 minute"},"schema":{"@context":"https:\/\/schema.org","@graph":[{"@type":"WebPage","@id":"https:\/\/www.specialfabrikken.dk\/vare\/alu-daek-u-lem-06-x-3-05-m-klasse-4\/","url":"https:\/\/www.specialfabrikken.dk\/vare\/alu-daek-u-lem-06-x-3-05-m-klasse-4\/","name":"Alu-d\u00e6k u. lem 0,6 x 3,05 m. \u2013 kl. 4 - Specialfabrikken","isPartOf":{"@id":"https:\/\/www.specialfabrikken.dk\/#website"},"primaryImageOfPage":{"@id":"https:\/\/www.specialfabrikken.dk\/vare\/alu-daek-u-lem-06-x-3-05-m-klasse-4\/#primaryimage"},"image":{"@id":"https:\/\/www.specialfabrikken.dk\/vare\/alu-daek-u-lem-06-x-3-05-m-klasse-4\/#primaryimage"},"thumbnailUrl":"https:\/\/www.specialfabrikken.dk\/wp-content\/uploads\/2026\/03\/All-Round-Stilladsdaek-1000px.jpg","datePublished":"2026-03-13T11:21:42+00:00","dateModified":"2026-04-08T11:28:41+00:00","description":"Alu-d\u00e6k u. lem 0,6 x 3.05 m. \u2013 klasse 4.","breadcrumb":{"@id":"https:\/\/www.specialfabrikken.dk\/vare\/alu-daek-u-lem-06-x-3-05-m-klasse-4\/#breadcrumb"},"inLanguage":"en-US","potentialAction":[{"@type":"ReadAction","target":["https:\/\/www.specialfabrikken.dk\/vare\/alu-daek-u-lem-06-x-3-05-m-klasse-4\/"]}]},{"@type":"ImageObject","inLanguage":"en-US","@id":"https:\/\/www.specialfabrikken.dk\/vare\/alu-daek-u-lem-06-x-3-05-m-klasse-4\/#primaryimage","url":"https:\/\/www.specialfabrikken.dk\/wp-content\/uploads\/2026\/03\/All-Round-Stilladsdaek-1000px.jpg","contentUrl":"https:\/\/www.specialfabrikken.dk\/wp-content\/uploads\/2026\/03\/All-Round-Stilladsdaek-1000px.jpg","width":1000,"height":1000},{"@type":"BreadcrumbList","@id":"https:\/\/www.specialfabrikken.dk\/vare\/alu-daek-u-lem-06-x-3-05-m-klasse-4\/#breadcrumb","itemListElement":[{"@type":"ListItem","position":1,"name":"Forside","item":"https:\/\/www.specialfabrikken.dk\/"},{"@type":"ListItem","position":2,"name":"Shop","item":"https:\/\/www.specialfabrikken.dk\/shop\/"},{"@type":"ListItem","position":3,"name":"Alu-d\u00e6k u. lem 0,6 x 3,05 m. \u2013 kl. 4"}]},{"@type":"WebSite","@id":"https:\/\/www.specialfabrikken.dk\/#website","url":"https:\/\/www.specialfabrikken.dk\/","name":"Specialfabrikken","description":"Specialfabrikken","potentialAction":[{"@type":"SearchAction","target":{"@type":"EntryPoint","urlTemplate":"https:\/\/www.specialfabrikken.dk\/?s={search_term_string}"},"query-input":{"@type":"PropertyValueSpecification","valueRequired":true,"valueName":"search_term_string"}}],"inLanguage":"en-US"}]}},"_links":{"self":[{"href":"https:\/\/www.specialfabrikken.dk\/en\/wp-json\/wp\/v2\/product\/74284","targetHints":{"allow":["GET"]}}],"collection":[{"href":"https:\/\/www.specialfabrikken.dk\/en\/wp-json\/wp\/v2\/product"}],"about":[{"href":"https:\/\/www.specialfabrikken.dk\/en\/wp-json\/wp\/v2\/types\/product"}],"replies":[{"embeddable":true,"href":"https:\/\/www.specialfabrikken.dk\/en\/wp-json\/wp\/v2\/comments?post=74284"}],"wp:featuredmedia":[{"embeddable":true,"href":"https:\/\/www.specialfabrikken.dk\/en\/wp-json\/wp\/v2\/media\/74285"}],"wp:attachment":[{"href":"https:\/\/www.specialfabrikken.dk\/en\/wp-json\/wp\/v2\/media?parent=74284"}],"wp:term":[{"taxonomy":"product_brand","embeddable":true,"href":"https:\/\/www.specialfabrikken.dk\/en\/wp-json\/wp\/v2\/product_brand?post=74284"},{"taxonomy":"product_cat","embeddable":true,"href":"https:\/\/www.specialfabrikken.dk\/en\/wp-json\/wp\/v2\/product_cat?post=74284"},{"taxonomy":"product_tag","embeddable":true,"href":"https:\/\/www.specialfabrikken.dk\/en\/wp-json\/wp\/v2\/product_tag?post=74284"}],"curies":[{"name":"wp","href":"https:\/\/api.w.org\/{rel}","templated":true}]}}