{"id":74305,"date":"2026-03-23T12:26:21","date_gmt":"2026-03-23T11:26:21","guid":{"rendered":"https:\/\/www.specialfabrikken.dk\/?post_type=product&#038;p=74305"},"modified":"2026-03-23T12:37:27","modified_gmt":"2026-03-23T11:37:27","slug":"15-m-bukkesaet-staahoejde-11-29-m-300-m-daek-kopier","status":"publish","type":"product","link":"https:\/\/www.specialfabrikken.dk\/en\/vare\/15-m-bukkesaet-staahoejde-11-29-m-300-m-daek-kopier\/","title":{"rendered":"15 m. bukkes\u00e6t st\u00e5h\u00f8jde 1,1-2,9 m. (3,00 m. d\u00e6k)"},"content":{"rendered":"<p><strong>S\u00e6ttet best\u00e5r af f\u00f8lgende:<\/strong><\/p>\n<ul>\n<li>6 stk. <a href=\"https:\/\/www.specialfabrikken.dk\/en\/product-2\/stilladsbuk\/\">SPV stilladsbukke<\/a><\/li>\n<li>6 stk. <a href=\"https:\/\/www.specialfabrikken.dk\/en\/product-2\/loes-overligger-kl-3-h-100-cm\/\">120 cm. overligger med 100 cm. ben<\/a>.<\/li>\n<li>6 stk. <a href=\"https:\/\/www.specialfabrikken.dk\/en\/product-2\/forlaengersektion\/\">Forl\u00e6ngersektion Bukke 100 cm.<\/a><\/li>\n<li>6 stk. <a href=\"https:\/\/www.specialfabrikken.dk\/en\/product-2\/gelaenderroer-til-trae\/\">Gel\u00e6nderr\u00f8r til tr\u00e6 &#8211; mellemfag<\/a><\/li>\n<li>6 stk. <a href=\"https:\/\/www.specialfabrikken.dk\/en\/product-2\/fodsparkholder\/\">Fodsparkholder bukke<\/a><\/li>\n<li>2 stk. <a href=\"https:\/\/www.specialfabrikken.dk\/en\/product-2\/diagonalroer-afstivningsroer\/\">Afstivningsr\u00f8r \u00d842\/\u00d842<\/a> (<em>Husk! Med Specialfabrikkens Bukkestillads skal du kun bruge afstivningsr\u00f8r i f\u00f8rste, sidste og hvert 5. fag)<\/em><\/li>\n<li>10 stk. <a href=\"https:\/\/www.specialfabrikken.dk\/en\/product-2\/alu-daek-uden-lem-06-x-300-m\/\">Alu-d\u00e6k 3,00 m.<\/a> (f\u00e5s ogs\u00e5 med <a href=\"https:\/\/www.specialfabrikken.dk\/en\/product-2\/alu-daek-uden-lem-06-x-305-m\/\">3,05 m. d\u00e6k<\/a>)<\/li>\n<\/ul>\n<p><strong>Bem\u00e6rk<\/strong> at i henhold til lovgivningen fra Arbejdstilsynet, kan der kr\u00e6ves r\u00e6kv\u00e6rk uanset st\u00e5h\u00f8jde.<\/p>\n<p>SPV Bukkes\u00e6t p\u00e5 15 m. med en st\u00e5h\u00f8jde p\u00e5 1,1 til 2,9 m. med forl\u00e6ngere, r\u00e6kv\u00e6rkss\u00f8jler til tr\u00e6 og skr\u00e5stivere. Stabilt bukkestillads udviklet til professionel brug. Find de forskellige dele til dit r\u00e6kv\u00e6rk <a href=\"https:\/\/www.specialfabrikken.dk\/en\/product-category\/stillads\/bukkestillads\/raekvaerk\/\">her<\/a>.<\/p>\n<p>M\u00e6ngden er her forudindstillet til 15 meter, men der kan rettes op i delene, s\u00e5 stilladset f\u00e5r den l\u00e6ngde, som du netop har brug for. G\u00e5 ogs\u00e5 p\u00e5 opdagelse i de mange tilk\u00f8bsdele, som kan g\u00f8re dit arbejdsliv lettere.<\/p>","protected":false},"excerpt":{"rendered":"<p><strong>Komplet SPV bukkestillads p\u00e5 15 meter med justerbar st\u00e5h\u00f8jde fra 1,1 til 2,9 m<\/strong> \u2013 stabil l\u00f8sning til professionelt arbejde i h\u00f8jden.<\/p>\n<p class=\"p1\">\u2714 Justerbar st\u00e5h\u00f8jde (1,1 &#8211; 2,9 m)<br \/>\n\u2714 Stabil konstruktion til byggepladsen<br \/>\n\u2714 Komplet s\u00e6t &#8211; klar til brug<\/p>","protected":false},"featured_media":52049,"comment_status":"open","ping_status":"closed","template":"","meta":{"_acf_changed":false,"_et_pb_use_builder":"off","_et_pb_old_content":"<strong>S\u00e6ttet best\u00e5r af f\u00f8lgende:<\/strong>\r\n<ul>\r\n \t<li>6 stk. <a href=\"https:\/\/www.specialfabrikken.dk\/vare\/stilladsbuk\/\">SPV. stilladsbukke<\/a><\/li>\r\n \t<li>6 stk. <a href=\"https:\/\/www.specialfabrikken.dk\/vare\/loes-overligger-kl-3-h-100-cm\/\">120 cm overligger 100 cm ben<\/a>.<\/li>\r\n \t<li>6 stk. <a href=\"https:\/\/www.specialfabrikken.dk\/vare\/forlaengersektion\/\">Forl\u00e6ngersektion Bukke 100 cm.<\/a><\/li>\r\n \t<li>6 stk. <a href=\"https:\/\/www.specialfabrikken.dk\/vare\/gelaenderroer-til-trae\/\">Gel\u00e6nderr\u00f8r til tr\u00e6 - mellemfag<\/a><\/li>\r\n \t<li>6 stk. <a href=\"https:\/\/www.specialfabrikken.dk\/vare\/fodsparkholder\/\">Fodsparkholder bukke<\/a><\/li>\r\n \t<li>2 stk. <a href=\"https:\/\/www.specialfabrikken.dk\/vare\/diagonalroer-afstivningsroer\/\">Afstivningsr\u00f8r \u00d842\/\u00d842<\/a> (<em>Husk med Specialfabrikken Bukkestillads skal du kun bruge skr\u00e5stivere i f\u00f8rste og sidste og hvert 5. fag derimellem op til 2,9 m. st\u00e5h\u00f8jde.)<\/em><\/li>\r\n \t<li>10 stk alu-d\u00e6k v\u00e6lg mellem <a href=\"https:\/\/www.specialfabrikken.dk\/vare\/alu-daek-uden-lem-06-x-300-m\/\">3,00<\/a> eller <a href=\"https:\/\/www.specialfabrikken.dk\/vare\/alu-daek-uden-lem-06-x-305-m\/\">3,05<\/a> m.<\/li>\r\n<\/ul>\r\n<strong>Bem\u00e6rk<\/strong> at i henhold til lovgivningen fra Arbejdstilsynet, kan der kr\u00e6ves r\u00e6kv\u00e6rk uanset st\u00e5h\u00f8jde.\r\n\r\nSPV stillads Bukkes\u00e6t p\u00e5 15 m. med en st\u00e5h\u00f8jde 1,1-2,9 m. med forl\u00e6ngere, r\u00e6kv\u00e6rkss\u00f8jler til tr\u00e6 og skr\u00e5stivere. Stabilt bukkestillads udviklet til professionel brug.\r\n\r\nFind de forskellige dele til dit r\u00e6kv\u00e6rk <a href=\"https:\/\/www.specialfabrikken.dk\/vare-kategori\/stillads\/bukkestillads\/raekvaerk\/\">her<\/a>.","_et_gb_content_width":""},"product_brand":[],"product_cat":[128,66,31],"product_tag":[112,151],"class_list":{"0":"post-74305","1":"product","2":"type-product","3":"status-publish","4":"has-post-thumbnail","6":"product_cat-bukkesaet","7":"product_cat-bukkestillads","8":"product_cat-stillads","9":"product_tag-bukkestillads","10":"product_tag-komplet-saet","11":"product_shipping_class-stor","13":"first","14":"onbackorder","15":"sale","16":"taxable","17":"shipping-taxable","18":"purchasable","19":"product-type-woosb"},"acf":[],"yoast_head":"<!-- This site is optimized with the Yoast SEO plugin v27.4 - https:\/\/yoast.com\/product\/yoast-seo-wordpress\/ -->\n<title>Komplet Bukkes\u00e6t 15 m. St\u00e5h\u00f8jde 1,1-2,9 m. - Specialfabrikken<\/title>\n<meta name=\"description\" content=\"SPV Bukkes\u00e6t p\u00e5 15 meter - Justerbar st\u00e5h\u00f8jde fra 1,1 til 2,9 meter. Inkluderer alt det n\u00f8dvendige udstyr til effektivt stilladsarbejde.\" \/>\n<meta name=\"robots\" content=\"index, follow, max-snippet:-1, max-image-preview:large, max-video-preview:-1\" \/>\n<link rel=\"canonical\" href=\"https:\/\/www.specialfabrikken.dk\/en\/product-2\/15-m-bukkesaet-staahoejde-11-29-m-300-m-daek-kopier\/\" \/>\n<meta property=\"og:locale\" content=\"en_US\" \/>\n<meta property=\"og:type\" content=\"article\" \/>\n<meta property=\"og:title\" content=\"Komplet Bukkes\u00e6t 15 m. St\u00e5h\u00f8jde 1,1-2,9 m. - Specialfabrikken\" \/>\n<meta property=\"og:description\" content=\"SPV Bukkes\u00e6t p\u00e5 15 meter - Justerbar st\u00e5h\u00f8jde fra 1,1 til 2,9 meter. Inkluderer alt det n\u00f8dvendige udstyr til effektivt stilladsarbejde.\" \/>\n<meta property=\"og:url\" content=\"https:\/\/www.specialfabrikken.dk\/en\/product-2\/15-m-bukkesaet-staahoejde-11-29-m-300-m-daek-kopier\/\" \/>\n<meta property=\"og:site_name\" content=\"Specialfabrikken\" \/>\n<meta property=\"article:modified_time\" content=\"2026-03-23T11:37:27+00:00\" \/>\n<meta property=\"og:image\" content=\"https:\/\/www.specialfabrikken.dk\/wp-content\/uploads\/2022\/09\/15-m.-med-forlaengere.jpg\" \/>\n\t<meta property=\"og:image:width\" content=\"2212\" \/>\n\t<meta property=\"og:image:height\" content=\"1291\" \/>\n\t<meta property=\"og:image:type\" content=\"image\/jpeg\" \/>\n<meta name=\"twitter:card\" content=\"summary_large_image\" \/>\n<meta name=\"twitter:label1\" content=\"Est. reading time\" \/>\n\t<meta name=\"twitter:data1\" content=\"2 minutes\" \/>\n<script type=\"application\/ld+json\" class=\"yoast-schema-graph\">{\"@context\":\"https:\\\/\\\/schema.org\",\"@graph\":[{\"@type\":\"WebPage\",\"@id\":\"https:\\\/\\\/www.specialfabrikken.dk\\\/vare\\\/15-m-bukkesaet-staahoejde-11-29-m-300-m-daek-kopier\\\/\",\"url\":\"https:\\\/\\\/www.specialfabrikken.dk\\\/vare\\\/15-m-bukkesaet-staahoejde-11-29-m-300-m-daek-kopier\\\/\",\"name\":\"Komplet Bukkes\u00e6t 15 m. St\u00e5h\u00f8jde 1,1-2,9 m. - Specialfabrikken\",\"isPartOf\":{\"@id\":\"https:\\\/\\\/www.specialfabrikken.dk\\\/#website\"},\"primaryImageOfPage\":{\"@id\":\"https:\\\/\\\/www.specialfabrikken.dk\\\/vare\\\/15-m-bukkesaet-staahoejde-11-29-m-300-m-daek-kopier\\\/#primaryimage\"},\"image\":{\"@id\":\"https:\\\/\\\/www.specialfabrikken.dk\\\/vare\\\/15-m-bukkesaet-staahoejde-11-29-m-300-m-daek-kopier\\\/#primaryimage\"},\"thumbnailUrl\":\"https:\\\/\\\/www.specialfabrikken.dk\\\/wp-content\\\/uploads\\\/2022\\\/09\\\/15-m.-med-forlaengere.jpg\",\"datePublished\":\"2026-03-23T11:26:21+00:00\",\"dateModified\":\"2026-03-23T11:37:27+00:00\",\"description\":\"SPV Bukkes\u00e6t p\u00e5 15 meter - Justerbar st\u00e5h\u00f8jde fra 1,1 til 2,9 meter. Inkluderer alt det n\u00f8dvendige udstyr til effektivt stilladsarbejde.\",\"breadcrumb\":{\"@id\":\"https:\\\/\\\/www.specialfabrikken.dk\\\/vare\\\/15-m-bukkesaet-staahoejde-11-29-m-300-m-daek-kopier\\\/#breadcrumb\"},\"inLanguage\":\"en-US\",\"potentialAction\":[{\"@type\":\"ReadAction\",\"target\":[\"https:\\\/\\\/www.specialfabrikken.dk\\\/vare\\\/15-m-bukkesaet-staahoejde-11-29-m-300-m-daek-kopier\\\/\"]}]},{\"@type\":\"ImageObject\",\"inLanguage\":\"en-US\",\"@id\":\"https:\\\/\\\/www.specialfabrikken.dk\\\/vare\\\/15-m-bukkesaet-staahoejde-11-29-m-300-m-daek-kopier\\\/#primaryimage\",\"url\":\"https:\\\/\\\/www.specialfabrikken.dk\\\/wp-content\\\/uploads\\\/2022\\\/09\\\/15-m.-med-forlaengere.jpg\",\"contentUrl\":\"https:\\\/\\\/www.specialfabrikken.dk\\\/wp-content\\\/uploads\\\/2022\\\/09\\\/15-m.-med-forlaengere.jpg\",\"width\":2212,\"height\":1291,\"caption\":\"bukkestillads, bukkes\u00e6t 15 meter.\"},{\"@type\":\"BreadcrumbList\",\"@id\":\"https:\\\/\\\/www.specialfabrikken.dk\\\/vare\\\/15-m-bukkesaet-staahoejde-11-29-m-300-m-daek-kopier\\\/#breadcrumb\",\"itemListElement\":[{\"@type\":\"ListItem\",\"position\":1,\"name\":\"Forside\",\"item\":\"https:\\\/\\\/www.specialfabrikken.dk\\\/\"},{\"@type\":\"ListItem\",\"position\":2,\"name\":\"Shop\",\"item\":\"https:\\\/\\\/www.specialfabrikken.dk\\\/shop\\\/\"},{\"@type\":\"ListItem\",\"position\":3,\"name\":\"15 m. bukkes\u00e6t st\u00e5h\u00f8jde 1,1-2,9 m. (3,00 m. d\u00e6k)\"}]},{\"@type\":\"WebSite\",\"@id\":\"https:\\\/\\\/www.specialfabrikken.dk\\\/#website\",\"url\":\"https:\\\/\\\/www.specialfabrikken.dk\\\/\",\"name\":\"Specialfabrikken\",\"description\":\"Specialfabrikken\",\"potentialAction\":[{\"@type\":\"SearchAction\",\"target\":{\"@type\":\"EntryPoint\",\"urlTemplate\":\"https:\\\/\\\/www.specialfabrikken.dk\\\/?s={search_term_string}\"},\"query-input\":{\"@type\":\"PropertyValueSpecification\",\"valueRequired\":true,\"valueName\":\"search_term_string\"}}],\"inLanguage\":\"en-US\"}]}<\/script>\n<!-- \/ Yoast SEO plugin. -->","yoast_head_json":{"title":"Komplet Bukkes\u00e6t 15 m. St\u00e5h\u00f8jde 1,1-2,9 m. - Specialfabrikken","description":"SPV Bukkes\u00e6t p\u00e5 15 meter - Justerbar st\u00e5h\u00f8jde fra 1,1 til 2,9 meter. Inkluderer alt det n\u00f8dvendige udstyr til effektivt stilladsarbejde.","robots":{"index":"index","follow":"follow","max-snippet":"max-snippet:-1","max-image-preview":"max-image-preview:large","max-video-preview":"max-video-preview:-1"},"canonical":"https:\/\/www.specialfabrikken.dk\/en\/product-2\/15-m-bukkesaet-staahoejde-11-29-m-300-m-daek-kopier\/","og_locale":"en_US","og_type":"article","og_title":"Komplet Bukkes\u00e6t 15 m. St\u00e5h\u00f8jde 1,1-2,9 m. - Specialfabrikken","og_description":"SPV Bukkes\u00e6t p\u00e5 15 meter - Justerbar st\u00e5h\u00f8jde fra 1,1 til 2,9 meter. Inkluderer alt det n\u00f8dvendige udstyr til effektivt stilladsarbejde.","og_url":"https:\/\/www.specialfabrikken.dk\/en\/product-2\/15-m-bukkesaet-staahoejde-11-29-m-300-m-daek-kopier\/","og_site_name":"Specialfabrikken","article_modified_time":"2026-03-23T11:37:27+00:00","og_image":[{"width":2212,"height":1291,"url":"https:\/\/www.specialfabrikken.dk\/wp-content\/uploads\/2022\/09\/15-m.-med-forlaengere.jpg","type":"image\/jpeg"}],"twitter_card":"summary_large_image","twitter_misc":{"Est. reading time":"2 minutes"},"schema":{"@context":"https:\/\/schema.org","@graph":[{"@type":"WebPage","@id":"https:\/\/www.specialfabrikken.dk\/vare\/15-m-bukkesaet-staahoejde-11-29-m-300-m-daek-kopier\/","url":"https:\/\/www.specialfabrikken.dk\/vare\/15-m-bukkesaet-staahoejde-11-29-m-300-m-daek-kopier\/","name":"Komplet Bukkes\u00e6t 15 m. St\u00e5h\u00f8jde 1,1-2,9 m. - Specialfabrikken","isPartOf":{"@id":"https:\/\/www.specialfabrikken.dk\/#website"},"primaryImageOfPage":{"@id":"https:\/\/www.specialfabrikken.dk\/vare\/15-m-bukkesaet-staahoejde-11-29-m-300-m-daek-kopier\/#primaryimage"},"image":{"@id":"https:\/\/www.specialfabrikken.dk\/vare\/15-m-bukkesaet-staahoejde-11-29-m-300-m-daek-kopier\/#primaryimage"},"thumbnailUrl":"https:\/\/www.specialfabrikken.dk\/wp-content\/uploads\/2022\/09\/15-m.-med-forlaengere.jpg","datePublished":"2026-03-23T11:26:21+00:00","dateModified":"2026-03-23T11:37:27+00:00","description":"SPV Bukkes\u00e6t p\u00e5 15 meter - Justerbar st\u00e5h\u00f8jde fra 1,1 til 2,9 meter. Inkluderer alt det n\u00f8dvendige udstyr til effektivt stilladsarbejde.","breadcrumb":{"@id":"https:\/\/www.specialfabrikken.dk\/vare\/15-m-bukkesaet-staahoejde-11-29-m-300-m-daek-kopier\/#breadcrumb"},"inLanguage":"en-US","potentialAction":[{"@type":"ReadAction","target":["https:\/\/www.specialfabrikken.dk\/vare\/15-m-bukkesaet-staahoejde-11-29-m-300-m-daek-kopier\/"]}]},{"@type":"ImageObject","inLanguage":"en-US","@id":"https:\/\/www.specialfabrikken.dk\/vare\/15-m-bukkesaet-staahoejde-11-29-m-300-m-daek-kopier\/#primaryimage","url":"https:\/\/www.specialfabrikken.dk\/wp-content\/uploads\/2022\/09\/15-m.-med-forlaengere.jpg","contentUrl":"https:\/\/www.specialfabrikken.dk\/wp-content\/uploads\/2022\/09\/15-m.-med-forlaengere.jpg","width":2212,"height":1291,"caption":"bukkestillads, bukkes\u00e6t 15 meter."},{"@type":"BreadcrumbList","@id":"https:\/\/www.specialfabrikken.dk\/vare\/15-m-bukkesaet-staahoejde-11-29-m-300-m-daek-kopier\/#breadcrumb","itemListElement":[{"@type":"ListItem","position":1,"name":"Forside","item":"https:\/\/www.specialfabrikken.dk\/"},{"@type":"ListItem","position":2,"name":"Shop","item":"https:\/\/www.specialfabrikken.dk\/shop\/"},{"@type":"ListItem","position":3,"name":"15 m. bukkes\u00e6t st\u00e5h\u00f8jde 1,1-2,9 m. (3,00 m. d\u00e6k)"}]},{"@type":"WebSite","@id":"https:\/\/www.specialfabrikken.dk\/#website","url":"https:\/\/www.specialfabrikken.dk\/","name":"Specialfabrikken","description":"Specialfabrikken","potentialAction":[{"@type":"SearchAction","target":{"@type":"EntryPoint","urlTemplate":"https:\/\/www.specialfabrikken.dk\/?s={search_term_string}"},"query-input":{"@type":"PropertyValueSpecification","valueRequired":true,"valueName":"search_term_string"}}],"inLanguage":"en-US"}]}},"_links":{"self":[{"href":"https:\/\/www.specialfabrikken.dk\/en\/wp-json\/wp\/v2\/product\/74305","targetHints":{"allow":["GET"]}}],"collection":[{"href":"https:\/\/www.specialfabrikken.dk\/en\/wp-json\/wp\/v2\/product"}],"about":[{"href":"https:\/\/www.specialfabrikken.dk\/en\/wp-json\/wp\/v2\/types\/product"}],"replies":[{"embeddable":true,"href":"https:\/\/www.specialfabrikken.dk\/en\/wp-json\/wp\/v2\/comments?post=74305"}],"wp:featuredmedia":[{"embeddable":true,"href":"https:\/\/www.specialfabrikken.dk\/en\/wp-json\/wp\/v2\/media\/52049"}],"wp:attachment":[{"href":"https:\/\/www.specialfabrikken.dk\/en\/wp-json\/wp\/v2\/media?parent=74305"}],"wp:term":[{"taxonomy":"product_brand","embeddable":true,"href":"https:\/\/www.specialfabrikken.dk\/en\/wp-json\/wp\/v2\/product_brand?post=74305"},{"taxonomy":"product_cat","embeddable":true,"href":"https:\/\/www.specialfabrikken.dk\/en\/wp-json\/wp\/v2\/product_cat?post=74305"},{"taxonomy":"product_tag","embeddable":true,"href":"https:\/\/www.specialfabrikken.dk\/en\/wp-json\/wp\/v2\/product_tag?post=74305"}],"curies":[{"name":"wp","href":"https:\/\/api.w.org\/{rel}","templated":true}]}}